{"id":7297,"date":"2024-10-22T13:03:33","date_gmt":"2024-10-22T16:03:33","guid":{"rendered":"https:\/\/www.infraestruturameioambiente.sp.gov.br\/ipa\/?page_id=7297"},"modified":"2024-10-22T13:24:44","modified_gmt":"2024-10-22T16:24:44","slug":"estacao-biodiversidade","status":"publish","type":"page","link":"https:\/\/www.infraestruturameioambiente.sp.gov.br\/ipa\/estacao-biodiversidade\/","title":{"rendered":"Esta\u00e7\u00e3o Biodiversidade"},"content":{"rendered":"<div id=\"attachment_7299\" style=\"width: 235px\" class=\"wp-caption alignleft\"><a href=\"https:\/\/smastr16.blob.core.windows.net\/2001\/sites\/261\/2024\/10\/estbiodiversidadecerradorevisao.pdf\" target=\"_blank\" rel=\"noopener\"><img aria-describedby=\"caption-attachment-7299\" decoding=\"async\" loading=\"lazy\" class=\"wp-image-7299 size-wcfixedheightmedium\" src=\"https:\/\/smastr16.blob.core.windows.net\/2001\/sites\/261\/2024\/10\/estacao-biodiversidade-2024-225x300.jpg\" alt=\"\" width=\"225\" height=\"300\" srcset=\"https:\/\/smastr16.blob.core.windows.net\/2001\/sites\/261\/2024\/10\/estacao-biodiversidade-2024-225x300.jpg 225w, https:\/\/smastr16.blob.core.windows.net\/2001\/sites\/261\/2024\/10\/estacao-biodiversidade-2024-768x1024.jpg 768w, https:\/\/smastr16.blob.core.windows.net\/2001\/sites\/261\/2024\/10\/estacao-biodiversidade-2024-250x333.jpg 250w, https:\/\/smastr16.blob.core.windows.net\/2001\/sites\/261\/2024\/10\/estacao-biodiversidade-2024-550x733.jpg 550w, https:\/\/smastr16.blob.core.windows.net\/2001\/sites\/261\/2024\/10\/estacao-biodiversidade-2024-800x1066.jpg 800w, https:\/\/smastr16.blob.core.windows.net\/2001\/sites\/261\/2024\/10\/estacao-biodiversidade-2024-135x180.jpg 135w, https:\/\/smastr16.blob.core.windows.net\/2001\/sites\/261\/2024\/10\/estacao-biodiversidade-2024-375x500.jpg 375w, https:\/\/smastr16.blob.core.windows.net\/2001\/sites\/261\/2024\/10\/estacao-biodiversidade-2024.jpg 1000w\" sizes=\"(max-width: 225px) 100vw, 225px\" \/><\/a><p id=\"caption-attachment-7299\" class=\"wp-caption-text\"><a href=\"https:\/\/smastr16.blob.core.windows.net\/2001\/sites\/261\/2024\/10\/estbiodiversidadecerradorevisao.pdf\"> Esta\u00e7\u00e3o Biodiversidade (PDF 25.3 MB) <\/a><\/p><\/div>\n<p style=\"text-align: justify\">O Instituto de Pesquisas Ambientais e a Funda\u00e7\u00e3o Florestal publicam material educativo constru\u00eddo coletivamente no Conselho Consultivo da Esta\u00e7\u00e3o Ecol\u00f3gica de Itirapina.<\/p>\n<p style=\"text-align: justify\">O material tem 35 p\u00e1ginas, \u00e9 voltado para educadores do ensino fundamental II e m\u00e9dio e aborda informa\u00e7\u00f5es sobre as Esta\u00e7\u00f5es Ecol\u00f3gica e Experimental de Itirapina, a perspectiva da Educa\u00e7\u00e3o Ambiental que orienta o Projeto, a rela\u00e7\u00e3o das atividades com compet\u00eancias e habilidades da Basa Nacional Comum Curricular (BNCC) e atividades que podem ser desenvolvidas na visita, bem como textos de apoio sobre os temas abordados.<\/p>\n<p style=\"text-align: justify\">Maria Lu\u00edsa Bonazzi Palmieri, especialista ambiental do Instituto de Pesquisas Ambientais, coordenadora do GT Educa\u00e7\u00e3o Ambiental, Uso P\u00fablico e A\u00e7\u00f5es na Comunidade do Conselho da Esta\u00e7\u00e3o Ecol\u00f3gica de Itirapina e uma das autoras do material, comenta: \u201cEsse material foi elaborado a muitas m\u00e3os a partir da necessidade identificada junto \u00e0 comunidade de haver um apoio did\u00e1tico para que os professores possam desenvolver atividade com seus estudantes nas Esta\u00e7\u00f5es Experimental e Ecol\u00f3gica de Itirapina. Ele tamb\u00e9m incorpora resultados de pesquisas que tenho realizado sobre a import\u00e2ncia, nas visitas, de metodologias que incentivem a participa\u00e7\u00e3o dos estudantes na constru\u00e7\u00e3o dos conhecimentos e da ludicidade\u201d.<\/p>\n<p style=\"text-align: justify\">Rodrigo Campanha, gestor das Esta\u00e7\u00f5es Ecol\u00f3gica e Experimental de Itirapina, destaca a import\u00e2ncia do material: \u201cInspirado pelo trabalho colaborativo e participativo do Conselho Consultivo da Esta\u00e7\u00e3o Ecol\u00f3gica de Itirapina, buscamos envolver toda a comunidade na prote\u00e7\u00e3o e valoriza\u00e7\u00e3o do nosso meio ambiente, principalmente das Esta\u00e7\u00f5es Ecol\u00f3gica e Experimental de Itirapina, que s\u00e3o \u00e1reas protegidas fundamentais para a nossa biodiversidade. Entendemos que esse material seja uma ferramenta valiosa nesse sentido\u201d.<\/p>\n<ul>\n<li style=\"text-align: justify\">Esta\u00e7\u00e3o Biodiversidade <a href=\"https:\/\/smastr16.blob.core.windows.net\/2001\/sites\/261\/2024\/10\/estbiodiversidadecerradorevisao.pdf\">CLIQUE AQUI <\/a>(PDF 25.3 MB)<\/li>\n<\/ul>\n","protected":false},"excerpt":{"rendered":"<p>O Instituto de Pesquisas Ambientais e a Funda\u00e7\u00e3o Florestal publicam material educativo constru\u00eddo coletivamente no Conselho Consultivo da Esta\u00e7\u00e3o Ecol\u00f3gica de Itirapina. O material tem 35 p\u00e1ginas, \u00e9 voltado para [&hellip;]<\/p>\n","protected":false},"author":196,"featured_media":0,"parent":0,"menu_order":0,"comment_status":"closed","ping_status":"closed","template":"","meta":[],"_links":{"self":[{"href":"https:\/\/www.infraestruturameioambiente.sp.gov.br\/ipa\/wp-json\/wp\/v2\/pages\/7297"}],"collection":[{"href":"https:\/\/www.infraestruturameioambiente.sp.gov.br\/ipa\/wp-json\/wp\/v2\/pages"}],"about":[{"href":"https:\/\/www.infraestruturameioambiente.sp.gov.br\/ipa\/wp-json\/wp\/v2\/types\/page"}],"author":[{"embeddable":true,"href":"https:\/\/www.infraestruturameioambiente.sp.gov.br\/ipa\/wp-json\/wp\/v2\/users\/196"}],"replies":[{"embeddable":true,"href":"https:\/\/www.infraestruturameioambiente.sp.gov.br\/ipa\/wp-json\/wp\/v2\/comments?post=7297"}],"version-history":[{"count":4,"href":"https:\/\/www.infraestruturameioambiente.sp.gov.br\/ipa\/wp-json\/wp\/v2\/pages\/7297\/revisions"}],"predecessor-version":[{"id":7307,"href":"https:\/\/www.infraestruturameioambiente.sp.gov.br\/ipa\/wp-json\/wp\/v2\/pages\/7297\/revisions\/7307"}],"wp:attachment":[{"href":"https:\/\/www.infraestruturameioambiente.sp.gov.br\/ipa\/wp-json\/wp\/v2\/media?parent=7297"}],"curies":[{"name":"wp","href":"https:\/\/api.w.org\/{rel}","templated":true}]}}