{"id":6970,"date":"2024-09-04T15:00:13","date_gmt":"2024-09-04T18:00:13","guid":{"rendered":"https:\/\/www.infraestruturameioambiente.sp.gov.br\/ipa\/?page_id=6970"},"modified":"2026-02-18T12:03:40","modified_gmt":"2026-02-18T15:03:40","slug":"programa-de-iniciacao-cientifica","status":"publish","type":"page","link":"https:\/\/www.infraestruturameioambiente.sp.gov.br\/ipa\/centro-de-ensino-e-extensao\/programa-de-iniciacao-cientifica\/","title":{"rendered":"Programa de Inicia\u00e7\u00e3o Cient\u00edfica"},"content":{"rendered":"<p>[vc_row][vc_column width=&#8221;2\/3&#8243;][vc_column_text]<img decoding=\"async\" loading=\"lazy\" class=\"wp-image-1934 size-thumbnail alignleft\" src=\"https:\/\/smastr16.blob.core.windows.net\/2001\/sites\/261\/2022\/09\/pibic-cnpq-ipa-150x150.jpg\" alt=\"\" width=\"150\" height=\"150\" srcset=\"https:\/\/smastr16.blob.core.windows.net\/2001\/sites\/261\/2022\/09\/pibic-cnpq-ipa-150x150.jpg 150w, https:\/\/smastr16.blob.core.windows.net\/2001\/sites\/261\/2022\/09\/pibic-cnpq-ipa-300x300.jpg 300w, https:\/\/smastr16.blob.core.windows.net\/2001\/sites\/261\/2022\/09\/pibic-cnpq-ipa-768x768.jpg 768w, https:\/\/smastr16.blob.core.windows.net\/2001\/sites\/261\/2022\/09\/pibic-cnpq-ipa-48x48.jpg 48w, https:\/\/smastr16.blob.core.windows.net\/2001\/sites\/261\/2022\/09\/pibic-cnpq-ipa-250x250.jpg 250w, https:\/\/smastr16.blob.core.windows.net\/2001\/sites\/261\/2022\/09\/pibic-cnpq-ipa-550x550.jpg 550w, https:\/\/smastr16.blob.core.windows.net\/2001\/sites\/261\/2022\/09\/pibic-cnpq-ipa-800x800.jpg 800w, https:\/\/smastr16.blob.core.windows.net\/2001\/sites\/261\/2022\/09\/pibic-cnpq-ipa-180x180.jpg 180w, https:\/\/smastr16.blob.core.windows.net\/2001\/sites\/261\/2022\/09\/pibic-cnpq-ipa-500x500.jpg 500w, https:\/\/smastr16.blob.core.windows.net\/2001\/sites\/261\/2022\/09\/pibic-cnpq-ipa.jpg 1000w\" sizes=\"(max-width: 150px) 100vw, 150px\" \/>O Programa Institucional de Bolsas de Inicia\u00e7\u00e3o Cient\u00edfica do Instituto de Pesquisas Ambientais (PIBIC-IPA) \u00e9 um programa voltado para o desenvolvimento do pensamento cient\u00edfico e inicia\u00e7\u00e3o \u00e0 pesquisa. \u00c9 voltado para estudantes cursando o Ensino M\u00e9dio (PIBIC-EM), estudantes de gradua\u00e7\u00e3o do Ensino Superior (PIBIC-ES) e gradua\u00e7\u00e3o do Ensino Superior em Desenvolvimento Tecnol\u00f3gico e Inova\u00e7\u00e3o (PIBIT).<\/p>\n<p>O Conselho Nacional de Desenvolvimento Cient\u00edfico e Tecnol\u00f3gico (CNPq) \u00e9 uma entidade ligada ao Minist\u00e9rio da Ci\u00eancia, Tecnologia e Inova\u00e7\u00f5es para incentivo \u00e0 pesquisa no Brasil.<\/p>\n<p><span style=\"font-size: 14pt\"><strong>Coordenadores<\/strong><\/span><\/p>\n<ul>\n<li>Edgar Fernando de Luca &#8211; Coordenador do Programa de Inicia\u00e7\u00e3o Cientifica do CNPq- PIBIC &#8211; Ensino Superior<\/li>\n<li>Emerson Alves da Silva &#8211; Coordenador do Programa de Inicia\u00e7\u00e3o Cientifica do CNPQ &#8211; PIBITI &#8211; Tecnologia e Inova\u00e7\u00e3o<\/li>\n<li>Cl\u00e1udio Jos\u00e9 Ferreira &#8211; Coordenador do Programa de Inicia\u00e7\u00e3o Cientifica do CNPq- PIBIC &#8211; Ensino M\u00e9dio<\/li>\n<\/ul>\n<p>[\/vc_column_text][vc_column_text]<\/p>\n<div data-ogsc=\"black\">\n<hr \/>\n<\/div>\n<p>[\/vc_column_text][vc_column_text]<\/p>\n<div data-ogsc=\"black\"><strong>EDITAIS EM ANDAMENTO<\/strong><\/div>\n<p>[\/vc_column_text][vc_column_text]<\/p>\n<div data-ogsc=\"black\">\n<hr \/>\n<\/div>\n<p>[\/vc_column_text][vc_column_text]<\/p>\n<div data-ogsc=\"black\">\n<hr \/>\n<\/div>\n<p>[\/vc_column_text][vc_column_text]<\/p>\n<div data-ogsc=\"black\"><strong>EDITAIS ENCERRADOS<\/strong><\/div>\n<p>[\/vc_column_text][vc_column_text]<\/p>\n<div data-ogsc=\"black\">\n<hr \/>\n<\/div>\n<p>[\/vc_column_text][vc_column_text]<\/p>\n<div data-ogsc=\"black\">\n<div data-ogsc=\"rgb(0, 0, 0)\" data-ogsb=\"rgb(255, 255, 255)\" data-olk-copy-source=\"MessageBody\"><strong>Per\u00edodo de Inscri\u00e7\u00e3o: 06\/08 a 12\/08\/2025<\/strong><\/div>\n<div data-ogsc=\"rgb(0, 0, 0)\" data-ogsb=\"rgb(255, 255, 255)\" data-olk-copy-source=\"MessageBody\"><\/div>\n<div data-ogsc=\"rgb(0, 0, 0)\" data-ogsb=\"rgb(255, 255, 255)\" data-olk-copy-source=\"MessageBody\">3\u00ba Edital 2025\/2026 para sele\u00e7\u00e3o de Bolsistas para o Programa Institucional de Bolsas de Inicia\u00e7\u00e3o Cient\u00edfica do Instituto de Pesquisas Ambientais (PIBIC-EM\/IPA) Ensino M\u00e9dio.<\/div>\n<div data-ogsc=\"rgb(0, 0, 0)\" data-ogsb=\"rgb(255, 255, 255)\" data-olk-copy-source=\"MessageBody\"><\/div>\n<ol>\n<li class=\"x_elementToProof\" data-ogsc=\"rgb(0, 0, 0)\" data-ogsb=\"rgb(255, 255, 255)\" data-olk-copy-source=\"MessageBody\">3\u00ba Edital de abertura de Bolsas de Inicia\u00e7\u00e3o Cient\u00edfica do Instituto de Pesquisas Ambientais (PIBIC-EM\/IPA) Ensino M\u00e9dio (PDF 0.3 MB)<\/li>\n<li class=\"x_elementToProof\" data-ogsc=\"rgb(0, 0, 0)\" data-ogsb=\"rgb(255, 255, 255)\" data-olk-copy-source=\"MessageBody\">Formul\u00e1rio para Solicita\u00e7\u00e3o de Bolsas de Inicia\u00e7\u00e3o Cient\u00edfica <span data-olk-copy-source=\"MessageBody\">(vers\u00e3o nova 3\u00ba edital) <\/span>(DOC 0.2 MB)<\/li>\n<li class=\"x_elementToProof\" data-ogsc=\"rgb(0, 0, 0)\" data-ogsb=\"rgb(255, 255, 255)\" data-olk-copy-source=\"MessageBody\">Formul\u00e1rio para Projeto de Inicia\u00e7\u00e3o Cient\u00edfica com enquadramento segundo as \u00e1reas do CNPq (DOC 0.2 MB)<\/li>\n<\/ol>\n<\/div>\n<div class=\"x_elementToProof\" data-ogsc=\"rgb(0, 0, 0)\"><\/div>\n<div data-ogsc=\"rgb(0, 0, 0)\">Atenciosamente<\/div>\n<div data-ogsc=\"rgb(0, 0, 0)\">Comit\u00ea PIBIC-EM\/IPA<\/div>\n<p>[\/vc_column_text][vc_column_text]<\/p>\n<div data-ogsc=\"black\">\n<hr \/>\n<\/div>\n<p>[\/vc_column_text][vc_column_text]<\/p>\n<div data-ogsc=\"black\">\n<div data-ogsc=\"rgb(0, 0, 0)\" data-ogsb=\"rgb(255, 255, 255)\" data-olk-copy-source=\"MessageBody\"><strong>Per\u00edodo de Inscri\u00e7\u00e3o: 23\/07 a 31\/07\/2025<\/strong><\/div>\n<div data-ogsc=\"rgb(0, 0, 0)\" data-ogsb=\"rgb(255, 255, 255)\" data-olk-copy-source=\"MessageBody\"><\/div>\n<div data-ogsc=\"rgb(0, 0, 0)\" data-ogsb=\"rgb(255, 255, 255)\" data-olk-copy-source=\"MessageBody\">2\u00ba Edital 2025\/2026 para sele\u00e7\u00e3o de Bolsistas para o Programa Institucional de Bolsas de Inicia\u00e7\u00e3o Cient\u00edfica do Instituto de Pesquisas Ambientais (PIBIC-EM\/IPA) Ensino M\u00e9dio.<\/div>\n<div data-ogsc=\"rgb(0, 0, 0)\" data-ogsb=\"rgb(255, 255, 255)\" data-olk-copy-source=\"MessageBody\"><\/div>\n<ol>\n<li class=\"x_elementToProof\" data-ogsc=\"rgb(0, 0, 0)\" data-ogsb=\"rgb(255, 255, 255)\" data-olk-copy-source=\"MessageBody\">2\u00ba Edital de abertura de Bolsas de Inicia\u00e7\u00e3o Cient\u00edfica do Instituto de Pesquisas Ambientais (PIBIC-EM\/IPA) Ensino M\u00e9dio (PDF 0.3 MB)<\/li>\n<li class=\"x_elementToProof\" data-ogsc=\"rgb(0, 0, 0)\" data-ogsb=\"rgb(255, 255, 255)\" data-olk-copy-source=\"MessageBody\">Formul\u00e1rio para Solicita\u00e7\u00e3o de Bolsas de Inicia\u00e7\u00e3o Cient\u00edfica <span data-olk-copy-source=\"MessageBody\">(vers\u00e3o nova 2\u00ba edital) <\/span>(DOC 0.2 MB)<\/li>\n<li class=\"x_elementToProof\" data-ogsc=\"rgb(0, 0, 0)\" data-ogsb=\"rgb(255, 255, 255)\" data-olk-copy-source=\"MessageBody\">Formul\u00e1rio para Projeto de Inicia\u00e7\u00e3o Cient\u00edfica com enquadramento segundo as \u00e1reas do CNPq (DOC 0.2 MB)<\/li>\n<\/ol>\n<\/div>\n<div class=\"x_elementToProof\" data-ogsc=\"rgb(0, 0, 0)\"><\/div>\n<div data-ogsc=\"rgb(0, 0, 0)\">Atenciosamente<\/div>\n<div data-ogsc=\"rgb(0, 0, 0)\">Comit\u00ea PIBIC-EM\/IPA<\/div>\n<p>[\/vc_column_text][vc_column_text]<\/p>\n<div data-ogsc=\"black\">\n<hr \/>\n<\/div>\n<p>[\/vc_column_text][vc_column_text]<\/p>\n<div data-ogsc=\"black\">\n<div data-ogsc=\"rgb(0, 0, 0)\" data-ogsb=\"rgb(255, 255, 255)\" data-olk-copy-source=\"MessageBody\"><strong>Per\u00edodo de Inscri\u00e7\u00e3o: 01\/07 a 15\/07\/2025<\/strong><\/div>\n<div data-ogsc=\"rgb(0, 0, 0)\" data-ogsb=\"rgb(255, 255, 255)\" data-olk-copy-source=\"MessageBody\"><\/div>\n<div data-ogsc=\"rgb(0, 0, 0)\" data-ogsb=\"rgb(255, 255, 255)\" data-olk-copy-source=\"MessageBody\">Edital 2025\/2026 para sele\u00e7\u00e3o de Bolsistas para o Programa Institucional de Bolsas de Inicia\u00e7\u00e3o Cient\u00edfica do Instituto de Pesquisas Ambientais (PIBIC-EM\/IPA) Ensino M\u00e9dio<\/div>\n<div data-ogsc=\"rgb(0, 0, 0)\" data-ogsb=\"rgb(255, 255, 255)\" data-olk-copy-source=\"MessageBody\"><\/div>\n<ol>\n<li class=\"x_elementToProof\" data-ogsc=\"rgb(0, 0, 0)\" data-ogsb=\"rgb(255, 255, 255)\" data-olk-copy-source=\"MessageBody\">Edital de abertura de Bolsas de Inicia\u00e7\u00e3o Cient\u00edfica do Instituto de Pesquisas Ambientais (PIBIC-EM\/IPA) Ensino M\u00e9dio (PDF 0.3 MB)<\/li>\n<li class=\"x_elementToProof\" data-ogsc=\"rgb(0, 0, 0)\" data-ogsb=\"rgb(255, 255, 255)\" data-olk-copy-source=\"MessageBody\">Formul\u00e1rio para Solicita\u00e7\u00e3o de Bolsas de Inicia\u00e7\u00e3o Cient\u00edfica (DOC 0.2 MB)<\/li>\n<li class=\"x_elementToProof\" data-ogsc=\"rgb(0, 0, 0)\" data-ogsb=\"rgb(255, 255, 255)\" data-olk-copy-source=\"MessageBody\">Formul\u00e1rio para Projeto de Inicia\u00e7\u00e3o Cient\u00edfica com enquadramento segundo as \u00e1reas do CNPq (DOC 0.2 MB)<\/li>\n<\/ol>\n<\/div>\n<div class=\"x_elementToProof\" data-ogsc=\"rgb(0, 0, 0)\"><\/div>\n<div data-ogsc=\"rgb(0, 0, 0)\">Atenciosamente<\/div>\n<div data-ogsc=\"rgb(0, 0, 0)\">Comit\u00ea PIBIC-EM\/IPA<\/div>\n<p>[\/vc_column_text][vc_column_text]<\/p>\n<div data-ogsc=\"black\">\n<hr \/>\n<\/div>\n<p>[\/vc_column_text][vc_column_text]<\/p>\n<div data-ogsc=\"black\">\n<div data-ogsc=\"rgb(0, 0, 0)\" data-ogsb=\"rgb(255, 255, 255)\" data-olk-copy-source=\"MessageBody\"><strong>Per\u00edodo de Inscri\u00e7\u00e3o: 04\/06 a 18\/07\/2025<\/strong><\/div>\n<div data-ogsc=\"rgb(0, 0, 0)\" data-ogsb=\"rgb(255, 255, 255)\" data-olk-copy-source=\"MessageBody\"><\/div>\n<div data-ogsc=\"rgb(0, 0, 0)\" data-ogsb=\"rgb(255, 255, 255)\" data-olk-copy-source=\"MessageBody\">Edital 2025\/2026 para sele\u00e7\u00e3o de Bolsistas para o Programa Institucional de Bolsas de Inicia\u00e7\u00e3o Cient\u00edfica do Instituto de Pesquisas Ambientais (PIBIC-ES\/IPA) Ensino Superior<\/div>\n<div data-ogsc=\"rgb(0, 0, 0)\" data-ogsb=\"rgb(255, 255, 255)\" data-olk-copy-source=\"MessageBody\"><\/div>\n<ol>\n<li class=\"x_elementToProof\" data-ogsc=\"rgb(0, 0, 0)\" data-ogsb=\"rgb(255, 255, 255)\" data-olk-copy-source=\"MessageBody\">Edital de abertura de Bolsas de Inicia\u00e7\u00e3o Cient\u00edfica do Instituto de Pesquisas Ambientais (PIBIC\/IPA) N\u00edvel Superior (PDF 0.3 MB)<\/li>\n<li class=\"x_elementToProof\" data-ogsc=\"rgb(0, 0, 0)\" data-ogsb=\"rgb(255, 255, 255)\" data-olk-copy-source=\"MessageBody\">Formul\u00e1rio para Solicita\u00e7\u00e3o de Bolsas de Inicia\u00e7\u00e3o Cient\u00edfica (DOC 0.1 MB)<\/li>\n<li class=\"x_elementToProof\" data-ogsc=\"rgb(0, 0, 0)\" data-ogsb=\"rgb(255, 255, 255)\" data-olk-copy-source=\"MessageBody\">Formul\u00e1rio para Projeto de Inicia\u00e7\u00e3o Cient\u00edfica com enquadramento segundo as \u00e1reas do CNPq (DOC 0.1 MB)<\/li>\n<\/ol>\n<\/div>\n<div class=\"x_elementToProof\" data-ogsc=\"rgb(0, 0, 0)\"><\/div>\n<div data-ogsc=\"rgb(0, 0, 0)\">Atenciosamente<\/div>\n<div data-ogsc=\"rgb(0, 0, 0)\">Comit\u00ea PIBIC-ES\/IPA<\/div>\n<p>[\/vc_column_text][vc_column_text]<\/p>\n<div data-ogsc=\"black\">\n<hr \/>\n<\/div>\n<p>[\/vc_column_text][vc_column_text]<\/p>\n<div data-ogsc=\"black\"><strong>Per\u00edodo de Inscri\u00e7\u00e3o: 17\/06 a 16\/07\/2025<\/strong><\/div>\n<div data-ogsc=\"black\"><\/div>\n<div data-ogsc=\"black\">Edital 2025\/26 para sele\u00e7\u00e3o de Bolsistas para o Programa Institucional de bolsas de inicia\u00e7\u00e3o em desenvolvimento tecnol\u00f3gico e inova\u00e7\u00e3o (PIBITI\/CNPQ\/IPA).<\/div>\n<div data-ogsc=\"black\"><\/div>\n<div data-ogsc=\"black\">1. EDITAL de Sele\u00e7\u00e3o com o cronograma do processo Seletivo e etapas subsequentes (PDF 0.2 MB)<\/div>\n<div data-ogsc=\"black\">2. Formul\u00e1rio para solicita\u00e7\u00e3o de bolsa \u00a0(DOC 0.2 MB)<\/div>\n<div data-ogsc=\"black\">3.\u00a0Formul\u00e1rio para projeto t\u00e9cnico cient\u00edfico (DOC 0.2 MB)<\/div>\n<div data-ogsc=\"black\"><\/div>\n<div data-ogsc=\"black\">Atenciosamente<\/div>\n<div data-ogsc=\"black\">Comit\u00ea\u00a0PIBITI\/IPA<\/div>\n<p>[\/vc_column_text][vc_column_text]<\/p>\n<div data-ogsc=\"black\">\n<hr \/>\n<\/div>\n<p>[\/vc_column_text][\/vc_column][vc_column width=&#8221;1\/3&#8243;][vc_column_text]<\/p>\n<h4><span style=\"font-size: 14pt\">Programa de Inicia\u00e7\u00e3o Cient\u00edfica<\/span><\/h4>\n<ul>\n<li>PIBIC-ES (Ensino Superior)<\/li>\n<li>PIBIC-EM (Ensino M\u00e9dio)<\/li>\n<li>PIBIT (Inova\u00e7\u00e3o &amp; Tecnologia)<\/li>\n<\/ul>\n<h4><span style=\"font-size: 14pt\">Cadernos de Resumo<\/span><\/h4>\n<ul>\n<li><a href=\"https:\/\/www.infraestruturameioambiente.sp.gov.br\/ipa\/caderno-de-resumo\/\">Caderno de Resumos PIBIC-IPA 2021\/2022<\/a><\/li>\n<li><a href=\"https:\/\/www.infraestruturameioambiente.sp.gov.br\/ipa\/caderno-de-resumo\/\">Caderno de Resumos PIBIC-IPA 2023<\/a><\/li>\n<li><a href=\"https:\/\/www.infraestruturameioambiente.sp.gov.br\/ipa\/caderno-de-resumo\/\">Caderno de Resumos PIBIC-IPA 2024<\/a><\/li>\n<li><a href=\"https:\/\/smastr16.blob.core.windows.net\/2001\/sites\/261\/2025\/10\/caderno-de-resumos-pibic-ipa_2025.pdf\">Caderno de Resumos PIBIC-IPA 2025<\/a><\/li>\n<li><a href=\"https:\/\/www.infraestruturameioambiente.sp.gov.br\/ipa\/caderno-de-resumo\/\">Todos<\/a><\/li>\n<\/ul>\n<h4><span style=\"font-size: 14pt\">Edi\u00e7\u00f5es Anteriores<\/span><\/h4>\n<ul>\n<li><a href=\"https:\/\/www.infraestruturameioambiente.sp.gov.br\/institutogeologico\/2021\/09\/instituto-de-pesquisas-ambientais-promove-o-1o-seminario-de-iniciacao-cientifica-pibic\/\">1\u00ba PIBIC-IPA 2021<\/a><\/li>\n<li><a href=\"https:\/\/www.infraestruturameioambiente.sp.gov.br\/ipa\/2023\/01\/caderno-de-resumo-dos-seminarios-de-iniciacao-cientifica\/\">2\u00ba PIBIC-IPA 2022<\/a><\/li>\n<li><a href=\"https:\/\/www.infraestruturameioambiente.sp.gov.br\/ipa\/2023\/10\/estudantes-de-graduacao-apresentam-resultados-de-pesquisas-no-3o-seminario-de-iniciacao-cientifica-do-ipa\/\">3\u00ba PIBIC-IPA 2023<\/a><\/li>\n<li><a href=\"https:\/\/www.infraestruturameioambiente.sp.gov.br\/ipa\/2024\/11\/4o-seminario-de-iniciacao-cientifica-do-ipa-apresenta-os-resultados-de-pesquisas-realizadas-por-alunos-de-graduacao\/\">4\u00ba PIBIC-IPA 2024<\/a><\/li>\n<\/ul>\n<p>[\/vc_column_text][\/vc_column][\/vc_row]<\/p>\n","protected":false},"excerpt":{"rendered":"<p>[vc_row][vc_column width=&#8221;2\/3&#8243;][vc_column_text]O Programa Institucional de Bolsas de Inicia\u00e7\u00e3o Cient\u00edfica do Instituto de Pesquisas Ambientais (PIBIC-IPA) \u00e9 um programa voltado para o desenvolvimento do pensamento cient\u00edfico e inicia\u00e7\u00e3o \u00e0 pesquisa. \u00c9 [&hellip;]<\/p>\n","protected":false},"author":196,"featured_media":0,"parent":341,"menu_order":0,"comment_status":"closed","ping_status":"closed","template":"","meta":[],"_links":{"self":[{"href":"https:\/\/www.infraestruturameioambiente.sp.gov.br\/ipa\/wp-json\/wp\/v2\/pages\/6970"}],"collection":[{"href":"https:\/\/www.infraestruturameioambiente.sp.gov.br\/ipa\/wp-json\/wp\/v2\/pages"}],"about":[{"href":"https:\/\/www.infraestruturameioambiente.sp.gov.br\/ipa\/wp-json\/wp\/v2\/types\/page"}],"author":[{"embeddable":true,"href":"https:\/\/www.infraestruturameioambiente.sp.gov.br\/ipa\/wp-json\/wp\/v2\/users\/196"}],"replies":[{"embeddable":true,"href":"https:\/\/www.infraestruturameioambiente.sp.gov.br\/ipa\/wp-json\/wp\/v2\/comments?post=6970"}],"version-history":[{"count":34,"href":"https:\/\/www.infraestruturameioambiente.sp.gov.br\/ipa\/wp-json\/wp\/v2\/pages\/6970\/revisions"}],"predecessor-version":[{"id":9259,"href":"https:\/\/www.infraestruturameioambiente.sp.gov.br\/ipa\/wp-json\/wp\/v2\/pages\/6970\/revisions\/9259"}],"up":[{"embeddable":true,"href":"https:\/\/www.infraestruturameioambiente.sp.gov.br\/ipa\/wp-json\/wp\/v2\/pages\/341"}],"wp:attachment":[{"href":"https:\/\/www.infraestruturameioambiente.sp.gov.br\/ipa\/wp-json\/wp\/v2\/media?parent=6970"}],"curies":[{"name":"wp","href":"https:\/\/api.w.org\/{rel}","templated":true}]}}