{"id":6958,"date":"2024-09-04T14:04:33","date_gmt":"2024-09-04T17:04:33","guid":{"rendered":"https:\/\/www.infraestruturameioambiente.sp.gov.br\/ipa\/?page_id=6958"},"modified":"2025-11-05T09:57:15","modified_gmt":"2025-11-05T12:57:15","slug":"educacao-a-distancia-ead","status":"publish","type":"page","link":"https:\/\/www.infraestruturameioambiente.sp.gov.br\/ipa\/centro-de-ensino-e-extensao\/nucleo-de-pos-graduacao-lato-sensu\/educacao-a-distancia-ead\/","title":{"rendered":"Educa\u00e7\u00e3o a Dist\u00e2ncia &#8211; EaD"},"content":{"rendered":"<p>[vc_row][vc_column width=&#8221;2\/3&#8243;][vc_column_text]<img decoding=\"async\" loading=\"lazy\" class=\"alignleft wp-image-7167 size-thumbnail\" src=\"https:\/\/smastr16.blob.core.windows.net\/2001\/sites\/261\/2024\/09\/ensino-a-distancia-150x150.jpg\" alt=\"\" width=\"150\" height=\"150\" srcset=\"https:\/\/smastr16.blob.core.windows.net\/2001\/sites\/261\/2024\/09\/ensino-a-distancia-150x150.jpg 150w, https:\/\/smastr16.blob.core.windows.net\/2001\/sites\/261\/2024\/09\/ensino-a-distancia-300x300.jpg 300w, https:\/\/smastr16.blob.core.windows.net\/2001\/sites\/261\/2024\/09\/ensino-a-distancia-48x48.jpg 48w, https:\/\/smastr16.blob.core.windows.net\/2001\/sites\/261\/2024\/09\/ensino-a-distancia-250x250.jpg 250w, https:\/\/smastr16.blob.core.windows.net\/2001\/sites\/261\/2024\/09\/ensino-a-distancia-180x180.jpg 180w, https:\/\/smastr16.blob.core.windows.net\/2001\/sites\/261\/2024\/09\/ensino-a-distancia.jpg 500w\" sizes=\"(max-width: 150px) 100vw, 150px\" \/>A modalidade de EaD disponibilizar\u00e1 cursos pagos de 30 horas nas quatro \u00e1reas: Impactos Ambientais e Monitoramento, Restaura\u00e7\u00e3o Ecol\u00f3gica, Tecnologia e Inova\u00e7\u00e3o Aplicada \u00e0 Natureza e Agroecologia. Ser\u00e1 utilizada a plataforma <a href=\"https:\/\/moodle.org\/?lang=pt_br\">Moodle<\/a> como ambiente virtual.[\/vc_column_text][vc_column_text]<\/p>\n<p style=\"text-align: center\"><a href=\"https:\/\/www.infraestruturameioambiente.sp.gov.br\/ipa\/departamento-de-gestao-do-conhecimento\/centro-de-ensino-e-extensao\/nucleo-de-pos-graduacao-lato-sensu\/\">voltar<\/a><\/p>\n<p>[\/vc_column_text][\/vc_column][vc_column width=&#8221;1\/3&#8243;][vc_column_text]<span style=\"font-size: 14pt\"><strong>Servi\u00e7os<\/strong><\/span><\/p>\n<ul>\n<li><a href=\"https:\/\/www.infraestruturameioambiente.sp.gov.br\/ipa\/departamento-de-gestao-do-conhecimento\/centro-de-ensino-e-extensao\/nucleo-de-pos-graduacao-lato-sensu\/curso-de-extensao\/cursos-e-cronograma\/\">Cursos e Cronograma<\/a><\/li>\n<\/ul>\n<p>[\/vc_column_text][\/vc_column][\/vc_row]<\/p>\n","protected":false},"excerpt":{"rendered":"<p>[vc_row][vc_column width=&#8221;2\/3&#8243;][vc_column_text]A modalidade de EaD disponibilizar\u00e1 cursos pagos de 30 horas nas quatro \u00e1reas: Impactos Ambientais e Monitoramento, Restaura\u00e7\u00e3o Ecol\u00f3gica, Tecnologia e Inova\u00e7\u00e3o Aplicada \u00e0 Natureza e Agroecologia. Ser\u00e1 utilizada [&hellip;]<\/p>\n","protected":false},"author":196,"featured_media":0,"parent":951,"menu_order":0,"comment_status":"closed","ping_status":"closed","template":"","meta":[],"_links":{"self":[{"href":"https:\/\/www.infraestruturameioambiente.sp.gov.br\/ipa\/wp-json\/wp\/v2\/pages\/6958"}],"collection":[{"href":"https:\/\/www.infraestruturameioambiente.sp.gov.br\/ipa\/wp-json\/wp\/v2\/pages"}],"about":[{"href":"https:\/\/www.infraestruturameioambiente.sp.gov.br\/ipa\/wp-json\/wp\/v2\/types\/page"}],"author":[{"embeddable":true,"href":"https:\/\/www.infraestruturameioambiente.sp.gov.br\/ipa\/wp-json\/wp\/v2\/users\/196"}],"replies":[{"embeddable":true,"href":"https:\/\/www.infraestruturameioambiente.sp.gov.br\/ipa\/wp-json\/wp\/v2\/comments?post=6958"}],"version-history":[{"count":16,"href":"https:\/\/www.infraestruturameioambiente.sp.gov.br\/ipa\/wp-json\/wp\/v2\/pages\/6958\/revisions"}],"predecessor-version":[{"id":8924,"href":"https:\/\/www.infraestruturameioambiente.sp.gov.br\/ipa\/wp-json\/wp\/v2\/pages\/6958\/revisions\/8924"}],"up":[{"embeddable":true,"href":"https:\/\/www.infraestruturameioambiente.sp.gov.br\/ipa\/wp-json\/wp\/v2\/pages\/951"}],"wp:attachment":[{"href":"https:\/\/www.infraestruturameioambiente.sp.gov.br\/ipa\/wp-json\/wp\/v2\/media?parent=6958"}],"curies":[{"name":"wp","href":"https:\/\/api.w.org\/{rel}","templated":true}]}}