{"id":605,"date":"2022-02-11T12:44:34","date_gmt":"2022-02-11T14:44:34","guid":{"rendered":"https:\/\/portal-sima-homologacao.azurewebsites.net\/ipa\/?page_id=605"},"modified":"2024-01-02T10:40:19","modified_gmt":"2024-01-02T13:40:19","slug":"fale-com-o-nit-ipa","status":"publish","type":"page","link":"https:\/\/www.infraestruturameioambiente.sp.gov.br\/ipa\/nucleo-de-inovacao-tecnologica-nit-ipa\/fale-com-o-nit-ipa\/","title":{"rendered":"Fale com o NIT-IPA"},"content":{"rendered":"<p>[vc_row][vc_column width=&#8221;2\/3&#8243;][vc_column_text]Tem uma ideia, precisa de um servi\u00e7o t\u00e9cnico especializado? N\u00f3s podemos te ajudar a inovar.<\/p>\n<p>Entre em contato conosco no e-mail: <a href=\"mailto:nit_ipa@sp.gov.br\">nit_ipa@sp.gov.br<\/a>[\/vc_column_text][vc_column_text] [\/vc_column_text][vc_column_text] [\/vc_column_text][vc_column_text] [\/vc_column_text][\/vc_column][vc_column width=&#8221;1\/3&#8243;][vc_column_text]<\/p>\n<h4>NIT IPA<\/h4>\n<ul>\n<li><a href=\"https:\/\/www.infraestruturameioambiente.sp.gov.br\/ipa\/departamento-de-tecnologia-e-inovacao\/centro-de-inovacao-tecnologica\/nucleo-de-inovacao-tecnologica-nit-ipa\/sobre-o-nit\/\">Sobre o NIT<\/a><\/li>\n<li><a href=\"https:\/\/www.infraestruturameioambiente.sp.gov.br\/ipa\/departamento-de-tecnologia-e-inovacao\/centro-de-inovacao-tecnologica\/nucleo-de-inovacao-tecnologica-nit-ipa\/extratos\/\">Extratos<\/a><\/li>\n<li><a href=\"https:\/\/www.infraestruturameioambiente.sp.gov.br\/ipa\/departamento-de-tecnologia-e-inovacao\/centro-de-inovacao-tecnologica\/nucleo-de-inovacao-tecnologica-nit-ipa\/legislacao-nit\/\">Legisla\u00e7\u00e3o NIT<\/a><\/li>\n<li>Portf\u00f3lio de Tecnologias e Servi\u00e7os<\/li>\n<li><a href=\"https:\/\/www.infraestruturameioambiente.sp.gov.br\/ipa\/2022\/05\/bolsa-de-colaboracao-projeto-sistema-automatico-para-identificacao-de-madeiras\/\">Oportunidades<\/a><\/li>\n<li><a href=\"https:\/\/www.infraestruturameioambiente.sp.gov.br\/ipa\/departamento-de-tecnologia-e-inovacao\/centro-de-inovacao-tecnologica\/nucleo-de-inovacao-tecnologica-nit-ipa\/ordem-de-servico-nit\/\">Ordem de Servi\u00e7o<\/a><\/li>\n<li><a href=\"https:\/\/www.infraestruturameioambiente.sp.gov.br\/ipa\/category\/noticias\/noticias-nit\/\">Not\u00edcias NIT<\/a><\/li>\n<li><a href=\"https:\/\/www.infraestruturameioambiente.sp.gov.br\/ipa\/departamento-de-tecnologia-e-inovacao\/centro-de-inovacao-tecnologica\/nucleo-de-inovacao-tecnologica-nit-ipa\/fundacoes-de-apoio-nit\/\">Funda\u00e7\u00f5es de Apoio<\/a><\/li>\n<li><a href=\"https:\/\/www.infraestruturameioambiente.sp.gov.br\/ipa\/departamento-de-tecnologia-e-inovacao\/centro-de-inovacao-tecnologica\/nucleo-de-inovacao-tecnologica-nit-ipa\/cronograma-de-reunioes-do-nit\/\">Cronograma de reuni\u00f5es do NIT<\/a><\/li>\n<li>Participa\u00e7\u00e3o do NIT em eventos<\/li>\n<li><a href=\"https:\/\/www.infraestruturameioambiente.sp.gov.br\/ipa\/departamento-de-tecnologia-e-inovacao\/centro-de-inovacao-tecnologica\/nucleo-de-inovacao-tecnologica-nit-ipa\/relatorios-de-atividades-nit\/\">Relat\u00f3rio de Atividades NIT<\/a><\/li>\n<li><a href=\"https:\/\/www.infraestruturameioambiente.sp.gov.br\/ipa\/departamento-de-tecnologia-e-inovacao\/centro-de-inovacao-tecnologica\/nucleo-de-inovacao-tecnologica-nit-ipa\/fale-com-o-nit-ipa\/\">Fale com o NIT-IPA<\/a><\/li>\n<\/ul>\n<p>[\/vc_column_text][\/vc_column][\/vc_row]<\/p>\n","protected":false},"excerpt":{"rendered":"<p>[vc_row][vc_column width=&#8221;2\/3&#8243;][vc_column_text]Tem uma ideia, precisa de um servi\u00e7o t\u00e9cnico especializado? N\u00f3s podemos te ajudar a inovar. Entre em contato conosco no e-mail: nit_ipa@sp.gov.br[\/vc_column_text][vc_column_text] [\/vc_column_text][vc_column_text] [\/vc_column_text][vc_column_text] [\/vc_column_text][\/vc_column][vc_column width=&#8221;1\/3&#8243;][vc_column_text] NIT IPA Sobre [&hellip;]<\/p>\n","protected":false},"author":184,"featured_media":0,"parent":591,"menu_order":0,"comment_status":"closed","ping_status":"closed","template":"","meta":[],"_links":{"self":[{"href":"https:\/\/www.infraestruturameioambiente.sp.gov.br\/ipa\/wp-json\/wp\/v2\/pages\/605"}],"collection":[{"href":"https:\/\/www.infraestruturameioambiente.sp.gov.br\/ipa\/wp-json\/wp\/v2\/pages"}],"about":[{"href":"https:\/\/www.infraestruturameioambiente.sp.gov.br\/ipa\/wp-json\/wp\/v2\/types\/page"}],"author":[{"embeddable":true,"href":"https:\/\/www.infraestruturameioambiente.sp.gov.br\/ipa\/wp-json\/wp\/v2\/users\/184"}],"replies":[{"embeddable":true,"href":"https:\/\/www.infraestruturameioambiente.sp.gov.br\/ipa\/wp-json\/wp\/v2\/comments?post=605"}],"version-history":[{"count":7,"href":"https:\/\/www.infraestruturameioambiente.sp.gov.br\/ipa\/wp-json\/wp\/v2\/pages\/605\/revisions"}],"predecessor-version":[{"id":5539,"href":"https:\/\/www.infraestruturameioambiente.sp.gov.br\/ipa\/wp-json\/wp\/v2\/pages\/605\/revisions\/5539"}],"up":[{"embeddable":true,"href":"https:\/\/www.infraestruturameioambiente.sp.gov.br\/ipa\/wp-json\/wp\/v2\/pages\/591"}],"wp:attachment":[{"href":"https:\/\/www.infraestruturameioambiente.sp.gov.br\/ipa\/wp-json\/wp\/v2\/media?parent=605"}],"curies":[{"name":"wp","href":"https:\/\/api.w.org\/{rel}","templated":true}]}}