{"id":603,"date":"2022-02-11T12:41:48","date_gmt":"2022-02-11T14:41:48","guid":{"rendered":"https:\/\/portal-sima-homologacao.azurewebsites.net\/ipa\/?page_id=603"},"modified":"2026-01-23T08:33:17","modified_gmt":"2026-01-23T11:33:17","slug":"extratos","status":"publish","type":"page","link":"https:\/\/www.infraestruturameioambiente.sp.gov.br\/ipa\/nucleo-de-inovacao-tecnologica-nit-ipa\/extratos\/","title":{"rendered":"Extratos"},"content":{"rendered":"<p>[vc_row][vc_column width=&#8221;2\/3&#8243;][vc_tta_accordion][vc_tta_section tab_id=&#8221;1718979559245-276f95fb-18d9&#8243; title=&#8221;Extratos NIT&#8221;][vc_column_text]Aqui voc\u00ea encontra todos os extratos de contratos, conv\u00eanios e instrumentos cong\u00eaneres firmados pelo\u00a0<strong>IPA \u2013 Instituto de Pesquisas Ambientais<\/strong> por meio do seu NIT. Clique no + para expandir.[\/vc_column_text][\/vc_tta_section][vc_tta_section title=&#8221;2026&#8243; tab_id=&#8221;1769167216148-3019bc2e-7b04&#8243;][vc_column_text]<\/p>\n<ul>\n<li><a href=\"https:\/\/www.doe.sp.gov.br\/executivo\/secretaria-de-meio-ambiente-infraestrutura-e-logistica\/extrato-do-contrato-de-prestacao-de-servicos-tecnicos-especializados-ap-001-2025-ipa-aecom-do-brasil-ltda-2026012211331881991586812\"><strong>AP 001\/2025<\/strong><\/a> \u2013 Extrato do Contrato de Presta\u00e7\u00e3o de Servi\u00e7os T\u00e9cnicos Especializados entre Instituto de Pesquisas Ambientais \u2013 IPA e a Funda\u00e7\u00e3o de Desenvolvimento da Pesquisa do Agroneg\u00f3cio \u2013 FUNDEPAG e AECOM DO BRASIL LTDA. Avalia\u00e7\u00e3o da Estrutura Documental do Programa de Certifica\u00e7\u00e3o da ECORA. 22\/01\/2026.<\/li>\n<\/ul>\n<p>[\/vc_column_text][\/vc_tta_section][vc_tta_section title=&#8221;2025&#8243; tab_id=&#8221;1718979982767-dec49dd7-a299&#8243;][vc_column_text]<\/p>\n<ul>\n<li>Extrato do primeiro <strong><a href=\"https:\/\/smastr16.blob.core.windows.net\/2001\/sites\/261\/2025\/07\/primeiro_extrato_aditivo_acordo_parceria_001-2026.pdf\">Termo Aditivo do AP 001\/2024<\/a> <\/strong>\u2013 Acordo de Parceria para Pesquisa, Desenvolvimento e Inova\u00e7\u00e3o entre Instituto de Pesquisas Ambientais e Instituto BKK \u2013 Bonfarto Kaj Konservado. Prospec\u00e7\u00e3o de macroalgas marinhas com potencial para produ\u00e7\u00e3o sustent\u00e1vel (cultivo e arribadas) de biomassa e de bioprodutos. Vig\u00eancia: 6 meses. Assinatura 12\/06\/2025.<\/li>\n<li>Extrato do<a href=\"https:\/\/smastr16.blob.core.windows.net\/2001\/sites\/261\/2025\/02\/extrato_termo-cooperacao_n.001-2025-cepdec-ipa.07.02.2025.pdf\"><strong> Termo de Coopera\u00e7\u00e3o n\u00ba 001\/2025 <\/strong><\/a> \u2013 entre a Casa Militar, por sua Coordenadoria Estadual de Prote\u00e7\u00e3o e Defesa Civil (CEPDEC) e o Instituto de Pesquisas Ambientais (IPA) da Secretaria de Meio Ambiente, Infraestrutura e Log\u00edstica (Semil), com interveni\u00eancia da FUNDEPAG. Objeto: Coopera\u00e7\u00e3o institucional entre os part\u00edcipes com a finalidade de viabilizar a elabora\u00e7\u00e3o de Planos Municipais de Redu\u00e7\u00e3o de Risco (PMRR) e do mapeamento de \u00e1reas de risco de escorregamento e inunda\u00e7\u00e3o de 22 munic\u00edpios do Estado de S\u00e3o Paulo. Vig\u00eancia: 24 meses. Assinatura: 07\/02\/2025.<\/li>\n<li>Extrato do segundo <strong><a href=\"https:\/\/smastr16.blob.core.windows.net\/2001\/sites\/261\/2025\/07\/extrato-do-segundo-termo-aditivo-do-ap-004-2022.pdf\">Termo Aditivo do AP 004\/2022<\/a>\u00a0<\/strong>\u2013 Acordo de Parceria para Pesquisa, Desenvolvimento e Inova\u00e7\u00e3o entre o Instituto de Pesquisas Ambientais (IPA) da Secretaria de Meio Ambiente, Infraestrutura e Log\u00edstica (Semil), com interveni\u00eancia da FUNDEPAG, e SYLVAMO do Brasil Ltda. Objeto: Pesquisas Integradas visando a conserva\u00e7\u00e3o e restaura\u00e7\u00e3o ecol\u00f3gica em ecossistemas florestais: modulo de parcelas permanentes. Vig\u00eancia: 24 meses. Assinatura 14\/07\/2025.<\/li>\n<\/ul>\n<p>[\/vc_column_text][\/vc_tta_section][vc_tta_section title=&#8221;2024&#8243; tab_id=&#8221;1739359743234-4f56978c-d6be&#8221;][vc_column_text]<\/p>\n<ul>\n<li><strong><a href=\"https:\/\/smastr16.blob.core.windows.net\/2001\/sites\/261\/2024\/11\/extrato-acordo-cooperacao-fundepag-ipa-2024.pdf\">AC 001\/2024<\/a><\/strong> &#8211; Acordo de Coopera\u00e7\u00e3o entre o Instituto de Pesquisas Ambientais \u2013 IPA e a Funda\u00e7\u00e3o de Desenvolvimento da Pesquisa do Agroneg\u00f3cio \u2013 FUNDEPAG. Objeto: Desenvolvimento de um Sistema Integrado para Gest\u00e3o de Riscos e Desastres no Litoral Norte (SIGRD-LN), em apoio \u00e0 Implementa\u00e7\u00e3o da Pol\u00edtica de Gest\u00e3o de Riscos de Desastres Naturais no estado de S\u00e3o Paulo, e que contemple a amplia\u00e7\u00e3o do conhecimento dos riscos, a melhoria de governan\u00e7a, bem como a aplica\u00e7\u00e3o de metodologias inovadoras para a identifica\u00e7\u00e3o, an\u00e1lise, monitoramento e prepara\u00e7\u00e3o da resposta e redu\u00e7\u00e3o do risco de desastres. Vig\u00eancia: 24 meses Assinatura: 18\/10\/2024.<\/li>\n<li><a href=\"https:\/\/smastr16.blob.core.windows.net\/2001\/sites\/261\/2024\/07\/acordo_parceria_001-2024.pdf\"><strong>AP 001\/2024 <\/strong><\/a>&#8211; Acordo de Parceria para Pesquisa, Desenvolvimento e Inova\u00e7\u00e3o entre Instituto de Pesquisas Ambientais e Instituto BKK \u2013 Bonfarto Kaj Konservado. Prospec\u00e7\u00e3o de macroalgas marinhas com potencial para produ\u00e7\u00e3o sustent\u00e1vel (cultivo e arribadas) de biomassa e de bioprodutos. 28\/06\/2024.<\/li>\n<li>Extrato do primeiro <strong><a href=\"https:\/\/smastr16.blob.core.windows.net\/2001\/sites\/261\/2024\/06\/termo-aditivo-do-ap-003-2022.pdf\">Termo Aditivo do AP 003\/2022<\/a><\/strong> \u2013 referente ao acordo de parceria para pesquisa, desenvolvimento e inova\u00e7\u00e3o entre o instituto de pesquisas ambientais e helmut schuckar. 28\/03\/2024.<\/li>\n<li>Extrato do segundo <a href=\"https:\/\/smastr16.blob.core.windows.net\/2001\/sites\/261\/2024\/06\/reti-ratificacao-do-ap-003-2022.pdf\"><strong>Termo de Reti-ratifica\u00e7\u00e3o do AP 003\/2022<\/strong><\/a> \u2013 referente ao acordo de parceria para pesquisa, desenvolvimento e inova\u00e7\u00e3o entre o instituto de pesquisas ambientais e helmut schuckar. 28\/03\/2024.<\/li>\n<\/ul>\n<p>[\/vc_column_text][\/vc_tta_section][vc_tta_section title=&#8221;2023&#8243; tab_id=&#8221;1718979559252-4debd436-7aff&#8221;][vc_column_text]<\/p>\n<ul>\n<li><a href=\"https:\/\/smastr16.blob.core.windows.net\/2001\/sites\/261\/2023\/10\/extrato-de-acordo-cooperacao-cenex-fundepg-19-10-2023.pdf\"><strong>AC 001\/2023<\/strong><\/a>\u00a0\u2013 Acordo de Coopera\u00e7\u00e3o entre o Instituto de Pesquisas Ambientais \u2013 IPA e a Funda\u00e7\u00e3o de Desenvolvimento da Pesquisa do Agroneg\u00f3cio \u2013 FUNDEPAG. Objeto: Realiza\u00e7\u00e3o conjunta, sem transfer\u00eancia de recursos p\u00fablicos, de atividades de ensino, pesquisa, extens\u00e3o, desenvolvimento institucional, cient\u00edfico, tecnol\u00f3gico e de est\u00edmulo \u00e0 inova\u00e7\u00e3o tendo por objeto a implanta\u00e7\u00e3o do \u201cPrograma de Ensino e Extens\u00e3o para Apoio \u00e0 Inova\u00e7\u00e3o \u2013 CENEX\u201d, doravante denominado PROGRAMA. Vig\u00eancia: 60 meses. 10\/10\/2023.<\/li>\n<\/ul>\n<p>[\/vc_column_text][\/vc_tta_section][vc_tta_section title=&#8221;2022&#8243; tab_id=&#8221;1718979664808-d33ce00b-5e3e&#8221;][vc_column_text]<\/p>\n<ul>\n<li><a href=\"https:\/\/smastr16.blob.core.windows.net\/2001\/sites\/261\/2022\/06\/ap-001-2022-extrato-do-acordo-de-parceria-klabin-06.04.2022.pdf\"><strong>AP 001\/2022<\/strong><\/a>\u00a0\u2013 Acordo de Parceria para Pesquisa, Desenvolvimento e Inova\u00e7\u00e3o entre Instituto de Pesquisas Ambientais, Klabin S.A., Instituto de Pesquisas Tecnol\u00f3gicas do Estado de S\u00e3o Paulo e Sindicato do Com\u00e9rcio Atacadista de Madeiras do Estado de S\u00e3o Paulo. Sistema autom\u00e1tico para identifica\u00e7\u00e3o de Madeiras. 21\/12\/2021.<\/li>\n<li><a href=\"https:\/\/smastr16.blob.core.windows.net\/2001\/sites\/261\/2022\/06\/ap-002-2022-extrato-do-contrato-agbitech-26.03.2022.pdf\"><strong>AP 002\/2022<\/strong><\/a>\u00a0\u2013 Acordo de Parceria entre Instituto de Pesquisas Ambientais e AGBITECH Controles Biol\u00f3gicos Ltda. Plantas utilizadas na alimenta\u00e7\u00e3o de adultos da mariposa\u00a0<em>Spodoptera frugiperda<\/em>\u00a0em agrossistemas do Brasil com base na an\u00e1lise de p\u00f3len. 28\/01\/2022.<\/li>\n<li><a href=\"https:\/\/smastr16.blob.core.windows.net\/2001\/sites\/261\/2022\/06\/ap-003-2022-extrato-do-acordo-de-parceria-helmut-shuckar-24.03.2022.pdf\"><strong>AP 003\/2022<\/strong><\/a>\u00a0\u2013 Acordo de Parceria para Pesquisa, Desenvolvimento e Inova\u00e7\u00e3o entre Instituto de Pesquisas Ambientais e Helmut Schuckar. Melhoramento e Conserva\u00e7\u00e3o de Germoplasma Arb\u00f3reo de R\u00e1pido Crescimento. 11\/02\/2022.<\/li>\n<li><a href=\"https:\/\/smastr16.blob.core.windows.net\/2001\/sites\/261\/2022\/07\/extrato-de-acordo-parceria-sylvamo-do-brasil-ltda.pdf\"><strong>AP 004\/2022<\/strong><\/a>\u00a0\u2013 Acordo de Parceria para Pesquisa, Desenvolvimento e Inova\u00e7\u00e3o entre o Instituto de Pesquisas Ambientais e SYLVAMO do BRASIL Ltda. Conserva\u00e7\u00e3o e restaura\u00e7\u00e3o ecol\u00f3gica em ecossistemas florestais: m\u00f3dulo de parcelas permanentes, plantadas na Reserva Particular do Patrim\u00f4nio Natural (RPPN), Parque Florestal S\u00e3o Marcelo. 15\/07\/2022.<\/li>\n<li><a href=\"https:\/\/smastr16.blob.core.windows.net\/2001\/sites\/261\/2022\/11\/extrato-de-acordo-parceria-oxiteno-s.a.-industria-e-comercio-01-11-2022.pdf\"><strong>AP 005\/2022<\/strong><\/a>\u00a0\u2013\u00a0Acordo de Parceria entre Instituto de Pesquisas Ambientais\u00a0e Oxiteno S.A. Ind\u00fastria e Com\u00e9rcio. Desenvolvimento de protocolo de\u00a0screening usando medidas fisiol\u00f3gicas de planta como ferramenta.\u00a001\/11\/2022.<\/li>\n<li><a href=\"https:\/\/smastr16.blob.core.windows.net\/2001\/sites\/261\/2023\/03\/extrato-de-acordo-parceria-cicero-prado-reflorestadora-01-03-2023.pdf\"><strong>AP 006\/2022<\/strong><\/a>\u00a0\u2013 Acordo de parceria entre o Instituto de Pesquisas Ambientais e Cicero Prado Reflorestadora Ltda. Caracteriza\u00e7\u00e3o das madeiras\u00a0<em>Calophyllum brasiliense Cambess<\/em>. (guanandi) e\u00a0<em>Acacia mangium Willd<\/em>. (ac\u00e1cia) para fins comerciais. 01\/03\/2023.<\/li>\n<li><a href=\"https:\/\/smastr16.blob.core.windows.net\/2001\/sites\/261\/2023\/10\/0205.22_publicacao_de_convenio_dou.pdf\"><strong>EC 0205\/2022<\/strong><\/a> \u2013 Extrato de Conv\u00eanio entre Instituto de Pesquisas Ambientais \u2013 IPA, Financiadora de Estudos e Projetos \u2013 FINEP e a Funda\u00e7\u00e3o de Desenvolvimento da Pesquisa do Agroneg\u00f3cio \u2013 FUNDEPAG. Data da Assinatura: 18\/07\/2023.\u00a0 Objeto: Projeto intitulado \u201cModerniza\u00e7\u00e3o da Infraestrutura de Pesquisa do Instituto de Pesquisas Ambientais\u201d. Coordena\u00e7\u00e3o do PqC William Sallun Filho. Prazo de Vig\u00eancia e Execu\u00e7\u00e3o F\u00edsica e Financeira do Projeto: at\u00e9 24 (vinte e quatro) meses, a partir da data de assinatura do conv\u00eanio; Presta\u00e7\u00e3o de Contas Final: at\u00e9 60 (sessenta) dias contados da data do t\u00e9rmino da vig\u00eancia. (Processo SEI 020.00001184\/2023).<\/li>\n<\/ul>\n<p>[\/vc_column_text][\/vc_tta_section][vc_tta_section title=&#8221;2021&#8243; tab_id=&#8221;1718979711215-e5a21f81-94eb&#8221;][vc_column_text]<\/p>\n<ul>\n<li><strong><a href=\"https:\/\/smastr16.blob.core.windows.net\/2001\/sites\/261\/2022\/06\/extrato-do-contrato-160-2021-ipa-mogi-mirim-30.03.2022.pdf\">Contrato 160\/2021<\/a><\/strong>\u00a0\u2013 Instituto de Pesquisas Ambientais e o Munic\u00edpio de Mogi Mirim. Elabora\u00e7\u00e3o de cartas de suscetibilidade\/perigo, Elabora\u00e7\u00e3o de cartas de suscetibilidade\/perigo, aptid\u00e3o \u00e0 urbaniza\u00e7\u00e3o e revis\u00e3o, complementa\u00e7\u00e3o e atualiza\u00e7\u00e3o do mapeamento de \u00e1reas de risco e deslizamento, eros\u00e3o e inunda\u00e7\u00e3o do munic\u00edpio de Mogi Mirim\/SP. 12\/11\/2021.<\/li>\n<li><a href=\"https:\/\/smastr16.blob.core.windows.net\/2001\/sites\/261\/2022\/06\/extrato-do-1o-termo-aditivo-ao-contrato-no-160-2021-mogi-mirim.pdf\"><strong>Termo Aditivo ao Contrato 160\/2021<\/strong><\/a>\u00a0\u2013 Instituto de Pesquisas Ambientais e o Munic\u00edpio de Mogi Mirim. Elabora\u00e7\u00e3o de cartas de suscetibilidade\/perigo, Elabora\u00e7\u00e3o de cartas de suscetibilidade\/perigo, aptid\u00e3o \u00e0 urbaniza\u00e7\u00e3o e revis\u00e3o, complementa\u00e7\u00e3o e atualiza\u00e7\u00e3o do mapeamento de \u00e1reas de risco e deslizamento, eros\u00e3o e inunda\u00e7\u00e3o do munic\u00edpio de Mogi Mirim\/SP. 05\/05\/2022.<\/li>\n<\/ul>\n<p>[\/vc_column_text][\/vc_tta_section][\/vc_tta_accordion][\/vc_column][vc_column width=&#8221;1\/3&#8243;][vc_column_text]<\/p>\n<h4>NIT IPA<\/h4>\n<ul>\n<li><a href=\"https:\/\/www.infraestruturameioambiente.sp.gov.br\/ipa\/departamento-de-tecnologia-e-inovacao\/centro-de-inovacao-tecnologica\/nucleo-de-inovacao-tecnologica-nit-ipa\/sobre-o-nit\/\">Sobre o NIT<\/a><\/li>\n<li><a href=\"https:\/\/www.infraestruturameioambiente.sp.gov.br\/ipa\/departamento-de-tecnologia-e-inovacao\/centro-de-inovacao-tecnologica\/nucleo-de-inovacao-tecnologica-nit-ipa\/extratos\/\">Extratos<\/a><\/li>\n<li><a href=\"https:\/\/www.infraestruturameioambiente.sp.gov.br\/ipa\/departamento-de-tecnologia-e-inovacao\/centro-de-inovacao-tecnologica\/nucleo-de-inovacao-tecnologica-nit-ipa\/legislacao-nit\/\">Legisla\u00e7\u00e3o NIT<\/a><\/li>\n<li>Portf\u00f3lio de Tecnologias e Servi\u00e7os<\/li>\n<li><a href=\"https:\/\/www.infraestruturameioambiente.sp.gov.br\/ipa\/2022\/05\/bolsa-de-colaboracao-projeto-sistema-automatico-para-identificacao-de-madeiras\/\">Oportunidades<\/a><\/li>\n<li><a href=\"https:\/\/www.infraestruturameioambiente.sp.gov.br\/ipa\/departamento-de-tecnologia-e-inovacao\/centro-de-inovacao-tecnologica\/nucleo-de-inovacao-tecnologica-nit-ipa\/ordem-de-servico-nit\/\">Ordem de Servi\u00e7o<\/a><\/li>\n<li><a href=\"https:\/\/www.infraestruturameioambiente.sp.gov.br\/ipa\/category\/noticias\/noticias-nit\/\">Not\u00edcias NIT<\/a><\/li>\n<li><a href=\"https:\/\/www.infraestruturameioambiente.sp.gov.br\/ipa\/departamento-de-tecnologia-e-inovacao\/centro-de-inovacao-tecnologica\/nucleo-de-inovacao-tecnologica-nit-ipa\/fundacoes-de-apoio-nit\/\">Funda\u00e7\u00f5es de Apoio<\/a><\/li>\n<li><a href=\"https:\/\/www.infraestruturameioambiente.sp.gov.br\/ipa\/departamento-de-tecnologia-e-inovacao\/centro-de-inovacao-tecnologica\/nucleo-de-inovacao-tecnologica-nit-ipa\/cronograma-de-reunioes-do-nit\/\">Cronograma de reuni\u00f5es do NIT<\/a><\/li>\n<li>Participa\u00e7\u00e3o do NIT em eventos<\/li>\n<li><a href=\"https:\/\/www.infraestruturameioambiente.sp.gov.br\/ipa\/departamento-de-tecnologia-e-inovacao\/centro-de-inovacao-tecnologica\/nucleo-de-inovacao-tecnologica-nit-ipa\/relatorios-de-atividades-nit\/\">Relat\u00f3rio de Atividades NIT<\/a><\/li>\n<li><a href=\"https:\/\/www.infraestruturameioambiente.sp.gov.br\/ipa\/departamento-de-tecnologia-e-inovacao\/centro-de-inovacao-tecnologica\/nucleo-de-inovacao-tecnologica-nit-ipa\/fale-com-o-nit-ipa\/\">Fale com o NIT-IPA<\/a><\/li>\n<\/ul>\n<p>[\/vc_column_text][\/vc_column][\/vc_row]<\/p>\n","protected":false},"excerpt":{"rendered":"<p>[vc_row][vc_column width=&#8221;2\/3&#8243;][vc_tta_accordion][vc_tta_section tab_id=&#8221;1718979559245-276f95fb-18d9&#8243; title=&#8221;Extratos NIT&#8221;][vc_column_text]Aqui voc\u00ea encontra todos os extratos de contratos, conv\u00eanios e instrumentos cong\u00eaneres firmados pelo\u00a0IPA \u2013 Instituto de Pesquisas Ambientais por meio do seu NIT. Clique no [&hellip;]<\/p>\n","protected":false},"author":184,"featured_media":0,"parent":591,"menu_order":0,"comment_status":"closed","ping_status":"closed","template":"","meta":[],"_links":{"self":[{"href":"https:\/\/www.infraestruturameioambiente.sp.gov.br\/ipa\/wp-json\/wp\/v2\/pages\/603"}],"collection":[{"href":"https:\/\/www.infraestruturameioambiente.sp.gov.br\/ipa\/wp-json\/wp\/v2\/pages"}],"about":[{"href":"https:\/\/www.infraestruturameioambiente.sp.gov.br\/ipa\/wp-json\/wp\/v2\/types\/page"}],"author":[{"embeddable":true,"href":"https:\/\/www.infraestruturameioambiente.sp.gov.br\/ipa\/wp-json\/wp\/v2\/users\/184"}],"replies":[{"embeddable":true,"href":"https:\/\/www.infraestruturameioambiente.sp.gov.br\/ipa\/wp-json\/wp\/v2\/comments?post=603"}],"version-history":[{"count":40,"href":"https:\/\/www.infraestruturameioambiente.sp.gov.br\/ipa\/wp-json\/wp\/v2\/pages\/603\/revisions"}],"predecessor-version":[{"id":9233,"href":"https:\/\/www.infraestruturameioambiente.sp.gov.br\/ipa\/wp-json\/wp\/v2\/pages\/603\/revisions\/9233"}],"up":[{"embeddable":true,"href":"https:\/\/www.infraestruturameioambiente.sp.gov.br\/ipa\/wp-json\/wp\/v2\/pages\/591"}],"wp:attachment":[{"href":"https:\/\/www.infraestruturameioambiente.sp.gov.br\/ipa\/wp-json\/wp\/v2\/media?parent=603"}],"curies":[{"name":"wp","href":"https:\/\/api.w.org\/{rel}","templated":true}]}}