{"id":591,"date":"2022-02-11T12:23:48","date_gmt":"2022-02-11T14:23:48","guid":{"rendered":"https:\/\/portal-sima-homologacao.azurewebsites.net\/ipa\/?page_id=591"},"modified":"2025-11-07T08:34:51","modified_gmt":"2025-11-07T11:34:51","slug":"nucleo-de-inovacao-tecnologica-nit-ipa","status":"publish","type":"page","link":"https:\/\/www.infraestruturameioambiente.sp.gov.br\/ipa\/nucleo-de-inovacao-tecnologica-nit-ipa\/","title":{"rendered":"Inova\u00e7\u00e3o Tecnol\u00f3gica &#8211; NIT\/IPA"},"content":{"rendered":"<p>[vc_row][vc_column width=&#8221;2\/3&#8243;][vc_column_text]O Departamento de <strong>Inova\u00e7\u00e3o Tecnol\u00f3gica <\/strong>do<strong> IPA &#8211; Instituto de Pesquisas Ambientais (NIT\/IPA)<\/strong> tem como principal fun\u00e7\u00e3o promover o desenvolvimento cient\u00edfico, tecnol\u00f3gico e a inova\u00e7\u00e3o por meio de projetos e pol\u00edticas institucionais voltadas \u00e0s \u00e1reas de biodiversidade, bot\u00e2nica, geoci\u00eancias e ci\u00eancias florestais. Cabe ao Departamento implementar e zelar pela pol\u00edtica de inova\u00e7\u00e3o do Instituto, al\u00e9m de firmar parcerias e instrumentos de coopera\u00e7\u00e3o com entidades p\u00fablicas e privadas para a execu\u00e7\u00e3o de pesquisas e projetos tecnol\u00f3gicos. Tamb\u00e9m \u00e9 respons\u00e1vel por articular a pesquisa aplicada com os setores produtivos, elaborar e executar projetos de inova\u00e7\u00e3o, avaliar resultados de pesquisas conforme a legisla\u00e7\u00e3o vigente e analisar pedidos de ado\u00e7\u00e3o de cria\u00e7\u00f5es de inventores independentes. Entre suas atribui\u00e7\u00f5es est\u00e3o ainda a prote\u00e7\u00e3o e divulga\u00e7\u00e3o das cria\u00e7\u00f5es desenvolvidas no Instituto, o acompanhamento de pedidos e manuten\u00e7\u00e3o de t\u00edtulos de propriedade intelectual, a realiza\u00e7\u00e3o de estudos de prospec\u00e7\u00e3o tecnol\u00f3gica e intelig\u00eancia competitiva, e a elabora\u00e7\u00e3o de estrat\u00e9gias para a transfer\u00eancia de inova\u00e7\u00f5es geradas. Por fim, o Departamento deve identificar oportunidades e atores relacionados ao desenvolvimento de produtos baseados na biodiversidade e exercer outras fun\u00e7\u00f5es correlatas \u00e0 sua \u00e1rea de atua\u00e7\u00e3o.<\/p>\n<p>Em conson\u00e2ncia com a miss\u00e3o institucional, o NIT\/IPA ocupa posi\u00e7\u00e3o central na integra\u00e7\u00e3o de ambientes produtivos internos e externos, gerando oportunidades e estimulando as a\u00e7\u00f5es de Pesquisa, Desenvolvimento e Inova\u00e7\u00e3o, de forma a atender as demandas socioambientais e suportando, por meio da inova\u00e7\u00e3o, as pol\u00edticas p\u00fablicas de meio ambiente.<\/p>\n<p>Tem, por finalidade, gerir a pol\u00edtica de inova\u00e7\u00e3o no \u00e2mbito do IPA, implementando as pol\u00edticas institucionais de inova\u00e7\u00e3o e de desenvolvimento tecnol\u00f3gico, articulando a pesquisa aplicada e a inova\u00e7\u00e3o, e atuando como elo com os setores produtivos. \u00c9 respons\u00e1vel pela manuten\u00e7\u00e3o e observ\u00e2ncia da pol\u00edtica institucional de prote\u00e7\u00e3o de cria\u00e7\u00f5es, de inova\u00e7\u00f5es e de transfer\u00eancia de tecnologia, de licenciamento de produtos e processos desenvolvidos no Instituto de Pesquisas Ambientais. Avalia e classifica resultados das atividades e projetos de pesquisa, analisa requerimentos apresentados por inventor independente, para ado\u00e7\u00e3o de cria\u00e7\u00e3o, e opina quanto \u00e0 conveni\u00eancia de divulga\u00e7\u00e3o das cria\u00e7\u00f5es, desenvolvidas no Instituto de Pesquisas Ambientais e pass\u00edveis de prote\u00e7\u00e3o intelectual. Tamb\u00e9m acompanha o processamento dos pedidos e a manuten\u00e7\u00e3o dos t\u00edtulos de propriedade intelectual do Instituto de Pesquisas Ambientais. Contato: <a href=\"mailto:nit_ipa@sp.gov.br\">nit_ipa@sp.gov.br<\/a>[\/vc_column_text][\/vc_column][vc_column width=&#8221;1\/3&#8243;][vc_column_text]<\/p>\n<h4>NIT IPA<\/h4>\n<ul>\n<li><a href=\"https:\/\/www.infraestruturameioambiente.sp.gov.br\/ipa\/departamento-de-tecnologia-e-inovacao\/centro-de-inovacao-tecnologica\/nucleo-de-inovacao-tecnologica-nit-ipa\/sobre-o-nit\/\">Sobre o NIT<\/a><\/li>\n<li><a href=\"https:\/\/www.infraestruturameioambiente.sp.gov.br\/ipa\/departamento-de-tecnologia-e-inovacao\/centro-de-inovacao-tecnologica\/nucleo-de-inovacao-tecnologica-nit-ipa\/extratos\/\">Extratos<\/a><\/li>\n<li><a href=\"https:\/\/www.infraestruturameioambiente.sp.gov.br\/ipa\/departamento-de-tecnologia-e-inovacao\/centro-de-inovacao-tecnologica\/nucleo-de-inovacao-tecnologica-nit-ipa\/legislacao-nit\/\">Legisla\u00e7\u00e3o NIT<\/a><\/li>\n<li>Portf\u00f3lio de Tecnologias e Servi\u00e7os<\/li>\n<li><a href=\"https:\/\/www.infraestruturameioambiente.sp.gov.br\/ipa\/category\/oportunidades-nit\/\">Oportunidades<\/a><\/li>\n<li><a href=\"https:\/\/www.infraestruturameioambiente.sp.gov.br\/ipa\/departamento-de-tecnologia-e-inovacao\/centro-de-inovacao-tecnologica\/nucleo-de-inovacao-tecnologica-nit-ipa\/ordem-de-servico-nit\/\">Ordem de Servi\u00e7o<\/a><\/li>\n<li><a href=\"https:\/\/www.infraestruturameioambiente.sp.gov.br\/ipa\/category\/noticias\/noticias-nit\/\">Not\u00edcias NIT<\/a><\/li>\n<li><a href=\"https:\/\/www.infraestruturameioambiente.sp.gov.br\/ipa\/departamento-de-tecnologia-e-inovacao\/centro-de-inovacao-tecnologica\/nucleo-de-inovacao-tecnologica-nit-ipa\/fundacoes-de-apoio-nit\/\">Funda\u00e7\u00f5es de Apoio<\/a><\/li>\n<li><a href=\"https:\/\/www.infraestruturameioambiente.sp.gov.br\/ipa\/departamento-de-tecnologia-e-inovacao\/centro-de-inovacao-tecnologica\/nucleo-de-inovacao-tecnologica-nit-ipa\/cronograma-de-reunioes-do-nit\/\">Cronograma de reuni\u00f5es do NIT<\/a><\/li>\n<li>Participa\u00e7\u00e3o do NIT em eventos<\/li>\n<li><a href=\"https:\/\/www.infraestruturameioambiente.sp.gov.br\/ipa\/departamento-de-tecnologia-e-inovacao\/centro-de-inovacao-tecnologica\/nucleo-de-inovacao-tecnologica-nit-ipa\/relatorios-de-atividades-nit\/\">Relat\u00f3rio de Atividades NIT<\/a><\/li>\n<li><a href=\"https:\/\/www.infraestruturameioambiente.sp.gov.br\/ipa\/departamento-de-tecnologia-e-inovacao\/centro-de-inovacao-tecnologica\/nucleo-de-inovacao-tecnologica-nit-ipa\/fale-com-o-nit-ipa\/\">Fale com o NIT-IPA<\/a><\/li>\n<\/ul>\n<p>[\/vc_column_text][\/vc_column][\/vc_row]<\/p>\n","protected":false},"excerpt":{"rendered":"<p>[vc_row][vc_column width=&#8221;2\/3&#8243;][vc_column_text]O Departamento de Inova\u00e7\u00e3o Tecnol\u00f3gica do IPA &#8211; Instituto de Pesquisas Ambientais (NIT\/IPA) tem como principal fun\u00e7\u00e3o promover o desenvolvimento cient\u00edfico, tecnol\u00f3gico e a inova\u00e7\u00e3o por meio de projetos [&hellip;]<\/p>\n","protected":false},"author":184,"featured_media":0,"parent":0,"menu_order":0,"comment_status":"closed","ping_status":"closed","template":"","meta":[],"_links":{"self":[{"href":"https:\/\/www.infraestruturameioambiente.sp.gov.br\/ipa\/wp-json\/wp\/v2\/pages\/591"}],"collection":[{"href":"https:\/\/www.infraestruturameioambiente.sp.gov.br\/ipa\/wp-json\/wp\/v2\/pages"}],"about":[{"href":"https:\/\/www.infraestruturameioambiente.sp.gov.br\/ipa\/wp-json\/wp\/v2\/types\/page"}],"author":[{"embeddable":true,"href":"https:\/\/www.infraestruturameioambiente.sp.gov.br\/ipa\/wp-json\/wp\/v2\/users\/184"}],"replies":[{"embeddable":true,"href":"https:\/\/www.infraestruturameioambiente.sp.gov.br\/ipa\/wp-json\/wp\/v2\/comments?post=591"}],"version-history":[{"count":16,"href":"https:\/\/www.infraestruturameioambiente.sp.gov.br\/ipa\/wp-json\/wp\/v2\/pages\/591\/revisions"}],"predecessor-version":[{"id":8979,"href":"https:\/\/www.infraestruturameioambiente.sp.gov.br\/ipa\/wp-json\/wp\/v2\/pages\/591\/revisions\/8979"}],"wp:attachment":[{"href":"https:\/\/www.infraestruturameioambiente.sp.gov.br\/ipa\/wp-json\/wp\/v2\/media?parent=591"}],"curies":[{"name":"wp","href":"https:\/\/api.w.org\/{rel}","templated":true}]}}