{"id":57,"date":"2021-09-14T13:53:01","date_gmt":"2021-09-14T16:53:01","guid":{"rendered":"https:\/\/portal-sima-homologacao.azurewebsites.net\/ipa\/?page_id=57"},"modified":"2025-11-06T08:45:34","modified_gmt":"2025-11-06T11:45:34","slug":"historia","status":"publish","type":"page","link":"https:\/\/www.infraestruturameioambiente.sp.gov.br\/ipa\/historia\/","title":{"rendered":"Hist\u00f3ria"},"content":{"rendered":"<p>[vc_row][vc_column width=&#8221;2\/3&#8243;][vc_column_text]<img decoding=\"async\" loading=\"lazy\" class=\"alignleft size-wcfixedheight wp-image-1014\" src=\"https:\/\/smastr16.blob.core.windows.net\/2001\/sites\/261\/2022\/03\/foto-ipa-site-1358x500.jpg\" alt=\"\" width=\"1358\" height=\"500\" srcset=\"https:\/\/www.infraestruturameioambiente.sp.gov.br\/ipa\/wp-content\/uploads\/sites\/261\/2022\/03\/foto-ipa-site-1358x500.jpg 1358w, https:\/\/www.infraestruturameioambiente.sp.gov.br\/ipa\/wp-content\/uploads\/sites\/261\/2022\/03\/foto-ipa-site-300x110.jpg 300w, https:\/\/www.infraestruturameioambiente.sp.gov.br\/ipa\/wp-content\/uploads\/sites\/261\/2022\/03\/foto-ipa-site-1024x377.jpg 1024w, https:\/\/www.infraestruturameioambiente.sp.gov.br\/ipa\/wp-content\/uploads\/sites\/261\/2022\/03\/foto-ipa-site-768x283.jpg 768w, https:\/\/www.infraestruturameioambiente.sp.gov.br\/ipa\/wp-content\/uploads\/sites\/261\/2022\/03\/foto-ipa-site-1536x566.jpg 1536w, https:\/\/www.infraestruturameioambiente.sp.gov.br\/ipa\/wp-content\/uploads\/sites\/261\/2022\/03\/foto-ipa-site-250x92.jpg 250w, https:\/\/www.infraestruturameioambiente.sp.gov.br\/ipa\/wp-content\/uploads\/sites\/261\/2022\/03\/foto-ipa-site-550x203.jpg 550w, https:\/\/www.infraestruturameioambiente.sp.gov.br\/ipa\/wp-content\/uploads\/sites\/261\/2022\/03\/foto-ipa-site-800x295.jpg 800w, https:\/\/www.infraestruturameioambiente.sp.gov.br\/ipa\/wp-content\/uploads\/sites\/261\/2022\/03\/foto-ipa-site-489x180.jpg 489w, https:\/\/www.infraestruturameioambiente.sp.gov.br\/ipa\/wp-content\/uploads\/sites\/261\/2022\/03\/foto-ipa-site-815x300.jpg 815w, https:\/\/www.infraestruturameioambiente.sp.gov.br\/ipa\/wp-content\/uploads\/sites\/261\/2022\/03\/foto-ipa-site.jpg 1765w\" sizes=\"(max-width: 1358px) 100vw, 1358px\" \/><\/p>\n<p>&nbsp;<\/p>\n<p>O <strong>IPA &#8211; Instituto de Pesquisas Ambientais<\/strong>, criado pelo <a href=\"https:\/\/www.al.sp.gov.br\/repositorio\/legislacao\/decreto\/2021\/decreto-65796-16.06.2021.html\">decreto estadual 65.796 de 16 de junho de 2021<\/a>, \u00e9 a jun\u00e7\u00e3o de tr\u00eas institui\u00e7\u00f5es seculares, Instituto de Bot\u00e2nica, Florestal e Geol\u00f3gico, que atuaram fortemente na \u00e1rea ambiental desde a d\u00e9cada de 1980. O <strong>IPA<\/strong> tem como objetivo reunir toda a experi\u00eancia acumulada por estes institutos, para atuar de forma interdisciplinar na \u00e1rea ambiental.<\/p>\n<p>Em seu breve per\u00edodo de exist\u00eancia, o\u00a0<strong>IPA<\/strong>\u00a0j\u00e1 conta com toda a estrutura necess\u00e1ria a seu pleno funcionamento, inclusive com a forma\u00e7\u00e3o completa de seu Conselho Cient\u00edfico, Conselho Editorial, de sua Comiss\u00e3o de \u00c9tica e Biosseguran\u00e7a e Comiss\u00e3o de Ensino e Extens\u00e3o, todos com respectivos regimentos estabelecidos.<\/p>\n<p><span style=\"font-size: 14pt\"><strong>O INICIO<\/strong><\/span><\/p>\n<p><img decoding=\"async\" loading=\"lazy\" class=\"alignleft size-wcfixedheight wp-image-1036\" src=\"https:\/\/smastr16.blob.core.windows.net\/2001\/sites\/261\/2022\/04\/comissao-geografica-para-site-ipa-1131x500.jpg\" alt=\"\" width=\"1131\" height=\"500\" srcset=\"https:\/\/www.infraestruturameioambiente.sp.gov.br\/ipa\/wp-content\/uploads\/sites\/261\/2022\/04\/comissao-geografica-para-site-ipa-1131x500.jpg 1131w, https:\/\/www.infraestruturameioambiente.sp.gov.br\/ipa\/wp-content\/uploads\/sites\/261\/2022\/04\/comissao-geografica-para-site-ipa-300x133.jpg 300w, https:\/\/www.infraestruturameioambiente.sp.gov.br\/ipa\/wp-content\/uploads\/sites\/261\/2022\/04\/comissao-geografica-para-site-ipa-1024x453.jpg 1024w, https:\/\/www.infraestruturameioambiente.sp.gov.br\/ipa\/wp-content\/uploads\/sites\/261\/2022\/04\/comissao-geografica-para-site-ipa-768x339.jpg 768w, https:\/\/www.infraestruturameioambiente.sp.gov.br\/ipa\/wp-content\/uploads\/sites\/261\/2022\/04\/comissao-geografica-para-site-ipa-1536x679.jpg 1536w, https:\/\/www.infraestruturameioambiente.sp.gov.br\/ipa\/wp-content\/uploads\/sites\/261\/2022\/04\/comissao-geografica-para-site-ipa-250x110.jpg 250w, https:\/\/www.infraestruturameioambiente.sp.gov.br\/ipa\/wp-content\/uploads\/sites\/261\/2022\/04\/comissao-geografica-para-site-ipa-550x243.jpg 550w, https:\/\/www.infraestruturameioambiente.sp.gov.br\/ipa\/wp-content\/uploads\/sites\/261\/2022\/04\/comissao-geografica-para-site-ipa-800x354.jpg 800w, https:\/\/www.infraestruturameioambiente.sp.gov.br\/ipa\/wp-content\/uploads\/sites\/261\/2022\/04\/comissao-geografica-para-site-ipa-407x180.jpg 407w, https:\/\/www.infraestruturameioambiente.sp.gov.br\/ipa\/wp-content\/uploads\/sites\/261\/2022\/04\/comissao-geografica-para-site-ipa-679x300.jpg 679w, https:\/\/www.infraestruturameioambiente.sp.gov.br\/ipa\/wp-content\/uploads\/sites\/261\/2022\/04\/comissao-geografica-para-site-ipa.jpg 1765w\" sizes=\"(max-width: 1131px) 100vw, 1131px\" \/><\/p>\n<p>&nbsp;<\/p>\n<p>Criada em 1886, a Comiss\u00e3o Geogr\u00e1fica e Geol\u00f3gica da Prov\u00edncia de S\u00e3o Paulo (CGG) representa o esfor\u00e7o mais antigo da pesquisa cient\u00edfica no estado de S\u00e3o Paulo.<\/p>\n<p>O objetivo desta comiss\u00e3o era planejar e executar estudos e pesquisas, para subsidiar a ocupa\u00e7\u00e3o do territ\u00f3rio paulista. Os trabalhos envolveram relatos; levantamentos cartogr\u00e1ficos; e estudos de geografia, geologia, climatologia, bot\u00e2nica, hidrografia e zoologia, tendo sido organizados e coordenados, em sua origem, pelo pesquisador e ge\u00f3logo americano Orville Derby, com a colabora\u00e7\u00e3o de eminentes cientistas da \u00e9poca, como Alberto L\u00f6efgren, Ant\u00f4nio A. Lallemant, Ant\u00f4nio Lacerda, Axel Frick, Eugenio Hussak, Francisco Paula de Oliveira, Jo\u00e3o Frederico Washington de Aguiar, Lu\u00eds Gonzaga de Campos, Ricardo Krone e Theodoro Sampaio.<\/p>\n<p><img decoding=\"async\" loading=\"lazy\" class=\"alignleft size-wcfixedheight wp-image-1037\" src=\"https:\/\/smastr16.blob.core.windows.net\/2001\/sites\/261\/2022\/04\/comissao-geografica-para-site-ipa-nomes-1131x500.jpg\" alt=\"\" width=\"1131\" height=\"500\" srcset=\"https:\/\/www.infraestruturameioambiente.sp.gov.br\/ipa\/wp-content\/uploads\/sites\/261\/2022\/04\/comissao-geografica-para-site-ipa-nomes-1131x500.jpg 1131w, https:\/\/www.infraestruturameioambiente.sp.gov.br\/ipa\/wp-content\/uploads\/sites\/261\/2022\/04\/comissao-geografica-para-site-ipa-nomes-300x133.jpg 300w, https:\/\/www.infraestruturameioambiente.sp.gov.br\/ipa\/wp-content\/uploads\/sites\/261\/2022\/04\/comissao-geografica-para-site-ipa-nomes-1024x453.jpg 1024w, https:\/\/www.infraestruturameioambiente.sp.gov.br\/ipa\/wp-content\/uploads\/sites\/261\/2022\/04\/comissao-geografica-para-site-ipa-nomes-768x339.jpg 768w, https:\/\/www.infraestruturameioambiente.sp.gov.br\/ipa\/wp-content\/uploads\/sites\/261\/2022\/04\/comissao-geografica-para-site-ipa-nomes-1536x679.jpg 1536w, https:\/\/www.infraestruturameioambiente.sp.gov.br\/ipa\/wp-content\/uploads\/sites\/261\/2022\/04\/comissao-geografica-para-site-ipa-nomes-250x110.jpg 250w, https:\/\/www.infraestruturameioambiente.sp.gov.br\/ipa\/wp-content\/uploads\/sites\/261\/2022\/04\/comissao-geografica-para-site-ipa-nomes-550x243.jpg 550w, https:\/\/www.infraestruturameioambiente.sp.gov.br\/ipa\/wp-content\/uploads\/sites\/261\/2022\/04\/comissao-geografica-para-site-ipa-nomes-800x354.jpg 800w, https:\/\/www.infraestruturameioambiente.sp.gov.br\/ipa\/wp-content\/uploads\/sites\/261\/2022\/04\/comissao-geografica-para-site-ipa-nomes-407x180.jpg 407w, https:\/\/www.infraestruturameioambiente.sp.gov.br\/ipa\/wp-content\/uploads\/sites\/261\/2022\/04\/comissao-geografica-para-site-ipa-nomes-679x300.jpg 679w, https:\/\/www.infraestruturameioambiente.sp.gov.br\/ipa\/wp-content\/uploads\/sites\/261\/2022\/04\/comissao-geografica-para-site-ipa-nomes.jpg 1765w\" sizes=\"(max-width: 1131px) 100vw, 1131px\" \/><\/p>\n<p>&nbsp;<\/p>\n<p>Esta comiss\u00e3o teve seu fim em meados de 1931, sendo substitu\u00edda pelo Departamento Geogr\u00e1fico e Geol\u00f3gico, posteriormente transformado no Instituto Geogr\u00e1fico e Geol\u00f3gico (IGG), que existiu de 1938 at\u00e9 1975, quando foi desmembrado. A CGG foi o embri\u00e3o ou a inspira\u00e7\u00e3o para v\u00e1rias institui\u00e7\u00f5es de pesquisa e ensino, entre elas os tr\u00eas institutos de pesquisa sobre meio ambiente do Estado de S\u00e3o Paulo.[\/vc_column_text][\/vc_column][vc_column width=&#8221;1\/3&#8243;][vc_column_text]<span style=\"font-size: 14pt\"><strong>Instituto de Pesquisas Ambientais<\/strong><\/span><\/p>\n<ul>\n<li><strong>Hist\u00f3ria<\/strong>\n<ul>\n<li><a href=\"https:\/\/www.infraestruturameioambiente.sp.gov.br\/ipa\/memorias\/\">Mem\u00f3rias dos Institutos<\/a><\/li>\n<\/ul>\n<\/li>\n<li><a href=\"https:\/\/www.infraestruturameioambiente.sp.gov.br\/ipa\/diretrizes\/\">Diretrizes<\/a><\/li>\n<li><a href=\"https:\/\/www.infraestruturameioambiente.sp.gov.br\/ipa\/missao\/\">Miss\u00e3o e Campo de Atua\u00e7\u00e3o<\/a><\/li>\n<li><a href=\"https:\/\/www.infraestruturameioambiente.sp.gov.br\/ipa\/organograma\/\">Organograma<\/a>\n<ul>\n<li><a href=\"https:\/\/www.al.sp.gov.br\/repositorio\/legislacao\/decreto\/2021\/decreto-65796-16.06.2021.html\">Decreto de Cria\u00e7\u00e3o<\/a><\/li>\n<li><a href=\"https:\/\/www.doe.sp.gov.br\/executivo\/secretaria-de-meio-ambiente-infraestrutura-e-logistica\/resolucao-semil-n-017-de-30-de-marco-de-2025-2025033111321220982667\">Decreto de Restrutura\u00e7\u00e3o<\/a><\/li>\n<\/ul>\n<\/li>\n<li><a href=\"https:\/\/www.infraestruturameioambiente.sp.gov.br\/ipa\/legislacao\/\">Legisla\u00e7\u00e3o<\/a><\/li>\n<li><a href=\"https:\/\/www.infraestruturameioambiente.sp.gov.br\/ipa\/orgaos-colegiados__trashed\/conselho-cientifico\/\">Conselho Cient\u00edfico<\/a><\/li>\n<li><a href=\"https:\/\/www.infraestruturameioambiente.sp.gov.br\/ipa\/orgaos-colegiados__trashed\/comissao-de-etica-e-biosseguranca\/\">Comiss\u00e3o de \u00c9tica e Biosseguran\u00e7a<\/a><\/li>\n<li><a href=\"https:\/\/www.infraestruturameioambiente.sp.gov.br\/ipa\/departamento-de-tecnologia-e-inovacao__trashed\/centro-de-inovacao-tecnologica__trashed\/nucleo-de-inovacao-tecnologica-nit-ipa\/\">Inova\u00e7\u00e3o Tecnol\u00f3gica<\/a><\/li>\n<li><a href=\"https:\/\/www.infraestruturameioambiente.sp.gov.br\/ipa\/relatorio\/\">Relat\u00f3rio de Atividades<\/a><\/li>\n<li><a href=\"https:\/\/www.infraestruturameioambiente.sp.gov.br\/ipa\/folder\/\">Folder<\/a><\/li>\n<\/ul>\n<p>[\/vc_column_text][\/vc_column][\/vc_row]<\/p>\n","protected":false},"excerpt":{"rendered":"<p>[vc_row][vc_column width=&#8221;2\/3&#8243;][vc_column_text] &nbsp; O IPA &#8211; Instituto de Pesquisas Ambientais, criado pelo decreto estadual 65.796 de 16 de junho de 2021, \u00e9 a jun\u00e7\u00e3o de tr\u00eas institui\u00e7\u00f5es seculares, Instituto de [&hellip;]<\/p>\n","protected":false},"author":184,"featured_media":0,"parent":0,"menu_order":0,"comment_status":"closed","ping_status":"closed","template":"","meta":[],"_links":{"self":[{"href":"https:\/\/www.infraestruturameioambiente.sp.gov.br\/ipa\/wp-json\/wp\/v2\/pages\/57"}],"collection":[{"href":"https:\/\/www.infraestruturameioambiente.sp.gov.br\/ipa\/wp-json\/wp\/v2\/pages"}],"about":[{"href":"https:\/\/www.infraestruturameioambiente.sp.gov.br\/ipa\/wp-json\/wp\/v2\/types\/page"}],"author":[{"embeddable":true,"href":"https:\/\/www.infraestruturameioambiente.sp.gov.br\/ipa\/wp-json\/wp\/v2\/users\/184"}],"replies":[{"embeddable":true,"href":"https:\/\/www.infraestruturameioambiente.sp.gov.br\/ipa\/wp-json\/wp\/v2\/comments?post=57"}],"version-history":[{"count":5,"href":"https:\/\/www.infraestruturameioambiente.sp.gov.br\/ipa\/wp-json\/wp\/v2\/pages\/57\/revisions"}],"predecessor-version":[{"id":8968,"href":"https:\/\/www.infraestruturameioambiente.sp.gov.br\/ipa\/wp-json\/wp\/v2\/pages\/57\/revisions\/8968"}],"wp:attachment":[{"href":"https:\/\/www.infraestruturameioambiente.sp.gov.br\/ipa\/wp-json\/wp\/v2\/media?parent=57"}],"curies":[{"name":"wp","href":"https:\/\/api.w.org\/{rel}","templated":true}]}}