{"id":5523,"date":"2024-01-02T10:26:19","date_gmt":"2024-01-02T13:26:19","guid":{"rendered":"https:\/\/www.infraestruturameioambiente.sp.gov.br\/ipa\/?page_id=5523"},"modified":"2026-01-20T13:38:14","modified_gmt":"2026-01-20T16:38:14","slug":"relatorios-de-atividades-nit","status":"publish","type":"page","link":"https:\/\/www.infraestruturameioambiente.sp.gov.br\/ipa\/nucleo-de-inovacao-tecnologica-nit-ipa\/relatorios-de-atividades-nit\/","title":{"rendered":"Relat\u00f3rios de Atividades NIT"},"content":{"rendered":"<p>[vc_row][vc_column width=&#8221;2\/3&#8243;][vc_column_text]Relat\u00f3rio Anual de Atividades do Departamento de Tecnologia e Inova\u00e7\u00e3o \u2013 DTI, do Instituto de Pesquisas Ambientais (IPA\/SEMIL).<\/p>\n<p>Os relat\u00f3rios tem por objetivo ilustrar as atividades mais relevantes desenvolvidas pelo Departamento que englobam uma gama de parcerias e projetos.<\/p>\n<p>Nesse ambiente construtivo, o Departamento avan\u00e7a no estabelecimento de diversas parcerias e no alinhamento de projetos com a sustentabilidade o que potencializa o engajamento no tema Inova\u00e7\u00e3o, resultando em novos processos e produtos tecnol\u00f3gicos que beneficiam todos os setores da sociedade.<\/p>\n<p>A garantia por resultados de impacto positivo \u00e9 nosso foco e para tal, convidamos mais t\u00e9cnicos, pesquisadores cient\u00edficos e empresas parceiras a se juntar a n\u00f3s, nessa jornada transformadora!<\/p>\n<p>Acesse os relat\u00f3rios abaixo:[\/vc_column_text][\/vc_column][vc_column width=&#8221;1\/3&#8243;][vc_column_text]<\/p>\n<h4>NIT IPA<\/h4>\n<ul>\n<li><a href=\"https:\/\/www.infraestruturameioambiente.sp.gov.br\/ipa\/departamento-de-tecnologia-e-inovacao\/centro-de-inovacao-tecnologica\/nucleo-de-inovacao-tecnologica-nit-ipa\/sobre-o-nit\/\">Sobre o NIT<\/a><\/li>\n<li><a href=\"https:\/\/www.infraestruturameioambiente.sp.gov.br\/ipa\/departamento-de-tecnologia-e-inovacao\/centro-de-inovacao-tecnologica\/nucleo-de-inovacao-tecnologica-nit-ipa\/extratos\/\">Extratos<\/a><\/li>\n<li><a href=\"https:\/\/www.infraestruturameioambiente.sp.gov.br\/ipa\/departamento-de-tecnologia-e-inovacao\/centro-de-inovacao-tecnologica\/nucleo-de-inovacao-tecnologica-nit-ipa\/legislacao-nit\/\">Legisla\u00e7\u00e3o NIT<\/a><\/li>\n<li>Portf\u00f3lio de Tecnologias e Servi\u00e7os<\/li>\n<li><a href=\"https:\/\/www.infraestruturameioambiente.sp.gov.br\/ipa\/category\/oportunidades-nit\/\">Oportunidades<\/a><\/li>\n<li><a href=\"https:\/\/www.infraestruturameioambiente.sp.gov.br\/ipa\/departamento-de-tecnologia-e-inovacao\/centro-de-inovacao-tecnologica\/nucleo-de-inovacao-tecnologica-nit-ipa\/ordem-de-servico-nit\/\">Ordem de Servi\u00e7o<\/a><\/li>\n<li><a href=\"https:\/\/www.infraestruturameioambiente.sp.gov.br\/ipa\/category\/noticias\/noticias-nit\/\">Not\u00edcias NIT<\/a><\/li>\n<li><a href=\"https:\/\/www.infraestruturameioambiente.sp.gov.br\/ipa\/departamento-de-tecnologia-e-inovacao\/centro-de-inovacao-tecnologica\/nucleo-de-inovacao-tecnologica-nit-ipa\/fundacoes-de-apoio-nit\/\">Funda\u00e7\u00f5es de Apoio<\/a><\/li>\n<li><a href=\"https:\/\/www.infraestruturameioambiente.sp.gov.br\/ipa\/departamento-de-tecnologia-e-inovacao\/centro-de-inovacao-tecnologica\/nucleo-de-inovacao-tecnologica-nit-ipa\/cronograma-de-reunioes-do-nit\/\">Cronograma de reuni\u00f5es do NIT<\/a><\/li>\n<li>Participa\u00e7\u00e3o do NIT em eventos<\/li>\n<li><a href=\"https:\/\/www.infraestruturameioambiente.sp.gov.br\/ipa\/departamento-de-tecnologia-e-inovacao\/centro-de-inovacao-tecnologica\/nucleo-de-inovacao-tecnologica-nit-ipa\/relatorios-de-atividades-nit\/\">Relat\u00f3rio de Atividades NIT<\/a><\/li>\n<li><a href=\"https:\/\/www.infraestruturameioambiente.sp.gov.br\/ipa\/departamento-de-tecnologia-e-inovacao\/centro-de-inovacao-tecnologica\/nucleo-de-inovacao-tecnologica-nit-ipa\/fale-com-o-nit-ipa\/\">Fale com o NIT-IPA<\/a><\/li>\n<\/ul>\n<p>[\/vc_column_text][\/vc_column][\/vc_row][vc_row][vc_column width=&#8221;1\/4&#8243;][vc_column_text]<\/p>\n<hr \/>\n<p style=\"text-align: center\"><strong>2021-2022<\/strong><\/p>\n<hr \/>\n<p>[\/vc_column_text][vc_column_text]<a href=\"https:\/\/smastr16.blob.core.windows.net\/2001\/sites\/261\/2023\/06\/relatorio-de-atividades-dti-2021-22-rev1.pdf\"><img decoding=\"async\" loading=\"lazy\" class=\"alignnone size-medium wp-image-5524 aligncenter\" src=\"https:\/\/smastr16.blob.core.windows.net\/2001\/sites\/261\/2024\/01\/ranit_2021-2022-212x300.jpg\" alt=\"\" width=\"212\" height=\"300\" srcset=\"https:\/\/smastr16.blob.core.windows.net\/2001\/sites\/261\/2024\/01\/ranit_2021-2022-212x300.jpg 212w, https:\/\/smastr16.blob.core.windows.net\/2001\/sites\/261\/2024\/01\/ranit_2021-2022-723x1024.jpg 723w, https:\/\/smastr16.blob.core.windows.net\/2001\/sites\/261\/2024\/01\/ranit_2021-2022-768x1088.jpg 768w, https:\/\/smastr16.blob.core.windows.net\/2001\/sites\/261\/2024\/01\/ranit_2021-2022-250x354.jpg 250w, https:\/\/smastr16.blob.core.windows.net\/2001\/sites\/261\/2024\/01\/ranit_2021-2022-550x779.jpg 550w, https:\/\/smastr16.blob.core.windows.net\/2001\/sites\/261\/2024\/01\/ranit_2021-2022-800x1134.jpg 800w, https:\/\/smastr16.blob.core.windows.net\/2001\/sites\/261\/2024\/01\/ranit_2021-2022-127x180.jpg 127w, https:\/\/smastr16.blob.core.windows.net\/2001\/sites\/261\/2024\/01\/ranit_2021-2022-353x500.jpg 353w, https:\/\/smastr16.blob.core.windows.net\/2001\/sites\/261\/2024\/01\/ranit_2021-2022.jpg 1000w\" sizes=\"(max-width: 212px) 100vw, 212px\" \/><\/a><\/p>\n<p style=\"text-align: center\"><a href=\"https:\/\/smastr16.blob.core.windows.net\/2001\/sites\/261\/2023\/06\/relatorio-de-atividades-dti-2021-22-rev1.pdf\">Visualizar<\/a><\/p>\n<p>[\/vc_column_text][\/vc_column][vc_column width=&#8221;1\/4&#8243;][vc_column_text]<\/p>\n<hr \/>\n<p style=\"text-align: center\"><strong>2023<\/strong><\/p>\n<hr \/>\n<p>[\/vc_column_text][vc_column_text]<a href=\"https:\/\/smastr16.blob.core.windows.net\/2001\/sites\/261\/2024\/01\/relatorio-de-atividades-dti-2023.pdf\"><img decoding=\"async\" loading=\"lazy\" class=\"alignnone size-medium wp-image-5525 aligncenter\" src=\"https:\/\/smastr16.blob.core.windows.net\/2001\/sites\/261\/2024\/01\/ranit_2023-212x300.jpg\" alt=\"\" width=\"212\" height=\"300\" srcset=\"https:\/\/smastr16.blob.core.windows.net\/2001\/sites\/261\/2024\/01\/ranit_2023-212x300.jpg 212w, https:\/\/smastr16.blob.core.windows.net\/2001\/sites\/261\/2024\/01\/ranit_2023-723x1024.jpg 723w, https:\/\/smastr16.blob.core.windows.net\/2001\/sites\/261\/2024\/01\/ranit_2023-768x1088.jpg 768w, https:\/\/smastr16.blob.core.windows.net\/2001\/sites\/261\/2024\/01\/ranit_2023-250x354.jpg 250w, https:\/\/smastr16.blob.core.windows.net\/2001\/sites\/261\/2024\/01\/ranit_2023-550x779.jpg 550w, https:\/\/smastr16.blob.core.windows.net\/2001\/sites\/261\/2024\/01\/ranit_2023-800x1134.jpg 800w, https:\/\/smastr16.blob.core.windows.net\/2001\/sites\/261\/2024\/01\/ranit_2023-127x180.jpg 127w, https:\/\/smastr16.blob.core.windows.net\/2001\/sites\/261\/2024\/01\/ranit_2023-353x500.jpg 353w, https:\/\/smastr16.blob.core.windows.net\/2001\/sites\/261\/2024\/01\/ranit_2023.jpg 1000w\" sizes=\"(max-width: 212px) 100vw, 212px\" \/><\/a><\/p>\n<p style=\"text-align: center\"><a href=\"https:\/\/smastr16.blob.core.windows.net\/2001\/sites\/261\/2024\/01\/relatorio-de-atividades-dti-2023.pdf\">Visualizar<\/a><\/p>\n<p>[\/vc_column_text][\/vc_column][vc_column width=&#8221;1\/4&#8243;][\/vc_column][vc_column width=&#8221;1\/4&#8243;][\/vc_column][\/vc_row][vc_row][vc_column width=&#8221;1\/4&#8243;][vc_column_text]<\/p>\n<hr \/>\n<p style=\"text-align: center\"><strong>2024<\/strong><\/p>\n<hr \/>\n<p>[\/vc_column_text][vc_column_text]<a href=\"https:\/\/smastr16.blob.core.windows.net\/2001\/sites\/261\/2025\/01\/relatorio_anual_de_atividades_nit_2024_rev.pdf\" target=\"_blank\" rel=\"noopener\"><img decoding=\"async\" loading=\"lazy\" class=\"alignnone wp-image-7665 size-medium aligncenter\" src=\"https:\/\/smastr16.blob.core.windows.net\/2001\/sites\/261\/2025\/01\/relatorio_anual_de_atividades_nit_2024-212x300.jpg\" alt=\"\" width=\"212\" height=\"300\" srcset=\"https:\/\/smastr16.blob.core.windows.net\/2001\/sites\/261\/2025\/01\/relatorio_anual_de_atividades_nit_2024-212x300.jpg 212w, https:\/\/smastr16.blob.core.windows.net\/2001\/sites\/261\/2025\/01\/relatorio_anual_de_atividades_nit_2024-724x1024.jpg 724w, https:\/\/smastr16.blob.core.windows.net\/2001\/sites\/261\/2025\/01\/relatorio_anual_de_atividades_nit_2024-768x1086.jpg 768w, https:\/\/smastr16.blob.core.windows.net\/2001\/sites\/261\/2025\/01\/relatorio_anual_de_atividades_nit_2024-250x354.jpg 250w, https:\/\/smastr16.blob.core.windows.net\/2001\/sites\/261\/2025\/01\/relatorio_anual_de_atividades_nit_2024-550x778.jpg 550w, https:\/\/smastr16.blob.core.windows.net\/2001\/sites\/261\/2025\/01\/relatorio_anual_de_atividades_nit_2024-800x1131.jpg 800w, https:\/\/smastr16.blob.core.windows.net\/2001\/sites\/261\/2025\/01\/relatorio_anual_de_atividades_nit_2024-127x180.jpg 127w, https:\/\/smastr16.blob.core.windows.net\/2001\/sites\/261\/2025\/01\/relatorio_anual_de_atividades_nit_2024-354x500.jpg 354w, https:\/\/smastr16.blob.core.windows.net\/2001\/sites\/261\/2025\/01\/relatorio_anual_de_atividades_nit_2024.jpg 1000w\" sizes=\"(max-width: 212px) 100vw, 212px\" \/><\/a><\/p>\n<p style=\"text-align: center\"><a href=\"https:\/\/smastr16.blob.core.windows.net\/2001\/sites\/261\/2025\/01\/relatorio_anual_de_atividades_nit_2024_rev.pdf\">Visualizar<\/a><\/p>\n<p>[\/vc_column_text][\/vc_column][vc_column width=&#8221;1\/4&#8243;][vc_column_text]<\/p>\n<hr \/>\n<p style=\"text-align: center\"><strong>2025<\/strong><\/p>\n<hr \/>\n<p>[\/vc_column_text][vc_column_text]<a href=\"https:\/\/smastr16.blob.core.windows.net\/2001\/sites\/261\/2026\/01\/relatorio-anual-atividades-nit-ipa-2025.pdf\" target=\"_blank\" rel=\"noopener\"><img decoding=\"async\" loading=\"lazy\" class=\"alignnone wp-image-9184 size-medium aligncenter\" src=\"https:\/\/smastr16.blob.core.windows.net\/2001\/sites\/261\/2026\/01\/relatorio-anual-atividades-dit-2025-212x300.jpg\" alt=\"\" width=\"212\" height=\"300\" srcset=\"https:\/\/smastr16.blob.core.windows.net\/2001\/sites\/261\/2026\/01\/relatorio-anual-atividades-dit-2025-212x300.jpg 212w, https:\/\/smastr16.blob.core.windows.net\/2001\/sites\/261\/2026\/01\/relatorio-anual-atividades-dit-2025-724x1024.jpg 724w, https:\/\/smastr16.blob.core.windows.net\/2001\/sites\/261\/2026\/01\/relatorio-anual-atividades-dit-2025-768x1086.jpg 768w, https:\/\/smastr16.blob.core.windows.net\/2001\/sites\/261\/2026\/01\/relatorio-anual-atividades-dit-2025-250x354.jpg 250w, https:\/\/smastr16.blob.core.windows.net\/2001\/sites\/261\/2026\/01\/relatorio-anual-atividades-dit-2025-550x778.jpg 550w, https:\/\/smastr16.blob.core.windows.net\/2001\/sites\/261\/2026\/01\/relatorio-anual-atividades-dit-2025-800x1131.jpg 800w, https:\/\/smastr16.blob.core.windows.net\/2001\/sites\/261\/2026\/01\/relatorio-anual-atividades-dit-2025-127x180.jpg 127w, https:\/\/smastr16.blob.core.windows.net\/2001\/sites\/261\/2026\/01\/relatorio-anual-atividades-dit-2025-354x500.jpg 354w, https:\/\/smastr16.blob.core.windows.net\/2001\/sites\/261\/2026\/01\/relatorio-anual-atividades-dit-2025.jpg 1000w\" sizes=\"(max-width: 212px) 100vw, 212px\" \/><\/a><\/p>\n<p style=\"text-align: center\"><a href=\"https:\/\/smastr16.blob.core.windows.net\/2001\/sites\/261\/2026\/01\/relatorio-anual-atividades-nit-ipa-2025.pdf\">Visualizar<\/a><\/p>\n<p>[\/vc_column_text][\/vc_column][vc_column width=&#8221;1\/4&#8243;][\/vc_column][vc_column width=&#8221;1\/4&#8243;][\/vc_column][\/vc_row]<\/p>\n","protected":false},"excerpt":{"rendered":"<p>[vc_row][vc_column width=&#8221;2\/3&#8243;][vc_column_text]Relat\u00f3rio Anual de Atividades do Departamento de Tecnologia e Inova\u00e7\u00e3o \u2013 DTI, do Instituto de Pesquisas Ambientais (IPA\/SEMIL). Os relat\u00f3rios tem por objetivo ilustrar as atividades mais relevantes desenvolvidas [&hellip;]<\/p>\n","protected":false},"author":196,"featured_media":0,"parent":591,"menu_order":0,"comment_status":"closed","ping_status":"closed","template":"","meta":[],"_links":{"self":[{"href":"https:\/\/www.infraestruturameioambiente.sp.gov.br\/ipa\/wp-json\/wp\/v2\/pages\/5523"}],"collection":[{"href":"https:\/\/www.infraestruturameioambiente.sp.gov.br\/ipa\/wp-json\/wp\/v2\/pages"}],"about":[{"href":"https:\/\/www.infraestruturameioambiente.sp.gov.br\/ipa\/wp-json\/wp\/v2\/types\/page"}],"author":[{"embeddable":true,"href":"https:\/\/www.infraestruturameioambiente.sp.gov.br\/ipa\/wp-json\/wp\/v2\/users\/196"}],"replies":[{"embeddable":true,"href":"https:\/\/www.infraestruturameioambiente.sp.gov.br\/ipa\/wp-json\/wp\/v2\/comments?post=5523"}],"version-history":[{"count":19,"href":"https:\/\/www.infraestruturameioambiente.sp.gov.br\/ipa\/wp-json\/wp\/v2\/pages\/5523\/revisions"}],"predecessor-version":[{"id":9231,"href":"https:\/\/www.infraestruturameioambiente.sp.gov.br\/ipa\/wp-json\/wp\/v2\/pages\/5523\/revisions\/9231"}],"up":[{"embeddable":true,"href":"https:\/\/www.infraestruturameioambiente.sp.gov.br\/ipa\/wp-json\/wp\/v2\/pages\/591"}],"wp:attachment":[{"href":"https:\/\/www.infraestruturameioambiente.sp.gov.br\/ipa\/wp-json\/wp\/v2\/media?parent=5523"}],"curies":[{"name":"wp","href":"https:\/\/api.w.org\/{rel}","templated":true}]}}