{"id":53,"date":"2021-09-14T13:29:54","date_gmt":"2021-09-14T16:29:54","guid":{"rendered":"https:\/\/portal-sima-homologacao.azurewebsites.net\/ipa\/?page_id=53"},"modified":"2025-11-05T09:09:26","modified_gmt":"2025-11-05T12:09:26","slug":"acervos","status":"publish","type":"page","link":"https:\/\/www.infraestruturameioambiente.sp.gov.br\/ipa\/acervos\/","title":{"rendered":"Acervos"},"content":{"rendered":"<p>[vc_row][vc_column width=&#8221;2\/3&#8243;][vc_column_text]Com a cria\u00e7\u00e3o do<strong> IPA &#8211; Instituto de Pesquisas Ambientais<\/strong> e a fus\u00e3o dos tr\u00eas <a href=\"https:\/\/www.infraestruturameioambiente.sp.gov.br\/ipa\/historia\/\">institutos<\/a>, os acervos, antes isolados, passaram a figurar como um grande e rico acervo cient\u00edfico e hist\u00f3rico, englobando v\u00e1rias tipologias, descritas abaixo. A gest\u00e3o destes acervos \u00e9 feita pelo <a href=\"https:\/\/www.infraestruturameioambiente.sp.gov.br\/ipa\/departamento-de-gestao-do-conhecimento\/centro-de-gestao-de-acervos\/nucleo-de-bibliotecas-e-mapotecas\/\">Servi\u00e7o de Bibliotecas, Mapotecas, Museus, Acervos Arquiv\u00edsticos e Iconogr\u00e1ficos<\/a>.<\/p>\n<p><strong>BIBLIOTECAS E MAPOTECAS<\/strong><\/p>\n<p><strong>ACERVO BIBLIOGR\u00c1FICO<\/strong><strong><br \/>\n<\/strong>O acervo das bibliotecas do IPA \u00e9 enorme, distribu\u00eddos em tr\u00eas unidades:<\/p>\n<ul>\n<li><strong>Unidade IPA-Jardim Bot\u00e2nico:<\/strong> s\u00e3o 80.000 volumes, com tem\u00e1tica na \u00e1rea de bot\u00e2nica, biodiversidade vegetal e meio ambiente.<\/li>\n<li><strong>Unidade IPA-Vila Mariana<\/strong>: s\u00e3o 145.169 volumes, sendo este acervo especializado em geoci\u00eancias.<\/li>\n<li><strong>Unidade IPA-Horto Florestal:<\/strong> com tem\u00e1tica nas \u00e1reas de bot\u00e2nica, silvicultura e ci\u00eancias correlatas, conta com 10.721 volumes de livros; 1.396 t\u00edtulos de peri\u00f3dicos e com aproximadamente 40.000 fasc\u00edculos.<\/li>\n<\/ul>\n<p>&gt;&gt;&gt; Saiba mais na Aba <a href=\"https:\/\/www.infraestruturameioambiente.sp.gov.br\/ipa\/bibliotecas\/\">Bibliotecas e Mapotecas<\/a>.<\/p>\n<p><strong>ACERVO MAPOTECA (PRODUTOS CARTOGR\u00c1FICOS)<\/strong><\/p>\n<p>A Mapoteca Geol\u00f3gica da unidade <strong>IPA-Vila Mariana<\/strong> \u00e9 composta por um acervo de aproximadamente 15.000 mapas. Possui cartas topogr\u00e1ficas de diversas escalas e mapas geol\u00f3gicos nacionais e internacionais. Uma parte deste acervo \u00e9 gerenciada pelo N\u00facleo de Bibliotecas e Mapotecas, por se tratar de dados georreferenciados, utilizados nas pesquisas da \u00e1rea geol\u00f3gica. Outra parte \u00e9 gerenciada pelo N\u00facleo de Museus, Acervos Arquiv\u00edsticos e Iconogr\u00e1ficos, por se tratar de acervo cartogr\u00e1fico mais antigo, com caracter\u00edsticas hist\u00f3ricas.<br \/>\nAs \u00e1reas de mapotecas das outras duas unidades do IPA est\u00e3o em prepara\u00e7\u00e3o. No<strong> IPA-Jardim Bot\u00e2nico,<\/strong> h\u00e1 uma grande quantidade de acervo cartogr\u00e1fico sendo organizado e catalogado, h\u00e1 tamb\u00e9m uma quantidade significativa de plantas do paisagista Burle Marx, realizadas para a revitaliza\u00e7\u00e3o do Jardim Bot\u00e2nico de S\u00e3o Paulo, durante a d\u00e9cada de 60.<br \/>\nNa biblioteca do <strong>IPA-Horto Florestal<\/strong>, quando a reforma do pr\u00e9dio estiver conclu\u00edda, tamb\u00e9m ser\u00e1 preparado o espa\u00e7o para abrigar as mapotecas e o grande acervo cartogr\u00e1fico do antigo instituto.<\/p>\n<p><strong>MUSEUS, ACERVOS ARQUIVISTICOS E ICONOGR\u00c1FICOS<\/strong><\/p>\n<p><strong>ACERVO DE MUSEUS<\/strong><\/p>\n<p>Os acervos dos museus do <strong>IPA &#8211; Instituto de Pesquisas Ambientais<\/strong> tem uma grande variedade de pe\u00e7as, como m\u00f3veis, entalhes, equipamentos, ferramentas antigas, quadros e desenhos.<\/p>\n<p>O Museu Bot\u00e2nico Jo\u00e3o Barbosa Rodrigues, localizado na Unidade <strong>IPA-Jardim Bot\u00e2nico<\/strong>, e o Museu Florestal Oct\u00e1vio Vecchi, localizado na Unidade <strong>IPA-Horto Florestal<\/strong>, tiveram suas gest\u00f5es concedidas, juntamente com os parques nos quais est\u00e3o alocados, mas a gest\u00e3o dos acervos ainda \u00e9 feita pelo IPA.<br \/>\nJ\u00e1 o Museu Geol\u00f3gico Valdemar Lef\u00e8vre, anteriormente localizado no Parque da \u00c1gua Branca atualmente, foi transferido para a Unidade <strong>IPA-Vila Mariana<\/strong>, por conta da concess\u00e3o do local, sendo o foco de acervo das cole\u00e7\u00f5es paleontol\u00f3gicas e geol\u00f3gicas instalado neste local.<br \/>\nEst\u00e3o sendo desenvolvidos e contratados trabalhos de invent\u00e1rio e banco de dados para disponibilizar o acervo digitalmente.<\/p>\n<p>&gt;&gt;&gt; Veja mais na Aba dos\u00a0<a href=\"https:\/\/www.infraestruturameioambiente.sp.gov.br\/ipa\/museus\/\">Museus<\/a>.<\/p>\n<p><strong>ACERVO ICONOGR\u00c1FICO<\/strong><\/p>\n<p>S\u00e3o compostos por negativos de vidro, negativos em acetato, fotografias em papel, ilustra\u00e7\u00f5es cient\u00edficas, aquarelas bot\u00e2nicas, desenhos a nanquim, desenhos a grafite, quadros e clich\u00eas.<\/p>\n<ul>\n<li><strong>IPA-Jardim Bot\u00e2nico<\/strong>: possui um grande e importante acervo de negativos de vidro, fotografias, ilustra\u00e7\u00f5es bot\u00e2nicas de importantes artistas\/funcion\u00e1rios do antigo instituto, com destaque para as aquarelas bot\u00e2nicas feitas pela artista Margaret Mee.<\/li>\n<li><strong>IPA-Vila Mariana<\/strong>: possui importante acervo de fotografias, dispostas em \u00e1lbuns.<\/li>\n<li><strong>IPA-Horto Florestal: <\/strong>possui um grande acervo de negativos de vidro, ilustra\u00e7\u00f5es, desenhos e um grande acervo audiovisual em VHS.<\/li>\n<\/ul>\n<p><strong>ACERVO ARQUIV\u00cdSTICO (HIST\u00d3RICO)<\/strong><\/p>\n<p>Os acervos arquiv\u00edsticos-hist\u00f3ricos das tr\u00eas institui\u00e7\u00f5es originais tamb\u00e9m ser\u00e3o resgatados e catalogados. Este trabalho tem como objetivo identificar, organizar, descrever, preservar e divulgar o acesso \u00e0s informa\u00e7\u00f5es de importantes documentos, relativas a estudos geocient\u00edficos, a pesquisas nas \u00e1reas da bot\u00e2nica, biodiversidade, restaura\u00e7\u00e3o ecol\u00f3gica, produ\u00e7\u00e3o vegetal, melhoramento gen\u00e9tico florestal, reflorestamento e prote\u00e7\u00e3o de \u00e1reas abrigam ecossistemas primitivos.<\/p>\n<p>Os acervos arquiv\u00edsticos do <strong>IPA-Vila Mariana<\/strong> abrangem o per\u00edodo entre 1886 e 1975. Seu objetivo maior \u00e9 permitir o f\u00e1cil acesso \u00e0s informa\u00e7\u00f5es contidas na documenta\u00e7\u00e3o, para pleno uso dos cidad\u00e3os e dos pesquisadores. Os documentos foram divididos em fundos, que representam as altera\u00e7\u00f5es estruturais pelas quais passou ao longo do tempo, desde quando era a Comiss\u00e3o Geogr\u00e1fica e Geol\u00f3gicas (CGG), at\u00e9 se tornar o atual Instituto de Pesquisas Ambientais (IPA). Os fundos existentes s\u00e3o: Fundo Comiss\u00e3o Geogr\u00e1fica e Geol\u00f3gica \u2013 FCGG (1886-1931), Fundo Instituto Astron\u00f4mico e Geogr\u00e1fico \u2013 FIAG (1931-1935), Fundo Departamento Geogr\u00e1fico e Geol\u00f3gico \u2013 FDGG (1935-1938), Fundo Instituto Geogr\u00e1fico e Geol\u00f3gico (1938-1975) e Fundo do Instituto Geol\u00f3gico \u2013 FIG (1976-2021). Os principais documentos s\u00e3o referentes ao final do s\u00e9culo XIX e in\u00edcio do XX do FCGG, englobando os g\u00eaneros cartogr\u00e1fico, bibliogr\u00e1fico, administrativo e fotogr\u00e1fico, al\u00e9m de equipamentos de trabalho.<\/p>\n<p>Os acervos arquiv\u00edsticos das unidades <strong>IPA- Horto Florestal<\/strong> e <strong>IPA-Jardim Bot\u00e2nico <\/strong>ser\u00e3o recuperados e catalogados, norteados pela experi\u00eancia de gerenciamento de acervos, existente na unidade <strong>IPA-Vila Mariana<\/strong>.<\/p>\n<p><strong>CONSULTAS E EMPR\u00c9STIMOS<\/strong><\/p>\n<p>Consultas, empr\u00e9stimos e doa\u00e7\u00f5es podem ser realizados nas 3 unidades do IPA, incluindo os 3 museus, al\u00e9m das bibliotecas e mapotecas.<\/p>\n<p>Para tanto, entrar em contato nos e-mails <a href=\"mailto:ipa.nmaai@sp.gov.br\">ipa.nmaai@sp.gov.br<\/a> para assuntos relacionados aos acervos e museus, e <a href=\"mailto:ipa.nbm@sp.gov.br\">ipa.nbm@sp.gov.br<\/a> para assuntos relativos a bibliotecas e mapotecas.[\/vc_column_text][\/vc_column][vc_column width=&#8221;1\/3&#8243;][vc_column_text]<span style=\"font-size: 14pt\"><strong>Servi\u00e7o<\/strong><\/span><\/p>\n<ul>\n<li><a href=\"https:\/\/www.infraestruturameioambiente.sp.gov.br\/ipa\/bibliotecas\/\">Bibliotecas e Mapotecas<\/a><\/li>\n<li><a href=\"https:\/\/www.infraestruturameioambiente.sp.gov.br\/ipa\/museus\/\">Museus<\/a><\/li>\n<li><a href=\"https:\/\/www.infraestruturameioambiente.sp.gov.br\/ipa\/acervos\/\">Acervos Arquiv\u00edsticos e Iconogr\u00e1ficos<\/a><\/li>\n<li style=\"list-style-type: none\"><\/li>\n<\/ul>\n<p>[\/vc_column_text][\/vc_column][\/vc_row]<\/p>\n","protected":false},"excerpt":{"rendered":"<p>[vc_row][vc_column width=&#8221;2\/3&#8243;][vc_column_text]Com a cria\u00e7\u00e3o do IPA &#8211; Instituto de Pesquisas Ambientais e a fus\u00e3o dos tr\u00eas institutos, os acervos, antes isolados, passaram a figurar como um grande e rico acervo [&hellip;]<\/p>\n","protected":false},"author":184,"featured_media":0,"parent":0,"menu_order":0,"comment_status":"closed","ping_status":"closed","template":"","meta":[],"_links":{"self":[{"href":"https:\/\/www.infraestruturameioambiente.sp.gov.br\/ipa\/wp-json\/wp\/v2\/pages\/53"}],"collection":[{"href":"https:\/\/www.infraestruturameioambiente.sp.gov.br\/ipa\/wp-json\/wp\/v2\/pages"}],"about":[{"href":"https:\/\/www.infraestruturameioambiente.sp.gov.br\/ipa\/wp-json\/wp\/v2\/types\/page"}],"author":[{"embeddable":true,"href":"https:\/\/www.infraestruturameioambiente.sp.gov.br\/ipa\/wp-json\/wp\/v2\/users\/184"}],"replies":[{"embeddable":true,"href":"https:\/\/www.infraestruturameioambiente.sp.gov.br\/ipa\/wp-json\/wp\/v2\/comments?post=53"}],"version-history":[{"count":7,"href":"https:\/\/www.infraestruturameioambiente.sp.gov.br\/ipa\/wp-json\/wp\/v2\/pages\/53\/revisions"}],"predecessor-version":[{"id":8911,"href":"https:\/\/www.infraestruturameioambiente.sp.gov.br\/ipa\/wp-json\/wp\/v2\/pages\/53\/revisions\/8911"}],"wp:attachment":[{"href":"https:\/\/www.infraestruturameioambiente.sp.gov.br\/ipa\/wp-json\/wp\/v2\/media?parent=53"}],"curies":[{"name":"wp","href":"https:\/\/api.w.org\/{rel}","templated":true}]}}