{"id":4968,"date":"2023-09-29T09:23:11","date_gmt":"2023-09-29T12:23:11","guid":{"rendered":"https:\/\/www.infraestruturameioambiente.sp.gov.br\/ipa\/?page_id=4968"},"modified":"2024-11-19T13:41:13","modified_gmt":"2024-11-19T16:41:13","slug":"herbario-seccional-de-fungos-sp-fungi","status":"publish","type":"page","link":"https:\/\/www.infraestruturameioambiente.sp.gov.br\/ipa\/colecoes\/herbario-maria-eneyda-pacheco-kauffmann-fidalgo-herbario-sp\/herbario-seccional-de-fungos-sp-fungi\/","title":{"rendered":"Herb\u00e1rio Seccional de Fungos (SP-FUNGI)"},"content":{"rendered":"<p>[vc_row][vc_column width=&#8221;2\/3&#8243;][vc_column_text]<\/p>\n<div class=\"wc-gallery\"><div class='wcflexslider-container wc-gallery-bottomspace-default wc-gallery-clear'><div id='gallery-1' class='gallery wc-gallery-captions-onhover gallery-link-file wcflexslider wcsliderauto' data-gutter-width='5' data-columns='1' data-hide-controls='false'><ul class='slides'>\n\t\t\t\t<li class='gallery-item gallery-item-position-1 gallery-item-attachment-4969 wcflex-slide-item'>\n\t\t\t\t\t<div class='gallery-icon landscape'>\n\t\t\t\t\t\t<a href=\"https:\/\/smastr16.blob.core.windows.net\/2001\/sites\/261\/2023\/09\/01-material_tipo_herbario_sp_fungi.jpg\" target=\"_self\"><img src='https:\/\/smastr16.blob.core.windows.net\/2001\/sites\/261\/2023\/09\/01-material_tipo_herbario_sp_fungi.jpg' width='800' height='600' alt='' \/><\/a>\n\t\t\t\t\t<\/div>\n\t\t\t\t\t<div class='wp-caption-text gallery-caption' style='width:800px;'>\n\t\t\t\t\t<p>\n\t\t\t\t\tExsicata de <i> Parmotrema neosubcrinitum <\/i> Ribeiro &amp; Marcelli &#8211; Material Tipo \u2013 Cole\u00e7\u00e3o do Herb\u00e1rio SP &#8211; Fungi. Foto de A.M. Gugliotta\n\t\t\t\t\t<\/p>\n\t\t\t\t\t<\/div><\/li>\n\t\t\t\t<li class='gallery-item gallery-item-position-2 gallery-item-attachment-4970 wcflex-slide-item'>\n\t\t\t\t\t<div class='gallery-icon landscape'>\n\t\t\t\t\t\t<a href=\"https:\/\/smastr16.blob.core.windows.net\/2001\/sites\/261\/2023\/09\/02-armario_sala_herbario_sp_fungi.jpg\" target=\"_self\"><img src='https:\/\/smastr16.blob.core.windows.net\/2001\/sites\/261\/2023\/09\/02-armario_sala_herbario_sp_fungi.jpg' width='800' height='600' alt='' \/><\/a>\n\t\t\t\t\t<\/div>\n\t\t\t\t\t<div class='wp-caption-text gallery-caption' style='width:800px;'>\n\t\t\t\t\t<p>\n\t\t\t\t\tArm\u00e1rios \u2013 Sala da Cole\u00e7\u00e3o do Herb\u00e1rio SP &#8211; Fungi. Foto de A.M. Gugliotta\n\t\t\t\t\t<\/p>\n\t\t\t\t\t<\/div><\/li>\n\t\t\t\t<li class='gallery-item gallery-item-position-3 gallery-item-attachment-4971 wcflex-slide-item'>\n\t\t\t\t\t<div class='gallery-icon landscape'>\n\t\t\t\t\t\t<a href=\"https:\/\/smastr16.blob.core.windows.net\/2001\/sites\/261\/2023\/09\/03-armario_interior_herbario_sp_fungi.jpg\" target=\"_self\"><img src='https:\/\/smastr16.blob.core.windows.net\/2001\/sites\/261\/2023\/09\/03-armario_interior_herbario_sp_fungi.jpg' width='800' height='600' alt='' \/><\/a>\n\t\t\t\t\t<\/div>\n\t\t\t\t\t<div class='wp-caption-text gallery-caption' style='width:800px;'>\n\t\t\t\t\t<p>\n\t\t\t\t\tInterior do Arm\u00e1rio \u2013 Sala da Cole\u00e7\u00e3o do Herb\u00e1rio SP &#8211; Fungi. Foto de A.M. Gugliotta\n\t\t\t\t\t<\/p>\n\t\t\t\t\t<\/div><\/li>\n\t\t\t\t<li class='gallery-item gallery-item-position-4 gallery-item-attachment-4973 wcflex-slide-item'>\n\t\t\t\t\t<div class='gallery-icon landscape'>\n\t\t\t\t\t\t<a href=\"https:\/\/smastr16.blob.core.windows.net\/2001\/sites\/261\/2023\/09\/04-gaveta_material_tipo_herbario_sp_fungi.jpg\" target=\"_self\"><img src='https:\/\/smastr16.blob.core.windows.net\/2001\/sites\/261\/2023\/09\/04-gaveta_material_tipo_herbario_sp_fungi.jpg' width='800' height='600' alt='' \/><\/a>\n\t\t\t\t\t<\/div>\n\t\t\t\t\t<div class='wp-caption-text gallery-caption' style='width:800px;'>\n\t\t\t\t\t<p>\n\t\t\t\t\tGaveta de Material Tipo &#8211; Sala da Cole\u00e7\u00e3o do Herb\u00e1rio SP &#8211; Fungi. Foto de A.M. Gugliotta\n\t\t\t\t\t<\/p>\n\t\t\t\t\t<\/div><\/li>\n\t\t\t\t<li class='gallery-item gallery-item-position-5 gallery-item-attachment-4972 wcflex-slide-item'>\n\t\t\t\t\t<div class='gallery-icon landscape'>\n\t\t\t\t\t\t<a href=\"https:\/\/smastr16.blob.core.windows.net\/2001\/sites\/261\/2023\/09\/05-laminario_gaveta_herbario_sp_fungi.jpg\" target=\"_self\"><img src='https:\/\/smastr16.blob.core.windows.net\/2001\/sites\/261\/2023\/09\/05-laminario_gaveta_herbario_sp_fungi.jpg' width='800' height='600' alt='' \/><\/a>\n\t\t\t\t\t<\/div>\n\t\t\t\t\t<div class='wp-caption-text gallery-caption' style='width:800px;'>\n\t\t\t\t\t<p>\n\t\t\t\t\tLamin\u00e1rio &#8211; Sala da Cole\u00e7\u00e3o do Herb\u00e1rio SP &#8211; Fungi. Foto de A.M. Gugliotta\n\t\t\t\t\t<\/p>\n\t\t\t\t\t<\/div><\/li><\/ul><\/div>\n<\/div>\n<\/div>\n<p>&nbsp;<\/p>\n<p>O Herb\u00e1rio Seccional de Fungos (SP-FUNGI) \u00e9 parte integrante do <a href=\"https:\/\/www.infraestruturameioambiente.sp.gov.br\/ipa\/colecoes\/herbario-maria-eneyda-pacheco-kauffmann-fidalgo-herbario-sp\/\">Herb\u00e1rio SP<\/a>, cujo nome foi homenagem p\u00f3stuma \u00e0 pesquisadora Maria Eneyda Pacheco Kauffmann Fidalgo, por sua grande contribui\u00e7\u00e3o \u00e0 Micologia brasileira.<\/p>\n<p>A partir da d\u00e9cada de 60, as intensas pesquisas em Micologia realizadas no ent\u00e3o Instituto de Bot\u00e2nica, pelos pesquisadores Alcides Ribeiro Teixeira, Jo\u00e3o Salvador Furtado, Maria Eneyda P. Kauffmann Fidalgo e Oswaldo Fidalgo, foram respons\u00e1veis por um grande incremento na cole\u00e7\u00e3o de fungos.<\/p>\n<p>Atualmente o Herb\u00e1rio SP \u00e9 mantido pelo Instituto de Pesquisas Ambientais, onde est\u00e3o em desenvolvimento pesquisas com macrofungos, sobretudo basidiomicetos (cogumelos e orelhas-de-pau) e l\u00edquens.<\/p>\n<p>O Herb\u00e1rio SP-Fungi tamb\u00e9m possui em seu acervo parte da cole\u00e7\u00e3o da Comiss\u00e3o Geogr\u00e1fica e Geol\u00f3gica do Estado de S\u00e3o Paulo (CGG), com destaque para as coletas realizadas por Ars\u00e8ne Puttemans, que enviou seu material para ser identificado por Paul Christoph Hennings, em Berlim. Al\u00e9m de fornecer uma extensa listagem de fungos do estado de S\u00e3o Paulo, Hennings ainda prop\u00f4s in\u00fameros g\u00eaneros e esp\u00e9cies novos para a ci\u00eancia, com base nesse material.<\/p>\n<p><strong>IMPORT\u00c2NCIA e USOS<\/strong><\/p>\n<p>O Herb\u00e1rio Seccional de Fungos (SP-FUNGI) possui o maior acervo de fungos do estado de S\u00e3o Paulo, sendo a segunda maior cole\u00e7\u00e3o de fungos macrosc\u00f3picos do Brasil.<\/p>\n<p>A principal import\u00e2ncia do acervo est\u00e1 na documenta\u00e7\u00e3o e preserva\u00e7\u00e3o <em>ex situ<\/em> da diversidade f\u00fangica do estado de S\u00e3o Paulo e outras regi\u00f5es do Brasil. Dentre os fungos depositados no Herb\u00e1rio SP-Fungi, destacam-se os tipos nomenclaturais, importante fonte de refer\u00eancia para a circunscri\u00e7\u00e3o de novas esp\u00e9cies, identifica\u00e7\u00e3o ou confirma\u00e7\u00e3o dos nomes de esp\u00e9cies.<\/p>\n<p>Esp\u00e9cimes do acervo t\u00eam sido estudados, subsidiando pesquisa cient\u00edfica em diversas \u00e1reas, como sistem\u00e1tica, taxonomia, restaura\u00e7\u00e3o ecol\u00f3gica, entre outros, al\u00e9m de subsidiar pol\u00edticas p\u00fablicas ambientais.<\/p>\n<p>Um dos grandes diferenciais do <a href=\"https:\/\/www.infraestruturameioambiente.sp.gov.br\/ipa\/colecoes\/herbario-maria-eneyda-pacheco-kauffmann-fidalgo-herbario-sp\/\">Herb\u00e1rio SP<\/a> &#8211; Fungi \u00e9 que parte dos esp\u00e9cimes depositados foi isolada em meio de cultura, antes de ser herborizada. Essas culturas est\u00e3o depositadas na <a href=\"https:\/\/www.infraestruturameioambiente.sp.gov.br\/ipa\/colecoes\/colecao-de-culturas-de-algas-cianobacterias-e-fungos\/\">Cole\u00e7\u00e3o de Culturas CCIBt<\/a> do IPA, o que agrega mais valor a essas cole\u00e7\u00f5es, ampliando a possibilidade de estudos e utiliza\u00e7\u00e3o destes organismos.<\/p>\n<p>Dados do acervo tamb\u00e9m t\u00eam sido utilizados para fundamentar listas de esp\u00e9cies em plataformas nacionais e internacionais sobre conhecimento da biodiversidade, incluindo a Flora e Funga do Brasil (h<a href=\"http:\/\/floradobrasil.jbrj.gov.br\/\">ttp:\/\/floradobrasil.jbrj.gov.br\/<\/a>) e a Lista Vermelha de Esp\u00e9cies Amea\u00e7adas da UICN &#8211; Uni\u00e3o Internacional para a Conserva\u00e7\u00e3o da Natureza (<a href=\"https:\/\/www.iucnredlist.org\/\">https:\/\/www.iucnredlist.org\/<\/a>).<\/p>\n<p><strong>DESCRI\u00c7\u00c3O DO ACERVO<\/strong><\/p>\n<p>Os esp\u00e9cimes de fungos depositados no <a href=\"https:\/\/www.infraestruturameioambiente.sp.gov.br\/ipa\/colecoes\/herbario-maria-eneyda-pacheco-kauffmann-fidalgo-herbario-sp\/\">Herb\u00e1rio SP<\/a> &#8211; Fungi foram coletados principalmente no Brasil (cerca de 75% do acervo), mas existem esp\u00e9cimes coletados em mais de 200 pa\u00edses. A distribui\u00e7\u00e3o geogr\u00e1fica das coletas est\u00e1 concentrada principalmente na regi\u00e3o sudeste do Brasil, seguida da regi\u00e3o sul e norte. O estado com maior representatividade de coletas \u00e9 S\u00e3o Paulo (65%), com registros tanto em \u00e1reas de Mata Atl\u00e2ntica quanto de Cerrado.<\/p>\n<p>O acervo \u00e9 formado principalmente por macrofungos Basidiomycota e Ascomycota, mantidos herborizados em envelopes apropriados, caixas ou pacotes (confeccionados especialmente para armazenar materiais mais volumosos ou muito fr\u00e1geis). A cole\u00e7\u00e3o de fungos do <a href=\"https:\/\/www.infraestruturameioambiente.sp.gov.br\/ipa\/colecoes\/herbario-maria-eneyda-pacheco-kauffmann-fidalgo-herbario-sp\/\">Herb\u00e1rio SP<\/a> tamb\u00e9m abriga amostras de fungos anam\u00f3rficos, mantidos em sua maioria em l\u00e2minas permanentes em arm\u00e1rio pr\u00f3prio, tipo lamin\u00e1rio.<\/p>\n<p>Dentre os grupos mais amostrados est\u00e3o os basidiomicetos da fam\u00edlia Polyporaceae (18%) e ascomicetos liquenizados de Parmeliaceae (12%).<\/p>\n<p><strong>ACESSO \u00c0 COLE\u00c7\u00c3O \u2013 VIRTUAL<\/strong><\/p>\n<p>O <a href=\"https:\/\/www.infraestruturameioambiente.sp.gov.br\/ipa\/colecoes\/herbario-maria-eneyda-pacheco-kauffmann-fidalgo-herbario-sp\/\">Herb\u00e1rio SP<\/a> &#8211; Fungi est\u00e1 sendo informatizado com a utiliza\u00e7\u00e3o do programa BRAHMS.<\/p>\n<p>Atrav\u00e9s de sua participa\u00e7\u00e3o na rede INCT-Herb\u00e1rio Virtual da Flora e dos Fungos (INCT-HVFF) disponibiliza dados para a comunidade atrav\u00e9s das redes <em>species<\/em>Link (<a href=\"https:\/\/specieslink.net\/\">https:\/\/specieslink.net\/<\/a>), SiBBr &#8211; Sistema de Informa\u00e7\u00e3o sobre a Biodiversidade Brasileira (<a href=\"https:\/\/www.sibbr.gov.br\/\">https:\/\/www.sibbr.gov.br\/<\/a>), GIBF &#8211; The Global Biodiversity Information Facility (<a href=\"https:\/\/www.gbif.org\/\">https:\/\/www.gbif.org\/<\/a>) e iDigBio &#8211; Integrated Digitized Biocollections (<a href=\"https:\/\/www.idigbio.org\">https:\/\/www.idigbio.org<\/a>).<\/p>\n<p><strong>ACESSO \u00c0 COLE\u00c7\u00c3O \u2013 PRESENCIAL<\/strong><\/p>\n<p>A cole\u00e7\u00e3o pode ser consultada presencialmente. As visitas para consulta ao acervo devem ser agendadas com a curadora atrav\u00e9s do e-mail <a href=\"mailto:agugliotta@sp.gov.br\">agugliotta@sp.gov.br<\/a>.<\/p>\n<p><strong>LOCALIZA\u00c7\u00c3O<\/strong><\/p>\n<p>IPA Unidade Jardim Bot\u00e2nico, Pr\u00e9dio 3.<\/p>\n<p><strong>CONTATO<\/strong><\/p>\n<p>Adriana de Mello Gugliotta <a href=\"mailto:agugliotta@sp.gov.br\">(agugliotta@sp.gov.br<\/a>)<\/p>\n<p>telefone: (11) 5067-6073<\/p>\n<p><strong>CURADORA<\/strong><\/p>\n<ul>\n<li><a href=\"http:\/\/lattes.cnpq.br\/7524655663585223\">Adriana de Mello Gugliotta<\/a> <a href=\"mailto:agugliotta@sp.gov.br\">(agugliotta@sp.gov.br<\/a>)<\/li>\n<\/ul>\n<p>[\/vc_column_text][\/vc_column][vc_column width=&#8221;1\/3&#8243;][vc_column_text]<span style=\"font-size: 14pt\"><strong>Cole\u00e7\u00f5es do IPA<\/strong><\/span><\/p>\n<ul>\n<li><a href=\"https:\/\/www.infraestruturameioambiente.sp.gov.br\/ipa\/colecoes\/banco-ativo-de-germoplasma-de-arboreas-nativas\/\">Banco Ativo de Germoplasma de Arb\u00f3reas Nativas<\/a><\/li>\n<li><a href=\"https:\/\/www.infraestruturameioambiente.sp.gov.br\/ipa\/colecoes\/banco-ativo-de-germoplasma-de-arboreas-exoticas\/\">Banco Ativo de Germoplasma de Arb\u00f3reas Ex\u00f3ticas<\/a><\/li>\n<li><a href=\"https:\/\/www.infraestruturameioambiente.sp.gov.br\/ipa\/colecoes\/banco-de-sementes-bs-ipa\/\">Banco de Sementes<\/a><\/li>\n<li>Cole\u00e7\u00e3o de Plantas Vivas do Jardim Bot\u00e2nico de S\u00e3o Paulo<\/li>\n<li>Culturas de Algas<\/li>\n<li><a href=\"https:\/\/www.infraestruturameioambiente.sp.gov.br\/ipa\/colecoes\/colecao-de-culturas-de-algas-cianobacterias-e-fungos\/\">Culturas de Fungos Basidiomicetos<\/a><\/li>\n<li><a href=\"https:\/\/www.infraestruturameioambiente.sp.gov.br\/ipa\/colecoes\/colecao-de-culturas-de-algas-cianobacterias-e-fungos\/\">Culturas de Fungos Terrestres e Aqu\u00e1ticos<\/a><\/li>\n<li>Extratoteca<\/li>\n<li><a href=\"https:\/\/www.infraestruturameioambiente.sp.gov.br\/ipa\/colecoes\/herbario-maria-eneyda-pacheco-kauffmann-fidalgo-herbario-sp\/\">Herb\u00e1rio SP<\/a>\n<ul>\n<li><a href=\"https:\/\/www.infraestruturameioambiente.sp.gov.br\/ipa\/colecoes\/herbario-maria-eneyda-pacheco-kauffmann-fidalgo-herbario-sp\/herbario-seccional-de-algas-sp-algae\/\">Algas<\/a><\/li>\n<li><a href=\"https:\/\/www.infraestruturameioambiente.sp.gov.br\/ipa\/colecoes\/herbario-maria-eneyda-pacheco-kauffmann-fidalgo-herbario-sp\/colecao-de-briofitas\/\">Bri\u00f3fitas<\/a><\/li>\n<li><a href=\"https:\/\/www.infraestruturameioambiente.sp.gov.br\/ipa\/colecoes\/herbario-maria-eneyda-pacheco-kauffmann-fidalgo-herbario-sp\/colecao-de-plantas-vasculares\/\">Vasculares<\/a><\/li>\n<li><strong>Fungos<\/strong><\/li>\n<\/ul>\n<\/li>\n<li><a href=\"https:\/\/www.infraestruturameioambiente.sp.gov.br\/ipa\/colecoes\/herbario-dom-bento-jose-pickel-spsf\/\">Herb\u00e1rio SPSF<\/a><\/li>\n<li>Litoteca<\/li>\n<li>Paleontol\u00f3gico<\/li>\n<li><a href=\"https:\/\/www.infraestruturameioambiente.sp.gov.br\/ipa\/colecoes\/palinoteca-do-laboratorio-de-palinologia-palino-ipa\/\">Palinoteca<\/a><\/li>\n<li>Petrogr\u00e1fica<\/li>\n<li>Xiloteca SPSFw<\/li>\n<\/ul>\n<p>[\/vc_column_text][\/vc_column][\/vc_row]<\/p>\n","protected":false},"excerpt":{"rendered":"<p>[vc_row][vc_column width=&#8221;2\/3&#8243;][vc_column_text] &nbsp; O Herb\u00e1rio Seccional de Fungos (SP-FUNGI) \u00e9 parte integrante do Herb\u00e1rio SP, cujo nome foi homenagem p\u00f3stuma \u00e0 pesquisadora Maria Eneyda Pacheco Kauffmann Fidalgo, por sua grande [&hellip;]<\/p>\n","protected":false},"author":196,"featured_media":0,"parent":4790,"menu_order":0,"comment_status":"closed","ping_status":"closed","template":"","meta":[],"_links":{"self":[{"href":"https:\/\/www.infraestruturameioambiente.sp.gov.br\/ipa\/wp-json\/wp\/v2\/pages\/4968"}],"collection":[{"href":"https:\/\/www.infraestruturameioambiente.sp.gov.br\/ipa\/wp-json\/wp\/v2\/pages"}],"about":[{"href":"https:\/\/www.infraestruturameioambiente.sp.gov.br\/ipa\/wp-json\/wp\/v2\/types\/page"}],"author":[{"embeddable":true,"href":"https:\/\/www.infraestruturameioambiente.sp.gov.br\/ipa\/wp-json\/wp\/v2\/users\/196"}],"replies":[{"embeddable":true,"href":"https:\/\/www.infraestruturameioambiente.sp.gov.br\/ipa\/wp-json\/wp\/v2\/comments?post=4968"}],"version-history":[{"count":5,"href":"https:\/\/www.infraestruturameioambiente.sp.gov.br\/ipa\/wp-json\/wp\/v2\/pages\/4968\/revisions"}],"predecessor-version":[{"id":7529,"href":"https:\/\/www.infraestruturameioambiente.sp.gov.br\/ipa\/wp-json\/wp\/v2\/pages\/4968\/revisions\/7529"}],"up":[{"embeddable":true,"href":"https:\/\/www.infraestruturameioambiente.sp.gov.br\/ipa\/wp-json\/wp\/v2\/pages\/4790"}],"wp:attachment":[{"href":"https:\/\/www.infraestruturameioambiente.sp.gov.br\/ipa\/wp-json\/wp\/v2\/media?parent=4968"}],"curies":[{"name":"wp","href":"https:\/\/api.w.org\/{rel}","templated":true}]}}