{"id":4790,"date":"2023-09-12T10:08:10","date_gmt":"2023-09-12T13:08:10","guid":{"rendered":"https:\/\/www.infraestruturameioambiente.sp.gov.br\/ipa\/?page_id=4790"},"modified":"2024-11-19T13:39:25","modified_gmt":"2024-11-19T16:39:25","slug":"herbario-maria-eneyda-pacheco-kauffmann-fidalgo-herbario-sp","status":"publish","type":"page","link":"https:\/\/www.infraestruturameioambiente.sp.gov.br\/ipa\/colecoes\/herbario-maria-eneyda-pacheco-kauffmann-fidalgo-herbario-sp\/","title":{"rendered":"Herb\u00e1rio Maria Eneyda Pacheco Kauffmann Fidalgo (Herb\u00e1rio SP)"},"content":{"rendered":"<p>[vc_row][vc_column width=&#8221;2\/3&#8243;][vc_column_text]<strong>OBJETIVO<\/strong><\/p>\n<p>Realizar a guarda, a preserva\u00e7\u00e3o e a manuten\u00e7\u00e3o dos acervos, possibilitando e subsidiando a pesquisa cient\u00edfica e o uso t\u00e9cnico e cient\u00edfico dos materiais.<\/p>\n<p><strong>HIST\u00d3RIA<\/strong><\/p>\n<p>O Herb\u00e1rio \u201cMaria Eneyda Pacheco Kauffmann Fidalgo\u201d (Herb\u00e1rio SP), do Instituto de Pesquisas Ambientais, come\u00e7ou a ser formado em 1917, na Se\u00e7\u00e3o Bot\u00e2nica do Instituto Butant\u00e3, por iniciativa daquele que seria posteriormente o primeiro diretor do Instituto de Bot\u00e2nica, o bot\u00e2nico Frederico Carlos Hoehne.<\/p>\n<p>Em 1923, seu acervo foi transferido para o Museu Paulista, atual Museu do Ipiranga, quando recebeu um dos mais valiosos de seus acr\u00e9scimos, a cole\u00e7\u00e3o da Comiss\u00e3o Geogr\u00e1fica e Geol\u00f3gica do Estado de S\u00e3o Paulo (CGG). Esta \u00e9 uma das mais antigas cole\u00e7\u00f5es bot\u00e2nicas inteiramente elaborada, organizada e mantida por iniciativa do Governo do Estado. Representa um testemunho da vegeta\u00e7\u00e3o de S\u00e3o Paulo nos \u00faltimos anos do s\u00e9culo XIX, bem antes, portanto, da expans\u00e3o industrial e agr\u00edcola no estado.<\/p>\n<p>Em 1938, este acervo j\u00e1 enriquecido por outras cole\u00e7\u00f5es, entre elas a da Esta\u00e7\u00e3o Biol\u00f3gica do Alto da Serra de Paranapiacaba, na Serra do Mar, no Munic\u00edpio de Santo Andr\u00e9 (SP), foi definitivamente transferido para o Parque do Estado, no ent\u00e3o rec\u00e9m-criado Instituto de Bot\u00e2nica.<\/p>\n<p>Atualmente, seu acervo conta com mais de 560 mil amostras, que fazem deste o maior herb\u00e1rio do estado de S\u00e3o Paulo e o segundo do Brasil, depois apenas do Instituto de Pesquisas Jardim Bot\u00e2nico do Rio de Janeiro.<\/p>\n<p>Este acervo inclui Angiospermas, Gimnospermas, Lic\u00f3fitas e Samambaias, Bri\u00f3fitas, Algas, Fungos e L\u00edquens. Al\u00e9m destas, h\u00e1 tamb\u00e9m uma cole\u00e7\u00e3o de madeiras (Xiloteca) e outra de gr\u00e3os de p\u00f3len (<a href=\"https:\/\/www.infraestruturameioambiente.sp.gov.br\/ipa\/colecoes\/palinoteca-do-laboratorio-de-palinologia-palino-ipa\/\">Palinoteca<\/a>).<\/p>\n<p>Merece destaque especial, no acervo do Herb\u00e1rio SP, sua cole\u00e7\u00e3o de tipos, que somam atualmente mais de 5.593 exsicatas, das quais 4.729 correspondem a Faner\u00f3gamas, Lic\u00f3fitas e Samambaias.<\/p>\n<p>Em 2007, o Herb\u00e1rio SP integrou o projeto \u201cspeciesLink\u201d e passou a disponibilizar suas cole\u00e7\u00f5es <em>on line<\/em> (<a href=\"https:\/\/specieslink.net\/search\/\">https:\/\/specieslink.net\/search\/<\/a>). Em 2009, gra\u00e7as ao apoio da Mellon Foundation, passou a digitalizar as cole\u00e7\u00f5es de tipos nomenclaturais, disponibilizando essas imagens no <em>JStor<\/em> (<a href=\"https:\/\/plants.jstor.org\/\">https:\/\/plants.jstor.org\/<\/a>) e na rede \u201cspeciesLink\u201d. Em 2011, iniciou a digitaliza\u00e7\u00e3o das cole\u00e7\u00f5es cient\u00edficas da cole\u00e7\u00e3o geral, como participante do projeto \u201cINCT Herb\u00e1rio Virtual das Plantas e Fungos\u201d. Atualmente, h\u00e1 344.904 registros do acervo dispon\u00edveis no \u201cspeciesLink\u201d, com 64.814 imagens, das quais 4.475 s\u00e3o materiais-tipo (materiais usados\/citados pelos autores de g\u00eaneros e\/ou esp\u00e9cies no momento da publica\u00e7\u00e3o original do nome desses organismos).<\/p>\n<p><strong>IMPORT\u00c2NCIA e USOS<\/strong><\/p>\n<p>O Herb\u00e1rio SP foi designado como Herb\u00e1rio de Refer\u00eancia para o Projeto de Pesquisa \u201cFlora Fanerog\u00e2mica do Estado de S\u00e3o Paulo\u201d, apoiado pela FAPESP nos anos 1990.<\/p>\n<p>Recebe doa\u00e7\u00f5es de diversos herb\u00e1rios nacionais e estrangeiros, al\u00e9m de visitas de v\u00e1rios pesquisadores e p\u00f3s-graduandos de todo o Brasil, que analisam suas cole\u00e7\u00f5es para diversos estudos taxon\u00f4micos, flor\u00edsticos, moleculares, palinol\u00f3gicos, anat\u00f4micos, dentre outros.<\/p>\n<p>O Herb\u00e1rio SP mant\u00e9m interc\u00e2mbio com herb\u00e1rios nacionais e estrangeiros, tamb\u00e9m cadastrados no <em>Index Herbariorum<\/em> (<a href=\"https:\/\/sweetgum.nybg.org\/science\/ih\/\">https:\/\/sweetgum.nybg.org\/science\/ih\/<\/a>), enviando cole\u00e7\u00f5es na forma de empr\u00e9stimos e\/ou doa\u00e7\u00f5es, mediante solicita\u00e7\u00e3o ao curador.[\/vc_column_text][\/vc_column][vc_column width=&#8221;1\/3&#8243;][vc_column_text]<span style=\"font-size: 14pt\"><strong>Cole\u00e7\u00f5es do IPA<\/strong><\/span><\/p>\n<ul>\n<li><a href=\"https:\/\/www.infraestruturameioambiente.sp.gov.br\/ipa\/colecoes\/banco-ativo-de-germoplasma-de-arboreas-nativas\/\">Banco Ativo de Germoplasma de Arb\u00f3reas Nativas<\/a><\/li>\n<li><a href=\"https:\/\/www.infraestruturameioambiente.sp.gov.br\/ipa\/colecoes\/banco-ativo-de-germoplasma-de-arboreas-exoticas\/\">Banco Ativo de Germoplasma de Arb\u00f3reas Ex\u00f3ticas<\/a><\/li>\n<li><a href=\"https:\/\/www.infraestruturameioambiente.sp.gov.br\/ipa\/colecoes\/banco-de-sementes-bs-ipa\/\">Banco de Sementes<\/a><\/li>\n<li>Cole\u00e7\u00e3o de Plantas Vivas do Jardim Bot\u00e2nico de S\u00e3o Paulo<\/li>\n<li>Culturas de Algas<\/li>\n<li><a href=\"https:\/\/www.infraestruturameioambiente.sp.gov.br\/ipa\/colecoes\/colecao-de-culturas-de-algas-cianobacterias-e-fungos\/\">Culturas de Fungos Basidiomicetos<\/a><\/li>\n<li><a href=\"https:\/\/www.infraestruturameioambiente.sp.gov.br\/ipa\/colecoes\/colecao-de-culturas-de-algas-cianobacterias-e-fungos\/\">Culturas de Fungos Terrestres e Aqu\u00e1ticos<\/a><\/li>\n<li>Extratoteca<\/li>\n<li><strong>Herb\u00e1rio SP<\/strong>\n<ul>\n<li><a href=\"https:\/\/www.infraestruturameioambiente.sp.gov.br\/ipa\/colecoes\/herbario-maria-eneyda-pacheco-kauffmann-fidalgo-herbario-sp\/herbario-seccional-de-algas-sp-algae\/\">Algas<\/a><\/li>\n<li><a href=\"https:\/\/www.infraestruturameioambiente.sp.gov.br\/ipa\/colecoes\/herbario-maria-eneyda-pacheco-kauffmann-fidalgo-herbario-sp\/colecao-de-briofitas\/\">Bri\u00f3fitas<\/a><\/li>\n<li><a href=\"https:\/\/www.infraestruturameioambiente.sp.gov.br\/ipa\/colecoes\/herbario-maria-eneyda-pacheco-kauffmann-fidalgo-herbario-sp\/colecao-de-plantas-vasculares\/\">Vasculares<\/a><\/li>\n<li><a href=\"https:\/\/www.infraestruturameioambiente.sp.gov.br\/ipa\/colecoes\/herbario-maria-eneyda-pacheco-kauffmann-fidalgo-herbario-sp\/herbario-seccional-de-fungos-sp-fungi\/\">Fungos<\/a><\/li>\n<\/ul>\n<\/li>\n<li><a href=\"https:\/\/www.infraestruturameioambiente.sp.gov.br\/ipa\/colecoes\/herbario-dom-bento-jose-pickel-spsf\/\">Herb\u00e1rio SPSF<\/a><\/li>\n<li>Litoteca<\/li>\n<li>Paleontol\u00f3gico<\/li>\n<li><a href=\"https:\/\/www.infraestruturameioambiente.sp.gov.br\/ipa\/colecoes\/palinoteca-do-laboratorio-de-palinologia-palino-ipa\/\">Palinoteca<\/a><\/li>\n<li>Petrogr\u00e1fica<\/li>\n<li>Xiloteca SPSFw<\/li>\n<\/ul>\n<p>[\/vc_column_text][\/vc_column][\/vc_row]<\/p>\n","protected":false},"excerpt":{"rendered":"<p>[vc_row][vc_column width=&#8221;2\/3&#8243;][vc_column_text]OBJETIVO Realizar a guarda, a preserva\u00e7\u00e3o e a manuten\u00e7\u00e3o dos acervos, possibilitando e subsidiando a pesquisa cient\u00edfica e o uso t\u00e9cnico e cient\u00edfico dos materiais. HIST\u00d3RIA O Herb\u00e1rio \u201cMaria [&hellip;]<\/p>\n","protected":false},"author":196,"featured_media":0,"parent":49,"menu_order":0,"comment_status":"closed","ping_status":"closed","template":"","meta":[],"_links":{"self":[{"href":"https:\/\/www.infraestruturameioambiente.sp.gov.br\/ipa\/wp-json\/wp\/v2\/pages\/4790"}],"collection":[{"href":"https:\/\/www.infraestruturameioambiente.sp.gov.br\/ipa\/wp-json\/wp\/v2\/pages"}],"about":[{"href":"https:\/\/www.infraestruturameioambiente.sp.gov.br\/ipa\/wp-json\/wp\/v2\/types\/page"}],"author":[{"embeddable":true,"href":"https:\/\/www.infraestruturameioambiente.sp.gov.br\/ipa\/wp-json\/wp\/v2\/users\/196"}],"replies":[{"embeddable":true,"href":"https:\/\/www.infraestruturameioambiente.sp.gov.br\/ipa\/wp-json\/wp\/v2\/comments?post=4790"}],"version-history":[{"count":7,"href":"https:\/\/www.infraestruturameioambiente.sp.gov.br\/ipa\/wp-json\/wp\/v2\/pages\/4790\/revisions"}],"predecessor-version":[{"id":7526,"href":"https:\/\/www.infraestruturameioambiente.sp.gov.br\/ipa\/wp-json\/wp\/v2\/pages\/4790\/revisions\/7526"}],"up":[{"embeddable":true,"href":"https:\/\/www.infraestruturameioambiente.sp.gov.br\/ipa\/wp-json\/wp\/v2\/pages\/49"}],"wp:attachment":[{"href":"https:\/\/www.infraestruturameioambiente.sp.gov.br\/ipa\/wp-json\/wp\/v2\/media?parent=4790"}],"curies":[{"name":"wp","href":"https:\/\/api.w.org\/{rel}","templated":true}]}}