{"id":4783,"date":"2023-09-12T09:23:22","date_gmt":"2023-09-12T12:23:22","guid":{"rendered":"https:\/\/www.infraestruturameioambiente.sp.gov.br\/ipa\/?page_id=4783"},"modified":"2025-01-08T15:22:14","modified_gmt":"2025-01-08T18:22:14","slug":"cartilhas","status":"publish","type":"page","link":"https:\/\/www.infraestruturameioambiente.sp.gov.br\/ipa\/publicacoes\/cartilhas\/","title":{"rendered":"Cartilhas"},"content":{"rendered":"<p>[vc_row][vc_column width=&#8221;2\/3&#8243;][vc_column_text]As cartilhas do <strong>IPA \u2013 Instituto de Pesquisas Ambientais<\/strong>\u00a0t\u00eam como finalidade promover a dissemina\u00e7\u00e3o e a aplica\u00e7\u00e3o do conhecimento cient\u00edfico e tecnol\u00f3gico em Bot\u00e2nica, Geoci\u00eancias, Ci\u00eancias Florestais e Biodiversidade, em prol da ci\u00eancia, do desenvolvimento social e da comunidade, com planos e crit\u00e9rios definidos pelo\u00a0<a href=\"https:\/\/www.infraestruturameioambiente.sp.gov.br\/ipa\/orgaos-colegiados\/conselho-editorial\/\">Conselho Editorial<\/a>.[\/vc_column_text][\/vc_column][vc_column width=&#8221;1\/3&#8243;][vc_column_text]<span style=\"font-size: 14pt\"><strong>Publica\u00e7\u00f5es Cient\u00edficas<\/strong><\/span><\/p>\n<ul>\n<li>Anais\n<ul>\n<li><a href=\"https:\/\/www.infraestruturameioambiente.sp.gov.br\/ipa\/publicacoes\/anais-raibt\/\">Anais da RAIBt<\/a><\/li>\n<li><a href=\"https:\/\/www.infraestruturameioambiente.sp.gov.br\/ipa\/publicacoes\/anais-do-sipa\/\">Anais do SIPA<\/a><\/li>\n<\/ul>\n<\/li>\n<li>Boletins<\/li>\n<li>Cadernos<\/li>\n<li><a href=\"https:\/\/www.infraestruturameioambiente.sp.gov.br\/ipa\/caderno-de-resumo\/\">Cadernos de Resumos<\/a><\/li>\n<li><strong>Cartilhas<\/strong><\/li>\n<li><a href=\"https:\/\/www.infraestruturameioambiente.sp.gov.br\/ipa\/publicacoes\/serie-folhetos\/\">Folhetos<\/a> e Manuais<\/li>\n<li><a href=\"https:\/\/www.infraestruturameioambiente.sp.gov.br\/institutodebotanica\/ffesp_online\/\">Flora de S\u00e3o Paulo<\/a><\/li>\n<li>Livros<\/li>\n<li><a href=\"https:\/\/www.infraestruturameioambiente.sp.gov.br\/ipa\/publicacoes\/publicacoes-cientificas\/mapas\/\">Mapas<\/a><\/li>\n<li><a href=\"https:\/\/www.infraestruturameioambiente.sp.gov.br\/ipa\/publicacoes\/revistas-cientificas\/\">Peri\u00f3dicos<\/a><\/li>\n<li><a href=\"https:\/\/www.infraestruturameioambiente.sp.gov.br\/ipa\/relatorio\/\">Relat\u00f3rios<\/a><\/li>\n<li><a href=\"https:\/\/www.infraestruturameioambiente.sp.gov.br\/ipa\/publicacoes\/publicacoes-historicas\/\">Publica\u00e7\u00f5es Hist\u00f3ricas<\/a><\/li>\n<li><a href=\"https:\/\/www.infraestruturameioambiente.sp.gov.br\/ipa\/publicacoes\/venda-de-publicacoes\/\">Vendas de Publica\u00e7\u00f5es<\/a><\/li>\n<\/ul>\n<p>[\/vc_column_text][\/vc_column][\/vc_row][vc_row][vc_column width=&#8221;1\/4&#8243;][vc_column_text]<a href=\"https:\/\/smastr16.blob.core.windows.net\/2001\/sites\/261\/2023\/07\/colecao-geonatural-n-01-voce-sabe-o-que-e-deslizamento.pdf\"><img decoding=\"async\" loading=\"lazy\" class=\"alignnone size-wcfixedheightmedium wp-image-3904\" src=\"https:\/\/smastr16.blob.core.windows.net\/2001\/sites\/261\/2023\/07\/capa_deslizamento-212x300.jpg\" alt=\"\" width=\"212\" height=\"300\" srcset=\"https:\/\/smastr16.blob.core.windows.net\/2001\/sites\/261\/2023\/07\/capa_deslizamento-212x300.jpg 212w, https:\/\/smastr16.blob.core.windows.net\/2001\/sites\/261\/2023\/07\/capa_deslizamento-725x1024.jpg 725w, https:\/\/smastr16.blob.core.windows.net\/2001\/sites\/261\/2023\/07\/capa_deslizamento-768x1084.jpg 768w, https:\/\/smastr16.blob.core.windows.net\/2001\/sites\/261\/2023\/07\/capa_deslizamento-250x353.jpg 250w, https:\/\/smastr16.blob.core.windows.net\/2001\/sites\/261\/2023\/07\/capa_deslizamento-550x777.jpg 550w, https:\/\/smastr16.blob.core.windows.net\/2001\/sites\/261\/2023\/07\/capa_deslizamento-800x1130.jpg 800w, https:\/\/smastr16.blob.core.windows.net\/2001\/sites\/261\/2023\/07\/capa_deslizamento-127x180.jpg 127w, https:\/\/smastr16.blob.core.windows.net\/2001\/sites\/261\/2023\/07\/capa_deslizamento-354x500.jpg 354w, https:\/\/smastr16.blob.core.windows.net\/2001\/sites\/261\/2023\/07\/capa_deslizamento.jpg 1000w\" sizes=\"(max-width: 212px) 100vw, 212px\" \/><\/a><\/p>\n<p><a href=\"https:\/\/smastr16.blob.core.windows.net\/2001\/sites\/261\/2023\/07\/colecao-geonatural-n-01-voce-sabe-o-que-e-deslizamento.pdf\">Cole\u00e7\u00e3o Geonatural 01<\/a><br \/>\n<a href=\"https:\/\/smastr16.blob.core.windows.net\/2001\/sites\/261\/2023\/07\/colecao-geonatural-n-01-voce-sabe-o-que-e-deslizamento.pdf\">Voc\u00ea sabe o que \u00e9 deslizamento?<\/a><br \/>\n(PDF &#8211; 14 MB)[\/vc_column_text][\/vc_column][vc_column width=&#8221;1\/4&#8243;][vc_column_text]<a href=\"https:\/\/smastr16.blob.core.windows.net\/2001\/sites\/261\/2023\/07\/colecao-geonatural-n-02-voce-sabe-o-que-e-relampago.pdf\"><img decoding=\"async\" loading=\"lazy\" class=\"alignnone size-wcfixedheightmedium wp-image-3905\" src=\"https:\/\/smastr16.blob.core.windows.net\/2001\/sites\/261\/2023\/07\/capa_relampago-212x300.jpg\" alt=\"\" width=\"212\" height=\"300\" srcset=\"https:\/\/smastr16.blob.core.windows.net\/2001\/sites\/261\/2023\/07\/capa_relampago-212x300.jpg 212w, https:\/\/smastr16.blob.core.windows.net\/2001\/sites\/261\/2023\/07\/capa_relampago-725x1024.jpg 725w, https:\/\/smastr16.blob.core.windows.net\/2001\/sites\/261\/2023\/07\/capa_relampago-768x1084.jpg 768w, https:\/\/smastr16.blob.core.windows.net\/2001\/sites\/261\/2023\/07\/capa_relampago-250x353.jpg 250w, https:\/\/smastr16.blob.core.windows.net\/2001\/sites\/261\/2023\/07\/capa_relampago-550x777.jpg 550w, https:\/\/smastr16.blob.core.windows.net\/2001\/sites\/261\/2023\/07\/capa_relampago-800x1130.jpg 800w, https:\/\/smastr16.blob.core.windows.net\/2001\/sites\/261\/2023\/07\/capa_relampago-127x180.jpg 127w, https:\/\/smastr16.blob.core.windows.net\/2001\/sites\/261\/2023\/07\/capa_relampago-354x500.jpg 354w, https:\/\/smastr16.blob.core.windows.net\/2001\/sites\/261\/2023\/07\/capa_relampago.jpg 1000w\" sizes=\"(max-width: 212px) 100vw, 212px\" \/><\/a><\/p>\n<p><a href=\"https:\/\/smastr16.blob.core.windows.net\/2001\/sites\/261\/2023\/07\/colecao-geonatural-n-02-voce-sabe-o-que-e-relampago.pdf\">Cole\u00e7\u00e3o Geonatural 02<\/a><br \/>\n<a href=\"https:\/\/smastr16.blob.core.windows.net\/2001\/sites\/261\/2023\/07\/colecao-geonatural-n-02-voce-sabe-o-que-e-relampago.pdf\">Voc\u00ea sabe o que \u00e9 rel\u00e2mpago?<\/a><br \/>\n(PDF &#8211; 10.6 MB)[\/vc_column_text][\/vc_column][vc_column width=&#8221;1\/4&#8243;][\/vc_column][vc_column width=&#8221;1\/4&#8243;][\/vc_column][\/vc_row][vc_row][vc_column width=&#8221;1\/4&#8243;][vc_column_text]<a href=\"https:\/\/smastr16.blob.core.windows.net\/2001\/sites\/261\/2023\/07\/colecao-geonatural-n-03-voce-sabe-o-que-e-erosao-continental.pdf\"><img decoding=\"async\" loading=\"lazy\" class=\"alignnone size-wcfixedheightmedium wp-image-3906\" src=\"https:\/\/smastr16.blob.core.windows.net\/2001\/sites\/261\/2023\/07\/capa_erosao_continental-210x300.jpg\" alt=\"\" width=\"210\" height=\"300\" srcset=\"https:\/\/smastr16.blob.core.windows.net\/2001\/sites\/261\/2023\/07\/capa_erosao_continental-210x300.jpg 210w, https:\/\/smastr16.blob.core.windows.net\/2001\/sites\/261\/2023\/07\/capa_erosao_continental-716x1024.jpg 716w, https:\/\/smastr16.blob.core.windows.net\/2001\/sites\/261\/2023\/07\/capa_erosao_continental-768x1098.jpg 768w, https:\/\/smastr16.blob.core.windows.net\/2001\/sites\/261\/2023\/07\/capa_erosao_continental-250x358.jpg 250w, https:\/\/smastr16.blob.core.windows.net\/2001\/sites\/261\/2023\/07\/capa_erosao_continental-550x787.jpg 550w, https:\/\/smastr16.blob.core.windows.net\/2001\/sites\/261\/2023\/07\/capa_erosao_continental-800x1144.jpg 800w, https:\/\/smastr16.blob.core.windows.net\/2001\/sites\/261\/2023\/07\/capa_erosao_continental-126x180.jpg 126w, https:\/\/smastr16.blob.core.windows.net\/2001\/sites\/261\/2023\/07\/capa_erosao_continental-350x500.jpg 350w, https:\/\/smastr16.blob.core.windows.net\/2001\/sites\/261\/2023\/07\/capa_erosao_continental.jpg 1000w\" sizes=\"(max-width: 210px) 100vw, 210px\" \/><\/a><\/p>\n<p><a href=\"https:\/\/smastr16.blob.core.windows.net\/2001\/sites\/261\/2023\/07\/colecao-geonatural-n-03-voce-sabe-o-que-e-erosao-continental.pdf\">Cole\u00e7\u00e3o Geonatural 03<\/a><br \/>\n<a href=\"https:\/\/smastr16.blob.core.windows.net\/2001\/sites\/261\/2023\/07\/colecao-geonatural-n-03-voce-sabe-o-que-e-erosao-continental.pdf\">Voc\u00ea sabe o que \u00e9 eros\u00e3o continental?<\/a><br \/>\n(PDF &#8211; 14.6 MB)[\/vc_column_text][\/vc_column][vc_column width=&#8221;1\/4&#8243;][vc_column_text]<a href=\"https:\/\/smastr16.blob.core.windows.net\/2001\/sites\/261\/2023\/07\/colecao-geonatural-n-04-voce-sabe-o-que-e-inundacao.pdf\"><img decoding=\"async\" loading=\"lazy\" class=\"alignnone size-wcfixedheightmedium wp-image-3907\" src=\"https:\/\/smastr16.blob.core.windows.net\/2001\/sites\/261\/2023\/07\/capa_inundacao-209x300.jpg\" alt=\"\" width=\"209\" height=\"300\" srcset=\"https:\/\/smastr16.blob.core.windows.net\/2001\/sites\/261\/2023\/07\/capa_inundacao-209x300.jpg 209w, https:\/\/smastr16.blob.core.windows.net\/2001\/sites\/261\/2023\/07\/capa_inundacao-713x1024.jpg 713w, https:\/\/smastr16.blob.core.windows.net\/2001\/sites\/261\/2023\/07\/capa_inundacao-768x1103.jpg 768w, https:\/\/smastr16.blob.core.windows.net\/2001\/sites\/261\/2023\/07\/capa_inundacao-250x359.jpg 250w, https:\/\/smastr16.blob.core.windows.net\/2001\/sites\/261\/2023\/07\/capa_inundacao-550x790.jpg 550w, https:\/\/smastr16.blob.core.windows.net\/2001\/sites\/261\/2023\/07\/capa_inundacao-800x1149.jpg 800w, https:\/\/smastr16.blob.core.windows.net\/2001\/sites\/261\/2023\/07\/capa_inundacao-125x180.jpg 125w, https:\/\/smastr16.blob.core.windows.net\/2001\/sites\/261\/2023\/07\/capa_inundacao-348x500.jpg 348w, https:\/\/smastr16.blob.core.windows.net\/2001\/sites\/261\/2023\/07\/capa_inundacao.jpg 1000w\" sizes=\"(max-width: 209px) 100vw, 209px\" \/><\/a><\/p>\n<p><a href=\"https:\/\/smastr16.blob.core.windows.net\/2001\/sites\/261\/2023\/07\/colecao-geonatural-n-04-voce-sabe-o-que-e-inundacao.pdf\">Cole\u00e7\u00e3o Geonatural 04<\/a><br \/>\n<a href=\"https:\/\/smastr16.blob.core.windows.net\/2001\/sites\/261\/2023\/07\/colecao-geonatural-n-04-voce-sabe-o-que-e-inundacao.pdf\">Voc\u00ea sabe o que \u00e9 inunda\u00e7\u00e3o?<\/a><br \/>\n(PDF &#8211; 4.76 MB)[\/vc_column_text][\/vc_column][vc_column width=&#8221;1\/4&#8243;][\/vc_column][vc_column width=&#8221;1\/4&#8243;][\/vc_column][\/vc_row][vc_row][vc_column width=&#8221;1\/4&#8243;][vc_column_text]<a href=\"https:\/\/smastr16.blob.core.windows.net\/2001\/sites\/261\/2024\/11\/colecao-colecao-geonatural-voce-sabe-o-que-e-aquifero.pdf\" target=\"_blank\" rel=\"noopener\"><img decoding=\"async\" loading=\"lazy\" class=\"alignnone wp-image-7420 size-wcfixedheightmedium\" src=\"https:\/\/smastr16.blob.core.windows.net\/2001\/sites\/261\/2024\/11\/capa-aquifero-208x300.jpg\" alt=\"\" width=\"208\" height=\"300\" srcset=\"https:\/\/smastr16.blob.core.windows.net\/2001\/sites\/261\/2024\/11\/capa-aquifero-208x300.jpg 208w, https:\/\/smastr16.blob.core.windows.net\/2001\/sites\/261\/2024\/11\/capa-aquifero-712x1024.jpg 712w, https:\/\/smastr16.blob.core.windows.net\/2001\/sites\/261\/2024\/11\/capa-aquifero-768x1105.jpg 768w, https:\/\/smastr16.blob.core.windows.net\/2001\/sites\/261\/2024\/11\/capa-aquifero-250x360.jpg 250w, https:\/\/smastr16.blob.core.windows.net\/2001\/sites\/261\/2024\/11\/capa-aquifero-550x791.jpg 550w, https:\/\/smastr16.blob.core.windows.net\/2001\/sites\/261\/2024\/11\/capa-aquifero-800x1151.jpg 800w, https:\/\/smastr16.blob.core.windows.net\/2001\/sites\/261\/2024\/11\/capa-aquifero-125x180.jpg 125w, https:\/\/smastr16.blob.core.windows.net\/2001\/sites\/261\/2024\/11\/capa-aquifero-347x500.jpg 347w, https:\/\/smastr16.blob.core.windows.net\/2001\/sites\/261\/2024\/11\/capa-aquifero.jpg 1000w\" sizes=\"(max-width: 208px) 100vw, 208px\" \/><\/a><\/p>\n<p><a href=\"https:\/\/smastr16.blob.core.windows.net\/2001\/sites\/261\/2024\/11\/colecao-colecao-geonatural-voce-sabe-o-que-e-aquifero.pdf\">Cole\u00e7\u00e3o Geonatural 05 Voc\u00ea sabe o que \u00e9 Aqu\u00edfero?<\/a> (PDF 13.9 MB)[\/vc_column_text][\/vc_column][vc_column width=&#8221;1\/4&#8243;][vc_column_text]<a href=\"https:\/\/smastr16.blob.core.windows.net\/2001\/sites\/261\/2023\/08\/guia_aves_arredores_colegio_novo_milleniun.pdf\" target=\"_blank\" rel=\"noopener\"><img decoding=\"async\" loading=\"lazy\" class=\"alignnone wp-image-4472 size-medium\" src=\"https:\/\/smastr16.blob.core.windows.net\/2001\/sites\/261\/2023\/08\/guia_aves_arredores_colegio_novo_milleniun-225x300.jpg\" alt=\"\" width=\"225\" height=\"300\" srcset=\"https:\/\/smastr16.blob.core.windows.net\/2001\/sites\/261\/2023\/08\/guia_aves_arredores_colegio_novo_milleniun-225x300.jpg 225w, https:\/\/smastr16.blob.core.windows.net\/2001\/sites\/261\/2023\/08\/guia_aves_arredores_colegio_novo_milleniun-250x333.jpg 250w, https:\/\/smastr16.blob.core.windows.net\/2001\/sites\/261\/2023\/08\/guia_aves_arredores_colegio_novo_milleniun-550x733.jpg 550w, https:\/\/smastr16.blob.core.windows.net\/2001\/sites\/261\/2023\/08\/guia_aves_arredores_colegio_novo_milleniun-135x180.jpg 135w, https:\/\/smastr16.blob.core.windows.net\/2001\/sites\/261\/2023\/08\/guia_aves_arredores_colegio_novo_milleniun-375x500.jpg 375w, https:\/\/smastr16.blob.core.windows.net\/2001\/sites\/261\/2023\/08\/guia_aves_arredores_colegio_novo_milleniun.jpg 600w\" sizes=\"(max-width: 225px) 100vw, 225px\" \/><\/a><\/p>\n<p><a href=\"https:\/\/smastr16.blob.core.windows.net\/2001\/sites\/261\/2023\/08\/guia_aves_arredores_colegio_novo_milleniun.pdf\">Guia de aves dos arredores do Col\u00e9gio Novo Milleniun: aves do Morro do Diabo e Zona Urbana<\/a> (PDF 5.7 MB)[\/vc_column_text][\/vc_column][vc_column width=&#8221;1\/4&#8243;][\/vc_column][vc_column width=&#8221;1\/4&#8243;][\/vc_column][\/vc_row][vc_row][vc_column width=&#8221;1\/4&#8243;][vc_column_text]<a href=\"https:\/\/smastr16.blob.core.windows.net\/2001\/sites\/261\/2023\/08\/arvore_amiga_da_cidade.pdf\" target=\"_blank\" rel=\"noopener\"><img decoding=\"async\" loading=\"lazy\" class=\"alignnone wp-image-4475 size-medium\" src=\"https:\/\/smastr16.blob.core.windows.net\/2001\/sites\/261\/2023\/08\/arvore_amiga_da_cidade-225x300.jpg\" alt=\"\" width=\"225\" height=\"300\" srcset=\"https:\/\/smastr16.blob.core.windows.net\/2001\/sites\/261\/2023\/08\/arvore_amiga_da_cidade-225x300.jpg 225w, https:\/\/smastr16.blob.core.windows.net\/2001\/sites\/261\/2023\/08\/arvore_amiga_da_cidade-250x333.jpg 250w, https:\/\/smastr16.blob.core.windows.net\/2001\/sites\/261\/2023\/08\/arvore_amiga_da_cidade-550x733.jpg 550w, https:\/\/smastr16.blob.core.windows.net\/2001\/sites\/261\/2023\/08\/arvore_amiga_da_cidade-135x180.jpg 135w, https:\/\/smastr16.blob.core.windows.net\/2001\/sites\/261\/2023\/08\/arvore_amiga_da_cidade-375x500.jpg 375w, https:\/\/smastr16.blob.core.windows.net\/2001\/sites\/261\/2023\/08\/arvore_amiga_da_cidade.jpg 600w\" sizes=\"(max-width: 225px) 100vw, 225px\" \/><\/a><\/p>\n<p><a href=\"https:\/\/smastr16.blob.core.windows.net\/2001\/sites\/261\/2023\/08\/arvore_amiga_da_cidade.pdf\">\u00c1rvore Amiga da Cidade<\/a> (PDF 4,10 MB)[\/vc_column_text][\/vc_column][vc_column width=&#8221;1\/4&#8243;][vc_column_text]<a href=\"https:\/\/smastr16.blob.core.windows.net\/2001\/sites\/261\/2023\/08\/bicho_quem_te_viu_quem_te_ve.pdf\" target=\"_blank\" rel=\"noopener\"><img decoding=\"async\" loading=\"lazy\" class=\"alignnone wp-image-4476 size-medium\" src=\"https:\/\/smastr16.blob.core.windows.net\/2001\/sites\/261\/2023\/08\/bicho_quem_te_viu_quem_te_ve-225x300.jpg\" alt=\"\" width=\"225\" height=\"300\" srcset=\"https:\/\/smastr16.blob.core.windows.net\/2001\/sites\/261\/2023\/08\/bicho_quem_te_viu_quem_te_ve-225x300.jpg 225w, https:\/\/smastr16.blob.core.windows.net\/2001\/sites\/261\/2023\/08\/bicho_quem_te_viu_quem_te_ve-250x333.jpg 250w, https:\/\/smastr16.blob.core.windows.net\/2001\/sites\/261\/2023\/08\/bicho_quem_te_viu_quem_te_ve-550x733.jpg 550w, https:\/\/smastr16.blob.core.windows.net\/2001\/sites\/261\/2023\/08\/bicho_quem_te_viu_quem_te_ve-135x180.jpg 135w, https:\/\/smastr16.blob.core.windows.net\/2001\/sites\/261\/2023\/08\/bicho_quem_te_viu_quem_te_ve-375x500.jpg 375w, https:\/\/smastr16.blob.core.windows.net\/2001\/sites\/261\/2023\/08\/bicho_quem_te_viu_quem_te_ve.jpg 600w\" sizes=\"(max-width: 225px) 100vw, 225px\" \/><\/a><\/p>\n<p><a href=\"https:\/\/smastr16.blob.core.windows.net\/2001\/sites\/261\/2023\/08\/bicho_quem_te_viu_quem_te_ve.pdf\">Bicho: quem te viu, quem te v\u00ea!<\/a> (PDF 18.6 MB)[\/vc_column_text][\/vc_column][vc_column width=&#8221;1\/4&#8243;][\/vc_column][vc_column width=&#8221;1\/4&#8243;][\/vc_column][\/vc_row][vc_row][vc_column width=&#8221;1\/4&#8243;][vc_column_text]<a href=\"https:\/\/smastr16.blob.core.windows.net\/2001\/sites\/261\/2023\/08\/cartilha_educatupi.pdf\" target=\"_blank\" rel=\"noopener\"><img decoding=\"async\" loading=\"lazy\" class=\"alignnone wp-image-4477 size-medium\" src=\"https:\/\/smastr16.blob.core.windows.net\/2001\/sites\/261\/2023\/08\/cartilha_educatupi-223x300.jpg\" alt=\"\" width=\"223\" height=\"300\" srcset=\"https:\/\/smastr16.blob.core.windows.net\/2001\/sites\/261\/2023\/08\/cartilha_educatupi-223x300.jpg 223w, https:\/\/smastr16.blob.core.windows.net\/2001\/sites\/261\/2023\/08\/cartilha_educatupi-250x336.jpg 250w, https:\/\/smastr16.blob.core.windows.net\/2001\/sites\/261\/2023\/08\/cartilha_educatupi-550x738.jpg 550w, https:\/\/smastr16.blob.core.windows.net\/2001\/sites\/261\/2023\/08\/cartilha_educatupi-134x180.jpg 134w, https:\/\/smastr16.blob.core.windows.net\/2001\/sites\/261\/2023\/08\/cartilha_educatupi-372x500.jpg 372w, https:\/\/smastr16.blob.core.windows.net\/2001\/sites\/261\/2023\/08\/cartilha_educatupi.jpg 718w\" sizes=\"(max-width: 223px) 100vw, 223px\" \/><\/a><\/p>\n<p><a href=\"https:\/\/smastr16.blob.core.windows.net\/2001\/sites\/261\/2023\/08\/cartilha_educatupi.pdf\">EducaTupi: Sugest\u00f5es de atividades para as escolas que visitam a Esta\u00e7\u00e3o Experimental de Tupi<\/a> (PDF 10.6 MB)[\/vc_column_text][\/vc_column][vc_column width=&#8221;1\/4&#8243;][vc_column_text]<a href=\"https:\/\/smastr16.blob.core.windows.net\/2001\/sites\/261\/2024\/10\/estbiodiversidadecerradorevisao.pdf\" target=\"_blank\" rel=\"noopener\"><img decoding=\"async\" loading=\"lazy\" class=\"alignnone wp-image-7299 size-medium\" src=\"https:\/\/smastr16.blob.core.windows.net\/2001\/sites\/261\/2024\/10\/estacao-biodiversidade-2024-225x300.jpg\" alt=\"\" width=\"225\" height=\"300\" srcset=\"https:\/\/smastr16.blob.core.windows.net\/2001\/sites\/261\/2024\/10\/estacao-biodiversidade-2024-225x300.jpg 225w, https:\/\/smastr16.blob.core.windows.net\/2001\/sites\/261\/2024\/10\/estacao-biodiversidade-2024-768x1024.jpg 768w, https:\/\/smastr16.blob.core.windows.net\/2001\/sites\/261\/2024\/10\/estacao-biodiversidade-2024-250x333.jpg 250w, https:\/\/smastr16.blob.core.windows.net\/2001\/sites\/261\/2024\/10\/estacao-biodiversidade-2024-550x733.jpg 550w, https:\/\/smastr16.blob.core.windows.net\/2001\/sites\/261\/2024\/10\/estacao-biodiversidade-2024-800x1066.jpg 800w, https:\/\/smastr16.blob.core.windows.net\/2001\/sites\/261\/2024\/10\/estacao-biodiversidade-2024-135x180.jpg 135w, https:\/\/smastr16.blob.core.windows.net\/2001\/sites\/261\/2024\/10\/estacao-biodiversidade-2024-375x500.jpg 375w, https:\/\/smastr16.blob.core.windows.net\/2001\/sites\/261\/2024\/10\/estacao-biodiversidade-2024.jpg 1000w\" sizes=\"(max-width: 225px) 100vw, 225px\" \/><\/a><\/p>\n<p><a href=\"https:\/\/smastr16.blob.core.windows.net\/2001\/sites\/261\/2024\/10\/estbiodiversidadecerradorevisao.pdf\">Esta\u00e7\u00e3o Biodiversidade <\/a>(PDF 5.7 MB)[\/vc_column_text][\/vc_column][vc_column width=&#8221;1\/4&#8243;][\/vc_column][vc_column width=&#8221;1\/4&#8243;][\/vc_column][\/vc_row]<\/p>\n","protected":false},"excerpt":{"rendered":"<p>[vc_row][vc_column width=&#8221;2\/3&#8243;][vc_column_text]As cartilhas do IPA \u2013 Instituto de Pesquisas Ambientais\u00a0t\u00eam como finalidade promover a dissemina\u00e7\u00e3o e a aplica\u00e7\u00e3o do conhecimento cient\u00edfico e tecnol\u00f3gico em Bot\u00e2nica, Geoci\u00eancias, Ci\u00eancias Florestais e Biodiversidade, [&hellip;]<\/p>\n","protected":false},"author":196,"featured_media":0,"parent":28,"menu_order":0,"comment_status":"closed","ping_status":"closed","template":"","meta":[],"_links":{"self":[{"href":"https:\/\/www.infraestruturameioambiente.sp.gov.br\/ipa\/wp-json\/wp\/v2\/pages\/4783"}],"collection":[{"href":"https:\/\/www.infraestruturameioambiente.sp.gov.br\/ipa\/wp-json\/wp\/v2\/pages"}],"about":[{"href":"https:\/\/www.infraestruturameioambiente.sp.gov.br\/ipa\/wp-json\/wp\/v2\/types\/page"}],"author":[{"embeddable":true,"href":"https:\/\/www.infraestruturameioambiente.sp.gov.br\/ipa\/wp-json\/wp\/v2\/users\/196"}],"replies":[{"embeddable":true,"href":"https:\/\/www.infraestruturameioambiente.sp.gov.br\/ipa\/wp-json\/wp\/v2\/comments?post=4783"}],"version-history":[{"count":13,"href":"https:\/\/www.infraestruturameioambiente.sp.gov.br\/ipa\/wp-json\/wp\/v2\/pages\/4783\/revisions"}],"predecessor-version":[{"id":7687,"href":"https:\/\/www.infraestruturameioambiente.sp.gov.br\/ipa\/wp-json\/wp\/v2\/pages\/4783\/revisions\/7687"}],"up":[{"embeddable":true,"href":"https:\/\/www.infraestruturameioambiente.sp.gov.br\/ipa\/wp-json\/wp\/v2\/pages\/28"}],"wp:attachment":[{"href":"https:\/\/www.infraestruturameioambiente.sp.gov.br\/ipa\/wp-json\/wp\/v2\/media?parent=4783"}],"curies":[{"name":"wp","href":"https:\/\/api.w.org\/{rel}","templated":true}]}}