{"id":47,"date":"2021-09-14T13:28:10","date_gmt":"2021-09-14T16:28:10","guid":{"rendered":"https:\/\/portal-sima-homologacao.azurewebsites.net\/ipa\/?page_id=47"},"modified":"2025-11-04T15:50:54","modified_gmt":"2025-11-04T18:50:54","slug":"bibliotecas","status":"publish","type":"page","link":"https:\/\/www.infraestruturameioambiente.sp.gov.br\/ipa\/bibliotecas\/","title":{"rendered":"Bibliotecas"},"content":{"rendered":"<p>[vc_row][vc_column width=&#8221;2\/3&#8243;][vc_column_text]O IPA &#8211; Instituto de Pesquisas Ambientais possui 3 bibliotecas, que s\u00e3o de responsabilidade do Servi\u00e7o de Bibliotecas, Mapotecas, Museus, Acervos Arquiv\u00edsticos e Iconogr\u00e1ficos. Est\u00e3o localizadas nas 3 unidades administrativas, dentro da cidade de S\u00e3o Paulo, e atendem principalmente estudantes, professores e pesquisadores, em visitas guiadas, e o p\u00fablico em geral. Al\u00e9m de desenvolverem atividades de divulga\u00e7\u00e3o cient\u00edfica, desempenham um importante papel nas pol\u00edticas p\u00fablicas em ensino do Estado de S\u00e3o Paulo.<\/p>\n<p><span style=\"font-size: 14pt\"><strong>Biblioteca de Bot\u00e2nica<\/strong><\/span><\/p>\n<p><img decoding=\"async\" loading=\"lazy\" class=\"alignnone wp-image-91 size-wcstandard\" src=\"https:\/\/smastr16.blob.core.windows.net\/2001\/sites\/261\/2021\/10\/bibliotecabotanica2-550x413.jpg\" alt=\"\" width=\"550\" height=\"413\" srcset=\"https:\/\/www.infraestruturameioambiente.sp.gov.br\/ipa\/wp-content\/uploads\/sites\/261\/2021\/10\/bibliotecabotanica2-550x413.jpg 550w, https:\/\/www.infraestruturameioambiente.sp.gov.br\/ipa\/wp-content\/uploads\/sites\/261\/2021\/10\/bibliotecabotanica2-300x225.jpg 300w, https:\/\/www.infraestruturameioambiente.sp.gov.br\/ipa\/wp-content\/uploads\/sites\/261\/2021\/10\/bibliotecabotanica2-250x188.jpg 250w, https:\/\/www.infraestruturameioambiente.sp.gov.br\/ipa\/wp-content\/uploads\/sites\/261\/2021\/10\/bibliotecabotanica2-240x180.jpg 240w, https:\/\/www.infraestruturameioambiente.sp.gov.br\/ipa\/wp-content\/uploads\/sites\/261\/2021\/10\/bibliotecabotanica2-400x300.jpg 400w, https:\/\/www.infraestruturameioambiente.sp.gov.br\/ipa\/wp-content\/uploads\/sites\/261\/2021\/10\/bibliotecabotanica2.jpg 620w\" sizes=\"(max-width: 550px) 100vw, 550px\" \/><\/p>\n<p>A Biblioteca de Bot\u00e2nica foi criada em 1938, juntamente com o antigo Instituto de Bot\u00e2nica, atual Instituto de Pesquisas Ambientais. Sua cole\u00e7\u00e3o re\u00fane um acervo altamente especializado em bot\u00e2nica, especialmente em taxonomia vegetal e meio ambiente. Seu acervo \u00e9 formado e mantido atrav\u00e9s de permuta, doa\u00e7\u00f5es e compra. A biblioteca mant\u00e9m interc\u00e2mbio de publica\u00e7\u00f5es editadas pelo IPA com outras Bibliotecas do Brasil e do exterior. \u00c9 considerada uma das mais completas na \u00e1rea, possui uma excelente cole\u00e7\u00e3o de t\u00edtulos raros e antigos. Seu acervo \u00e9 informatizado e pode ser consultado atrav\u00e9s da Internet. \u00c9 permitida a consulta local para o p\u00fablico em geral somente com agendamento atrav\u00e9s do e-mail ou telefone. Oferece empr\u00e9stimo somente a servidores, estagi\u00e1rios e alunos de p\u00f3s-gradua\u00e7\u00e3o.<\/p>\n<p>Hor\u00e1rio de funcionamento: das 09h \u00e0s 17h de 2\u00aa a 6\u00aa feira.<br \/>\nEndere\u00e7o: IPA \u2013 Unidade Jd. Bot\u00e2nico, Av. Miguel Stefano, 3687 \u00c1gua Funda, S\u00e3o Paulo \u2013 SP.<br \/>\nInforma\u00e7\u00f5es: Tel. (11) 5067-6042 ou 5067-6043<br \/>\nE-mail: <a href=\"mailto:biblioteca.ipa.jb@sp.gov.br\">biblioteca.ipa.jb@sp.gov.br<\/a><\/p>\n<p>Para busca de t\u00edtulos de livros, peri\u00f3dicos, artigos, disserta\u00e7\u00f5es e teses acesse: <a href=\"http:\/\/www.ibot.sp.gov.br\/BIBLIOTECA\/Livro.asp\">BUSCA ACERVO ONLINE<\/a><\/p>\n<p>&nbsp;<\/p>\n<p><strong><span style=\"font-size: 14pt\">Biblioteca do Horto<\/span><\/strong><\/p>\n<p><img decoding=\"async\" loading=\"lazy\" class=\"alignnone wp-image-93 size-wcstandard\" src=\"https:\/\/smastr16.blob.core.windows.net\/2001\/sites\/261\/2021\/10\/bibliotecaflorestal-550x367.jpg\" alt=\"\" width=\"550\" height=\"367\" srcset=\"https:\/\/www.infraestruturameioambiente.sp.gov.br\/ipa\/wp-content\/uploads\/sites\/261\/2021\/10\/bibliotecaflorestal-550x367.jpg 550w, https:\/\/www.infraestruturameioambiente.sp.gov.br\/ipa\/wp-content\/uploads\/sites\/261\/2021\/10\/bibliotecaflorestal-300x200.jpg 300w, https:\/\/www.infraestruturameioambiente.sp.gov.br\/ipa\/wp-content\/uploads\/sites\/261\/2021\/10\/bibliotecaflorestal-768x512.jpg 768w, https:\/\/www.infraestruturameioambiente.sp.gov.br\/ipa\/wp-content\/uploads\/sites\/261\/2021\/10\/bibliotecaflorestal-250x167.jpg 250w, https:\/\/www.infraestruturameioambiente.sp.gov.br\/ipa\/wp-content\/uploads\/sites\/261\/2021\/10\/bibliotecaflorestal-800x534.jpg 800w, https:\/\/www.infraestruturameioambiente.sp.gov.br\/ipa\/wp-content\/uploads\/sites\/261\/2021\/10\/bibliotecaflorestal-270x180.jpg 270w, https:\/\/www.infraestruturameioambiente.sp.gov.br\/ipa\/wp-content\/uploads\/sites\/261\/2021\/10\/bibliotecaflorestal-450x300.jpg 450w, https:\/\/www.infraestruturameioambiente.sp.gov.br\/ipa\/wp-content\/uploads\/sites\/261\/2021\/10\/bibliotecaflorestal-750x500.jpg 750w, https:\/\/www.infraestruturameioambiente.sp.gov.br\/ipa\/wp-content\/uploads\/sites\/261\/2021\/10\/bibliotecaflorestal.jpg 1000w\" sizes=\"(max-width: 550px) 100vw, 550px\" \/><\/p>\n<p>A Biblioteca do Horto foi criada em 1945, atrav\u00e9s do Decreto-Lei n\u00ba 15.143 de 19 de outubro de 1945 que organizou o Servi\u00e7o Florestal, fazendo parte dos Servi\u00e7os Administrativos (S\u00e3o Paulo, Leis, Decretos, 1945).<\/p>\n<p>A biblioteca possui um acervo constitu\u00eddo por obras de bot\u00e2nica, silvicultura e ci\u00eancias correlatas, al\u00e9m de uma cole\u00e7\u00e3o de Leis e Decretos Federais e Estaduais; conta com 10.721 volumes de livros; 1.396 t\u00edtulos de peri\u00f3dicos, e com aproximadamente 40.000 fasc\u00edculos. Inclui obras raras, tais como: &#8211; Collec\u00e7\u00e3o das Leis do Brazil de 1820. Rio de Janeiro, Imprensa Nacional. 1889 e FIGUEIREDO, F.E. de Apontamentos de Geologia Agr\u00edcola. Lisboa: s.cp. 1896. 385p.<\/p>\n<p>As tarefas principais da biblioteca concentram-se em: organiza\u00e7\u00e3o e reorganiza\u00e7\u00e3o de seu cat\u00e1logo; escolha, sele\u00e7\u00e3o e aquisi\u00e7\u00e3o do material bibliogr\u00e1fico: livros, peri\u00f3dicos, folhetos, teses e outras; permuta de publica\u00e7\u00f5es, atendimento ao usu\u00e1rio, conserva\u00e7\u00e3o do material bibliogr\u00e1fico e outros. Permuta publica\u00e7\u00f5es com 46 entidades.<br \/>\nReconhecida por t\u00e9cnicos como fonte primordial para suas pesquisas, vem recebendo um novo impulso para seu desenvolvimento na presta\u00e7\u00e3o de servi\u00e7os.<br \/>\nAs atividades da biblioteca concentram-se, hoje, em atendimento ao usu\u00e1rio, empr\u00e9stimo de materiais bibliogr\u00e1ficos, refer\u00eancias bibliogr\u00e1ficas, levantamentos bibliogr\u00e1ficos, arquivologia, indexa\u00e7\u00e3o de material, interc\u00e2mbio entre bibliotecas, classifica\u00e7\u00e3o de livros e registro de peri\u00f3dicos.<\/p>\n<p>Hor\u00e1rio de funcionamento: das 09h \u00e0s 12h e das 13:30 \u00e0s 16:30 de 2\u00aa a 6\u00aa feira.<br \/>\nPara consultas \u00e0 mem\u00f3ria t\u00e9cnica do Instituto Florestal \u00e9 necess\u00e1rio agendamento pr\u00e9vio.<br \/>\nEndere\u00e7o: IPA &#8211; Unidade Horto Florestal, Av. Santa In\u00eas, 2.814 &#8211; Horto Florestal, S\u00e3o Paulo &#8211; SP.<br \/>\nTelefone: (11) 2231-8555 &#8211; Ramal 2210<br \/>\nConsultas: <a href=\"biblioteca.ipa.horto@sp.gov.br\">biblioteca.ipa.horto@sp.gov.br<\/a><\/p>\n<p>&nbsp;<\/p>\n<p><strong><span style=\"font-size: 14pt\">Biblioteca Geol\u00f3gica<\/span><\/strong><\/p>\n<p><img decoding=\"async\" loading=\"lazy\" class=\"alignnone wp-image-1078 size-full\" src=\"https:\/\/smastr16.blob.core.windows.net\/2001\/sites\/261\/2022\/04\/biblioteca_vm.jpg\" alt=\"\" width=\"500\" height=\"501\" srcset=\"https:\/\/www.infraestruturameioambiente.sp.gov.br\/ipa\/wp-content\/uploads\/sites\/261\/2022\/04\/biblioteca_vm.jpg 500w, https:\/\/www.infraestruturameioambiente.sp.gov.br\/ipa\/wp-content\/uploads\/sites\/261\/2022\/04\/biblioteca_vm-300x300.jpg 300w, https:\/\/www.infraestruturameioambiente.sp.gov.br\/ipa\/wp-content\/uploads\/sites\/261\/2022\/04\/biblioteca_vm-150x150.jpg 150w, https:\/\/www.infraestruturameioambiente.sp.gov.br\/ipa\/wp-content\/uploads\/sites\/261\/2022\/04\/biblioteca_vm-48x48.jpg 48w, https:\/\/www.infraestruturameioambiente.sp.gov.br\/ipa\/wp-content\/uploads\/sites\/261\/2022\/04\/biblioteca_vm-250x251.jpg 250w, https:\/\/www.infraestruturameioambiente.sp.gov.br\/ipa\/wp-content\/uploads\/sites\/261\/2022\/04\/biblioteca_vm-180x180.jpg 180w, https:\/\/www.infraestruturameioambiente.sp.gov.br\/ipa\/wp-content\/uploads\/sites\/261\/2022\/04\/biblioteca_vm-299x300.jpg 299w\" sizes=\"(max-width: 500px) 100vw, 500px\" \/>A<\/p>\n<p>Biblioteca Geol\u00f3gica desenvolve atividades que visam a contribuir para melhoria da dissemina\u00e7\u00e3o das informa\u00e7\u00f5es, chegando ao usu\u00e1rio de forma r\u00e1pida e de qualidade. Ela conta com um acervo especializado em geoci\u00eancias, com aproximadamente 145.169 volumes de livros, peri\u00f3dicos, teses, separatas, folhetos, anais de congressos e simp\u00f3sios, mant\u00e9m atualizados os acervos bibliogr\u00e1ficos e cartogr\u00e1ficos, que est\u00e3o dispon\u00edveis \u00e0 comunidade geocient\u00edfica e p\u00fablico interessado. Est\u00e1 em desenvolvimento um sistema de gerenciamento, para atender as necessidades da biblioteca com recursos que integrem e automatizem todas as fun\u00e7\u00f5es b\u00e1sicas do acervo como: cataloga\u00e7\u00e3o, pesquisa, reserva, empr\u00e9stimo e aquisi\u00e7\u00e3o. Concebida num formato din\u00e2mico e preocupada com as r\u00e1pidas mudan\u00e7as que ocorrem no mundo, sua administra\u00e7\u00e3o avalia periodicamente suas fun\u00e7\u00f5es e atua\u00e7\u00e3o, constando em sua composi\u00e7\u00e3o apenas obras voltadas \u00e0 \u00e1rea de geoci\u00eancias e ao meio ambiente.<br \/>\nA especializa\u00e7\u00e3o \u00e9 necess\u00e1ria porque torna poss\u00edvel uma sele\u00e7\u00e3o mais apurada das publica\u00e7\u00f5es e dos temas. Melhores condi\u00e7\u00f5es de uso do acervo e de suas instala\u00e7\u00f5es tamb\u00e9m t\u00eam sido uma das constantes preocupa\u00e7\u00f5es, com o desenvolvimento de um projeto de recupera\u00e7\u00e3o das instala\u00e7\u00f5es e moderniza\u00e7\u00e3o dos m\u00f3veis, com o apoio financeiro da FAPESP, que viabilizou a atualiza\u00e7\u00e3o dos procedimentos de gest\u00e3o da biblioteca.<\/p>\n<p>Hor\u00e1rio de funcionamento: das 9:00 \u00e0s 16:00 de 2\u00aa a 6\u00aa feira.<br \/>\nEndere\u00e7o: IPA &#8211; Unidade Vila Mariana, Rua Joaquim T\u00e1vora, 822 \u2013 Vila Mariana, S\u00e3o Paulo &#8211; SP.<br \/>\nTel.: (11) 5077-1099<br \/>\nConsultas: <a href=\"biblioteca.ipa.vlmariana@sp.gov.br\">biblioteca.ipa.vlmariana@sp.gov.br<\/a><\/p>\n<p><strong><span style=\"font-size: 14pt\">Mapoteca Geol\u00f3gica<\/span><\/strong><\/p>\n<p>A Mapoteca Geol\u00f3gica \u00e9 composta por um acervo de aproximadamente 10.000 mapas, constitu\u00eddos por cartas topogr\u00e1ficas de diversas escalas, mapas geol\u00f3gicos nacionais e internacionais, al\u00e9m de outras cartas tem\u00e1ticas. Atrav\u00e9s do projeto \u201cSistema para gerenciamento de banco de dados georeferrenciado da Mapoteca do Instituto Geol\u00f3gico\u201d, foi poss\u00edvel elaborar um sistema para manipular um cadastro digital dos mapas do acervo da Mapoteca Geol\u00f3gica.<br \/>\nO sistema permite consultas por diversos atributos, tais como: coordenadas geogr\u00e1ficas, munic\u00edpios, tema. Os mapas s\u00e3o cadastrados considerando o tema, proje\u00e7\u00e3o cartogr\u00e1fica, elips\u00f3ide de refer\u00eancia, coordenadas geogr\u00e1ficas, pa\u00edses, estados e cidades circunscritas pela carta, projeto de execu\u00e7\u00e3o, ano de publica\u00e7\u00e3o e outras informa\u00e7\u00f5es do documento. Consultas estruturadas podem ser executadas gerando relat\u00f3rios alfanum\u00e9ricos. H\u00e1 tamb\u00e9m a possibilidade de fazer pesquisas personalizadas, de acordo com a necessidade de cada consulente.<br \/>\nO cadastro digital da Mapoteca Geol\u00f3gica constitui uma importante ferramenta para os pesquisadores da pr\u00f3pria institui\u00e7\u00e3o e de outras institui\u00e7\u00f5es, na formula\u00e7\u00e3o de projetos, uma vez que facilita sobremaneira a consulta aos mapas, agilizando suas buscas e proporcionando aos seus usu\u00e1rios mais conforto, efici\u00eancia e rapidez nas pesquisas. Vale destacar que a conclus\u00e3o do projeto foi um passo significativo para a moderniza\u00e7\u00e3o do acesso \u00e0s informa\u00e7\u00f5es do rico acervo cartogr\u00e1fico.<\/p>\n<p>Hor\u00e1rio de funcionamento: das 9:00 \u00e0s 16:00 de 2\u00aa a 6\u00aa feira.<br \/>\nEndere\u00e7o: IPA &#8211; Unidade Vila Mariana, Rua Joaquim T\u00e1vora, 822 &#8211; Vila Mariana, S\u00e3o Paulo &#8211; SP.<br \/>\nTel.: (11) 5077-1099<br \/>\nConsultas: <a href=\"biblioteca.ipa.vlmariana@sp.gov.br\">biblioteca.ipa.vlmariana@sp.gov.br<\/a>[\/vc_column_text][\/vc_column][vc_column width=&#8221;1\/3&#8243;][vc_column_text]<span style=\"font-size: 14pt\"><strong>Nossos Endere\u00e7os<\/strong><\/span><\/p>\n<ul>\n<li><strong>Bibliotecas<\/strong><\/li>\n<li><a href=\"https:\/\/www.infraestruturameioambiente.sp.gov.br\/ipa\/museus\/\">Museus<\/a><\/li>\n<li><a href=\"https:\/\/www.infraestruturameioambiente.sp.gov.br\/ipa\/laboratorios\/\">Laborat\u00f3rios<\/a><\/li>\n<li><a href=\"https:\/\/www.infraestruturameioambiente.sp.gov.br\/ipa\/enderecos\/\">Unidades<\/a><\/li>\n<\/ul>\n<p>[\/vc_column_text][\/vc_column][\/vc_row]<\/p>\n","protected":false},"excerpt":{"rendered":"<p>[vc_row][vc_column width=&#8221;2\/3&#8243;][vc_column_text]O IPA &#8211; Instituto de Pesquisas Ambientais possui 3 bibliotecas, que s\u00e3o de responsabilidade do Servi\u00e7o de Bibliotecas, Mapotecas, Museus, Acervos Arquiv\u00edsticos e Iconogr\u00e1ficos. Est\u00e3o localizadas nas 3 unidades [&hellip;]<\/p>\n","protected":false},"author":184,"featured_media":0,"parent":0,"menu_order":0,"comment_status":"closed","ping_status":"closed","template":"","meta":[],"_links":{"self":[{"href":"https:\/\/www.infraestruturameioambiente.sp.gov.br\/ipa\/wp-json\/wp\/v2\/pages\/47"}],"collection":[{"href":"https:\/\/www.infraestruturameioambiente.sp.gov.br\/ipa\/wp-json\/wp\/v2\/pages"}],"about":[{"href":"https:\/\/www.infraestruturameioambiente.sp.gov.br\/ipa\/wp-json\/wp\/v2\/types\/page"}],"author":[{"embeddable":true,"href":"https:\/\/www.infraestruturameioambiente.sp.gov.br\/ipa\/wp-json\/wp\/v2\/users\/184"}],"replies":[{"embeddable":true,"href":"https:\/\/www.infraestruturameioambiente.sp.gov.br\/ipa\/wp-json\/wp\/v2\/comments?post=47"}],"version-history":[{"count":15,"href":"https:\/\/www.infraestruturameioambiente.sp.gov.br\/ipa\/wp-json\/wp\/v2\/pages\/47\/revisions"}],"predecessor-version":[{"id":8893,"href":"https:\/\/www.infraestruturameioambiente.sp.gov.br\/ipa\/wp-json\/wp\/v2\/pages\/47\/revisions\/8893"}],"wp:attachment":[{"href":"https:\/\/www.infraestruturameioambiente.sp.gov.br\/ipa\/wp-json\/wp\/v2\/media?parent=47"}],"curies":[{"name":"wp","href":"https:\/\/api.w.org\/{rel}","templated":true}]}}