{"id":452,"date":"2022-01-19T10:01:05","date_gmt":"2022-01-19T12:01:05","guid":{"rendered":"https:\/\/portal-sima-homologacao.azurewebsites.net\/ipa\/?page_id=452"},"modified":"2025-11-07T09:10:25","modified_gmt":"2025-11-07T12:10:25","slug":"centro-de-difusao-e-divulgacao-do-conhecimento","status":"publish","type":"page","link":"https:\/\/www.infraestruturameioambiente.sp.gov.br\/ipa\/centro-de-difusao-e-divulgacao-do-conhecimento\/","title":{"rendered":"Difus\u00e3o e Divulga\u00e7\u00e3o do Conhecimento"},"content":{"rendered":"<p>[vc_row][vc_column width=&#8221;2\/3&#8243;][vc_column_text]<\/p>\n<p style=\"text-align: left\">O Departamento<strong> de Divulga\u00e7\u00e3o do Conhecimento e Eventos<\/strong> dissemina a produ\u00e7\u00e3o t\u00e9cnica e cient\u00edfica do Instituto de Pesquisas Ambientais, adequando o conte\u00fado aos diferentes p\u00fablicos e aos diferentes meios de comunica\u00e7\u00e3o, e promove eventos cient\u00edficos institucionais voltados \u00e0 difus\u00e3o de conhecimento.<\/p>\n<p>[\/vc_column_text][\/vc_column][vc_column width=&#8221;1\/3&#8243;][vc_column_text]<strong><span style=\"font-size: 14pt\">Servi\u00e7os<\/span><\/strong><\/p>\n<ul>\n<li><a href=\"https:\/\/www.infraestruturameioambiente.sp.gov.br\/ipa\/eventos\/\">Eventos<\/a><\/li>\n<li><a href=\"https:\/\/www.infraestruturameioambiente.sp.gov.br\/ipa\/category\/noticias\/\">Not\u00edcias<\/a><\/li>\n<li><a href=\"https:\/\/www.infraestruturameioambiente.sp.gov.br\/ipa\/informativo-ipa\/\">Informativo IPA<\/a><\/li>\n<li><a href=\"https:\/\/www.infraestruturameioambiente.sp.gov.br\/ipa\/especial-mulheres-na-ciencia\/\">Especial Mulheres na Ci\u00eancia<\/a><\/li>\n<li><a href=\"https:\/\/www.infraestruturameioambiente.sp.gov.br\/ipa\/conexao-pesquisa-ambiental-o-podcast-do-ipa\/\">Podcast &#8211; Conex\u00e3o Pesquisa Ambiental<\/a><\/li>\n<\/ul>\n<p>[\/vc_column_text][\/vc_column][\/vc_row]<\/p>\n","protected":false},"excerpt":{"rendered":"<p>[vc_row][vc_column width=&#8221;2\/3&#8243;][vc_column_text] O Departamento de Divulga\u00e7\u00e3o do Conhecimento e Eventos dissemina a produ\u00e7\u00e3o t\u00e9cnica e cient\u00edfica do Instituto de Pesquisas Ambientais, adequando o conte\u00fado aos diferentes p\u00fablicos e aos diferentes [&hellip;]<\/p>\n","protected":false},"author":184,"featured_media":0,"parent":0,"menu_order":0,"comment_status":"closed","ping_status":"closed","template":"","meta":[],"_links":{"self":[{"href":"https:\/\/www.infraestruturameioambiente.sp.gov.br\/ipa\/wp-json\/wp\/v2\/pages\/452"}],"collection":[{"href":"https:\/\/www.infraestruturameioambiente.sp.gov.br\/ipa\/wp-json\/wp\/v2\/pages"}],"about":[{"href":"https:\/\/www.infraestruturameioambiente.sp.gov.br\/ipa\/wp-json\/wp\/v2\/types\/page"}],"author":[{"embeddable":true,"href":"https:\/\/www.infraestruturameioambiente.sp.gov.br\/ipa\/wp-json\/wp\/v2\/users\/184"}],"replies":[{"embeddable":true,"href":"https:\/\/www.infraestruturameioambiente.sp.gov.br\/ipa\/wp-json\/wp\/v2\/comments?post=452"}],"version-history":[{"count":6,"href":"https:\/\/www.infraestruturameioambiente.sp.gov.br\/ipa\/wp-json\/wp\/v2\/pages\/452\/revisions"}],"predecessor-version":[{"id":8983,"href":"https:\/\/www.infraestruturameioambiente.sp.gov.br\/ipa\/wp-json\/wp\/v2\/pages\/452\/revisions\/8983"}],"wp:attachment":[{"href":"https:\/\/www.infraestruturameioambiente.sp.gov.br\/ipa\/wp-json\/wp\/v2\/media?parent=452"}],"curies":[{"name":"wp","href":"https:\/\/api.w.org\/{rel}","templated":true}]}}