{"id":4440,"date":"2023-08-11T14:38:20","date_gmt":"2023-08-11T17:38:20","guid":{"rendered":"https:\/\/www.infraestruturameioambiente.sp.gov.br\/ipa\/?page_id=4440"},"modified":"2023-08-11T14:38:20","modified_gmt":"2023-08-11T17:38:20","slug":"mapa-pedologico-do-estado-de-sao-paulo-revisado-e-ampliado","status":"publish","type":"page","link":"https:\/\/www.infraestruturameioambiente.sp.gov.br\/ipa\/publicacoes\/mapa-pedologico-do-estado-de-sao-paulo-revisado-e-ampliado\/","title":{"rendered":"Mapa Pedol\u00f3gico do Estado de S\u00e3o Paulo &#8211; Revisado e Ampliado"},"content":{"rendered":"<div id=\"attachment_4441\" style=\"width: 310px\" class=\"wp-caption alignleft\"><a href=\"https:\/\/smastr16.blob.core.windows.net\/2001\/sites\/261\/2023\/08\/mapa_pedologico_estado_sao_paulo_revisado_ampliado.pdf\"><img aria-describedby=\"caption-attachment-4441\" decoding=\"async\" loading=\"lazy\" class=\"wp-image-4441 size-medium\" src=\"https:\/\/smastr16.blob.core.windows.net\/2001\/sites\/261\/2023\/08\/mapa_pedologico_estado_sao_paulo-300x169.jpg\" alt=\"\" width=\"300\" height=\"169\" srcset=\"https:\/\/smastr16.blob.core.windows.net\/2001\/sites\/261\/2023\/08\/mapa_pedologico_estado_sao_paulo-300x169.jpg 300w, https:\/\/smastr16.blob.core.windows.net\/2001\/sites\/261\/2023\/08\/mapa_pedologico_estado_sao_paulo-1024x576.jpg 1024w, https:\/\/smastr16.blob.core.windows.net\/2001\/sites\/261\/2023\/08\/mapa_pedologico_estado_sao_paulo-768x432.jpg 768w, https:\/\/smastr16.blob.core.windows.net\/2001\/sites\/261\/2023\/08\/mapa_pedologico_estado_sao_paulo-1536x864.jpg 1536w, https:\/\/smastr16.blob.core.windows.net\/2001\/sites\/261\/2023\/08\/mapa_pedologico_estado_sao_paulo-250x141.jpg 250w, https:\/\/smastr16.blob.core.windows.net\/2001\/sites\/261\/2023\/08\/mapa_pedologico_estado_sao_paulo-550x309.jpg 550w, https:\/\/smastr16.blob.core.windows.net\/2001\/sites\/261\/2023\/08\/mapa_pedologico_estado_sao_paulo-800x450.jpg 800w, https:\/\/smastr16.blob.core.windows.net\/2001\/sites\/261\/2023\/08\/mapa_pedologico_estado_sao_paulo-320x180.jpg 320w, https:\/\/smastr16.blob.core.windows.net\/2001\/sites\/261\/2023\/08\/mapa_pedologico_estado_sao_paulo-533x300.jpg 533w, https:\/\/smastr16.blob.core.windows.net\/2001\/sites\/261\/2023\/08\/mapa_pedologico_estado_sao_paulo-889x500.jpg 889w, https:\/\/smastr16.blob.core.windows.net\/2001\/sites\/261\/2023\/08\/mapa_pedologico_estado_sao_paulo.jpg 1920w\" sizes=\"(max-width: 300px) 100vw, 300px\" \/><\/a><p id=\"caption-attachment-4441\" class=\"wp-caption-text\"><a href=\"https:\/\/smastr16.blob.core.windows.net\/2001\/sites\/261\/2023\/08\/mapa_pedologico_estado_sao_paulo_revisado_ampliado.pdf\"> Mapa Pedol\u00f3gico do Estado de S\u00e3o Paulo &#8211; Revisado e Ampliado<\/a> (PDF 40.2 MB)<\/p><\/div>\n<p style=\"text-align: justify\">O trabalho traz o mapeamento dos solos do estado de S\u00e3o Paulo. Foram utilizados dados pr\u00e9-existentes, com a incorpora\u00e7\u00e3o de 83 novos trabalhos e realizada a interpreta\u00e7\u00e3o de ortofotos digitais, o que propiciou um maior refinamento para a interpreta\u00e7\u00e3o dos atributos do solo. As informa\u00e7\u00f5es do mapa podem ser utilizadas para diversos tipos de trabalhos aplicados, como em engenharia e agronomia.<\/p>\n<p style=\"text-align: justify\">Na \u00e1rea de meio ambiente, pode ser utilizado para zoneamentos ecol\u00f3gico\/econ\u00f4mico ou zoneamento florestal, onde se recomendam esp\u00e9cies em rela\u00e7\u00e3o a um tipo de solo ou atributo espec\u00edfico, sempre vinculados a um tipo clim\u00e1tico, onde essas esp\u00e9cies se d\u00e3o melhor.<\/p>\n<p>&nbsp;<\/p>\n<ul>\n<li>Mapa Pedol\u00f3gico do Estado de S\u00e3o Paulo &#8211; Revisado e Ampliado &#8211; Texto <a href=\"https:\/\/smastr16.blob.core.windows.net\/2001\/sites\/261\/2023\/08\/mapa_pedologico_estado_sao_paulo_revisado_ampliado.pdf\">CLIQUE AQUI<\/a> (PDF 40.2 MB)<\/li>\n<li>Mapa Pedol\u00f3gico do Estado de S\u00e3o Paulo &#8211; Revisado e Ampliado &#8211; Mapa <a href=\"https:\/\/smastr16.blob.core.windows.net\/2001\/sites\/261\/2023\/08\/mapa_pedologico_estado_sao_paulo_revisado_ampliado_mapa.pdf\">CLIQUE AQUI<\/a> (PDF 22 MB)<\/li>\n<li>KMZ do Mapa Pedol\u00f3gico do Estado de S\u00e3o Paulo <a href=\"https:\/\/drive.google.com\/file\/d\/1ubgC_ZRypzhl716FRnDw3hMQnfomRZvs\/view?usp=drive_link\">CLIQUE AQUI<\/a> (ZIP 153 MB)<\/li>\n<li>Shape do Mapa Pedol\u00f3gico do Estado de S\u00e3o Paulo <a href=\"https:\/\/drive.google.com\/file\/d\/1tMHQ-8LlhpN2gkWbGH69AvzBBOcku4tb\/view?usp=drive_link\">CLIQUE AQUI<\/a> (RAR 101 MB)<\/li>\n<\/ul>\n<p><img decoding=\"async\" loading=\"lazy\" class=\"alignnone size-thumbnail wp-image-157\" src=\"https:\/\/smastr16.blob.core.windows.net\/2001\/sites\/261\/2021\/09\/ods-02-150x150.png\" alt=\"\" width=\"150\" height=\"150\" srcset=\"https:\/\/www.infraestruturameioambiente.sp.gov.br\/ipa\/wp-content\/uploads\/sites\/261\/2021\/09\/ods-02-150x150.png 150w, https:\/\/www.infraestruturameioambiente.sp.gov.br\/ipa\/wp-content\/uploads\/sites\/261\/2021\/09\/ods-02-48x48.png 48w, https:\/\/www.infraestruturameioambiente.sp.gov.br\/ipa\/wp-content\/uploads\/sites\/261\/2021\/09\/ods-02-180x180.png 180w, https:\/\/www.infraestruturameioambiente.sp.gov.br\/ipa\/wp-content\/uploads\/sites\/261\/2021\/09\/ods-02.png 225w\" sizes=\"(max-width: 150px) 100vw, 150px\" \/><img decoding=\"async\" loading=\"lazy\" class=\"alignnone size-thumbnail wp-image-159\" src=\"https:\/\/smastr16.blob.core.windows.net\/2001\/sites\/261\/2021\/09\/ods-04-150x150.png\" alt=\"\" width=\"150\" height=\"150\" srcset=\"https:\/\/www.infraestruturameioambiente.sp.gov.br\/ipa\/wp-content\/uploads\/sites\/261\/2021\/09\/ods-04-150x150.png 150w, https:\/\/www.infraestruturameioambiente.sp.gov.br\/ipa\/wp-content\/uploads\/sites\/261\/2021\/09\/ods-04-48x48.png 48w, https:\/\/www.infraestruturameioambiente.sp.gov.br\/ipa\/wp-content\/uploads\/sites\/261\/2021\/09\/ods-04-180x180.png 180w, https:\/\/www.infraestruturameioambiente.sp.gov.br\/ipa\/wp-content\/uploads\/sites\/261\/2021\/09\/ods-04.png 225w\" sizes=\"(max-width: 150px) 100vw, 150px\" \/><img decoding=\"async\" loading=\"lazy\" class=\"alignnone size-thumbnail wp-image-153\" src=\"https:\/\/smastr16.blob.core.windows.net\/2001\/sites\/261\/2021\/08\/ods-11-150x150.png\" alt=\"\" width=\"150\" height=\"150\" srcset=\"https:\/\/www.infraestruturameioambiente.sp.gov.br\/ipa\/wp-content\/uploads\/sites\/261\/2021\/08\/ods-11-150x150.png 150w, https:\/\/www.infraestruturameioambiente.sp.gov.br\/ipa\/wp-content\/uploads\/sites\/261\/2021\/08\/ods-11-48x48.png 48w, https:\/\/www.infraestruturameioambiente.sp.gov.br\/ipa\/wp-content\/uploads\/sites\/261\/2021\/08\/ods-11-180x180.png 180w, https:\/\/www.infraestruturameioambiente.sp.gov.br\/ipa\/wp-content\/uploads\/sites\/261\/2021\/08\/ods-11.png 225w\" sizes=\"(max-width: 150px) 100vw, 150px\" \/><img decoding=\"async\" loading=\"lazy\" class=\"alignnone size-thumbnail wp-image-154\" src=\"https:\/\/smastr16.blob.core.windows.net\/2001\/sites\/261\/2021\/08\/ods-13-150x150.png\" alt=\"\" width=\"150\" height=\"150\" srcset=\"https:\/\/www.infraestruturameioambiente.sp.gov.br\/ipa\/wp-content\/uploads\/sites\/261\/2021\/08\/ods-13-150x150.png 150w, https:\/\/www.infraestruturameioambiente.sp.gov.br\/ipa\/wp-content\/uploads\/sites\/261\/2021\/08\/ods-13-48x48.png 48w, https:\/\/www.infraestruturameioambiente.sp.gov.br\/ipa\/wp-content\/uploads\/sites\/261\/2021\/08\/ods-13-180x180.png 180w, https:\/\/www.infraestruturameioambiente.sp.gov.br\/ipa\/wp-content\/uploads\/sites\/261\/2021\/08\/ods-13.png 225w\" sizes=\"(max-width: 150px) 100vw, 150px\" \/><img decoding=\"async\" loading=\"lazy\" class=\"alignnone size-thumbnail wp-image-169\" src=\"https:\/\/smastr16.blob.core.windows.net\/2001\/sites\/261\/2021\/09\/ods-15-150x150.png\" alt=\"\" width=\"150\" height=\"150\" srcset=\"https:\/\/www.infraestruturameioambiente.sp.gov.br\/ipa\/wp-content\/uploads\/sites\/261\/2021\/09\/ods-15-150x150.png 150w, https:\/\/www.infraestruturameioambiente.sp.gov.br\/ipa\/wp-content\/uploads\/sites\/261\/2021\/09\/ods-15-48x48.png 48w, https:\/\/www.infraestruturameioambiente.sp.gov.br\/ipa\/wp-content\/uploads\/sites\/261\/2021\/09\/ods-15-180x180.png 180w, https:\/\/www.infraestruturameioambiente.sp.gov.br\/ipa\/wp-content\/uploads\/sites\/261\/2021\/09\/ods-15.png 225w\" sizes=\"(max-width: 150px) 100vw, 150px\" \/><\/p>\n","protected":false},"excerpt":{"rendered":"<p>O trabalho traz o mapeamento dos solos do estado de S\u00e3o Paulo. Foram utilizados dados pr\u00e9-existentes, com a incorpora\u00e7\u00e3o de 83 novos trabalhos e realizada a interpreta\u00e7\u00e3o de ortofotos digitais, [&hellip;]<\/p>\n","protected":false},"author":196,"featured_media":0,"parent":28,"menu_order":0,"comment_status":"closed","ping_status":"closed","template":"","meta":[],"_links":{"self":[{"href":"https:\/\/www.infraestruturameioambiente.sp.gov.br\/ipa\/wp-json\/wp\/v2\/pages\/4440"}],"collection":[{"href":"https:\/\/www.infraestruturameioambiente.sp.gov.br\/ipa\/wp-json\/wp\/v2\/pages"}],"about":[{"href":"https:\/\/www.infraestruturameioambiente.sp.gov.br\/ipa\/wp-json\/wp\/v2\/types\/page"}],"author":[{"embeddable":true,"href":"https:\/\/www.infraestruturameioambiente.sp.gov.br\/ipa\/wp-json\/wp\/v2\/users\/196"}],"replies":[{"embeddable":true,"href":"https:\/\/www.infraestruturameioambiente.sp.gov.br\/ipa\/wp-json\/wp\/v2\/comments?post=4440"}],"version-history":[{"count":5,"href":"https:\/\/www.infraestruturameioambiente.sp.gov.br\/ipa\/wp-json\/wp\/v2\/pages\/4440\/revisions"}],"predecessor-version":[{"id":4448,"href":"https:\/\/www.infraestruturameioambiente.sp.gov.br\/ipa\/wp-json\/wp\/v2\/pages\/4440\/revisions\/4448"}],"up":[{"embeddable":true,"href":"https:\/\/www.infraestruturameioambiente.sp.gov.br\/ipa\/wp-json\/wp\/v2\/pages\/28"}],"wp:attachment":[{"href":"https:\/\/www.infraestruturameioambiente.sp.gov.br\/ipa\/wp-json\/wp\/v2\/media?parent=4440"}],"curies":[{"name":"wp","href":"https:\/\/api.w.org\/{rel}","templated":true}]}}