{"id":419,"date":"2022-01-12T14:54:59","date_gmt":"2022-01-12T16:54:59","guid":{"rendered":"https:\/\/portal-sima-homologacao.azurewebsites.net\/ipa\/?page_id=419"},"modified":"2025-11-11T14:39:26","modified_gmt":"2025-11-11T17:39:26","slug":"comissao-de-etica-e-biosseguranca","status":"publish","type":"page","link":"https:\/\/www.infraestruturameioambiente.sp.gov.br\/ipa\/comissao-de-etica-e-biosseguranca\/","title":{"rendered":"Comiss\u00e3o de \u00c9tica e Biosseguran\u00e7a"},"content":{"rendered":"<p>[vc_row][vc_column width=&#8221;2\/3&#8243;][vc_column_text]<img decoding=\"async\" loading=\"lazy\" class=\"alignleft size-wcfixedheight wp-image-1230\" src=\"https:\/\/smastr16.blob.core.windows.net\/2001\/sites\/261\/2022\/04\/conselho-etica-e-bioseguranca-site-ipa-1-1358x500.jpg\" alt=\"\" width=\"1358\" height=\"500\" srcset=\"https:\/\/www.infraestruturameioambiente.sp.gov.br\/ipa\/wp-content\/uploads\/sites\/261\/2022\/04\/conselho-etica-e-bioseguranca-site-ipa-1-1358x500.jpg 1358w, https:\/\/www.infraestruturameioambiente.sp.gov.br\/ipa\/wp-content\/uploads\/sites\/261\/2022\/04\/conselho-etica-e-bioseguranca-site-ipa-1-300x110.jpg 300w, https:\/\/www.infraestruturameioambiente.sp.gov.br\/ipa\/wp-content\/uploads\/sites\/261\/2022\/04\/conselho-etica-e-bioseguranca-site-ipa-1-1024x377.jpg 1024w, https:\/\/www.infraestruturameioambiente.sp.gov.br\/ipa\/wp-content\/uploads\/sites\/261\/2022\/04\/conselho-etica-e-bioseguranca-site-ipa-1-768x283.jpg 768w, https:\/\/www.infraestruturameioambiente.sp.gov.br\/ipa\/wp-content\/uploads\/sites\/261\/2022\/04\/conselho-etica-e-bioseguranca-site-ipa-1-1536x566.jpg 1536w, https:\/\/www.infraestruturameioambiente.sp.gov.br\/ipa\/wp-content\/uploads\/sites\/261\/2022\/04\/conselho-etica-e-bioseguranca-site-ipa-1-250x92.jpg 250w, https:\/\/www.infraestruturameioambiente.sp.gov.br\/ipa\/wp-content\/uploads\/sites\/261\/2022\/04\/conselho-etica-e-bioseguranca-site-ipa-1-550x203.jpg 550w, https:\/\/www.infraestruturameioambiente.sp.gov.br\/ipa\/wp-content\/uploads\/sites\/261\/2022\/04\/conselho-etica-e-bioseguranca-site-ipa-1-800x295.jpg 800w, https:\/\/www.infraestruturameioambiente.sp.gov.br\/ipa\/wp-content\/uploads\/sites\/261\/2022\/04\/conselho-etica-e-bioseguranca-site-ipa-1-489x180.jpg 489w, https:\/\/www.infraestruturameioambiente.sp.gov.br\/ipa\/wp-content\/uploads\/sites\/261\/2022\/04\/conselho-etica-e-bioseguranca-site-ipa-1-815x300.jpg 815w, https:\/\/www.infraestruturameioambiente.sp.gov.br\/ipa\/wp-content\/uploads\/sites\/261\/2022\/04\/conselho-etica-e-bioseguranca-site-ipa-1.jpg 1765w\" sizes=\"(max-width: 1358px) 100vw, 1358px\" \/><\/p>\n<p>&nbsp;<\/p>\n<p>A <strong>Comiss\u00e3o de \u00c9tica e Biosseguran\u00e7a do IPA (CETBIO &#8211; IPA)<\/strong> atua para assegurar o cumprimento da legisla\u00e7\u00e3o de biosseguran\u00e7a, acompanhar o uso de drogas controladas e a destina\u00e7\u00e3o dos res\u00edduos, emitir pareceres demandados pelas ag\u00eancias de fomento, subsidiar o Conselho Cient\u00edfico quanto aos projetos registrados, analisar e emitir pareceres sobre pesquisas que envolvam ativos geridos pelo Instituto de Pesquisas Ambientais (IPA) que envolvam experimenta\u00e7\u00f5es animais e uso do patrim\u00f4nio gen\u00e9tico protegido por legisla\u00e7\u00e3o espec\u00edfica, emitir pareceres sobre \u00e9tica ambiental em projetos de pesquisa conduzidos pelo IP e zelar pela observ\u00e2ncia das normas que regulamentam a biosseguran\u00e7a e das orienta\u00e7\u00f5es expedidas pela Comiss\u00e3o T\u00e9cnica Nacional de Biosseguran\u00e7a (CTNBio).<\/p>\n<p><strong>Contato:<\/strong> <a href=\"mailto:ceb_ipa@sp.gov.br\">ceb_ipa@sp.gov.br<\/a><\/p>\n<p>A <strong>Comiss\u00e3o de \u00c9tica e Biosseguran\u00e7a<\/strong> e composta por:<\/p>\n<p class=\"Texto_Justificado_Recuo_Primeira_Linha\">I &#8211; <strong>Seis<\/strong> representantes Pesquisadores Cient\u00edficos da Coordenadoria T\u00e9cnico-Cient\u00edfica, sendo um representante de cada Departamento, indicados pelo Coordenador desta;<\/p>\n<p class=\"Texto_Justificado_Recuo_Primeira_Linha\">II &#8211; <strong>Um<\/strong> representante Pesquisador Cient\u00edfico da Assessoria T\u00e9cnica, indicado pelo diretor do IPA;<\/p>\n<p class=\"Texto_Justificado_Recuo_Primeira_Linha\">III \u2013 <strong>Um<\/strong> representante Pesquisador Cient\u00edfico da Coordenadoria de Gest\u00e3o do Conhecimento indicado pelo coordenador desta;<\/p>\n<p class=\"Texto_Justificado_Recuo_Primeira_Linha\">IV &#8211; <strong>Um<\/strong> representante Pesquisador Cient\u00edfico do Departamento de Tecnologia e Inova\u00e7\u00e3o, indicado pelo chefe deste departamento;<\/p>\n<p class=\"Texto_Justificado_Recuo_Primeira_Linha\">V \u2013 <strong>Dois<\/strong> representantes de outras carreiras vinculadas \u00e0 pesquisa, indicados pelo Diretor do IPA, se poss\u00edvel incluindo um funcion\u00e1rio envolvido no controle e gest\u00e3o dos produtos qu\u00edmicos.<\/p>\n<p>Composi\u00e7\u00e3o Atual do <strong>CETBIO<\/strong>:<\/p>\n<p><strong>Presidente:<\/strong><\/p>\n<ul>\n<li><a href=\"http:\/\/lattes.cnpq.br\/3110319297331733\">Domingos S\u00e1vio Rodrigues<\/a><\/li>\n<\/ul>\n<p><strong>Suplente:<\/strong><\/p>\n<ul>\n<li><a href=\"http:\/\/lattes.cnpq.br\/4672169756196715\">Emerson Alves da Silva<\/a><\/li>\n<\/ul>\n<p><strong>Membros:<\/strong><\/p>\n<ul>\n<li>&#8211;<\/li>\n<li>&#8211;<\/li>\n<li>&#8211;<\/li>\n<li>&#8211;<\/li>\n<li>&#8211;<\/li>\n<\/ul>\n<table style=\"border-collapse: collapse;width: 100%\">\n<tbody>\n<tr>\n<td style=\"width: 50%;border-style: solid;border-color: #000000;text-align: center\"><strong>DATA<\/strong><\/td>\n<td style=\"width: 50%;border-style: solid;border-color: #000000;text-align: center\"><strong>DOCUMENTOS<\/strong><\/td>\n<\/tr>\n<tr>\n<td style=\"width: 50%;border-style: solid;border-color: #000000;text-align: center\">16\/10\/2025<\/td>\n<td style=\"width: 50%;border-style: solid;border-color: #000000\"><a href=\"https:\/\/www.infraestruturameioambiente.sp.gov.br\/ipa\/2025\/11\/portaria-ipa-no-022-2025\/\">Portaria IPA 22\/2025<\/a> de 16\/10\/2025 &#8211; Regimento da CETBIO<\/td>\n<\/tr>\n<tr>\n<td style=\"width: 50%;border-style: solid;border-color: #000000;text-align: center\">10\/11\/2025<\/td>\n<td style=\"width: 50%;border-style: solid;border-color: #000000\"><a href=\"https:\/\/www.infraestruturameioambiente.sp.gov.br\/ipa\/2025\/11\/portaria-ipa-no-025-2025\/\">Portaria IPA 25\/2025<\/a> de 10\/11\/2025 &#8211; Composi\u00e7\u00e3o da CETBIO<\/td>\n<\/tr>\n<\/tbody>\n<\/table>\n<p>[\/vc_column_text][\/vc_column][vc_column width=&#8221;1\/3&#8243;][vc_column_text]<\/p>\n<h4><span style=\"font-size: 14pt\">Instituto de Pesquisas Ambientais<\/span><\/h4>\n<ul>\n<li><a href=\"https:\/\/www.infraestruturameioambiente.sp.gov.br\/ipa\/historia\/\">Hist\u00f3ria<\/a>\n<ul>\n<li><a href=\"https:\/\/www.infraestruturameioambiente.sp.gov.br\/ipa\/memorias\/\">Mem\u00f3rias dos Institutos<\/a><\/li>\n<\/ul>\n<\/li>\n<li><a href=\"https:\/\/www.infraestruturameioambiente.sp.gov.br\/ipa\/diretrizes\/\">Diretrizes<\/a><\/li>\n<li><a href=\"https:\/\/www.infraestruturameioambiente.sp.gov.br\/ipa\/missao\/\">Miss\u00e3o e Campo de Atua\u00e7\u00e3o<\/a><\/li>\n<li><a href=\"https:\/\/www.infraestruturameioambiente.sp.gov.br\/ipa\/organograma\/\">Organograma<\/a>\n<ul>\n<li><a href=\"https:\/\/www.al.sp.gov.br\/repositorio\/legislacao\/decreto\/2021\/decreto-65796-16.06.2021.html\">Decreto de Cria\u00e7\u00e3o<\/a><\/li>\n<li><a href=\"https:\/\/www.doe.sp.gov.br\/executivo\/secretaria-de-meio-ambiente-infraestrutura-e-logistica\/resolucao-semil-n-017-de-30-de-marco-de-2025-2025033111321220982667\">Decreto de Restrutura\u00e7\u00e3o<\/a><\/li>\n<\/ul>\n<\/li>\n<li><a href=\"https:\/\/www.infraestruturameioambiente.sp.gov.br\/ipa\/legislacao\/\">Legisla\u00e7\u00e3o<\/a><\/li>\n<li><a href=\"https:\/\/www.infraestruturameioambiente.sp.gov.br\/ipa\/orgaos-colegiados__trashed\/conselho-cientifico\/\">Conselho Cient\u00edfico<\/a><\/li>\n<li><strong>Comiss\u00e3o de \u00c9tica e Biosseguran\u00e7a<\/strong><\/li>\n<li><a href=\"https:\/\/www.infraestruturameioambiente.sp.gov.br\/ipa\/departamento-de-tecnologia-e-inovacao__trashed\/centro-de-inovacao-tecnologica__trashed\/nucleo-de-inovacao-tecnologica-nit-ipa\/\">Inova\u00e7\u00e3o Tecnol\u00f3gica<\/a><\/li>\n<li><a href=\"https:\/\/www.infraestruturameioambiente.sp.gov.br\/ipa\/relatorio\/\">Relat\u00f3rio de Atividades<\/a><\/li>\n<li><a href=\"https:\/\/www.infraestruturameioambiente.sp.gov.br\/ipa\/folder\/\">Folder<\/a><\/li>\n<\/ul>\n<p>[\/vc_column_text][\/vc_column][\/vc_row]<\/p>\n","protected":false},"excerpt":{"rendered":"<p>[vc_row][vc_column width=&#8221;2\/3&#8243;][vc_column_text] &nbsp; A Comiss\u00e3o de \u00c9tica e Biosseguran\u00e7a do IPA (CETBIO &#8211; IPA) atua para assegurar o cumprimento da legisla\u00e7\u00e3o de biosseguran\u00e7a, acompanhar o uso de drogas controladas e [&hellip;]<\/p>\n","protected":false},"author":184,"featured_media":0,"parent":0,"menu_order":0,"comment_status":"closed","ping_status":"closed","template":"","meta":[],"_links":{"self":[{"href":"https:\/\/www.infraestruturameioambiente.sp.gov.br\/ipa\/wp-json\/wp\/v2\/pages\/419"}],"collection":[{"href":"https:\/\/www.infraestruturameioambiente.sp.gov.br\/ipa\/wp-json\/wp\/v2\/pages"}],"about":[{"href":"https:\/\/www.infraestruturameioambiente.sp.gov.br\/ipa\/wp-json\/wp\/v2\/types\/page"}],"author":[{"embeddable":true,"href":"https:\/\/www.infraestruturameioambiente.sp.gov.br\/ipa\/wp-json\/wp\/v2\/users\/184"}],"replies":[{"embeddable":true,"href":"https:\/\/www.infraestruturameioambiente.sp.gov.br\/ipa\/wp-json\/wp\/v2\/comments?post=419"}],"version-history":[{"count":10,"href":"https:\/\/www.infraestruturameioambiente.sp.gov.br\/ipa\/wp-json\/wp\/v2\/pages\/419\/revisions"}],"predecessor-version":[{"id":9019,"href":"https:\/\/www.infraestruturameioambiente.sp.gov.br\/ipa\/wp-json\/wp\/v2\/pages\/419\/revisions\/9019"}],"wp:attachment":[{"href":"https:\/\/www.infraestruturameioambiente.sp.gov.br\/ipa\/wp-json\/wp\/v2\/media?parent=419"}],"curies":[{"name":"wp","href":"https:\/\/api.w.org\/{rel}","templated":true}]}}