{"id":4014,"date":"2023-07-14T15:05:58","date_gmt":"2023-07-14T18:05:58","guid":{"rendered":"https:\/\/www.infraestruturameioambiente.sp.gov.br\/ipa\/?page_id=4014"},"modified":"2025-08-06T08:28:06","modified_gmt":"2025-08-06T11:28:06","slug":"informativo-ipa","status":"publish","type":"page","link":"https:\/\/www.infraestruturameioambiente.sp.gov.br\/ipa\/informativo-ipa\/","title":{"rendered":"Informativo IPA"},"content":{"rendered":"<p>[vc_row][vc_column][vc_column_text]<\/p>\n<p class=\"x_MsoNormal\" align=\"left\" data-ogsb=\"white\"><span data-ogsc=\"black\"><span class=\"x_ContentPasted1\" data-ogsc=\"\" data-ogsb=\"white\">O N\u00facleo de Divulga\u00e7\u00e3o Cient\u00edfica apresenta o Informativo do Instituto de Pesquisas Ambientais. A ideia \u00e9 que seja mais um canal de divulga\u00e7\u00e3o e valoriza\u00e7\u00e3o das pesquisas e das demais atividades desenvolvidas pela institui\u00e7\u00e3o.<\/span><\/span><\/p>\n<p class=\"x_MsoNormal\" align=\"left\" data-ogsb=\"white\"><span class=\"x_ContentPasted1\" data-ogsc=\"black\" data-ogsb=\"white\">O informativo mensal trar\u00e1 as principais not\u00edcias publicadas em nosso site e outras informa\u00e7\u00f5es, com links para o site e redes sociais do IPA. Vam<\/span><span class=\"x_ContentPasted1\" data-ogsc=\"black\">os contemplar as diferentes \u00e1reas de atua\u00e7\u00e3o da institui\u00e7\u00e3o.<\/span><\/p>\n<p class=\"x_MsoNormal\" align=\"left\" data-ogsb=\"white\"><span class=\"x_ContentPasted1\" data-ogsc=\"black\">Obrigado e boa leitura!<\/span><\/p>\n<p>[\/vc_column_text][\/vc_column][\/vc_row][vc_row][vc_column][vc_column_text]<\/p>\n<hr \/>\n<p>[\/vc_column_text][\/vc_column][\/vc_row][vc_row][vc_column][vc_column_text]<span style=\"font-size: 14pt\"><strong>2025<\/strong><\/span>[\/vc_column_text][\/vc_column][\/vc_row][vc_row][vc_column][vc_column_text]<\/p>\n<hr \/>\n<p>[\/vc_column_text][\/vc_column][\/vc_row][vc_row][vc_column width=&#8221;1\/3&#8243;][vc_column_text]<a href=\"https:\/\/smastr16.blob.core.windows.net\/2001\/sites\/261\/2025\/01\/informativo-ipa-19-2025.pdf\" target=\"_blank\" rel=\"noopener\"><img decoding=\"async\" loading=\"lazy\" class=\"alignnone wp-image-7776 size-medium\" src=\"https:\/\/smastr16.blob.core.windows.net\/2001\/sites\/261\/2025\/01\/info-ipa-jan_2025-300x81.jpg\" alt=\"\" width=\"300\" height=\"81\" srcset=\"https:\/\/smastr16.blob.core.windows.net\/2001\/sites\/261\/2025\/01\/info-ipa-jan_2025-300x81.jpg 300w, https:\/\/smastr16.blob.core.windows.net\/2001\/sites\/261\/2025\/01\/info-ipa-jan_2025-250x67.jpg 250w, https:\/\/smastr16.blob.core.windows.net\/2001\/sites\/261\/2025\/01\/info-ipa-jan_2025.jpg 503w\" sizes=\"(max-width: 300px) 100vw, 300px\" \/><\/a>[\/vc_column_text][\/vc_column][vc_column width=&#8221;1\/3&#8243;][vc_column_text]<a href=\"https:\/\/smastr16.blob.core.windows.net\/2001\/sites\/261\/2025\/02\/informativo-ipa-20-2025.pdf\" target=\"_blank\" rel=\"noopener\"><img decoding=\"async\" loading=\"lazy\" class=\"alignnone wp-image-7915 size-medium\" src=\"https:\/\/smastr16.blob.core.windows.net\/2001\/sites\/261\/2025\/02\/info-ipa-jan_2025-300x81.jpg\" alt=\"\" width=\"300\" height=\"81\" srcset=\"https:\/\/smastr16.blob.core.windows.net\/2001\/sites\/261\/2025\/02\/info-ipa-jan_2025-300x81.jpg 300w, https:\/\/smastr16.blob.core.windows.net\/2001\/sites\/261\/2025\/02\/info-ipa-jan_2025-250x67.jpg 250w, https:\/\/smastr16.blob.core.windows.net\/2001\/sites\/261\/2025\/02\/info-ipa-jan_2025.jpg 503w\" sizes=\"(max-width: 300px) 100vw, 300px\" \/><\/a>[\/vc_column_text][\/vc_column][vc_column width=&#8221;1\/3&#8243;][vc_column_text]<a href=\"https:\/\/smastr16.blob.core.windows.net\/2001\/sites\/261\/2025\/03\/informativo-ipa-21-2025.pdf\" target=\"_blank\" rel=\"noopener\"><img decoding=\"async\" loading=\"lazy\" class=\"alignnone wp-image-8012 size-medium\" src=\"https:\/\/smastr16.blob.core.windows.net\/2001\/sites\/261\/2025\/03\/info-ipa-mar_2025-300x81.jpg\" alt=\"\" width=\"300\" height=\"81\" srcset=\"https:\/\/smastr16.blob.core.windows.net\/2001\/sites\/261\/2025\/03\/info-ipa-mar_2025-300x81.jpg 300w, https:\/\/smastr16.blob.core.windows.net\/2001\/sites\/261\/2025\/03\/info-ipa-mar_2025-250x67.jpg 250w, https:\/\/smastr16.blob.core.windows.net\/2001\/sites\/261\/2025\/03\/info-ipa-mar_2025.jpg 503w\" sizes=\"(max-width: 300px) 100vw, 300px\" \/><\/a>[\/vc_column_text][\/vc_column][\/vc_row][vc_row][vc_column][vc_column_text]<\/p>\n<hr \/>\n<p>[\/vc_column_text][\/vc_column][\/vc_row][vc_row][vc_column width=&#8221;1\/3&#8243;][vc_column_text]<a href=\"https:\/\/smastr16.blob.core.windows.net\/2001\/sites\/261\/2025\/04\/informativo-ipa-22-2025.pdf\" target=\"_blank\" rel=\"noopener\"><img decoding=\"async\" loading=\"lazy\" class=\"alignnone wp-image-8207 size-medium\" src=\"https:\/\/smastr16.blob.core.windows.net\/2001\/sites\/261\/2025\/04\/info-ipa-mar_2025-300x81.jpg\" alt=\"\" width=\"300\" height=\"81\" srcset=\"https:\/\/smastr16.blob.core.windows.net\/2001\/sites\/261\/2025\/04\/info-ipa-mar_2025-300x81.jpg 300w, https:\/\/smastr16.blob.core.windows.net\/2001\/sites\/261\/2025\/04\/info-ipa-mar_2025-250x67.jpg 250w, https:\/\/smastr16.blob.core.windows.net\/2001\/sites\/261\/2025\/04\/info-ipa-mar_2025.jpg 503w\" sizes=\"(max-width: 300px) 100vw, 300px\" \/><\/a>[\/vc_column_text][\/vc_column][vc_column width=&#8221;1\/3&#8243;][vc_column_text]<strong>DESCONTINUADO EM MAIO DE 2025.<\/strong>[\/vc_column_text][\/vc_column][vc_column width=&#8221;1\/3&#8243;][\/vc_column][\/vc_row][vc_row][vc_column][vc_column_text]<\/p>\n<hr \/>\n<p>[\/vc_column_text][\/vc_column][\/vc_row][vc_row][vc_column][vc_column_text]<span style=\"font-size: 14pt\"><strong>2024<\/strong><\/span>[\/vc_column_text][\/vc_column][\/vc_row][vc_row][vc_column][vc_column_text]<\/p>\n<hr \/>\n<p>[\/vc_column_text][\/vc_column][\/vc_row][vc_row][vc_column width=&#8221;1\/3&#8243;][vc_column_text]<a href=\"https:\/\/smastr16.blob.core.windows.net\/2001\/sites\/261\/2024\/10\/informativo-ipa-16-2024.pdf\" target=\"_blank\" rel=\"noopener\"><img decoding=\"async\" loading=\"lazy\" class=\"alignnone wp-image-7281 size-medium\" src=\"https:\/\/smastr16.blob.core.windows.net\/2001\/sites\/261\/2024\/10\/informativo-ipa-out_24-300x81.jpg\" alt=\"\" width=\"300\" height=\"81\" srcset=\"https:\/\/smastr16.blob.core.windows.net\/2001\/sites\/261\/2024\/10\/informativo-ipa-out_24-300x81.jpg 300w, https:\/\/smastr16.blob.core.windows.net\/2001\/sites\/261\/2024\/10\/informativo-ipa-out_24-250x67.jpg 250w, https:\/\/smastr16.blob.core.windows.net\/2001\/sites\/261\/2024\/10\/informativo-ipa-out_24.jpg 503w\" sizes=\"(max-width: 300px) 100vw, 300px\" \/><\/a>[\/vc_column_text][\/vc_column][vc_column width=&#8221;1\/3&#8243;][vc_column_text]<a href=\"https:\/\/smastr16.blob.core.windows.net\/2001\/sites\/261\/2024\/11\/informativo-ipa-17-2024.pdf\" target=\"_blank\" rel=\"noopener\"><img decoding=\"async\" loading=\"lazy\" class=\"alignnone wp-image-7507 size-medium\" src=\"https:\/\/smastr16.blob.core.windows.net\/2001\/sites\/261\/2024\/11\/titulo-informativo-ipa-novembro_24-300x81.jpg\" alt=\"\" width=\"300\" height=\"81\" srcset=\"https:\/\/smastr16.blob.core.windows.net\/2001\/sites\/261\/2024\/11\/titulo-informativo-ipa-novembro_24-300x81.jpg 300w, https:\/\/smastr16.blob.core.windows.net\/2001\/sites\/261\/2024\/11\/titulo-informativo-ipa-novembro_24-250x67.jpg 250w, https:\/\/smastr16.blob.core.windows.net\/2001\/sites\/261\/2024\/11\/titulo-informativo-ipa-novembro_24.jpg 503w\" sizes=\"(max-width: 300px) 100vw, 300px\" \/><\/a>[\/vc_column_text][\/vc_column][vc_column width=&#8221;1\/3&#8243;][vc_column_text]<a href=\"https:\/\/smastr16.blob.core.windows.net\/2001\/sites\/261\/2024\/12\/informativo-ipa-18-2024.pdf\" target=\"_blank\" rel=\"noopener\"><img decoding=\"async\" loading=\"lazy\" class=\"alignnone wp-image-7646 size-medium\" src=\"https:\/\/smastr16.blob.core.windows.net\/2001\/sites\/261\/2024\/12\/informativo_ipa_dezembro_2024-300x81.jpg\" alt=\"\" width=\"300\" height=\"81\" srcset=\"https:\/\/smastr16.blob.core.windows.net\/2001\/sites\/261\/2024\/12\/informativo_ipa_dezembro_2024-300x81.jpg 300w, https:\/\/smastr16.blob.core.windows.net\/2001\/sites\/261\/2024\/12\/informativo_ipa_dezembro_2024-250x67.jpg 250w, https:\/\/smastr16.blob.core.windows.net\/2001\/sites\/261\/2024\/12\/informativo_ipa_dezembro_2024.jpg 503w\" sizes=\"(max-width: 300px) 100vw, 300px\" \/><\/a>[\/vc_column_text][\/vc_column][\/vc_row][vc_row][vc_column][vc_column_text]<\/p>\n<hr \/>\n<p>[\/vc_column_text][\/vc_column][\/vc_row][vc_row][vc_column width=&#8221;1\/3&#8243;][vc_column_text]<a href=\"https:\/\/smastr16.blob.core.windows.net\/2001\/sites\/261\/2024\/07\/informativo-ipa-13-2024a.pdf\" target=\"_blank\" rel=\"noopener\"><img decoding=\"async\" loading=\"lazy\" class=\"alignnone wp-image-6626 size-medium\" src=\"https:\/\/smastr16.blob.core.windows.net\/2001\/sites\/261\/2024\/07\/titulo-informativo-ipa-junho_24-300x81.jpg\" alt=\"\" width=\"300\" height=\"81\" srcset=\"https:\/\/smastr16.blob.core.windows.net\/2001\/sites\/261\/2024\/07\/titulo-informativo-ipa-junho_24-300x81.jpg 300w, https:\/\/smastr16.blob.core.windows.net\/2001\/sites\/261\/2024\/07\/titulo-informativo-ipa-junho_24-250x67.jpg 250w, https:\/\/smastr16.blob.core.windows.net\/2001\/sites\/261\/2024\/07\/titulo-informativo-ipa-junho_24.jpg 503w\" sizes=\"(max-width: 300px) 100vw, 300px\" \/><\/a>[\/vc_column_text][\/vc_column][vc_column width=&#8221;1\/3&#8243;][vc_column_text]<a href=\"https:\/\/smastr16.blob.core.windows.net\/2001\/sites\/261\/2024\/08\/informativo-ipa-14-2024.pdf\" target=\"_blank\" rel=\"noopener\"><img decoding=\"async\" loading=\"lazy\" class=\"alignnone wp-image-6846 size-medium\" src=\"https:\/\/smastr16.blob.core.windows.net\/2001\/sites\/261\/2024\/08\/titulo-informativo-ipa-agosto_24-300x81.jpg\" alt=\"\" width=\"300\" height=\"81\" srcset=\"https:\/\/smastr16.blob.core.windows.net\/2001\/sites\/261\/2024\/08\/titulo-informativo-ipa-agosto_24-300x81.jpg 300w, https:\/\/smastr16.blob.core.windows.net\/2001\/sites\/261\/2024\/08\/titulo-informativo-ipa-agosto_24-250x67.jpg 250w, https:\/\/smastr16.blob.core.windows.net\/2001\/sites\/261\/2024\/08\/titulo-informativo-ipa-agosto_24.jpg 503w\" sizes=\"(max-width: 300px) 100vw, 300px\" \/><\/a>[\/vc_column_text][\/vc_column][vc_column width=&#8221;1\/3&#8243;][vc_column_text]<a href=\"https:\/\/smastr16.blob.core.windows.net\/2001\/sites\/261\/2024\/09\/informativo-ipa-15-2024.pdf\" target=\"_blank\" rel=\"noopener\"><img decoding=\"async\" loading=\"lazy\" class=\"alignnone wp-image-7017 size-medium\" src=\"https:\/\/smastr16.blob.core.windows.net\/2001\/sites\/261\/2024\/09\/titulo-informativo-ipa-setembro_24-300x81.jpg\" alt=\"\" width=\"300\" height=\"81\" srcset=\"https:\/\/smastr16.blob.core.windows.net\/2001\/sites\/261\/2024\/09\/titulo-informativo-ipa-setembro_24-300x81.jpg 300w, https:\/\/smastr16.blob.core.windows.net\/2001\/sites\/261\/2024\/09\/titulo-informativo-ipa-setembro_24-250x67.jpg 250w, https:\/\/smastr16.blob.core.windows.net\/2001\/sites\/261\/2024\/09\/titulo-informativo-ipa-setembro_24.jpg 503w\" sizes=\"(max-width: 300px) 100vw, 300px\" \/><\/a>[\/vc_column_text][\/vc_column][\/vc_row][vc_row][vc_column][vc_column_text]<\/p>\n<hr \/>\n<p>[\/vc_column_text][\/vc_column][\/vc_row][vc_row][vc_column width=&#8221;1\/3&#8243;][vc_column_text]<a href=\"https:\/\/smastr16.blob.core.windows.net\/2001\/sites\/261\/2024\/04\/informativo-ipa-10-2024.pdf\" target=\"_blank\" rel=\"noopener\"><img decoding=\"async\" loading=\"lazy\" class=\"alignnone wp-image-6031 size-medium\" src=\"https:\/\/smastr16.blob.core.windows.net\/2001\/sites\/261\/2024\/04\/titulo-informativo-ipa-abril_24-300x81.jpg\" alt=\"\" width=\"300\" height=\"81\" srcset=\"https:\/\/smastr16.blob.core.windows.net\/2001\/sites\/261\/2024\/04\/titulo-informativo-ipa-abril_24-300x81.jpg 300w, https:\/\/smastr16.blob.core.windows.net\/2001\/sites\/261\/2024\/04\/titulo-informativo-ipa-abril_24-250x67.jpg 250w, https:\/\/smastr16.blob.core.windows.net\/2001\/sites\/261\/2024\/04\/titulo-informativo-ipa-abril_24.jpg 503w\" sizes=\"(max-width: 300px) 100vw, 300px\" \/><\/a>[\/vc_column_text][\/vc_column][vc_column width=&#8221;1\/3&#8243;][vc_column_text]<a href=\"https:\/\/smastr16.blob.core.windows.net\/2001\/sites\/261\/2024\/05\/informativo-ipa-11-2024a.pdf\" target=\"_blank\" rel=\"noopener\"><img decoding=\"async\" loading=\"lazy\" class=\"alignnone wp-image-6169 size-medium\" src=\"https:\/\/smastr16.blob.core.windows.net\/2001\/sites\/261\/2024\/05\/titulo-informativo-ipa-maio_24-300x81.jpg\" alt=\"\" width=\"300\" height=\"81\" srcset=\"https:\/\/smastr16.blob.core.windows.net\/2001\/sites\/261\/2024\/05\/titulo-informativo-ipa-maio_24-300x81.jpg 300w, https:\/\/smastr16.blob.core.windows.net\/2001\/sites\/261\/2024\/05\/titulo-informativo-ipa-maio_24-250x67.jpg 250w, https:\/\/smastr16.blob.core.windows.net\/2001\/sites\/261\/2024\/05\/titulo-informativo-ipa-maio_24.jpg 503w\" sizes=\"(max-width: 300px) 100vw, 300px\" \/><\/a>[\/vc_column_text][\/vc_column][vc_column width=&#8221;1\/3&#8243;][vc_column_text]<a href=\"https:\/\/smastr16.blob.core.windows.net\/2001\/sites\/261\/2024\/06\/informativo-ipa-12-2024.pdf\" target=\"_blank\" rel=\"noopener\"><img decoding=\"async\" loading=\"lazy\" class=\"alignnone wp-image-6478 size-medium\" src=\"https:\/\/smastr16.blob.core.windows.net\/2001\/sites\/261\/2024\/06\/titulo-informativo-ipa-junho_24-300x81.jpg\" alt=\"\" width=\"300\" height=\"81\" srcset=\"https:\/\/smastr16.blob.core.windows.net\/2001\/sites\/261\/2024\/06\/titulo-informativo-ipa-junho_24-300x81.jpg 300w, https:\/\/smastr16.blob.core.windows.net\/2001\/sites\/261\/2024\/06\/titulo-informativo-ipa-junho_24-250x67.jpg 250w, https:\/\/smastr16.blob.core.windows.net\/2001\/sites\/261\/2024\/06\/titulo-informativo-ipa-junho_24.jpg 503w\" sizes=\"(max-width: 300px) 100vw, 300px\" \/><\/a>[\/vc_column_text][\/vc_column][\/vc_row][vc_row][vc_column][vc_column_text]<\/p>\n<hr \/>\n<p>[\/vc_column_text][\/vc_column][\/vc_row][vc_row][vc_column width=&#8221;1\/3&#8243;][vc_column_text]<a href=\"https:\/\/smastr16.blob.core.windows.net\/2001\/sites\/261\/2024\/01\/informativo-ipa-07-2024.pdf\" target=\"_blank\" rel=\"noopener\"><img decoding=\"async\" loading=\"lazy\" class=\"alignnone wp-image-5608 size-medium\" src=\"https:\/\/smastr16.blob.core.windows.net\/2001\/sites\/261\/2024\/01\/titulo_informativo_ipa_janeiro-24-300x81.jpg\" alt=\"\" width=\"300\" height=\"81\" srcset=\"https:\/\/smastr16.blob.core.windows.net\/2001\/sites\/261\/2024\/01\/titulo_informativo_ipa_janeiro-24-300x81.jpg 300w, https:\/\/smastr16.blob.core.windows.net\/2001\/sites\/261\/2024\/01\/titulo_informativo_ipa_janeiro-24-250x67.jpg 250w, https:\/\/smastr16.blob.core.windows.net\/2001\/sites\/261\/2024\/01\/titulo_informativo_ipa_janeiro-24.jpg 503w\" sizes=\"(max-width: 300px) 100vw, 300px\" \/><\/a>[\/vc_column_text][\/vc_column][vc_column width=&#8221;1\/3&#8243;][vc_column_text]<a href=\"https:\/\/smastr16.blob.core.windows.net\/2001\/sites\/261\/2024\/02\/informativo-ipa-08-2024.pdf\"><img decoding=\"async\" loading=\"lazy\" class=\"alignnone size-medium wp-image-5710\" src=\"https:\/\/smastr16.blob.core.windows.net\/2001\/sites\/261\/2024\/02\/titulo_informativo_ipa_fevereiro_24-300x81.jpg\" alt=\"\" width=\"300\" height=\"81\" srcset=\"https:\/\/smastr16.blob.core.windows.net\/2001\/sites\/261\/2024\/02\/titulo_informativo_ipa_fevereiro_24-300x81.jpg 300w, https:\/\/smastr16.blob.core.windows.net\/2001\/sites\/261\/2024\/02\/titulo_informativo_ipa_fevereiro_24-250x67.jpg 250w, https:\/\/smastr16.blob.core.windows.net\/2001\/sites\/261\/2024\/02\/titulo_informativo_ipa_fevereiro_24.jpg 503w\" sizes=\"(max-width: 300px) 100vw, 300px\" \/><\/a>[\/vc_column_text][\/vc_column][vc_column width=&#8221;1\/3&#8243;][vc_column_text]<a href=\"https:\/\/smastr16.blob.core.windows.net\/2001\/sites\/261\/2024\/03\/informativo-ipa-09-2024.pdf\" target=\"_blank\" rel=\"noopener\"><img decoding=\"async\" loading=\"lazy\" class=\"alignnone wp-image-5869 size-medium\" src=\"https:\/\/smastr16.blob.core.windows.net\/2001\/sites\/261\/2024\/03\/titulo-informativo-ipa-marco_24-300x81.jpg\" alt=\"\" width=\"300\" height=\"81\" srcset=\"https:\/\/smastr16.blob.core.windows.net\/2001\/sites\/261\/2024\/03\/titulo-informativo-ipa-marco_24-300x81.jpg 300w, https:\/\/smastr16.blob.core.windows.net\/2001\/sites\/261\/2024\/03\/titulo-informativo-ipa-marco_24-250x67.jpg 250w, https:\/\/smastr16.blob.core.windows.net\/2001\/sites\/261\/2024\/03\/titulo-informativo-ipa-marco_24.jpg 503w\" sizes=\"(max-width: 300px) 100vw, 300px\" \/><\/a>[\/vc_column_text][\/vc_column][\/vc_row][vc_row][vc_column][vc_column_text]<\/p>\n<hr \/>\n<p>[\/vc_column_text][\/vc_column][\/vc_row][vc_row][vc_column][vc_column_text]<span style=\"font-size: 14pt\"><strong>2023<\/strong><\/span>[\/vc_column_text][\/vc_column][\/vc_row][vc_row][vc_column][vc_column_text]<\/p>\n<hr \/>\n<p>[\/vc_column_text][\/vc_column][\/vc_row][vc_row][vc_column width=&#8221;1\/3&#8243;][vc_column_text]<a href=\"https:\/\/smastr16.blob.core.windows.net\/2001\/sites\/261\/2023\/10\/informativo-ipa-04-10-2023.pdf\" target=\"_blank\" rel=\"noopener\"><img decoding=\"async\" loading=\"lazy\" class=\"alignnone wp-image-5096 size-medium\" src=\"https:\/\/smastr16.blob.core.windows.net\/2001\/sites\/261\/2023\/10\/informativo_ipa_outubro_23-300x81.jpg\" alt=\"\" width=\"300\" height=\"81\" srcset=\"https:\/\/smastr16.blob.core.windows.net\/2001\/sites\/261\/2023\/10\/informativo_ipa_outubro_23-300x81.jpg 300w, https:\/\/smastr16.blob.core.windows.net\/2001\/sites\/261\/2023\/10\/informativo_ipa_outubro_23-250x67.jpg 250w, https:\/\/smastr16.blob.core.windows.net\/2001\/sites\/261\/2023\/10\/informativo_ipa_outubro_23.jpg 503w\" sizes=\"(max-width: 300px) 100vw, 300px\" \/><\/a>[\/vc_column_text][\/vc_column][vc_column width=&#8221;1\/3&#8243;][vc_column_text]<a href=\"https:\/\/smastr16.blob.core.windows.net\/2001\/sites\/261\/2023\/11\/informativo-ipa-05-2023.pdf\" target=\"_blank\" rel=\"noopener\"><img decoding=\"async\" loading=\"lazy\" class=\"alignnone wp-image-5248 size-medium\" src=\"https:\/\/smastr16.blob.core.windows.net\/2001\/sites\/261\/2023\/11\/informativo_ipa_novembro_23-300x81.jpg\" alt=\"\" width=\"300\" height=\"81\" srcset=\"https:\/\/smastr16.blob.core.windows.net\/2001\/sites\/261\/2023\/11\/informativo_ipa_novembro_23-300x81.jpg 300w, https:\/\/smastr16.blob.core.windows.net\/2001\/sites\/261\/2023\/11\/informativo_ipa_novembro_23-250x67.jpg 250w, https:\/\/smastr16.blob.core.windows.net\/2001\/sites\/261\/2023\/11\/informativo_ipa_novembro_23.jpg 503w\" sizes=\"(max-width: 300px) 100vw, 300px\" \/><\/a>[\/vc_column_text][\/vc_column][vc_column width=&#8221;1\/3&#8243;][vc_column_text]<a href=\"https:\/\/smastr16.blob.core.windows.net\/2001\/sites\/261\/2023\/12\/informativo-ipa-06-20231.pdf\" target=\"_blank\" rel=\"noopener\"><img decoding=\"async\" loading=\"lazy\" class=\"alignnone wp-image-5449 size-medium\" src=\"https:\/\/smastr16.blob.core.windows.net\/2001\/sites\/261\/2023\/12\/informativo_ipa_dezembro_23-300x81.jpg\" alt=\"\" width=\"300\" height=\"81\" srcset=\"https:\/\/smastr16.blob.core.windows.net\/2001\/sites\/261\/2023\/12\/informativo_ipa_dezembro_23-300x81.jpg 300w, https:\/\/smastr16.blob.core.windows.net\/2001\/sites\/261\/2023\/12\/informativo_ipa_dezembro_23-250x67.jpg 250w, https:\/\/smastr16.blob.core.windows.net\/2001\/sites\/261\/2023\/12\/informativo_ipa_dezembro_23.jpg 503w\" sizes=\"(max-width: 300px) 100vw, 300px\" \/><\/a>[\/vc_column_text][\/vc_column][\/vc_row][vc_row][vc_column][vc_column_text]<\/p>\n<hr \/>\n<p>[\/vc_column_text][\/vc_column][\/vc_row][vc_row][vc_column width=&#8221;1\/3&#8243;][vc_column_text]<a href=\"https:\/\/smastr16.blob.core.windows.net\/2001\/sites\/261\/2023\/07\/informativo-ipa-01-2023.pdf\" target=\"_blank\" rel=\"noopener\"><img decoding=\"async\" loading=\"lazy\" class=\"alignnone wp-image-4411 size-medium\" src=\"https:\/\/smastr16.blob.core.windows.net\/2001\/sites\/261\/2023\/08\/titulo-informativo-ipa-julho_2023-300x81.jpg\" alt=\"\" width=\"300\" height=\"81\" srcset=\"https:\/\/smastr16.blob.core.windows.net\/2001\/sites\/261\/2023\/08\/titulo-informativo-ipa-julho_2023-300x81.jpg 300w, https:\/\/smastr16.blob.core.windows.net\/2001\/sites\/261\/2023\/08\/titulo-informativo-ipa-julho_2023-250x67.jpg 250w, https:\/\/smastr16.blob.core.windows.net\/2001\/sites\/261\/2023\/08\/titulo-informativo-ipa-julho_2023.jpg 503w\" sizes=\"(max-width: 300px) 100vw, 300px\" \/><\/a>[\/vc_column_text][\/vc_column][vc_column width=&#8221;1\/3&#8243;][vc_column_text]<a href=\"https:\/\/smastr16.blob.core.windows.net\/2001\/sites\/261\/2023\/08\/informativo-ipa-02-2023.pdf\" target=\"_blank\" rel=\"noopener\"><img decoding=\"async\" loading=\"lazy\" class=\"alignnone wp-image-4410 size-medium\" src=\"https:\/\/smastr16.blob.core.windows.net\/2001\/sites\/261\/2023\/08\/titulo-informativo-ipa_agosto_2023-300x81.jpg\" alt=\"\" width=\"300\" height=\"81\" srcset=\"https:\/\/smastr16.blob.core.windows.net\/2001\/sites\/261\/2023\/08\/titulo-informativo-ipa_agosto_2023-300x81.jpg 300w, https:\/\/smastr16.blob.core.windows.net\/2001\/sites\/261\/2023\/08\/titulo-informativo-ipa_agosto_2023-250x67.jpg 250w, https:\/\/smastr16.blob.core.windows.net\/2001\/sites\/261\/2023\/08\/titulo-informativo-ipa_agosto_2023.jpg 503w\" sizes=\"(max-width: 300px) 100vw, 300px\" \/><\/a>[\/vc_column_text][\/vc_column][vc_column width=&#8221;1\/3&#8243;][vc_column_text]<a href=\"https:\/\/smastr16.blob.core.windows.net\/2001\/sites\/261\/2023\/09\/informativo-ipa-03-2023.pdf\" target=\"_blank\" rel=\"noopener\"><img decoding=\"async\" loading=\"lazy\" class=\"alignnone wp-image-4821 size-medium\" src=\"https:\/\/smastr16.blob.core.windows.net\/2001\/sites\/261\/2023\/09\/titulo_informativo_ipa_setembro_2023-300x81.jpg\" alt=\"\" width=\"300\" height=\"81\" srcset=\"https:\/\/smastr16.blob.core.windows.net\/2001\/sites\/261\/2023\/09\/titulo_informativo_ipa_setembro_2023-300x81.jpg 300w, https:\/\/smastr16.blob.core.windows.net\/2001\/sites\/261\/2023\/09\/titulo_informativo_ipa_setembro_2023-250x67.jpg 250w, https:\/\/smastr16.blob.core.windows.net\/2001\/sites\/261\/2023\/09\/titulo_informativo_ipa_setembro_2023.jpg 503w\" sizes=\"(max-width: 300px) 100vw, 300px\" \/><\/a>[\/vc_column_text][\/vc_column][\/vc_row][vc_row][vc_column][vc_column_text]<\/p>\n<hr \/>\n<p>[\/vc_column_text][\/vc_column][\/vc_row]<\/p>\n","protected":false},"excerpt":{"rendered":"<p>[vc_row][vc_column][vc_column_text] O N\u00facleo de Divulga\u00e7\u00e3o Cient\u00edfica apresenta o Informativo do Instituto de Pesquisas Ambientais. A ideia \u00e9 que seja mais um canal de divulga\u00e7\u00e3o e valoriza\u00e7\u00e3o das pesquisas e das [&hellip;]<\/p>\n","protected":false},"author":196,"featured_media":0,"parent":0,"menu_order":0,"comment_status":"closed","ping_status":"closed","template":"","meta":[],"_links":{"self":[{"href":"https:\/\/www.infraestruturameioambiente.sp.gov.br\/ipa\/wp-json\/wp\/v2\/pages\/4014"}],"collection":[{"href":"https:\/\/www.infraestruturameioambiente.sp.gov.br\/ipa\/wp-json\/wp\/v2\/pages"}],"about":[{"href":"https:\/\/www.infraestruturameioambiente.sp.gov.br\/ipa\/wp-json\/wp\/v2\/types\/page"}],"author":[{"embeddable":true,"href":"https:\/\/www.infraestruturameioambiente.sp.gov.br\/ipa\/wp-json\/wp\/v2\/users\/196"}],"replies":[{"embeddable":true,"href":"https:\/\/www.infraestruturameioambiente.sp.gov.br\/ipa\/wp-json\/wp\/v2\/comments?post=4014"}],"version-history":[{"count":51,"href":"https:\/\/www.infraestruturameioambiente.sp.gov.br\/ipa\/wp-json\/wp\/v2\/pages\/4014\/revisions"}],"predecessor-version":[{"id":8620,"href":"https:\/\/www.infraestruturameioambiente.sp.gov.br\/ipa\/wp-json\/wp\/v2\/pages\/4014\/revisions\/8620"}],"wp:attachment":[{"href":"https:\/\/www.infraestruturameioambiente.sp.gov.br\/ipa\/wp-json\/wp\/v2\/media?parent=4014"}],"curies":[{"name":"wp","href":"https:\/\/api.w.org\/{rel}","templated":true}]}}