{"id":392,"date":"2022-01-12T12:15:25","date_gmt":"2022-01-12T14:15:25","guid":{"rendered":"https:\/\/portal-sima-homologacao.azurewebsites.net\/ipa\/?page_id=392"},"modified":"2026-04-07T08:25:57","modified_gmt":"2026-04-07T11:25:57","slug":"legislacao","status":"publish","type":"page","link":"https:\/\/www.infraestruturameioambiente.sp.gov.br\/ipa\/legislacao\/","title":{"rendered":"Legisla\u00e7\u00e3o"},"content":{"rendered":"<p>[vc_row][vc_column width=&#8221;2\/3&#8243;][vc_tta_accordion][vc_tta_section title=&#8221;2026&#8243; tab_id=&#8221;1770117662589-851fd7ea-6474&#8243;][vc_column_text]<\/p>\n<ul>\n<li><a href=\"https:\/\/www.infraestruturameioambiente.sp.gov.br\/ipa\/2026\/02\/portaria-ipa-no-001-2026\/\">Portaria IPA n\u00b0 001\/2026 de 02\/02\/2026<\/a><\/li>\n<li><a href=\"https:\/\/www.infraestruturameioambiente.sp.gov.br\/ipa\/2026\/03\/portaria-ipa-no-002-2026\/\">Portaria IPA n\u00ba 002\/2026 de 24\/03\/2026<\/a><\/li>\n<li><a href=\"https:\/\/www.infraestruturameioambiente.sp.gov.br\/ipa\/2026\/04\/portaria-ipa-no-003-2026\/\">Portaria IPA n\u00ba 003\/2026 de 30\/03\/2026<\/a><\/li>\n<li><a href=\"https:\/\/www.infraestruturameioambiente.sp.gov.br\/ipa\/2026\/04\/portaria-ipa-no-004-2026\/\">Portaria IPA n\u00ba 004\/2026 de 06\/04\/2026<\/a><\/li>\n<\/ul>\n<p>[\/vc_column_text][\/vc_tta_section][vc_tta_section title=&#8221;2025&#8243; tab_id=&#8221;1745840502653-620ab023-3d31&#8243;][vc_column_text]<\/p>\n<blockquote>\n<ul>\n<li><a href=\"https:\/\/www.infraestruturameioambiente.sp.gov.br\/ipa\/2025\/04\/portaria-ipa-no-001-2025\/\">Portaria IPA n\u00b0 001\/2025 de 25\/04\/2025<\/a><\/li>\n<li><a href=\"https:\/\/www.infraestruturameioambiente.sp.gov.br\/ipa\/2025\/05\/portaria-ipa-no-002-2025\/\">Portaria IPA n\u00b0 002\/2025 de 09\/05\/2025<\/a><\/li>\n<li><a href=\"https:\/\/www.infraestruturameioambiente.sp.gov.br\/ipa\/2025\/05\/portaria-ipa-no-003-2025\/\">Portaria IPA n\u00b0 003\/2025 de 09\/05\/2025<\/a><\/li>\n<li><a href=\"https:\/\/www.infraestruturameioambiente.sp.gov.br\/ipa\/2025\/05\/portaria-ipa-no-004-2025\/\">Portaria IPA n\u00b0 004\/2025 de 13\/05\/2025<\/a><\/li>\n<li><a href=\"https:\/\/www.infraestruturameioambiente.sp.gov.br\/ipa\/2025\/05\/portaria-ipa-no-005-2025\/\">Portaria IPA n\u00b0 005\/2025 de 15\/05\/2025<\/a><\/li>\n<li><a href=\"https:\/\/www.infraestruturameioambiente.sp.gov.br\/ipa\/2025\/05\/portaria-ipa-no-006-2025\/\">Portaria IPA n\u00b0 006\/2025 de 22\/05\/2025<\/a><\/li>\n<li><a href=\"https:\/\/www.infraestruturameioambiente.sp.gov.br\/ipa\/2025\/05\/portaria-ipa-no-007-2025\/\">Portaria IPA n\u00b0 007\/2025 de 23\/05\/2025<\/a><\/li>\n<li><a href=\"https:\/\/www.infraestruturameioambiente.sp.gov.br\/ipa\/2025\/05\/portaria-ipa-no-008-2025\/\">Portaria IPA n\u00b0 008\/2025 de 27\/05\/2025<\/a><\/li>\n<li><a href=\"https:\/\/www.infraestruturameioambiente.sp.gov.br\/ipa\/2025\/05\/portaria-ipa-no-009-2025\/\">Portaria IPA n\u00b0 009\/2025 de 28\/05\/2025<\/a><\/li>\n<li><a href=\"https:\/\/www.infraestruturameioambiente.sp.gov.br\/ipa\/2025\/05\/portaria-ipa-no-010-2025\/\">Portaria IPA n\u00b0 010\/2025 de 27\/05\/2025<\/a><\/li>\n<li><a href=\"https:\/\/www.infraestruturameioambiente.sp.gov.br\/ipa\/2025\/05\/portaria-ipa-n-011-2025\/\">Portaria IPA n\u00b0 011\/2025 de 28\/05\/2025<\/a><\/li>\n<li><a href=\"https:\/\/www.infraestruturameioambiente.sp.gov.br\/ipa\/2025\/06\/portaria-ipa-no-012-2025\/\">Portaria IPA n\u00b0 012\/2015 de 04\/06\/2025<\/a><\/li>\n<li><a href=\"https:\/\/www.infraestruturameioambiente.sp.gov.br\/ipa\/2025\/06\/portaria-ipa-no-013-2025\/\">Portaria IPA n\u00b0 013\/2015 de 02\/06\/2025<\/a><\/li>\n<li><a href=\"https:\/\/www.infraestruturameioambiente.sp.gov.br\/ipa\/2025\/06\/portaria-ipa-no-014-2025\/\">Portaria IPA n\u00b0 014\/2025 de 12\/06\/2025<\/a><\/li>\n<li><a href=\"https:\/\/www.infraestruturameioambiente.sp.gov.br\/ipa\/2025\/06\/portaria-ipa-no-015-2025\/\">Portaria IPA n\u00b0 015\/2025 de 26\/06\/2025<\/a><\/li>\n<li><a href=\"https:\/\/www.infraestruturameioambiente.sp.gov.br\/ipa\/2025\/06\/portaria-ipa-no-016-2025\/\">Portaria IPA n\u00b0 016\/2025 de 26\/06\/2025<\/a><\/li>\n<li><a href=\"https:\/\/www.infraestruturameioambiente.sp.gov.br\/ipa\/2025\/07\/portaria-ipa-no-017-2025\/\">Portaria IPA n\u00b0 017\/2025 de 11\/07\/2025<\/a><\/li>\n<li><a href=\"https:\/\/www.infraestruturameioambiente.sp.gov.br\/ipa\/2025\/08\/portaria-ipa-no-018-2025\/\">Portaria IPA n\u00b0 018\/2025 de 20\/08\/2025<\/a><\/li>\n<li><a href=\"https:\/\/www.infraestruturameioambiente.sp.gov.br\/ipa\/2025\/09\/portaria-ipa-no-019-2025\/\">Portaria IPA n\u00b0 019\/2025 de 11\/09\/2025<\/a><\/li>\n<li><a href=\"https:\/\/www.infraestruturameioambiente.sp.gov.br\/ipa\/2025\/09\/portaria-ipa-no-020-2025\/\">Portaria IPA n\u00b0 020\/2025 de 12\/09\/2025<\/a><\/li>\n<li><a href=\"https:\/\/www.infraestruturameioambiente.sp.gov.br\/ipa\/2025\/10\/portaria-ipa-no-021-2025\/\">Portaria IPA n\u00b0 021\/2025 de 10\/10\/2025<\/a><\/li>\n<li><a href=\"https:\/\/www.infraestruturameioambiente.sp.gov.br\/ipa\/2025\/11\/portaria-ipa-no-022-2025\/\">Portaria IPA n\u00b0 022\/2025 de 16\/10\/2025<\/a><\/li>\n<li><a href=\"https:\/\/www.infraestruturameioambiente.sp.gov.br\/ipa\/2025\/11\/portaria-ipa-no-023-2025\/\">Portaria IPA n\u00b0 023\/2025 de 16\/10\/2025<\/a><\/li>\n<li><a href=\"https:\/\/www.infraestruturameioambiente.sp.gov.br\/ipa\/2025\/11\/portaria-ipa-no-024-2025\/\">Portaria IPA n\u00b0 024\/2025 de 10\/11\/2025<\/a><\/li>\n<li><a href=\"https:\/\/www.infraestruturameioambiente.sp.gov.br\/ipa\/2025\/11\/portaria-ipa-no-025-2025\/\">Portaria IPA n\u00b0 025\/2025 de 10\/11\/2025<\/a><\/li>\n<li><a href=\"https:\/\/www.infraestruturameioambiente.sp.gov.br\/ipa\/2025\/11\/portaria-ipa-no-026-2025\/\">Portaria IPA n\u00b0 026\/2025 de 10\/11\/2025<\/a><\/li>\n<li><a href=\"https:\/\/www.infraestruturameioambiente.sp.gov.br\/ipa\/2025\/11\/portaria-ipa-no-027-2025\/\">Portaria IPA n\u00b0 027\/2025 de 17\/11\/2025<\/a><\/li>\n<li><a href=\"https:\/\/www.infraestruturameioambiente.sp.gov.br\/ipa\/2025\/11\/portaria-ipa-no-028-2025\/\">Portaria IPA n\u00b0 028\/2025 de 12\/11\/2025<\/a><\/li>\n<li><a href=\"https:\/\/www.infraestruturameioambiente.sp.gov.br\/ipa\/2025\/11\/portaria-ipa-no-029-2025\/\">Portaria IPA n\u00b0 029\/2025 de 12\/11\/2025<\/a><\/li>\n<li><a href=\"https:\/\/www.infraestruturameioambiente.sp.gov.br\/ipa\/2025\/12\/portaria-ipa-no-030-2025\/\">Portaria IPA n\u00b0 030\/2025 de 12\/12\/2025<\/a><\/li>\n<li><a href=\"https:\/\/www.infraestruturameioambiente.sp.gov.br\/ipa\/2026\/01\/portaria-ipa-no-031-2025\/\">Portaria IPA n\u00ba 031\/2025 de 18\/12\/2025<\/a><\/li>\n<\/ul>\n<\/blockquote>\n<p>[\/vc_column_text][\/vc_tta_section][vc_tta_section title=&#8221;2024&#8243; tab_id=&#8221;1705320285927-f197ef32-6037&#8243;][vc_column_text]<\/p>\n<ul>\n<li style=\"list-style-type: none\">\n<ul>\n<li><a href=\"https:\/\/www.infraestruturameioambiente.sp.gov.br\/ipa\/2024\/01\/portaria-ipa-no-001-2024\/\">Portaria IPA n\u00b0 001\/2024 de 15\/01\/2024<\/a><\/li>\n<li><a href=\"https:\/\/www.infraestruturameioambiente.sp.gov.br\/ipa\/2024\/02\/portaria-ipa-ff-n-001-2024\/\">Portaria IPA\/FF n\u00b0 001\/2024 de 02\/02\/2024<\/a><\/li>\n<li><a href=\"https:\/\/www.infraestruturameioambiente.sp.gov.br\/ipa\/2024\/02\/portaria-ipa-no-002-2024\/\">Portaria IPA n\u00b0 002\/2024 de 08\/02\/2024<\/a><\/li>\n<li><a href=\"https:\/\/www.infraestruturameioambiente.sp.gov.br\/ipa\/2024\/04\/portaria-ipa-no-003-2024\/\">Portaria IPA n\u00b0 003\/2024 de 04\/04\/2024<\/a><\/li>\n<li><a href=\"https:\/\/www.infraestruturameioambiente.sp.gov.br\/ipa\/2024\/04\/portaria-ipa-no-004-2024\/\">Portaria IPA n\u00b0 004\/2024 de 05\/04\/2024<\/a><\/li>\n<li><a href=\"https:\/\/www.infraestruturameioambiente.sp.gov.br\/ipa\/2024\/05\/portaria-ipa-no-005-2024\/\">Portaria IPA n\u00b0 005\/2024 de 06\/05\/2024<\/a><\/li>\n<li><a href=\"https:\/\/www.infraestruturameioambiente.sp.gov.br\/ipa\/2024\/05\/portaria-ipa-no-006-2024\/\">Portaria IPA n\u00b0 006\/2024 de 13\/05\/2024<\/a><\/li>\n<li><a href=\"https:\/\/www.infraestruturameioambiente.sp.gov.br\/ipa\/2024\/05\/portaria-ipa-no-007-2024\/\">Portaria IPA n\u00b0 007\/2024 de 13\/05\/2024<\/a><\/li>\n<li><a href=\"https:\/\/www.infraestruturameioambiente.sp.gov.br\/ipa\/2024\/06\/portaria-ipa-no-008-2024\/\">Portaria IPA n\u00b0 008\/2024 de 11\/06\/2024<\/a><\/li>\n<li><a href=\"https:\/\/www.infraestruturameioambiente.sp.gov.br\/ipa\/2024\/06\/portaria-ipa-no-009-2024\/\">Portaria IPA n\u00b0 009\/2024 de 11\/06\/2024<\/a><\/li>\n<li><a href=\"https:\/\/www.infraestruturameioambiente.sp.gov.br\/ipa\/2024\/08\/portaria-ipa-no-010-2024\/\">Portaria IPA n\u00b0 010\/2024 de 15\/08\/2024<\/a><\/li>\n<li><a href=\"https:\/\/www.infraestruturameioambiente.sp.gov.br\/ipa\/2024\/09\/portaria-ipa-ff-n-002-2024\/\">Portaria IPA\/FF n\u00b0 002\/2024 de 18\/09\/2024<\/a><\/li>\n<li><a href=\"https:\/\/www.infraestruturameioambiente.sp.gov.br\/ipa\/2024\/10\/portaria-ipa-no-011-2024\/\">Portaria IPA n\u00b0 011\/2024 de 26\/09\/2024<\/a><\/li>\n<li><a href=\"https:\/\/www.infraestruturameioambiente.sp.gov.br\/ipa\/2024\/10\/portaria-ipa-no-012-2024\/\">Portaria IPA n\u00b0 012\/2024 de 22\/10\/2024<\/a><\/li>\n<\/ul>\n<\/li>\n<\/ul>\n<p>[\/vc_column_text][\/vc_tta_section][vc_tta_section title=&#8221;2023&#8243; tab_id=&#8221;1672918720829-3bda9cea-663c&#8221;][vc_column_text]<\/p>\n<ul>\n<li><a href=\"https:\/\/www.infraestruturameioambiente.sp.gov.br\/ipa\/2023\/01\/portaria-ipa-no-001-2023\/\">Portaria IPA n\u00b0 001\/2023 de 04\/01\/2023<\/a><\/li>\n<li><a href=\"https:\/\/www.infraestruturameioambiente.sp.gov.br\/ipa\/2023\/01\/portaria-ipa-no-002-2023\/\">Portaria IPA n\u00b0 002\/2023 de 11\/01\/2023<\/a><\/li>\n<li><a href=\"https:\/\/www.infraestruturameioambiente.sp.gov.br\/ipa\/2023\/01\/portaria-ipa-no-003-2023\/\">Portaria IPA n\u00b0 003\/2023 de 11\/01\/2023<\/a><\/li>\n<li><a href=\"https:\/\/www.infraestruturameioambiente.sp.gov.br\/ipa\/2023\/03\/portaria-ipa-no-004-2023\/\">Portaria IPA n\u00b0 004\/2023 de 27\/03\/2023<\/a><\/li>\n<li><a href=\"https:\/\/www.infraestruturameioambiente.sp.gov.br\/ipa\/2023\/03\/portaria-ipa-no-005-2023\/\">Portaria IPA n\u00b0 005\/2023 de 15\/03\/2023<\/a><\/li>\n<li><a href=\"https:\/\/www.infraestruturameioambiente.sp.gov.br\/ipa\/2023\/04\/portaria-ipa-no-006-2023\/\">Portaria IPA n\u00b0 006\/2023 de 05\/04\/2023<\/a><\/li>\n<li><a href=\"https:\/\/www.infraestruturameioambiente.sp.gov.br\/ipa\/2023\/04\/portaria-ipa-no-007-2023\/\">Portaria IPA n\u00b0 007\/2023 de 05\/04\/2023<\/a><\/li>\n<li><a href=\"https:\/\/www.infraestruturameioambiente.sp.gov.br\/ipa\/2023\/11\/portaria-ipa-no-008-2023\/\">Portaria IPA n\u00b0 008\/2023 de 30\/11\/2023<\/a><\/li>\n<li><a href=\"https:\/\/www.infraestruturameioambiente.sp.gov.br\/ipa\/2024\/01\/portaria-ipa-no-009-2023\/\">Portaria IPA n\u00b0 009\/2023 de 26\/12\/2013<\/a><\/li>\n<\/ul>\n<p>[\/vc_column_text][\/vc_tta_section][vc_tta_section title=&#8221;2022&#8243; tab_id=&#8221;1664544971412-17e51750-1445&#8243;][vc_column_text]<\/p>\n<ul>\n<li><a href=\"https:\/\/www.infraestruturameioambiente.sp.gov.br\/ipa\/2022\/09\/portaria-ipa-ff-no-001-2022\/\">Portaria IPA\/FF\u00a0 n\u00b0 001\/2022 de 12\/03\/2022<\/a><\/li>\n<li><a href=\"https:\/\/www.infraestruturameioambiente.sp.gov.br\/ipa\/2022\/09\/portaria-ipa-ff-no-002-2022\/\">Portaria IPA\/FF\u00a0 n\u00b0 002\/2022 de 14\/07\/2022<\/a><\/li>\n<li><a href=\"https:\/\/www.infraestruturameioambiente.sp.gov.br\/ipa\/2022\/01\/portaria-ipa-no-001-2022\/\">Portaria IPA n\u00b0 001\/2022 de 20\/01\/2022<\/a><\/li>\n<li><a href=\"https:\/\/www.infraestruturameioambiente.sp.gov.br\/ipa\/2022\/02\/portaria-ipa-no-002-2022\/\">Portaria IPA n\u00b0 002\/2022 de 03\/01\/2022<\/a><\/li>\n<li><a href=\"https:\/\/www.infraestruturameioambiente.sp.gov.br\/ipa\/2022\/02\/portaria-ipa-no-003-2022\/\">Portaria IPA n\u00b0 003\/2022 de 09\/02\/2022<\/a><\/li>\n<li><a href=\"https:\/\/www.infraestruturameioambiente.sp.gov.br\/ipa\/2022\/02\/portaria-ipa-no-004-2022\/\">Portaria IPA n\u00b0 004\/2022 de 09\/02\/2022<\/a><\/li>\n<li><a href=\"https:\/\/www.infraestruturameioambiente.sp.gov.br\/ipa\/2022\/02\/portaria-ipa-no-005-2022\/\">Portaria IPA n\u00b0 005\/2022 de 11\/02\/2022<\/a><\/li>\n<li><a href=\"https:\/\/www.infraestruturameioambiente.sp.gov.br\/ipa\/2022\/02\/portaria-ipa-no-006-2022\/\">Portaria IPA n\u00b0 006\/2022 de 21\/02\/2022<\/a><\/li>\n<li><a href=\"https:\/\/www.infraestruturameioambiente.sp.gov.br\/ipa\/2022\/02\/portaria-ipa-no-007-2022\/\">Portaria IPA n\u00b0 007\/2022 de 21\/02\/2022<\/a><\/li>\n<li><a href=\"https:\/\/www.infraestruturameioambiente.sp.gov.br\/ipa\/2022\/03\/portaria-ipa-no-008-2022\/\">Portaria IPA n\u00b0 008\/2022 de 15\/03\/2022<\/a><\/li>\n<li><a href=\"https:\/\/www.infraestruturameioambiente.sp.gov.br\/ipa\/2022\/03\/portaria-ipa-no-009-2022\/\">Portaria IPA n\u00b0 009\/2022 de 17\/03\/2022<\/a><\/li>\n<li><a href=\"https:\/\/www.infraestruturameioambiente.sp.gov.br\/ipa\/2022\/03\/portaria-ipa-no-010-2022\/\">Portaria IPA n\u00b0 010\/2022 de 24\/03\/2022<\/a><\/li>\n<li><a href=\"https:\/\/www.infraestruturameioambiente.sp.gov.br\/ipa\/2022\/03\/portaria-ipa-no-011-2022\/\">Portaria IPA n\u00b0 011\/2022 de 31\/03\/2022<\/a><\/li>\n<li><a href=\"https:\/\/www.infraestruturameioambiente.sp.gov.br\/ipa\/2022\/04\/portaria-ipa-no-012-2022\/\">Portaria IPA n\u00ba 012\/2022 de 19\/04\/2022<\/a><\/li>\n<li><a href=\"https:\/\/www.infraestruturameioambiente.sp.gov.br\/ipa\/2022\/04\/portaria-ipa-no-013-2022\/\">Portaria IPA n\u00ba 013\/2022 de 20\/04\/2022<\/a><\/li>\n<li><a href=\"https:\/\/www.infraestruturameioambiente.sp.gov.br\/ipa\/2022\/04\/portaria-ipa-no-014-2022\/\">Portaria IPA n\u00ba 014\/2022 de 20\/04\/2022<\/a><\/li>\n<li><a href=\"https:\/\/www.infraestruturameioambiente.sp.gov.br\/ipa\/2022\/05\/portaria-ipa-no-015-2022-2\/\">Portaria IPA n\u00ba 015\/2022 de 16\/05\/2022<\/a><\/li>\n<li><a href=\"https:\/\/www.infraestruturameioambiente.sp.gov.br\/ipa\/2022\/05\/portaria-ipa-no-016-2022\/\">Portaria IPA n\u00ba 016\/2022 de 16\/05\/2022<\/a><\/li>\n<li><a href=\"https:\/\/www.infraestruturameioambiente.sp.gov.br\/ipa\/2022\/05\/portaria-ipa-no-017-2022\/\">Portaria IPA n\u00ba 017\/2022 de 16\/05\/2022<\/a><\/li>\n<li><a href=\"https:\/\/www.infraestruturameioambiente.sp.gov.br\/ipa\/2022\/05\/portaria-ipa-no-018-2022\/\">Portaria IPA n\u00ba 018\/2022 de 20\/05\/2022<\/a><\/li>\n<li><a href=\"https:\/\/www.infraestruturameioambiente.sp.gov.br\/ipa\/2022\/05\/portaria-ipa-no-019-2022\/\">Portaria IPA n\u00ba 019\/2022 de 25\/05\/2022<\/a><\/li>\n<li><a href=\"https:\/\/www.infraestruturameioambiente.sp.gov.br\/ipa\/2022\/06\/portaria-ipa-no-020-2022\/\">Portaria IPA n\u00ba 020\/2022 de 31\/05\/2022<\/a><\/li>\n<li><a href=\"https:\/\/www.infraestruturameioambiente.sp.gov.br\/ipa\/2022\/06\/portaria-ipa-no-021-2022\/\">Portaria IPA n\u00ba 021\/2022 de 25\/06\/2022<\/a><\/li>\n<li><a href=\"https:\/\/www.infraestruturameioambiente.sp.gov.br\/ipa\/2022\/06\/portaria-ipa-no-022-2022\/\">Portaria IPA n\u00ba 022\/2022 de 23\/06\/2022<\/a><\/li>\n<li><a href=\"https:\/\/www.infraestruturameioambiente.sp.gov.br\/ipa\/2022\/09\/portaria-ipa-no-023-2022\/\">Portaria IPA n\u00ba 023\/2022 de 15\/06\/2022<\/a><\/li>\n<li><a href=\"https:\/\/www.infraestruturameioambiente.sp.gov.br\/ipa\/2022\/09\/portaria-ipa-no-024-2022\/\">Portaria IPA n\u00ba 024\/2022 de 27\/09\/2022<\/a><\/li>\n<li><a href=\"https:\/\/www.infraestruturameioambiente.sp.gov.br\/ipa\/2022\/09\/portaria-ipa-no-025-2022\/\">Portaria IPA n\u00ba 025\/2022 de 01\/09\/2022<\/a><\/li>\n<li><a href=\"https:\/\/www.infraestruturameioambiente.sp.gov.br\/ipa\/2022\/09\/portaria-ipa-no-026-2022\/\">Portaria IPA n\u00ba 026\/2022 de 09\/09\/2022<\/a><\/li>\n<li><a href=\"https:\/\/www.infraestruturameioambiente.sp.gov.br\/ipa\/2022\/09\/portaria-ipa-no-027-2022\/\">Portaria IPA n\u00ba 027\/2022 de 30\/09\/2022<\/a><\/li>\n<li><a href=\"https:\/\/www.infraestruturameioambiente.sp.gov.br\/ipa\/2022\/09\/portaria-ipa-no-028-2022\/\">Portaria IPA n\u00ba 028\/2022 de 30\/09\/2022<\/a><\/li>\n<li><a href=\"https:\/\/www.infraestruturameioambiente.sp.gov.br\/ipa\/2022\/10\/portaria-ipa-no-029-2022\/\">Portaria IPA n\u00ba 029\/2022 de 08\/10\/2022<\/a><\/li>\n<li><a href=\"https:\/\/www.infraestruturameioambiente.sp.gov.br\/ipa\/2022\/11\/portaria-ipa-no-030-2022\/\">Portaria IPA n\u00ba 030\/2022 de 08\/11\/2022<\/a><\/li>\n<li><a href=\"https:\/\/www.infraestruturameioambiente.sp.gov.br\/ipa\/2022\/11\/portaria-ipa-no-031-2022\/\">Portaria IPA n\u00ba 031\/2022 de 04\/11\/2022<\/a><\/li>\n<li><a href=\"https:\/\/www.infraestruturameioambiente.sp.gov.br\/ipa\/2022\/11\/portaria-ipa-no-032-2022\/\">Portaria IPA n\u00ba 032\/2022 de 08\/11\/2022<\/a><\/li>\n<li><a href=\"https:\/\/www.infraestruturameioambiente.sp.gov.br\/ipa\/2022\/11\/portaria-ipa-no-033-2022\/\">Portaria IPA n\u00ba 033\/2022 de 10\/11\/2022<\/a><\/li>\n<li><a href=\"https:\/\/www.infraestruturameioambiente.sp.gov.br\/ipa\/2022\/11\/portaria-ipa-no-034-2022\/\">Portaria IPA n\u00ba 034\/2022 de 12\/11\/2022<\/a><\/li>\n<li><a href=\"https:\/\/www.infraestruturameioambiente.sp.gov.br\/ipa\/2022\/11\/portaria-ipa-no-035-2022\/\">Portaria IPA n\u00ba 035\/2022 de 19\/11\/2022<\/a><\/li>\n<li><a href=\"https:\/\/www.infraestruturameioambiente.sp.gov.br\/ipa\/2022\/11\/portaria-ipa-no-036-2022\/\">Portaria IPA n\u00ba 036\/2022 de 18\/11\/2022<\/a><\/li>\n<li><a href=\"https:\/\/www.infraestruturameioambiente.sp.gov.br\/ipa\/2022\/11\/portaria-ipa-no-037-2022\/\">Portaria IPA n\u00ba 037\/2022 de 23\/11\/2022<\/a><\/li>\n<li><a href=\"https:\/\/www.infraestruturameioambiente.sp.gov.br\/ipa\/2022\/11\/portaria-ipa-no-038-2022\/\">Portaria IPA n\u00ba 038\/2022 de 24\/11\/2022<\/a><\/li>\n<li><a href=\"https:\/\/www.infraestruturameioambiente.sp.gov.br\/ipa\/2022\/12\/portaria-ipa-no-039-2022\/\">Portaria IPA n\u00ba 039\/2022 de 13\/12\/2022<\/a><\/li>\n<li><a href=\"https:\/\/www.infraestruturameioambiente.sp.gov.br\/ipa\/2022\/12\/portaria-ipa-no-040-2022\/\">Portaria IPA n\u00ba 040\/2022 de 13\/12\/2022<\/a><\/li>\n<li><a href=\"https:\/\/www.infraestruturameioambiente.sp.gov.br\/ipa\/2022\/12\/portaria-ipa-no-041-2022\/\">Portaria IPA n\u00b0 041\/2022 de 23\/12\/2022<\/a><\/li>\n<li><a href=\"https:\/\/www.infraestruturameioambiente.sp.gov.br\/ipa\/2022\/12\/portaria-ipa-no-042-2022\/\">Portaria IPA n\u00ba 042\/2022 de 27\/12\/2022<\/a><\/li>\n<\/ul>\n<p>[\/vc_column_text][\/vc_tta_section][vc_tta_section title=&#8221;2021&#8243; tab_id=&#8221;1664544971402-6ff943f6-f654&#8243;][vc_column_text]<\/p>\n<ul>\n<li><a href=\"https:\/\/www.al.sp.gov.br\/repositorio\/legislacao\/decreto\/2021\/decreto-65796-16.06.2021.html\">Decreto Estadual n\u00ba 65.796 de 16\/06\/2021<\/a><\/li>\n<li><a href=\"https:\/\/www.infraestruturameioambiente.sp.gov.br\/ipa\/2021\/08\/portaria-ipa-no-001-2021\/\">Portaria IPA n\u00b0 001\/2021 de 17\/08\/2021<\/a><\/li>\n<li><a href=\"https:\/\/www.infraestruturameioambiente.sp.gov.br\/ipa\/2021\/09\/portaria-ipa-no-002-2021\/\">Portaria IPA n\u00ba 002\/2021 de 11\/09\/2021<\/a><\/li>\n<li><a href=\"https:\/\/www.infraestruturameioambiente.sp.gov.br\/ipa\/2021\/10\/portaria-ipa-no-003-2021\/\">Portaria IPA n\u00ba 003\/2021 de 09\/10\/2021<\/a><\/li>\n<li><a href=\"https:\/\/www.infraestruturameioambiente.sp.gov.br\/ipa\/2021\/10\/portaria-ipa-no-004-2021\/\">Portaria IPA n\u00b0 004\/2021 de 08\/10\/2021<\/a><\/li>\n<li><a href=\"https:\/\/www.infraestruturameioambiente.sp.gov.br\/ipa\/2021\/12\/portaria-ipa-n-005-2021\/\">Portaria IPA n\u00b0 005\/2021 de 03\/11\/2021<\/a><\/li>\n<li><a href=\"https:\/\/www.infraestruturameioambiente.sp.gov.br\/ipa\/2021\/11\/portaria-ipa-no-006-2021\/\">Portaria IPA n\u00b0 006\/2021 de 21\/11\/2021<\/a><\/li>\n<li><a href=\"https:\/\/www.infraestruturameioambiente.sp.gov.br\/ipa\/2021\/12\/portaria-ipa-no-007-2021\/\">Portaria IPA n\u00b0 007\/2021 de 16\/12\/2021<\/a><\/li>\n<\/ul>\n<p>[\/vc_column_text][\/vc_tta_section][\/vc_tta_accordion][\/vc_column][vc_column width=&#8221;1\/3&#8243;][vc_column_text]<span style=\"font-size: 14pt\"><strong>Instituto de Pesquisas Ambientais<\/strong><\/span><\/p>\n<ul>\n<li><a href=\"https:\/\/www.infraestruturameioambiente.sp.gov.br\/ipa\/historia\/\">Hist\u00f3ria<\/a>\n<ul>\n<li><a href=\"https:\/\/www.infraestruturameioambiente.sp.gov.br\/ipa\/memorias\/\">Mem\u00f3rias dos Institutos\u00a0<\/a><\/li>\n<\/ul>\n<\/li>\n<li><a href=\"https:\/\/www.infraestruturameioambiente.sp.gov.br\/ipa\/diretrizes\/\">Diretrizes<\/a><\/li>\n<li><a href=\"https:\/\/www.infraestruturameioambiente.sp.gov.br\/ipa\/missao\/\">Miss\u00e3o e Campo de Atua\u00e7\u00e3o<\/a><\/li>\n<li><a href=\"https:\/\/www.infraestruturameioambiente.sp.gov.br\/ipa\/organograma\/\">Organograma<\/a>\n<ul>\n<li><a href=\"https:\/\/www.al.sp.gov.br\/repositorio\/legislacao\/decreto\/2021\/decreto-65796-16.06.2021.html\">Decreto de Cria\u00e7\u00e3o<\/a><\/li>\n<li><a href=\"https:\/\/www.doe.sp.gov.br\/executivo\/secretaria-de-meio-ambiente-infraestrutura-e-logistica\/resolucao-semil-n-017-de-30-de-marco-de-2025-2025033111321220982667\">Decreto de Restrutura\u00e7\u00e3o<\/a><\/li>\n<\/ul>\n<\/li>\n<li><strong>Legisla\u00e7\u00e3o<\/strong><\/li>\n<li><a href=\"https:\/\/www.infraestruturameioambiente.sp.gov.br\/ipa\/orgaos-colegiados__trashed\/conselho-cientifico\/\">Conselho Cient\u00edfico<\/a><\/li>\n<li><a href=\"https:\/\/www.infraestruturameioambiente.sp.gov.br\/ipa\/orgaos-colegiados__trashed\/comissao-de-etica-e-biosseguranca\/\">Comiss\u00e3o de \u00c9tica e Biosseguran\u00e7a<\/a><\/li>\n<li><a href=\"https:\/\/www.infraestruturameioambiente.sp.gov.br\/ipa\/departamento-de-tecnologia-e-inovacao__trashed\/centro-de-inovacao-tecnologica__trashed\/nucleo-de-inovacao-tecnologica-nit-ipa\/\">Inova\u00e7\u00e3o Tecnol\u00f3gica<\/a><\/li>\n<li><a href=\"https:\/\/www.infraestruturameioambiente.sp.gov.br\/ipa\/relatorio\/\">Relat\u00f3rio de Atividades<\/a><\/li>\n<li><a href=\"https:\/\/www.infraestruturameioambiente.sp.gov.br\/ipa\/folder\/\">Folder<\/a><\/li>\n<\/ul>\n<p>[\/vc_column_text][\/vc_column][\/vc_row]<\/p>\n","protected":false},"excerpt":{"rendered":"<p>[vc_row][vc_column width=&#8221;2\/3&#8243;][vc_tta_accordion][vc_tta_section title=&#8221;2026&#8243; tab_id=&#8221;1770117662589-851fd7ea-6474&#8243;][vc_column_text] Portaria IPA n\u00b0 001\/2026 de 02\/02\/2026 Portaria IPA n\u00ba 002\/2026 de 24\/03\/2026 Portaria IPA n\u00ba 003\/2026 de 30\/03\/2026 Portaria IPA n\u00ba 004\/2026 de 06\/04\/2026 [\/vc_column_text][\/vc_tta_section][vc_tta_section title=&#8221;2025&#8243; [&hellip;]<\/p>\n","protected":false},"author":184,"featured_media":0,"parent":0,"menu_order":0,"comment_status":"closed","ping_status":"closed","template":"","meta":[],"_links":{"self":[{"href":"https:\/\/www.infraestruturameioambiente.sp.gov.br\/ipa\/wp-json\/wp\/v2\/pages\/392"}],"collection":[{"href":"https:\/\/www.infraestruturameioambiente.sp.gov.br\/ipa\/wp-json\/wp\/v2\/pages"}],"about":[{"href":"https:\/\/www.infraestruturameioambiente.sp.gov.br\/ipa\/wp-json\/wp\/v2\/types\/page"}],"author":[{"embeddable":true,"href":"https:\/\/www.infraestruturameioambiente.sp.gov.br\/ipa\/wp-json\/wp\/v2\/users\/184"}],"replies":[{"embeddable":true,"href":"https:\/\/www.infraestruturameioambiente.sp.gov.br\/ipa\/wp-json\/wp\/v2\/comments?post=392"}],"version-history":[{"count":98,"href":"https:\/\/www.infraestruturameioambiente.sp.gov.br\/ipa\/wp-json\/wp\/v2\/pages\/392\/revisions"}],"predecessor-version":[{"id":9296,"href":"https:\/\/www.infraestruturameioambiente.sp.gov.br\/ipa\/wp-json\/wp\/v2\/pages\/392\/revisions\/9296"}],"wp:attachment":[{"href":"https:\/\/www.infraestruturameioambiente.sp.gov.br\/ipa\/wp-json\/wp\/v2\/media?parent=392"}],"curies":[{"name":"wp","href":"https:\/\/api.w.org\/{rel}","templated":true}]}}