{"id":369,"date":"2022-01-11T16:59:08","date_gmt":"2022-01-11T18:59:08","guid":{"rendered":"https:\/\/portal-sima-homologacao.azurewebsites.net\/ipa\/?page_id=369"},"modified":"2025-11-11T14:42:25","modified_gmt":"2025-11-11T17:42:25","slug":"venda-de-publicacoes","status":"publish","type":"page","link":"https:\/\/www.infraestruturameioambiente.sp.gov.br\/ipa\/publicacoes\/venda-de-publicacoes\/","title":{"rendered":"Venda de publica\u00e7\u00f5es"},"content":{"rendered":"<p>[vc_row][vc_column width=&#8221;2\/3&#8243;][vc_column_text]O Setor de venda de publica\u00e7\u00f5es cient\u00edficas do <strong>IPA &#8211; Instituto de Pesquisas Ambientais<\/strong> disponibiliza livros, peri\u00f3dicos e outros materiais nas \u00c1reas da Bot\u00e2nica, Geoci\u00eancias, Ci\u00eancias Florestais e Biodiversidade.<\/p>\n<ul>\n<li><a href=\"https:\/\/www.infraestruturameioambiente.sp.gov.br\/ipa\/2025\/11\/portaria-ipa-no-024-2025\/\"><strong>Lista das publica\u00e7\u00f5es \u00e0 venda<\/strong><\/a><\/li>\n<\/ul>\n<p>As Publica\u00e7\u00f5es e outros materiais est\u00e3o dispon\u00edveis para venda apenas on-line <a href=\"https:\/\/www.infraestruturameioambiente.sp.gov.br\/ipa\/2025\/11\/portaria-ipa-no-024-2025\/\">VER LISTA<\/a> e poder\u00e3o ser adquiridas, mediante pagamento do servi\u00e7o de correio, no e-mail <a href=\"mailto:ipa.npc@sp.gov.br\">ipa.npc@sp.gov.br<\/a>.<\/p>\n<p><strong>INSTITUTO DE PESQUISAS AMBIENTAIS<\/strong><br \/>\nCoordenadoria de Gest\u00e3o do Conhecimento<br \/>\nDepartamento de Gest\u00e3o de Acervos<br \/>\nSetor de venda de publica\u00e7\u00f5es cient\u00edficas<br \/>\nFone: (011) 5067-6051<br \/>\nSugest\u00f5es e reclama\u00e7\u00f5es poder\u00e3o ser enviadas para os e-mails <a href=\"mailto:ipa.npc@sp.gov.br\">ipa.npc@sp.gov.br<\/a> ou <a href=\"mailto:kmsilva@sp.gov.br\">kmsilva@sp.gov.br<\/a>[\/vc_column_text][\/vc_column][vc_column width=&#8221;1\/3&#8243;][vc_column_text]<span style=\"font-size: 14pt\"><strong>Publica\u00e7\u00f5es<\/strong><\/span><\/p>\n<ul>\n<li>Anais\n<ul>\n<li><a href=\"https:\/\/www.infraestruturameioambiente.sp.gov.br\/ipa\/publicacoes\/anais-raibt\/\">Anais da RAIBt<\/a><\/li>\n<li><a href=\"https:\/\/www.infraestruturameioambiente.sp.gov.br\/ipa\/publicacoes\/anais-do-sipa\/\">Anais do SIPA<\/a><\/li>\n<\/ul>\n<\/li>\n<li>Boletins<\/li>\n<li>Cadernos<\/li>\n<li><a href=\"https:\/\/www.infraestruturameioambiente.sp.gov.br\/ipa\/caderno-de-resumo\/\">Cadernos de Resumos<\/a><\/li>\n<li><a href=\"https:\/\/www.infraestruturameioambiente.sp.gov.br\/ipa\/publicacoes\/cartilhas\/\">Cartilhas<\/a><\/li>\n<li><a href=\"https:\/\/www.infraestruturameioambiente.sp.gov.br\/ipa\/publicacoes\/serie-folhetos\/\">Folhetos<\/a> e Manuais<\/li>\n<li><a href=\"https:\/\/www.infraestruturameioambiente.sp.gov.br\/institutodebotanica\/ffesp_online\/\">Flora de S\u00e3o Paulo<\/a><\/li>\n<li>Livros<\/li>\n<li><a href=\"https:\/\/www.infraestruturameioambiente.sp.gov.br\/ipa\/publicacoes\/publicacoes-cientificas\/mapas\/\">Mapas<\/a><\/li>\n<li><a href=\"https:\/\/www.infraestruturameioambiente.sp.gov.br\/ipa\/publicacoes\/revistas-cientificas\/\">Peri\u00f3dicos<\/a><\/li>\n<li><a href=\"https:\/\/www.infraestruturameioambiente.sp.gov.br\/ipa\/relatorio\/\">Relat\u00f3rios<\/a><\/li>\n<li><a href=\"https:\/\/www.infraestruturameioambiente.sp.gov.br\/ipa\/publicacoes\/publicacoes-historicas\/\">Publica\u00e7\u00f5es Hist\u00f3ricas<\/a><\/li>\n<li><a href=\"https:\/\/www.infraestruturameioambiente.sp.gov.br\/ipa\/publicacoes\/\">Sobre<\/a><\/li>\n<\/ul>\n<p>[\/vc_column_text][\/vc_column][\/vc_row]<\/p>\n","protected":false},"excerpt":{"rendered":"<p>[vc_row][vc_column width=&#8221;2\/3&#8243;][vc_column_text]O Setor de venda de publica\u00e7\u00f5es cient\u00edficas do IPA &#8211; Instituto de Pesquisas Ambientais disponibiliza livros, peri\u00f3dicos e outros materiais nas \u00c1reas da Bot\u00e2nica, Geoci\u00eancias, Ci\u00eancias Florestais e Biodiversidade. [&hellip;]<\/p>\n","protected":false},"author":184,"featured_media":0,"parent":28,"menu_order":0,"comment_status":"closed","ping_status":"closed","template":"","meta":[],"_links":{"self":[{"href":"https:\/\/www.infraestruturameioambiente.sp.gov.br\/ipa\/wp-json\/wp\/v2\/pages\/369"}],"collection":[{"href":"https:\/\/www.infraestruturameioambiente.sp.gov.br\/ipa\/wp-json\/wp\/v2\/pages"}],"about":[{"href":"https:\/\/www.infraestruturameioambiente.sp.gov.br\/ipa\/wp-json\/wp\/v2\/types\/page"}],"author":[{"embeddable":true,"href":"https:\/\/www.infraestruturameioambiente.sp.gov.br\/ipa\/wp-json\/wp\/v2\/users\/184"}],"replies":[{"embeddable":true,"href":"https:\/\/www.infraestruturameioambiente.sp.gov.br\/ipa\/wp-json\/wp\/v2\/comments?post=369"}],"version-history":[{"count":11,"href":"https:\/\/www.infraestruturameioambiente.sp.gov.br\/ipa\/wp-json\/wp\/v2\/pages\/369\/revisions"}],"predecessor-version":[{"id":9020,"href":"https:\/\/www.infraestruturameioambiente.sp.gov.br\/ipa\/wp-json\/wp\/v2\/pages\/369\/revisions\/9020"}],"up":[{"embeddable":true,"href":"https:\/\/www.infraestruturameioambiente.sp.gov.br\/ipa\/wp-json\/wp\/v2\/pages\/28"}],"wp:attachment":[{"href":"https:\/\/www.infraestruturameioambiente.sp.gov.br\/ipa\/wp-json\/wp\/v2\/media?parent=369"}],"curies":[{"name":"wp","href":"https:\/\/api.w.org\/{rel}","templated":true}]}}