{"id":351,"date":"2022-01-07T15:23:29","date_gmt":"2022-01-07T17:23:29","guid":{"rendered":"https:\/\/portal-sima-homologacao.azurewebsites.net\/ipa\/?page_id=351"},"modified":"2026-04-13T15:53:29","modified_gmt":"2026-04-13T18:53:29","slug":"laboratorios","status":"publish","type":"page","link":"https:\/\/www.infraestruturameioambiente.sp.gov.br\/ipa\/laboratorios\/","title":{"rendered":"Laborat\u00f3rios"},"content":{"rendered":"<p>[vc_row][vc_column width=&#8221;2\/3&#8243;][vc_column_text]O<strong> IPA &#8211; Instituto de Pesquisas Ambientais <\/strong>possui, em sua estrutura, os seguintes laborat\u00f3rios sob responsabilidade da Divis\u00e3o de <a href=\"https:\/\/www.infraestruturameioambiente.sp.gov.br\/ipa\/departamento-tecnico-cientifico\/centro-de-apoio-tecnico-cientifico\/nucleo-de-laboratorios-e-areas-experimentais\/\">Laborat\u00f3rios e \u00c1reas Experimentais<\/a>.<\/p>\n<p>*respons\u00e1veis designados pela <a href=\"https:\/\/www.infraestruturameioambiente.sp.gov.br\/ipa\/2025\/11\/portaria-ipa-no-027-2025\/\">Portaria IPA 027\/2025<\/a>.<\/p>\n<table style=\"width: 105.324%;height: 2087px\" width=\"520\">\n<tbody>\n<tr style=\"height: 24px\">\n<td style=\"height: 24px;border-style: solid;border-color: #000000;width: 10.6518%;text-align: center\" width=\"74\"><strong>UNIDADE<\/strong><\/td>\n<td style=\"height: 24px;border-style: solid;border-color: #000000;width: 49.7189%;text-align: center\" width=\"237\"><strong>LABORAT\u00d3RIO<\/strong><\/td>\n<td style=\"height: 24px;border-style: solid;border-color: #000000;width: 48.9396%;text-align: center\" width=\"209\"><strong>RESPONS\u00c1VEL*<\/strong><\/td>\n<\/tr>\n<tr style=\"height: 24px\">\n<td style=\"height: 1107px;border-style: solid;border-color: #000000;text-align: center;width: 10.6518%\" rowspan=\"25\" width=\"74\"><strong>Jardim Bot\u00e2nico<\/strong><br \/>\n<strong><br \/>\n<\/strong><strong><br \/>\n<\/strong><strong><br \/>\n<\/strong><\/td>\n<td style=\"height: 48px;border-style: solid;border-color: #000000;width: 49.7189%\" rowspan=\"2\" width=\"237\"><a href=\"https:\/\/www.infraestruturameioambiente.sp.gov.br\/ipa\/laboratorios\/laboratorio-de-estudos-ambientais\/\">Laborat\u00f3rio de Estudos Ambientais &#8211; LEA<\/a><\/p>\n<p>E-mail: <a href=\"mailto:lea_ipa@sp.gov.br\">lea_ipa@sp.gov.br<\/a><\/td>\n<td style=\"height: 24px;border-style: solid;border-color: #000000;width: 48.9396%\" width=\"209\"><a href=\"http:\/\/lattes.cnpq.br\/4672169756196715\">Emerson Alves da Silva<\/a><\/td>\n<\/tr>\n<tr style=\"height: 24px\">\n<td style=\"height: 24px;border-style: solid;border-color: #000000;width: 48.9396%\" width=\"209\"><a href=\"http:\/\/lattes.cnpq.br\/3817546570158534\">M\u00e1rcia Regina Braga<\/a><\/td>\n<\/tr>\n<tr style=\"height: 80px\">\n<td style=\"border-style: solid;border-color: #000000;width: 49.7189%;height: 104px\" rowspan=\"2\">Laborat\u00f3rio de Sociobiodiversidade e Agroecologia &#8211; LSA<\/p>\n<p>E-mail: &#8211;<\/td>\n<td style=\"width: 48.9396%;height: 80px;border-style: solid;border-color: #000000\"><a href=\"http:\/\/lattes.cnpq.br\/1860421392471635\">Clovis Jose Fernandes de Oliveira Junior<\/a><\/td>\n<\/tr>\n<tr style=\"height: 24px\">\n<td style=\"border-style: solid;border-color: #000000;width: 48.9396%;height: 24px\"><a href=\"http:\/\/lattes.cnpq.br\/3110319297331733\">Domingos S\u00e1vio Rodrigues<\/a><\/td>\n<\/tr>\n<tr style=\"height: 24px\">\n<td style=\"height: 152px;border-style: solid;border-color: #000000;width: 49.7189%\" rowspan=\"4\" width=\"237\">Laborat\u00f3rio de Micologia B\u00e1sica &#8211; LMB<\/p>\n<p>E-mail: &#8211;<\/td>\n<td style=\"height: 24px;border-style: solid;border-color: #000000;width: 48.9396%\" width=\"209\"><a href=\"http:\/\/lattes.cnpq.br\/7524655663585223\">Adriana de Mello Gugliotta<\/a><\/td>\n<\/tr>\n<tr style=\"height: 48px\">\n<td style=\"height: 48px;border-style: solid;border-color: #000000;width: 48.9396%\" width=\"209\"><a href=\"http:\/\/lattes.cnpq.br\/7114877007326447\">Carmen L. A. Pires Zotarelli<\/a><\/td>\n<\/tr>\n<tr style=\"height: 24px\">\n<td style=\"height: 24px;border-style: solid;border-color: #000000;width: 48.9396%\" width=\"209\"><a href=\"http:\/\/lattes.cnpq.br\/2122925717109387\">Michel Navarro Benatti<\/a><\/td>\n<\/tr>\n<tr style=\"height: 56px\">\n<td style=\"border-style: solid;border-color: #000000;width: 48.9396%;height: 56px\"><a href=\"http:\/\/lattes.cnpq.br\/3679971732778237\">Iracema Helena Schoenlein-Crusius<\/a><\/td>\n<\/tr>\n<tr style=\"height: 24px\">\n<td style=\"height: 96px;border-style: solid;border-color: #000000;width: 49.7189%\" rowspan=\"2\" width=\"237\"><a href=\"https:\/\/www.infraestruturameioambiente.sp.gov.br\/ipa\/laboratorios\/laboratorio-de-palinologia-palino-ipa\/\">Laborat\u00f3rio de Palinologia &#8211; PALINO<\/a><\/p>\n<p>E-mail: <a href=\"mailto:ipa.palino@sp.gov.br\">ipa.palino@sp.gov.br<\/a><\/td>\n<td style=\"height: 72px;border-style: solid;border-color: #000000;width: 48.9396%\" width=\"209\"><a href=\"http:\/\/lattes.cnpq.br\/9803806414020991\">Cynthia Fernandes Pinto da Luz<\/a><\/td>\n<\/tr>\n<tr style=\"height: 24px\">\n<td style=\"border-style: solid;border-color: #000000;width: 48.9396%;height: 24px\"><a href=\"http:\/\/lattes.cnpq.br\/8837136090645387\">Alethea Ernandes Martins<\/a><\/td>\n<\/tr>\n<tr style=\"height: 48px\">\n<td style=\"height: 154px;border-style: solid;border-color: #000000;width: 49.7189%\" rowspan=\"2\" width=\"237\">Laborat\u00f3rio de Anatomia e Morfologia Vegetal (LAMVeg)<\/p>\n<p>E-mail: &#8211;<\/td>\n<td style=\"height: 48px;border-style: solid;border-color: #000000;width: 48.9396%\" width=\"209\"><a href=\"http:\/\/lattes.cnpq.br\/9120259450784602\">Adriana Hissae Hayashi<\/a><\/td>\n<\/tr>\n<tr style=\"height: 106px\">\n<td style=\"border-style: solid;border-color: #000000;width: 48.9396%;height: 106px\"><a href=\"http:\/\/lattes.cnpq.br\/1735524247150497\">In\u00eas Cordeiro<\/a><\/td>\n<\/tr>\n<tr style=\"height: 33px\">\n<td style=\"height: 133px;border-style: solid;border-color: #000000;width: 49.7189%\" rowspan=\"3\" width=\"237\"><a href=\"https:\/\/www.infraestruturameioambiente.sp.gov.br\/ipa\/laboratorios\/laboratorio-de-biotecnologia-de-plantas-nativas-e-ou-comerciais\/\">Laborat\u00f3rio de Biotecnologia de Plantas Nativas e\/ou Comerciais &#8211; LBPNC<\/a><\/p>\n<p>E-mail: <a href=\"mailto:ipa.lbpnc@sp.gov.br\">ipa.lbpnc@sp.gov.br<\/a><\/td>\n<td style=\"height: 33px;border-style: solid;border-color: #000000;width: 48.9396%\" width=\"209\"><a href=\"http:\/\/lattes.cnpq.br\/1522060795824087\">Rog\u00e9rio Mamoru Suzuki<\/a><\/td>\n<\/tr>\n<tr style=\"height: 33px\">\n<td style=\"height: 33px;border-style: solid;border-color: #000000;width: 48.9396%\" width=\"209\"><a href=\"http:\/\/lattes.cnpq.br\/9898152539226908\">Vivian Tamaki<\/a><\/td>\n<\/tr>\n<tr style=\"height: 67px\">\n<td style=\"border-style: solid;border-color: #000000;width: 48.9396%;height: 67px\"><a href=\"http:\/\/lattes.cnpq.br\/9782949272653296\">Vanessa Rebou\u00e7as dos Santos<\/a><\/td>\n<\/tr>\n<tr style=\"height: 48px\">\n<td style=\"height: 48px;border-style: solid;border-color: #000000;width: 49.7189%\" width=\"237\">Laborat\u00f3rio de Ecofisiologia e Bioqu\u00edmica de Plantas &#8211; LEBP<\/p>\n<p>E-mail: <a href=\"mailto:ipa.ecofisiobioq@sp.gov.br\"><span data-ogsc=\"black\" data-ogsb=\"white\">ipa.ecofisiobioq@sp.gov.br<\/span><\/a><\/td>\n<td style=\"height: 48px;border-style: solid;border-color: #000000;width: 48.9396%\" width=\"209\"><a href=\"http:\/\/lattes.cnpq.br\/9646860419135392\">Marco Aur\u00e9lio Siva Tin\u00e9<\/a><\/td>\n<\/tr>\n<tr style=\"height: 48px\">\n<td style=\"height: 48px;border-style: solid;border-color: #000000;width: 49.7189%\" width=\"237\">Laborat\u00f3rio de intera\u00e7\u00e3o Atmosfera-Planta &#8211; LABIAP<\/p>\n<p>E-mail: <span data-ogsc=\"black\" data-ogsb=\"white\"><a href=\"mailto:ipa.labiap@sp.gov.br\">ipa.labiap@sp.gov.br<\/a>\u00a0<\/span><\/td>\n<td style=\"height: 48px;border-style: solid;border-color: #000000;width: 48.9396%\" width=\"209\"><a href=\"http:\/\/lattes.cnpq.br\/1318237015797899\">S\u00edlvia Ribeiro de Souza<\/a><\/td>\n<\/tr>\n<tr style=\"height: 48px\">\n<td style=\"height: 48px;border-style: solid;border-color: #000000;width: 49.7189%\" width=\"237\">Laborat\u00f3rio de Taxonomia e Ecologia de Microalgas &#8211; LTEM<\/p>\n<p>E-mail: <span data-ogsc=\"black\" data-ogsb=\"white\"><a href=\"mailto:ipa.ecotaxmicroalgas@sp.gov.br\">ipa.ecotaxmicroalgas@sp.gov.br<\/a>\u00a0<\/span><\/td>\n<td style=\"height: 48px;border-style: solid;border-color: #000000;width: 48.9396%\" width=\"209\"><a href=\"http:\/\/lattes.cnpq.br\/3042923736125076\">Andr\u00e9a Tucci<\/a><\/td>\n<\/tr>\n<tr style=\"height: 24px\">\n<td style=\"height: 72px;border-style: solid;border-color: #000000;width: 49.7189%\" rowspan=\"2\" width=\"237\">Laborat\u00f3rio de Ecologia Terrestre e Aqu\u00e1tica &#8211; LECO<\/p>\n<p>E-mail: &#8211;<\/td>\n<td style=\"height: 24px;border-style: solid;border-color: #000000;width: 48.9396%\" width=\"209\"><a href=\"http:\/\/lattes.cnpq.br\/7145075647761844\">Carla Ferragut<\/a><\/td>\n<\/tr>\n<tr style=\"height: 48px\">\n<td style=\"height: 48px;border-style: solid;border-color: #000000;width: 48.9396%\" width=\"209\"><a href=\"http:\/\/lattes.cnpq.br\/5719539439215809\">Mirian Cilene Spadini Rinaldi<\/a><\/td>\n<\/tr>\n<tr style=\"height: 48px\">\n<td style=\"height: 48px;border-style: solid;border-color: #000000;width: 49.7189%\" width=\"237\">Laborat\u00f3rio de Micologia Aplicada &#8211; LMA<\/p>\n<p>E-mail: <span data-ogsc=\"black\" data-ogsb=\"white\"><a href=\"mailto:ipa.micologiaaplicada@sp.gov.br\">ipa.micologiaaplicada@sp.gov.br<\/a><\/span><\/td>\n<td style=\"height: 48px;border-style: solid;border-color: #000000;width: 48.9396%\" width=\"209\"><a href=\"http:\/\/lattes.cnpq.br\/6137997220541039\">Vera Maria Valle Vitalli<\/a><\/td>\n<\/tr>\n<tr style=\"height: 48px\">\n<td style=\"height: 48px;border-style: solid;border-color: #000000;width: 49.7189%\" width=\"237\">Laborat\u00f3rio de Pesquisa em Sementes &#8211; LPS<\/p>\n<p>E-mail: <a href=\"mailto:ipa.labsem@sp.gov.br\"><span data-ogsc=\"black\" data-ogsb=\"white\">ipa.labsem@sp.gov.br<\/span><\/a><\/td>\n<td style=\"height: 48px;border-style: solid;border-color: #000000;width: 48.9396%;text-align: left\" width=\"209\"><a href=\"http:\/\/lattes.cnpq.br\/2923654912566008\">Adriana de Oliveira Fidalgo<\/a><\/td>\n<\/tr>\n<tr style=\"height: 36px\">\n<td style=\"border-style: solid;border-color: #000000;width: 49.7189%;height: 108px\" rowspan=\"3\">\n<p style=\"text-align: left\">Laborat\u00f3rio Experimental de \u00c1reas Verdes &#8211; LEAV<\/p>\n<p style=\"text-align: left\">E-mail:<\/p>\n<\/td>\n<td style=\"border-style: solid;border-color: #000000;width: 48.9396%;text-align: left;height: 36px\"><a href=\"http:\/\/lattes.cnpq.br\/9898152539226908\"><span data-ogsc=\"rgb(200, 38, 19)\">Vivian Tamaki<\/span><\/a><\/td>\n<\/tr>\n<tr style=\"height: 36px\">\n<td style=\"border-style: solid;border-color: #000000;width: 48.9396%;text-align: left;height: 36px\"><span data-ogsc=\"rgb(200, 38, 19)\"><a href=\"http:\/\/lattes.cnpq.br\/3110319297331733\">Domingos Savio Rodrigues<\/a><\/span><\/td>\n<\/tr>\n<tr style=\"height: 36px\">\n<td style=\"border-style: solid;border-color: #000000;width: 48.9396%;text-align: left;height: 36px\"><span data-ogsc=\"rgb(200, 38, 19)\"><a href=\"http:\/\/lattes.cnpq.br\/1522060795824087\">Rog\u00e9rio Mamoru Suzuki<\/a><\/span><\/td>\n<\/tr>\n<tr style=\"height: 48px\">\n<td style=\"height: 634px;border-style: solid;border-color: #000000;text-align: center;width: 10.6518%\" rowspan=\"10\" width=\"74\"><strong>Vila Mariana<\/strong><br \/>\n<strong><br \/>\n<\/strong><strong><br \/>\n<\/strong><\/td>\n<td style=\"height: 96px;border-style: solid;border-color: #000000;width: 49.7189%\" rowspan=\"3\" width=\"237\">Laborat\u00f3rio de An\u00e1lises Geol\u00f3gicas &#8211; LABGEO<\/p>\n<p>E-mail: <a href=\"mailto:ipa.labgeo@sp.gov.br\">ipa.labgeo@sp.gov.br<\/a><\/td>\n<td style=\"height: 48px;border-style: solid;border-color: #000000;width: 48.9396%\" width=\"209\"><a href=\"http:\/\/lattes.cnpq.br\/5082667184171972\">Luciana M.Rodrigues Ferreira<\/a><\/td>\n<\/tr>\n<tr style=\"height: 24px\">\n<td style=\"height: 24px;border-style: solid;border-color: #000000;width: 48.9396%\" width=\"209\"><a href=\"http:\/\/lattes.cnpq.br\/8490389991111076\">Francisco de Assis Negri<\/a><\/td>\n<\/tr>\n<tr style=\"height: 24px\">\n<td style=\"height: 24px;border-style: solid;border-color: #000000;width: 48.9396%\" width=\"209\"><a href=\"http:\/\/lattes.cnpq.br\/1064891421648682\">Sibele Ezaki<\/a><\/td>\n<\/tr>\n<tr style=\"height: 104px\">\n<td style=\"border-style: solid;border-color: #000000;width: 49.7189%;height: 240px\" rowspan=\"2\"><a href=\"https:\/\/www.infraestruturameioambiente.sp.gov.br\/ipa\/laboratorios\/laboratorio-de-climatologia-experimental-climex\/\"><span data-olk-copy-source=\"MessageBody\">Laborat\u00f3rio de Climatologia Experimental &#8211; CLIMEX<\/span><\/a><\/p>\n<p><span data-olk-copy-source=\"MessageBody\">E-mail: &#8211;<\/span><\/td>\n<td style=\"border-style: solid;border-color: #000000;width: 48.9396%;height: 104px\"><a href=\"http:\/\/lattes.cnpq.br\/6290448081419534\"><span data-olk-copy-source=\"MessageBody\">Gustavo Armani<\/span><\/a><\/td>\n<\/tr>\n<tr style=\"height: 136px\">\n<td style=\"border-style: solid;border-color: #000000;width: 48.9396%;height: 136px\"><span data-olk-copy-source=\"MessageBody\"><a href=\"http:\/\/lattes.cnpq.br\/4341712852670882\">Renato Tavares<\/a><\/span><\/td>\n<\/tr>\n<tr style=\"height: 48px\">\n<td style=\"height: 48px;border-style: solid;border-color: #000000;width: 49.7189%\" width=\"237\">Laborat\u00f3rio de Microscopia Petrogr\u00e1fica &#8211; LABPETRO<\/p>\n<p>E-mail: <a href=\"mailto:ipa.labpetro@sp.gov.br\"><span data-ogsc=\"black\" data-ogsb=\"white\">ipa.labpetro@sp.gov.br<\/span><\/a><\/td>\n<td style=\"height: 48px;border-style: solid;border-color: #000000;width: 48.9396%\" width=\"209\"><a href=\"http:\/\/lattes.cnpq.br\/8490389991111076\">Francisco de Assis Negri<\/a><\/td>\n<\/tr>\n<tr style=\"height: 48px\">\n<td style=\"height: 154px;border-style: solid;border-color: #000000;width: 49.7189%\" rowspan=\"2\" width=\"237\"><a href=\"https:\/\/www.infraestruturameioambiente.sp.gov.br\/ipa\/laboratorios\/laboratorio-de-hidrossistemas-carsticos\/\">Laborat\u00f3rio de Hidrossistemas C\u00e1rsticos &#8211; LHC<\/a><\/p>\n<p>E-mail: <a href=\"mailto:ipa.hidrokarst@sp.gov.br\"><span data-ogsc=\"black\" data-ogsb=\"white\">ipa.hidrokarst@sp.gov.br<\/span><\/a><\/td>\n<td style=\"height: 48px;border-style: solid;border-color: #000000;width: 48.9396%\" width=\"209\"><a href=\"http:\/\/lattes.cnpq.br\/7259019020556162\">Jos\u00e9 Ant\u00f4nio Ferrari<\/a><\/td>\n<\/tr>\n<tr style=\"height: 106px\">\n<td style=\"border-style: solid;border-color: #000000;width: 48.9396%;height: 106px\"><a href=\"http:\/\/lattes.cnpq.br\/3931379703382167\"><span data-ogsc=\"rgb(237, 92, 87)\">Silvio Takashi Hiruma<\/span><\/a><\/td>\n<\/tr>\n<tr style=\"height: 48px\">\n<td style=\"border-style: solid;border-color: #000000;width: 49.7189%;height: 48px\">Laborat\u00f3rio de Fotointerpreta\u00e7\u00e3o &#8211; LFI<\/p>\n<p>E-mail: &#8211;<\/td>\n<td style=\"border-style: solid;border-color: #000000;width: 48.9396%;height: 48px\"><a href=\"http:\/\/lattes.cnpq.br\/5065896153191557\">Ant\u00f4nio Carlos Moretti Guedes<\/a><\/td>\n<\/tr>\n<tr style=\"height: 48px\">\n<td style=\"border-style: solid;border-color: #000000;width: 49.7189%;height: 48px\">Laborat\u00f3rio de Geoprocessamento &#8211; LGEO<\/p>\n<p>E-mail: &#8211;<\/td>\n<td style=\"border-style: solid;border-color: #000000;width: 48.9396%;height: 48px\"><a href=\"http:\/\/lattes.cnpq.br\/5065896153191557\">Ant\u00f4nio Carlos Moretti Guedes<\/a><\/td>\n<\/tr>\n<tr style=\"height: 72px\">\n<td style=\"height: 144px;border-style: solid;border-color: #000000;text-align: center;width: 10.6518%\" rowspan=\"2\" width=\"74\"><strong>Horto Florestal<\/strong><\/td>\n<td style=\"height: 72px;border-style: solid;border-color: #000000;width: 49.7189%\" width=\"237\">Laborat\u00f3rio de Anatomia e Propriedades de Madeira &#8211; LAPM<\/p>\n<p>E-mail: &#8211;<\/td>\n<td style=\"height: 72px;border-style: solid;border-color: #000000;width: 48.9396%\" width=\"209\"><a href=\"http:\/\/lattes.cnpq.br\/9268347207438461\">Eduardo Luiz Longui<\/a><\/td>\n<\/tr>\n<tr style=\"height: 24px\">\n<td style=\"height: 72px;border-style: solid;border-color: #000000;width: 49.7189%\" width=\"237\"><a href=\"https:\/\/www.infraestruturameioambiente.sp.gov.br\/ipa\/laboratorios\/laboratorio-de-sementes\/\">Laborat\u00f3rio de An\u00e1lise e Pesquisa de Sementes Florestais &#8211; LAPSF<\/a><\/p>\n<p>E-mail:<\/td>\n<td style=\"height: 72px;border-style: solid;border-color: #000000;width: 48.9396%\" width=\"209\"><a href=\"http:\/\/lattes.cnpq.br\/0404863657135912\">S\u00e9rgio Roberto Garcia dos Santos<\/a><\/td>\n<\/tr>\n<tr style=\"height: 96px\">\n<td style=\"height: 178px;border-style: solid;border-color: #000000;text-align: center;width: 10.6518%\" rowspan=\"2\" width=\"74\"><strong>PESM &#8211; Cunha<\/strong><br \/>\n<strong><br \/>\n<\/strong><\/td>\n<td style=\"height: 178px;border-style: solid;border-color: #000000;width: 49.7189%\" rowspan=\"2\" width=\"237\"><a href=\"https:\/\/www.infraestruturameioambiente.sp.gov.br\/ipa\/laboratorios\/laboratorio-de-hidrologia-florestal-engenheiro-agronomo-walter-emmerich-lhfeawe\/\">Laborat\u00f3rio de Hidrologia Florestal \u201cEngenheiro Agr\u00f4nomo Walter Emmerich\u201d &#8211; LHFEAWE<\/a><\/p>\n<p>E-mail: <span data-ogsc=\"black\" data-ogsb=\"white\"><a href=\"mailto:ipa.lhfwe@sp.gov.br\">ipa.lhfwe@sp.gov.br<\/a>\u00a0<\/span><\/p>\n<p>&nbsp;<\/td>\n<td style=\"height: 96px;border-style: solid;border-color: #000000;width: 48.9396%\" width=\"209\"><a href=\"http:\/\/lattes.cnpq.br\/2123153628468036\">Roberto Starzynski<\/a><\/td>\n<\/tr>\n<tr style=\"height: 82px\">\n<td style=\"border-style: solid;border-color: #000000;width: 48.9396%;height: 82px\"><a href=\"http:\/\/lattes.cnpq.br\/4404842729501778\">Rafael Beltrame Bignotto<\/a><\/td>\n<\/tr>\n<\/tbody>\n<\/table>\n<p>[\/vc_column_text][\/vc_column][vc_column width=&#8221;1\/3&#8243;][vc_column_text]<span style=\"font-size: 14pt\"><strong>Nossos Endere\u00e7os<\/strong><\/span><\/p>\n<ul>\n<li><a href=\"https:\/\/www.infraestruturameioambiente.sp.gov.br\/ipa\/bibliotecas\/\">Bibliotecas<\/a><\/li>\n<li><a href=\"https:\/\/www.infraestruturameioambiente.sp.gov.br\/ipa\/museus\/\">Museus<\/a><\/li>\n<li><strong>Laborat\u00f3rios<\/strong><\/li>\n<li><a href=\"https:\/\/www.infraestruturameioambiente.sp.gov.br\/ipa\/enderecos\/\">Unidades<\/a><\/li>\n<\/ul>\n<p>[\/vc_column_text][\/vc_column][\/vc_row]<\/p>\n","protected":false},"excerpt":{"rendered":"<p>[vc_row][vc_column width=&#8221;2\/3&#8243;][vc_column_text]O IPA &#8211; Instituto de Pesquisas Ambientais possui, em sua estrutura, os seguintes laborat\u00f3rios sob responsabilidade da Divis\u00e3o de Laborat\u00f3rios e \u00c1reas Experimentais. *respons\u00e1veis designados pela Portaria IPA 027\/2025. [&hellip;]<\/p>\n","protected":false},"author":184,"featured_media":0,"parent":0,"menu_order":0,"comment_status":"closed","ping_status":"closed","template":"","meta":[],"_links":{"self":[{"href":"https:\/\/www.infraestruturameioambiente.sp.gov.br\/ipa\/wp-json\/wp\/v2\/pages\/351"}],"collection":[{"href":"https:\/\/www.infraestruturameioambiente.sp.gov.br\/ipa\/wp-json\/wp\/v2\/pages"}],"about":[{"href":"https:\/\/www.infraestruturameioambiente.sp.gov.br\/ipa\/wp-json\/wp\/v2\/types\/page"}],"author":[{"embeddable":true,"href":"https:\/\/www.infraestruturameioambiente.sp.gov.br\/ipa\/wp-json\/wp\/v2\/users\/184"}],"replies":[{"embeddable":true,"href":"https:\/\/www.infraestruturameioambiente.sp.gov.br\/ipa\/wp-json\/wp\/v2\/comments?post=351"}],"version-history":[{"count":54,"href":"https:\/\/www.infraestruturameioambiente.sp.gov.br\/ipa\/wp-json\/wp\/v2\/pages\/351\/revisions"}],"predecessor-version":[{"id":9304,"href":"https:\/\/www.infraestruturameioambiente.sp.gov.br\/ipa\/wp-json\/wp\/v2\/pages\/351\/revisions\/9304"}],"wp:attachment":[{"href":"https:\/\/www.infraestruturameioambiente.sp.gov.br\/ipa\/wp-json\/wp\/v2\/media?parent=351"}],"curies":[{"name":"wp","href":"https:\/\/api.w.org\/{rel}","templated":true}]}}