{"id":3469,"date":"2023-05-23T15:23:33","date_gmt":"2023-05-23T18:23:33","guid":{"rendered":"https:\/\/www.infraestruturameioambiente.sp.gov.br\/ipa\/?page_id=3469"},"modified":"2023-05-26T09:02:26","modified_gmt":"2023-05-26T12:02:26","slug":"laboratorio-de-hidrologia-florestal-engenheiro-agronomo-walter-emmerich-lhfeawe","status":"publish","type":"page","link":"https:\/\/www.infraestruturameioambiente.sp.gov.br\/ipa\/laboratorios\/laboratorio-de-hidrologia-florestal-engenheiro-agronomo-walter-emmerich-lhfeawe\/","title":{"rendered":"Laborat\u00f3rio de Hidrologia Florestal \u201cEngenheiro Agr\u00f4nomo Walter Emmerich\u201d &#8211; LHFEAWE"},"content":{"rendered":"<p>[vc_row][vc_column width=&#8221;2\/3&#8243;][vc_column_text]<\/p>\n<div class=\"wc-gallery\"><div class='wcflexslider-container wc-gallery-bottomspace-default wc-gallery-clear'><div id='gallery-1' class='gallery wc-gallery-captions-onhover gallery-link-file wcflexslider wcsliderauto' data-gutter-width='5' data-columns='1' data-hide-controls='false'><ul class='slides'>\n\t\t\t\t<li class='gallery-item gallery-item-position-1 gallery-item-attachment-3501 wcflex-slide-item'>\n\t\t\t\t\t<div class='gallery-icon landscape'>\n\t\t\t\t\t\t<a href=\"https:\/\/smastr16.blob.core.windows.net\/2001\/sites\/261\/2023\/05\/foto_01-lhfeawe.jpg\" target=\"_self\"><img src='https:\/\/smastr16.blob.core.windows.net\/2001\/sites\/261\/2023\/05\/foto_01-lhfeawe.jpg' width='800' height='600' alt='' \/><\/a>\n\t\t\t\t\t<\/div>\n\t\t\t\t\t<div class='wp-caption-text gallery-caption' style='width:800px;'>\n\t\t\t\t\t<p>\n\t\t\t\t\tLaborat\u00f3rio de Hidrologia Florestal. PESM-N\u00facleo Cunha. Foto de Juliano de Carvalho\n\t\t\t\t\t<\/p>\n\t\t\t\t\t<\/div><\/li>\n\t\t\t\t<li class='gallery-item gallery-item-position-2 gallery-item-attachment-3502 wcflex-slide-item'>\n\t\t\t\t\t<div class='gallery-icon landscape'>\n\t\t\t\t\t\t<a href=\"https:\/\/smastr16.blob.core.windows.net\/2001\/sites\/261\/2023\/05\/foto_02-lhfeawe.jpg\" target=\"_self\"><img src='https:\/\/smastr16.blob.core.windows.net\/2001\/sites\/261\/2023\/05\/foto_02-lhfeawe.jpg' width='800' height='600' alt='' \/><\/a>\n\t\t\t\t\t<\/div>\n\t\t\t\t\t<div class='wp-caption-text gallery-caption' style='width:800px;'>\n\t\t\t\t\t<p>\n\t\t\t\t\tEsta\u00e7\u00e3o Meteorol\u00f3gica. Laborat\u00f3rio de Hidrologia Florestal. PESM-N\u00facleo Cunha. Foto de Juliano de Carvalho\n\t\t\t\t\t<\/p>\n\t\t\t\t\t<\/div><\/li>\n\t\t\t\t<li class='gallery-item gallery-item-position-3 gallery-item-attachment-3503 wcflex-slide-item'>\n\t\t\t\t\t<div class='gallery-icon landscape'>\n\t\t\t\t\t\t<a href=\"https:\/\/smastr16.blob.core.windows.net\/2001\/sites\/261\/2023\/05\/foto_03-lhfeawe.jpg\" target=\"_self\"><img src='https:\/\/smastr16.blob.core.windows.net\/2001\/sites\/261\/2023\/05\/foto_03-lhfeawe.jpg' width='800' height='480' alt='' \/><\/a>\n\t\t\t\t\t<\/div>\n\t\t\t\t\t<div class='wp-caption-text gallery-caption' style='width:800px;'>\n\t\t\t\t\t<p>\n\t\t\t\t\tBacia A. Laborat\u00f3rio de Hidrologia Florestal. PESM-N\u00facleo Cunha. Foto de Juliano de Carvalho\n\t\t\t\t\t<\/p>\n\t\t\t\t\t<\/div><\/li>\n\t\t\t\t<li class='gallery-item gallery-item-position-4 gallery-item-attachment-3504 wcflex-slide-item'>\n\t\t\t\t\t<div class='gallery-icon landscape'>\n\t\t\t\t\t\t<a href=\"https:\/\/smastr16.blob.core.windows.net\/2001\/sites\/261\/2023\/05\/foto_04-lhfeawe.jpg\" target=\"_self\"><img src='https:\/\/smastr16.blob.core.windows.net\/2001\/sites\/261\/2023\/05\/foto_04-lhfeawe.jpg' width='800' height='600' alt='' \/><\/a>\n\t\t\t\t\t<\/div>\n\t\t\t\t\t<div class='wp-caption-text gallery-caption' style='width:800px;'>\n\t\t\t\t\t<p>\n\t\t\t\t\tLis\u00edmetro de Pinus. Laborat\u00f3rio de Hidrologia Florestal. PESM-N\u00facleo Cunha. Foto de Juliano de Carvalho\n\t\t\t\t\t<\/p>\n\t\t\t\t\t<\/div><\/li>\n\t\t\t\t<li class='gallery-item gallery-item-position-5 gallery-item-attachment-3505 wcflex-slide-item'>\n\t\t\t\t\t<div class='gallery-icon landscape'>\n\t\t\t\t\t\t<a href=\"https:\/\/smastr16.blob.core.windows.net\/2001\/sites\/261\/2023\/05\/foto_05-lhfeawe.jpg\" target=\"_self\"><img src='https:\/\/smastr16.blob.core.windows.net\/2001\/sites\/261\/2023\/05\/foto_05-lhfeawe.jpg' width='800' height='480' alt='' \/><\/a>\n\t\t\t\t\t<\/div>\n\t\t\t\t\t<div class='wp-caption-text gallery-caption' style='width:800px;'>\n\t\t\t\t\t<p>\n\t\t\t\t\t\u00c1rea de experimento em morro. Laborat\u00f3rio de Hidrologia Florestal. PESM-N\u00facleo Cunha. Foto de Juliano de Carvalho\n\t\t\t\t\t<\/p>\n\t\t\t\t\t<\/div><\/li><\/ul><\/div>\n<\/div>\n<\/div>\n<p>&nbsp;<\/p>\n<p>O Laborat\u00f3rio de Hidrologia Florestal \u201cEngenheiro Agr\u00f4nomo Walter Emmerich\u201d (<a href=\"https:\/\/www.al.sp.gov.br\/repositorio\/legislacao\/lei\/1987\/lei-5681-22.05.1987.html\">Lei n\u00b0 5.681 de 22\/05\/1987<\/a>) foi criado na d\u00e9cada de 1980, fruto de uma coopera\u00e7\u00e3o t\u00e9cnica entre o Instituto Florestal do Estado de S\u00e3o Paulo e o Governo do Jap\u00e3o, atrav\u00e9s da <em>Japan International Cooperation Agency<\/em> (JICA). Localiza-se no Parque Estadual da Serra do Mar \u2013 N\u00facleo Cunha e tem como objetivo principal monitorar o comportamento hidrol\u00f3gico da regi\u00e3o, recoberta por vegeta\u00e7\u00e3o natural da Mata Atl\u00e2ntica, neste caso a Floresta Ombr\u00f3fila Densa Montana.<\/p>\n<p>Em sua \u00e1rea externa apresenta tr\u00eas microbacias hidrogr\u00e1ficas, tr\u00eas evapotranspir\u00f4metros de grandes dimens\u00f5es e uma esta\u00e7\u00e3o meteorol\u00f3gica para registro de dados clim\u00e1ticos. A \u00e1rea interna ocupa tr\u00eas salas do pr\u00e9dio central da Unidade de Conserva\u00e7\u00e3o que totalizam 70 m\u00b2, usadas para guarda de equipamentos, procedimentos de an\u00e1lise, bem como para leitura e tabula\u00e7\u00e3o dos dados hidrol\u00f3gicos.<\/p>\n<p>A an\u00e1lise dos processos hidrol\u00f3gicos que ocorrem nas bacias hidrogr\u00e1ficas monitoradas demonstra o car\u00e1ter conservativo das \u00e1guas nesta forma\u00e7\u00e3o florestal e fornece subs\u00eddios para a valora\u00e7\u00e3o do servi\u00e7o ambiental h\u00eddrico prestado pelo Parque Estadual da Serra do Mar e sua Zona de Amortecimento.<\/p>\n<p>O Laborat\u00f3rio se prop\u00f5e a apoiar, tanto pesquisadores do Instituto de Pesquisas Ambientais (IPA), quanto pesquisadores de outros institutos e universidades interessados no desenvolvimento de projetos de pesquisa, al\u00e9m de professores e grupos de alunos de gradua\u00e7\u00e3o e p\u00f3s-gradua\u00e7\u00e3o em atividades te\u00f3ricas e pr\u00e1ticas relacionadas ao monitoramento hidrol\u00f3gico.<\/p>\n<p><strong>Informa\u00e7\u00f5es: <\/strong><a href=\"mailto:ipa.lhfwe@sp.gov.br\">ipa.lhfwe@sp.gov.br<\/a><\/p>\n<p><strong>Procedimentos de agendamento (para p\u00fablico externo e interno)<\/strong><\/p>\n<p>Os interessados devem entrar em contato pr\u00e9vio com a administra\u00e7\u00e3o do Laborat\u00f3rio atrav\u00e9s dos contatos relacionados abaixo.<\/p>\n<p><strong>An\u00e1lises realizadas, equipamentos e servi\u00e7os dispon\u00edveis<\/strong><\/p>\n<p>O Laborat\u00f3rio monitora tr\u00eas microbacias hidrogr\u00e1ficas com \u00e1reas de 37,50 , 36,80 e 56,04 hectares dotadas de pluvi\u00f3grafos e esta\u00e7\u00f5es fluviom\u00e9tricas, tr\u00eas evapotranspir\u00f4metros de grandes dimens\u00f5es (200 m3 ) adequados para o estudo do consumo h\u00eddrico de esp\u00e9cies arb\u00f3reas e uma esta\u00e7\u00e3o meteorol\u00f3gica para registro de dados clim\u00e1ticos. Os interessados no desenvolvimento de pesquisas devem submeter os projetos ao Instituto de Pesquisas Ambientais.<\/p>\n<p><strong>Contatos:<\/strong><\/p>\n<ul>\n<li><a href=\"http:\/\/lattes.cnpq.br\/2123153628468036\">Roberto Starzynski<\/a> &#8211; <a href=\"mailto:rostarz@sp.gov.br\">rostarz@sp.gov.br<\/a><br \/>\nPesquisador Cient\u00edfico<br \/>\nN\u00facleo de Uso Sustent\u00e1vel dos Recursos Naturais<br \/>\nInstituto de Pesquisas Ambientais<\/li>\n<li>Juliano de Carvalho Oliveira &#8211; <a href=\"mailto:julianocarvalho@sp.gov.br\">julianocarvalho@sp.gov.br<\/a><br \/>\nAuxiliar de Apoio \u00e0 Pesquisa Cient\u00edfica e Tecnol\u00f3gica<br \/>\nN\u00facleo de Uso Sustent\u00e1vel dos Recursos Naturais<br \/>\nInstituto de Pesquisas Ambientais<\/li>\n<\/ul>\n<p>[\/vc_column_text][\/vc_column][vc_column width=&#8221;1\/3&#8243;][vc_column_text]<span style=\"font-size: 12pt\"><strong>Laborat\u00f3rios do IPA<\/strong><\/span><\/p>\n<p><span style=\"font-size: 12pt\"><strong>Unidade jardim Bot\u00e2nico<\/strong><\/span><\/p>\n<ul>\n<li><a href=\"https:\/\/www.infraestruturameioambiente.sp.gov.br\/ipa\/laboratorios\/laboratorio-de-estudos-ambientais\/\"><span style=\"font-size: 10pt\">Laborat\u00f3rio de Estudos ambientais &#8211; LEA<\/span><\/a><\/li>\n<li><span style=\"font-size: 10pt\">Laborat\u00f3rio de Micologia B\u00e1sica &#8211; LMB<\/span><\/li>\n<li><a href=\"https:\/\/www.infraestruturameioambiente.sp.gov.br\/ipa\/laboratorios\/laboratorio-de-palinologia-palino-ipa\/\"><span style=\"font-size: 10pt\">Laborat\u00f3rio de Palinologia &#8211; PALINO<\/span><\/a><\/li>\n<li><span style=\"font-size: 10pt\">Laborat\u00f3rio de Anatomia Vegetal &#8211; LAVeg<\/span><\/li>\n<li><a href=\"https:\/\/www.infraestruturameioambiente.sp.gov.br\/ipa\/laboratorios\/laboratorio-de-biotecnologia-de-plantas-nativas-e-ou-comerciais\/\"><span style=\"font-size: 10pt\">Laborat\u00f3rio de Biotecnologia de Plantas Nativas e\/ou Comerciais &#8211; LBPNC<\/span><\/a><\/li>\n<li><span style=\"font-size: 10pt\">Laborat\u00f3rio de Ecofisiologia e Bioqu\u00edmica de Plantas &#8211; LEBP<\/span><\/li>\n<li><span style=\"font-size: 10pt\">Laborat\u00f3rio de intera\u00e7\u00e3o Atmosfera-Planta &#8211; LABIAP<\/span><\/li>\n<li><a href=\"https:\/\/www.infraestruturameioambiente.sp.gov.br\/ipa\/laboratorios\/lab-algas\/\"><span style=\"font-size: 10pt\">Laborat\u00f3rio de Pesquisas em Macroalgas Marinhas &#8211; LabAlgas<\/span><\/a><\/li>\n<li><span style=\"font-size: 10pt\">Laborat\u00f3rio de Taxonomia e Ecologia de Microalgas &#8211; LAC<\/span><\/li>\n<li><span style=\"font-size: 10pt\">Laborat\u00f3rio de Ecologia Terrestre e Aqu\u00e1tica &#8211; LECO<\/span><\/li>\n<li><span style=\"font-size: 10pt\">Laborat\u00f3rio de Micologia Aplicada &#8211; LMA<\/span><\/li>\n<li><span style=\"font-size: 10pt\">Laborat\u00f3rio de Pesquisa em Sementes &#8211; LPS<\/span><\/li>\n<li><span style=\"font-size: 10pt\">Laborat\u00f3rio Experimental de \u00c1reas Verdes &#8211; LEAV<\/span><\/li>\n<\/ul>\n<p><span style=\"font-size: 12pt\"><strong>Unidade Vila Mariana<\/strong><\/span><\/p>\n<ul>\n<li><span style=\"font-size: 10pt\">Laborat\u00f3rio de An\u00e1lises Geol\u00f3gicas &#8211; LABGEO<\/span><\/li>\n<li><span style=\"font-size: 10pt\">Laborat\u00f3rio de Microscopia Petrogr\u00e1fica &#8211; LABPETRO<\/span><\/li>\n<li><a href=\"https:\/\/www.infraestruturameioambiente.sp.gov.br\/ipa\/laboratorios\/laboratorio-de-hidrossistemas-carsticos\/\"><span style=\"font-size: 10pt\">Laborat\u00f3rio de Hidrossistemas C\u00e1rsticos &#8211; LHC<\/span><\/a><\/li>\n<\/ul>\n<p><span style=\"font-size: 12pt\"><strong>Unidade Horto Florestal<\/strong><\/span><\/p>\n<ul>\n<li><span style=\"font-size: 10pt\">Laborat\u00f3rio de Anatomia e Propriedades de Madeira &#8211; LAPM<\/span><\/li>\n<li><a href=\"https:\/\/www.infraestruturameioambiente.sp.gov.br\/ipa\/laboratorios\/laboratorio-de-sementes\/\"><span style=\"font-size: 10pt\">Laborat\u00f3rio de An\u00e1lise e Pesquisa de Sementes Florestais &#8211; LAPSF<\/span><\/a><\/li>\n<\/ul>\n<p><span style=\"font-size: 12pt\"><strong>PESM &#8211; Cunha<\/strong><\/span><\/p>\n<ul>\n<li><strong><span style=\"font-size: 10pt\">Laborat\u00f3rio de Hidrologia Florestal \u201cEngenheiro Agr\u00f4nomo Walter Emmerich\u201d &#8211; LHFEAWE<\/span><\/strong><\/li>\n<\/ul>\n<p>[\/vc_column_text][\/vc_column][\/vc_row]<\/p>\n","protected":false},"excerpt":{"rendered":"<p>[vc_row][vc_column width=&#8221;2\/3&#8243;][vc_column_text] &nbsp; O Laborat\u00f3rio de Hidrologia Florestal \u201cEngenheiro Agr\u00f4nomo Walter Emmerich\u201d (Lei n\u00b0 5.681 de 22\/05\/1987) foi criado na d\u00e9cada de 1980, fruto de uma coopera\u00e7\u00e3o t\u00e9cnica entre o [&hellip;]<\/p>\n","protected":false},"author":196,"featured_media":0,"parent":351,"menu_order":0,"comment_status":"closed","ping_status":"closed","template":"","meta":[],"_links":{"self":[{"href":"https:\/\/www.infraestruturameioambiente.sp.gov.br\/ipa\/wp-json\/wp\/v2\/pages\/3469"}],"collection":[{"href":"https:\/\/www.infraestruturameioambiente.sp.gov.br\/ipa\/wp-json\/wp\/v2\/pages"}],"about":[{"href":"https:\/\/www.infraestruturameioambiente.sp.gov.br\/ipa\/wp-json\/wp\/v2\/types\/page"}],"author":[{"embeddable":true,"href":"https:\/\/www.infraestruturameioambiente.sp.gov.br\/ipa\/wp-json\/wp\/v2\/users\/196"}],"replies":[{"embeddable":true,"href":"https:\/\/www.infraestruturameioambiente.sp.gov.br\/ipa\/wp-json\/wp\/v2\/comments?post=3469"}],"version-history":[{"count":6,"href":"https:\/\/www.infraestruturameioambiente.sp.gov.br\/ipa\/wp-json\/wp\/v2\/pages\/3469\/revisions"}],"predecessor-version":[{"id":3506,"href":"https:\/\/www.infraestruturameioambiente.sp.gov.br\/ipa\/wp-json\/wp\/v2\/pages\/3469\/revisions\/3506"}],"up":[{"embeddable":true,"href":"https:\/\/www.infraestruturameioambiente.sp.gov.br\/ipa\/wp-json\/wp\/v2\/pages\/351"}],"wp:attachment":[{"href":"https:\/\/www.infraestruturameioambiente.sp.gov.br\/ipa\/wp-json\/wp\/v2\/media?parent=3469"}],"curies":[{"name":"wp","href":"https:\/\/api.w.org\/{rel}","templated":true}]}}