{"id":3398,"date":"2023-05-04T10:14:39","date_gmt":"2023-05-04T13:14:39","guid":{"rendered":"https:\/\/www.infraestruturameioambiente.sp.gov.br\/ipa\/?page_id=3398"},"modified":"2024-11-19T13:42:08","modified_gmt":"2024-11-19T16:42:08","slug":"herbario-dom-bento-jose-pickel-spsf","status":"publish","type":"page","link":"https:\/\/www.infraestruturameioambiente.sp.gov.br\/ipa\/colecoes\/herbario-dom-bento-jose-pickel-spsf\/","title":{"rendered":"Herb\u00e1rio Dom Bento Jos\u00e9 Pickel (SPSF)"},"content":{"rendered":"<p>[vc_row][vc_column width=&#8221;2\/3&#8243;][vc_column_text]<\/p>\n<div class=\"wc-gallery\"><div class='wcflexslider-container wc-gallery-bottomspace-default wc-gallery-clear'><div id='gallery-1' class='gallery wc-gallery-captions-onhover gallery-link-file wcflexslider wcsliderauto' data-gutter-width='5' data-columns='1' data-hide-controls='false'><ul class='slides'>\n\t\t\t\t<li class='gallery-item gallery-item-position-1 gallery-item-attachment-3426 wcflex-slide-item'>\n\t\t\t\t\t<div class='gallery-icon landscape'>\n\t\t\t\t\t\t<a href=\"https:\/\/smastr16.blob.core.windows.net\/2001\/sites\/261\/2023\/05\/e_herbariospsf_tecnicoernanelinodasilva_separando-material-para-montagem-de-exsicata_natalia-ferreira-de-almeida.jpg\" target=\"_self\"><img src='https:\/\/smastr16.blob.core.windows.net\/2001\/sites\/261\/2023\/05\/e_herbariospsf_tecnicoernanelinodasilva_separando-material-para-montagem-de-exsicata_natalia-ferreira-de-almeida.jpg' width='800' height='600' alt='' \/><\/a>\n\t\t\t\t\t<\/div>\n\t\t\t\t\t<div class='wp-caption-text gallery-caption' style='width:800px;'>\n\t\t\t\t\t<p>\n\t\t\t\t\tSr. Ernane Lino da Silva separando material para montagem de exsicata. Herb\u00e1rio Dom Bento Jos\u00e9 Pickel -SPSF. Foto de Natalia F. Almeida.\n\t\t\t\t\t<\/p>\n\t\t\t\t\t<\/div><\/li>\n\t\t\t\t<li class='gallery-item gallery-item-position-2 gallery-item-attachment-3401 wcflex-slide-item'>\n\t\t\t\t\t<div class='gallery-icon landscape'>\n\t\t\t\t\t\t<a href=\"https:\/\/smastr16.blob.core.windows.net\/2001\/sites\/261\/2023\/05\/herbariospsf_03.jpg\" target=\"_self\"><img src='https:\/\/smastr16.blob.core.windows.net\/2001\/sites\/261\/2023\/05\/herbariospsf_03.jpg' width='800' height='600' alt='' \/><\/a>\n\t\t\t\t\t<\/div>\n\t\t\t\t\t<div class='wp-caption-text gallery-caption' style='width:800px;'>\n\t\t\t\t\t<p>\n\t\t\t\t\tExsicata de <i> Senegalia tenuifolia <\/i> (L.) Britton &amp; Rose &#8211; imagem digitalizada &#8211; Cole\u00e7\u00e3o do Herbario SPSF. Foto de Natalia Ferreira de Almeida\n\t\t\t\t\t<\/p>\n\t\t\t\t\t<\/div><\/li>\n\t\t\t\t<li class='gallery-item gallery-item-position-3 gallery-item-attachment-3402 wcflex-slide-item'>\n\t\t\t\t\t<div class='gallery-icon landscape'>\n\t\t\t\t\t\t<a href=\"https:\/\/smastr16.blob.core.windows.net\/2001\/sites\/261\/2023\/05\/herbariospsf_02.jpg\" target=\"_self\"><img src='https:\/\/smastr16.blob.core.windows.net\/2001\/sites\/261\/2023\/05\/herbariospsf_02.jpg' width='800' height='600' alt='' \/><\/a>\n\t\t\t\t\t<\/div>\n\t\t\t\t\t<div class='wp-caption-text gallery-caption' style='width:800px;'>\n\t\t\t\t\t<p>\n\t\t\t\t\tExsicata de <i> Moquiniastrum paniculatum <\/i> (Less) G. Sancho &#8211; imagem digitalizada &#8211; Cole\u00e7\u00e3o do Herbario SPSF. Foto de Natalia Ferreira de Almeida\n\t\t\t\t\t<\/p>\n\t\t\t\t\t<\/div><\/li>\n\t\t\t\t<li class='gallery-item gallery-item-position-4 gallery-item-attachment-3403 wcflex-slide-item'>\n\t\t\t\t\t<div class='gallery-icon landscape'>\n\t\t\t\t\t\t<a href=\"https:\/\/smastr16.blob.core.windows.net\/2001\/sites\/261\/2023\/05\/herbariospsf_01.jpg\" target=\"_self\"><img src='https:\/\/smastr16.blob.core.windows.net\/2001\/sites\/261\/2023\/05\/herbariospsf_01.jpg' width='800' height='600' alt='' \/><\/a>\n\t\t\t\t\t<\/div>\n\t\t\t\t\t<div class='wp-caption-text gallery-caption' style='width:800px;'>\n\t\t\t\t\t<p>\n\t\t\t\t\tExsicata de <i> T. linearifolia Malme <\/i> &#8211; imagem digitalizada &#8211; Cole\u00e7\u00e3o do Herbario SPSF. Foto de Natalia Ferreira de Almeida\n\t\t\t\t\t<\/p>\n\t\t\t\t\t<\/div><\/li><\/ul><\/div>\n<\/div>\n<\/div>\n<p>&nbsp;<\/p>\n<p><strong>OBJETIVO<\/strong><\/p>\n<p>A Cole\u00e7\u00e3o do Herb\u00e1rio Dom Bento Jos\u00e9 Pickel, cuja sigla \u00e9 SPSF, tem como principal foco conservar amostras representativas dos diversos tipos vegetacionais paulistas.<\/p>\n<p>As amostras, ramos de plantas com flores e\/ou frutos, s\u00e3o prensadas, desidratadas e organizadas de acordo com um sistema de classifica\u00e7\u00e3o cient\u00edfico (taxonomia). Elas servem de refer\u00eancia para estudos cient\u00edficos e t\u00e9cnicos, importantes para subsidiar pol\u00edticas p\u00fablicas na \u00e1rea ambiental, como a colabora\u00e7\u00e3o com o componente \u201cvegeta\u00e7\u00e3o\u201d nos planos de manejo, a indica\u00e7\u00e3o de \u00e1reas a serem preservadas e o fornecimento de dados em processos de restaura\u00e7\u00e3o ecol\u00f3gica e recupera\u00e7\u00e3o de \u00e1reas degradadas.<\/p>\n<p><strong>HIST\u00d3RIA<\/strong><\/p>\n<p>O Herb\u00e1rio Dom Bento Jos\u00e9 Pickel (SPSF) tem sua origem no antigo Servi\u00e7o Florestal do Estado de S\u00e3o Paulo. Idealizado por Alberto L\u00f6fgren, no fim do s\u00e9culo 19 e in\u00edcio do s\u00e9culo 20, o Servi\u00e7o Florestal s\u00f3 foi criado em 1911, com vistas \u00e0 conserva\u00e7\u00e3o, manejo, conhecimento e \u00e0 explora\u00e7\u00e3o met\u00f3dica das florestas paulistas.<\/p>\n<p>Ap\u00f3s um per\u00edodo de reorganiza\u00e7\u00e3o e melhoria da infraestrutura da institui\u00e7\u00e3o, teve in\u00edcio, em 1927, uma modesta cole\u00e7\u00e3o de exsicatas junto ao Museu Florestal, setor que concentrava as principais pesquisas do \u00f3rg\u00e3o. Deram in\u00edcio \u00e0 cole\u00e7\u00e3o os engenheiros silvicultor Mansueto Estanislau Koscinski e agr\u00f4nomo Oct\u00e1vio Vecchi, respectivamente encarregado do referido museu e diretor geral do Servi\u00e7o Florestal. Ambos deram contribui\u00e7\u00f5es relevantes \u00e0 bot\u00e2nica paulista e \u00e0 silvicultura, enquanto pesquisadores do Museu Florestal. Em 1931, a cole\u00e7\u00e3o foi indexada no Index Herbariorum. Em 1932, com o falecimento de Oct\u00e1vio Vecchi, Koscinski d\u00e1 continuidade aos acervos do herb\u00e1rio e do museu.<\/p>\n<p>Em 1942, \u00e9 contratado o biologista Dom Bento Jos\u00e9 Pickel, monge beneditino que colabora na amplia\u00e7\u00e3o do acervo e desenvolve importantes pesquisas bot\u00e2nicas e silviculturais para a flora brasileira. Em 1951, ap\u00f3s o falecimento repentino de Mansueto Estanislau Koscinski, Dom Bento Pickel \u00e9 nomeado encarregado do Museu Florestal, denominado Museu Florestal Octavio Vecchi em 1948, e passa, com sua equipe de coletores, desenhistas e especialistas em madeiras, a cuidar do incremento e manuten\u00e7\u00e3o da cole\u00e7\u00e3o bot\u00e2nica, incorporando ao acervo cole\u00e7\u00f5es do nordeste do Brasil. Aposenta-se em 1960, quando o acervo bot\u00e2nico contava com 5.515 exsicatas.<\/p>\n<p>Ao longo desse per\u00edodo, pequenas cole\u00e7\u00f5es doadas de outras fontes foram incorporadas ao acervo do herb\u00e1rio, destacando-se: Herb\u00e1rio da Escola de Pharmacia de Ouro Preto; Herb\u00e1rio de Bot\u00e2nica Florestal do pr\u00f3prio Servi\u00e7o Florestal; Herb\u00e1rio da Se\u00e7\u00e3o de Introdu\u00e7\u00e3o de Ess\u00eancias do SF; Herb\u00e1rio Oct\u00e1vio Vecchi \u2013 Flora Lenhosa do Estado de S\u00e3o Paulo; Herb\u00e1rio da Escola de Agronomia do Nordeste \u2013 Areia \u2013 Para\u00edba; e Herb\u00e1rio da Se\u00e7\u00e3o de Bot\u00e2nica e Ecologia do SF.<\/p>\n<p>Ap\u00f3s a aposentadoria e falecimento de Dom Bento, o herb\u00e1rio esteve inativo por 16 anos e, nesse \u00ednterim, o Servi\u00e7o Florestal dera origem, em 1970, ao Instituto Florestal, sucedido, em 2021, pelo Instituto de Pesquisas Ambientais, atual mantenedor da cole\u00e7\u00e3o.<\/p>\n<p>Em 1976, o ent\u00e3o biologista Jo\u00e3o Batista Baitello, contratado nesse mesmo ano, transfere o acervo biol\u00f3gico e bibliogr\u00e1fico do museu para a ent\u00e3o Divis\u00e3o de Dasonomia, Se\u00e7\u00e3o de Madeiras e Produtos Florestais, passando a reorganizar o acervo e exercer a sua curadoria at\u00e9 1992.<\/p>\n<p>Ainda em 1992, a curadoria foi entregue ao pesquisador, bi\u00f3logo Jo\u00e3o Aur\u00e9lio Pastore, que a exerceu at\u00e9 agosto de 2012; em primeiro de setembro desse mesmo ano, o bi\u00f3logo e pesquisador cient\u00edfico Jo\u00e3o Batista Baitello volta a exercer a Curadoria do Herb\u00e1rio. Em 2021, o pesquisador cient\u00edfico Osny Tadeu de Aguiar assume a curadoria do Herb\u00e1rio Dom Bento Jos\u00e9 Pickel.<\/p>\n<p><strong>IMPORT\u00c2NCIA e USOS<\/strong><\/p>\n<p>A cole\u00e7\u00e3o est\u00e1 sendo administrada para se consolidar como refer\u00eancia para a elabora\u00e7\u00e3o dos planos de manejo das unidades de conserva\u00e7\u00e3o do Sistema Ambiental Paulista. Dados da pesquisa desenvolvida por Colli-Silva <em>et al.<\/em> (2016 e 2019) revelam que o SPSF \u00e9 o herb\u00e1rio em cujo acervo encontra-se o maior n\u00famero de esp\u00e9cimes coletados em \u00e1reas protegidas do estado de S\u00e3o Paulo.<\/p>\n<p>O Herb\u00e1rio SPSF \u00e9 vinculado ao INCT \u2013 Instituto Nacional de Ci\u00eancia e Tecnologia \u2013 Herb\u00e1rio Virtual da Flora e dos Fungos. Tamb\u00e9m \u00e9 credenciado como Fiel Deposit\u00e1rio de Amostras de Componentes do Patrim\u00f4nio Gen\u00e9tico (Brasil 2006), portanto, cumpre a fun\u00e7\u00e3o de reposit\u00f3rio de material-testemunho, utilizado em pesquisas cient\u00edficas, bioprospec\u00e7\u00e3o e desenvolvimento tecnol\u00f3gico, envolvendo acesso ao patrim\u00f4nio gen\u00e9tico.<\/p>\n<p>Nos \u00faltimos anos, o herb\u00e1rio contribuiu significativamente com os projetos multi-institucionais, como a Flora Fanerog\u00e2mica do Estado de S\u00e3o Paulo; a Flora do Brasil; Plantas Raras do Brasil; Livros Vermelhos, entre outros.<\/p>\n<p>Entre os projetos desenvolvidos, est\u00e1 o Cat\u00e1logo da Flora Conhecida em Unidades de Conserva\u00e7\u00e3o de Prote\u00e7\u00e3o Integral do Estado de S\u00e3o Paulo. Realizado em parceria com o Jardim Bot\u00e2nico do Rio de Janeiro, possibilita o acesso a informa\u00e7\u00f5es sobre a flora conhecida de algumas dessas unidades de conserva\u00e7\u00e3o, compondo o \u201cCat\u00e1logo de Plantas das Unidades de Conserva\u00e7\u00e3o do Brasil\u201d (dispon\u00edvel em: <a href=\"https:\/\/catalogo-ucs-brasil.jbrj.gov.br\">https:\/\/catalogo-ucs-brasil.jbrj.gov.br<\/a>). O cat\u00e1logo, como proposta geral, tamb\u00e9m ser\u00e1 \u00fatil para o desenvolvimento de atividades educativas formais e n\u00e3o formais, no contexto de ci\u00eancia cidad\u00e3.<\/p>\n<p>O Herb\u00e1rio Dom Bento Jos\u00e9 Pickel (SPSF) tamb\u00e9m integra o projeto de avalia\u00e7\u00e3o, complementa\u00e7\u00e3o, corre\u00e7\u00e3o e\/ou valida\u00e7\u00e3o da base de dados de registros de ocorr\u00eancia de esp\u00e9cies de Lauraceae amea\u00e7adas de extin\u00e7\u00e3o no T20-S\u00e3o Paulo, dentro do Programa Nacional de Conserva\u00e7\u00e3o de Esp\u00e9cies Amea\u00e7adas de Extin\u00e7\u00e3o \u2013 GEF Pr\u00f3 Esp\u00e9cies.<\/p>\n<p>Com ativa participa\u00e7\u00e3o do acervo, publicou-se ainda livro ilustrado sobre \u201cPlantas Pequenas do Cerrado: Biodiversidade Negligenciada\u201d (vers\u00e3o digital dispon\u00edvel em: <a href=\"https:\/\/arquivo.ambiente.sp.gov.br\/publicacoes\/2018\/12\/plantaspequenasdocerrado.pdf\">https:\/\/arquivo.ambiente.sp.gov.br\/publicacoes\/2018\/12\/plantaspequenasdocerrado.pdf<\/a>).<\/p>\n<p>O acervo e pesquisadores da equipe tiveram relevante contribui\u00e7\u00e3o no estudo qu\u00edmico de uma esp\u00e9cie de Lauraceae da Mata Atl\u00e2ntica, que resultou na descoberta de um composto natural, o \u00c1cido C\u00f3stico, terpeno isolado dos galhos de <em>Nectandra barbellata<\/em> Coe-Teixeira (Lauraceae), esp\u00e9cie popularmente conhecida como canela-amarela, nativa da Mata Atl\u00e2ntica dos estados de S\u00e3o Paulo e Esp\u00edrito Santo. O composto revelou-se como um potencial candidato ao desenvolvimento de um novo medicamento para combater o <em>Trypanosoma cruzi<\/em>, causador da doen\u00e7a de Chagas. Esses e demais resultados podem ser conferidos no artigo dispon\u00edvel em <a href=\"https:\/\/www.sciencedirect.com\/science\/article\/abs\/pii\/S0045206819315536\">https:\/\/www.sciencedirect.com\/science\/article\/abs\/pii\/S0045206819315536<\/a>.<\/p>\n<p>O herb\u00e1rio, atrav\u00e9s de seu acervo e pesquisadores, em colabora\u00e7\u00e3o com a Superintend\u00eancia de Controle de Endemias \u2013 SUCEN, da Secretaria de Sa\u00fade do Estado de S\u00e3o Paulo, contribuiu para identifica\u00e7\u00e3o das esp\u00e9cies de \u00e1rvores, onde ocorre a reprodu\u00e7\u00e3o de mosquitos que s\u00e3o vetores da Febre Amarela, na Serra da Cantareira. O trabalho ser\u00e1 publicado com o t\u00edtulo \u201cAtributos f\u00edsicos de ocos de \u00e1rvores em bordas de Mata Atl\u00e2ntica (Serra da Cantareira): avaliando sua associa\u00e7\u00e3o com a presen\u00e7a e abund\u00e2ncia de <em>Haemagogus leucocelaenus<\/em> imaturos\u201d.<\/p>\n<p>A cole\u00e7\u00e3o \u00e9 refer\u00eancia para pesquisa cient\u00edfica, atrav\u00e9s de seu acervo e da equipe de pesquisadores direta ou indiretamente vinculados ao herb\u00e1rio. Diversas novas esp\u00e9cies da flora brasileira, antes desconhecidas da ci\u00eancia, foram descritas ou tiveram sua nomenclatura atualizada, como por exemplo 12 esp\u00e9cies da fam\u00edlia Lauraceae e duas esp\u00e9cies da fam\u00edlia Myrtaceae.<\/p>\n<p><strong>DESCRI\u00c7\u00c3O DO ACERVO<\/strong><\/p>\n<p>Em mar\u00e7o de 2023, a cole\u00e7\u00e3o ultrapassou os 57 mil registros no livro de tombo. Destes, 54.253 registros j\u00e1 foram informatizados e disponibilizados na rede <em>speciesLink<\/em>, 2.943 inclu\u00eddos com imagens.<\/p>\n<p>Esses quantitativos est\u00e3o em constante atualiza\u00e7\u00e3o, uma vez que o acervo \u00e9 incrementado por coletas de projetos em \u00e1reas protegidas do estado de S\u00e3o Paulo, doa\u00e7\u00f5es e permutas e atualizado por empr\u00e9stimos, visitas de especialistas, revisores e p\u00f3s-graduandos monografistas. Com tal montante de registros, \u00e9 a sexta cole\u00e7\u00e3o bot\u00e2nica do estado de S\u00e3o Paulo e a que conserva o maior n\u00famero de esp\u00e9cimes coletados em \u00e1reas protegidas paulistas.<\/p>\n<p>A maior representatividade do acervo adv\u00e9m das unidades de conserva\u00e7\u00e3o da atual Secretaria de Meio Ambiente, Infraestrutura e Log\u00edstica do Estado de S\u00e3o Paulo, que abrigam os diferentes tipos de vegeta\u00e7\u00e3o do estado, especialmente nos dom\u00ednios das Florestas Ombr\u00f3fila Densa e Mista, Estacional Semidecidual e Cerrado, abrangendo distintos tipos de solos, climas e altitudes.<\/p>\n<p>A cole\u00e7\u00e3o engloba coletas em todos os tipos vegetacionais paulistas (87% do seu acervo foi coletado nesses ambientes), com destaque para a flora arb\u00f3rea de Spermatophyta, contendo mais de 7.200 esp\u00e9cies, 311 fam\u00edlias e 1.750 g\u00eaneros. As maiores fam\u00edlias do acervo s\u00e3o: Lauraceae, Myrtaceae, Fabaceae, Asteraceae, Melastomataceae, Rubiaceae, Solanaceae e Euphorbiaceae. As cole\u00e7\u00f5es de Lauraceae (2.445 registros, 15 g\u00eaneros e 125 esp\u00e9cies, das quais 35 amea\u00e7adas de extin\u00e7\u00e3o) e Myrtaceae (3.128 registros, 25 g\u00eaneros e 400 esp\u00e9cies, 41 em listas de esp\u00e9cies amea\u00e7adas de extin\u00e7\u00e3o) est\u00e3o entre as maiores do estado de S\u00e3o Paulo, grande parte proveniente do esfor\u00e7o dos taxonomistas especialistas nestas fam\u00edlias e vinculados \u00e0 cole\u00e7\u00e3o. No momento, est\u00e1 sendo realizada a atualiza\u00e7\u00e3o de todas as esp\u00e9cies da fam\u00edlia Myrtaceae presentes no acervo.<\/p>\n<p>O herb\u00e1rio preserva e mant\u00e9m atualizada, continuamente, uma cole\u00e7\u00e3o de esp\u00e9cimes Typus. N\u00famero de Typus atual 116, sendo: Hol\u00f3tipos: 13; Lect\u00f3tipos: 01; Is\u00f3tipos: 30; Par\u00e1tipos: 71; Top\u00f3tipos: 01.<\/p>\n<p>Em 2018, uma cole\u00e7\u00e3o que compreende 1109 exsicatas dos g\u00eaneros Eucalyptus e Corymbia, de diversas origens e proced\u00eancias, foi regularizada e incorporada ao acervo do Herb\u00e1rio Dom Bento Jos\u00e9 Pickel (SPSF), que passa a ter uma das melhores cole\u00e7\u00f5es envolvendo os g\u00eaneros Eucalyptus e Corymbia no estado de S\u00e3o Paulo.<\/p>\n<p><strong>ACESSO \u00c0 COLE\u00c7\u00c3O \u2013 VIRTUAL<\/strong><\/p>\n<p>Desde 2004, a cole\u00e7\u00e3o faz parte da rede <em>speciesLink<\/em>, banco de dados desenvolvido e fornecido gratuitamente pelo Centro de Refer\u00eancia em Informa\u00e7\u00f5es Ambientais &#8211; CRIA, com mais de 95% dos seus dados dispon\u00edveis para consultas on-line. O banco de dados \u00e9 atualizado continuamente e, a cada m\u00eas, s\u00e3o enviadas ao menos duas atualiza\u00e7\u00f5es ao CRIA. A cole\u00e7\u00e3o pode ser consultada pelo link: <a href=\"https:\/\/specieslink.net\/\">https:\/\/specieslink.net\/<\/a>.<\/p>\n<p><strong>ACESSO \u00c0 COLE\u00c7\u00c3O \u2013 PRESENCIAL<\/strong><\/p>\n<p>A cole\u00e7\u00e3o pode ser consultada presencialmente. O Herb\u00e1rio Dom Bento Jos\u00e9 Pickel (SPSF) funciona em dias \u00fateis e est\u00e1 aberto a visitas.<\/p>\n<p>Recomendamos o agendamento pr\u00e9vio pelo e-mail: <a href=\"mailto:herbariospsf@sp.gov.br\">herbariospsf@sp.gov.br<\/a>.<\/p>\n<p><strong>ATIVIDADES<\/strong><\/p>\n<p>Dentre as atividades de rotina do herb\u00e1rio, s\u00e3o recebidos pesquisadores de diversas institui\u00e7\u00f5es de ensino e pesquisa, das redes p\u00fablica e privada; s\u00e3o realizados empr\u00e9stimo e doa\u00e7\u00e3o de acervo, contribuindo para pesquisas e enriquecimento de outras cole\u00e7\u00f5es cient\u00edficas.<\/p>\n<p>Al\u00e9m das a\u00e7\u00f5es diretamente relacionadas \u00e0 gest\u00e3o do acervo, a equipe do Herb\u00e1rio SPSF atende a solicita\u00e7\u00f5es de avalia\u00e7\u00e3o de fitossanidade de exemplares arb\u00f3reos, localizados nas unidades de conserva\u00e7\u00e3o da Secretaria de Meio Ambiente, Infraestrutura e Log\u00edstica, bem como ao Minist\u00e9rio P\u00fablico, para apoio no monitoramento de Planos de Recupera\u00e7\u00e3o de \u00c1reas Degradadas.<\/p>\n<p><strong>LOCALIZA\u00c7\u00c3O<\/strong><\/p>\n<p>IPA \u2013 Unidade Horto Florestal, Pr\u00e9dio 79.<\/p>\n<p><strong>CONTATOS<\/strong><\/p>\n<p>Herb\u00e1rio (<a href=\"mailto:herbariospsf@sp.gov.br\">herbariospsf@sp.gov.br<\/a>)<\/p>\n<p><strong>CURADOR<\/strong><\/p>\n<ul>\n<li><a href=\"http:\/\/lattes.cnpq.br\/9457977306535550\">Geraldo Ant\u00f4nio Daher Corr\u00eaa Franco <\/a>(<a href=\"mailto:grfranco@sp.gov.br\">grfranco@sp.gov.br<\/a>)<\/li>\n<\/ul>\n<p>[\/vc_column_text][\/vc_column][vc_column width=&#8221;1\/3&#8243;][vc_column_text]<span style=\"font-size: 14pt\"><strong>Cole\u00e7\u00f5es do IPA<\/strong><\/span><\/p>\n<ul>\n<li><a href=\"https:\/\/www.infraestruturameioambiente.sp.gov.br\/ipa\/colecoes\/banco-ativo-de-germoplasma-de-arboreas-nativas\/\">Banco Ativo de Germoplasma de Arb\u00f3reas Nativas<\/a><\/li>\n<li><a href=\"https:\/\/www.infraestruturameioambiente.sp.gov.br\/ipa\/colecoes\/banco-ativo-de-germoplasma-de-arboreas-exoticas\/\">Banco Ativo de Germoplasma de Arb\u00f3reas Ex\u00f3ticas<\/a><\/li>\n<li><a href=\"https:\/\/www.infraestruturameioambiente.sp.gov.br\/ipa\/colecoes\/banco-de-sementes-bs-ipa\/\">Banco de Sementes<\/a><\/li>\n<li>Cole\u00e7\u00e3o de Plantas Vivas do Jardim Bot\u00e2nico de S\u00e3o Paulo<\/li>\n<li><a href=\"https:\/\/www.infraestruturameioambiente.sp.gov.br\/ipa\/colecoes\/colecao-de-culturas-de-algas-marinhas\/\">Culturas de Algas<\/a><\/li>\n<li><a href=\"https:\/\/www.infraestruturameioambiente.sp.gov.br\/ipa\/colecoes\/colecao-de-culturas-de-algas-cianobacterias-e-fungos\/\">Culturas de Fungos Basidiomicetos<\/a><\/li>\n<li><a href=\"https:\/\/www.infraestruturameioambiente.sp.gov.br\/ipa\/colecoes\/colecao-de-culturas-de-algas-cianobacterias-e-fungos\/\">Culturas de Fungos Terrestres e Aqu\u00e1ticos<\/a><\/li>\n<li>Extratoteca<\/li>\n<li><a href=\"https:\/\/www.infraestruturameioambiente.sp.gov.br\/ipa\/colecoes\/herbario-maria-eneyda-pacheco-kauffmann-fidalgo-herbario-sp\/\">Herb\u00e1rio SP<\/a>\n<ul>\n<li><a href=\"https:\/\/www.infraestruturameioambiente.sp.gov.br\/ipa\/colecoes\/herbario-maria-eneyda-pacheco-kauffmann-fidalgo-herbario-sp\/herbario-seccional-de-algas-sp-algae\/\">Algas<\/a><\/li>\n<li><a href=\"https:\/\/www.infraestruturameioambiente.sp.gov.br\/ipa\/colecoes\/herbario-maria-eneyda-pacheco-kauffmann-fidalgo-herbario-sp\/colecao-de-briofitas\/\">Bri\u00f3fitas<\/a><\/li>\n<li><a href=\"https:\/\/www.infraestruturameioambiente.sp.gov.br\/ipa\/colecoes\/herbario-maria-eneyda-pacheco-kauffmann-fidalgo-herbario-sp\/colecao-de-plantas-vasculares\/\">Vasculares<\/a><\/li>\n<li><a href=\"https:\/\/www.infraestruturameioambiente.sp.gov.br\/ipa\/colecoes\/herbario-maria-eneyda-pacheco-kauffmann-fidalgo-herbario-sp\/herbario-seccional-de-fungos-sp-fungi\/\">Fungos<\/a><\/li>\n<\/ul>\n<\/li>\n<li><strong>Herb\u00e1rio SPSF<\/strong><\/li>\n<li>Litoteca<\/li>\n<li>Paleontol\u00f3gico<\/li>\n<li><a href=\"https:\/\/www.infraestruturameioambiente.sp.gov.br\/ipa\/colecoes\/palinoteca-do-laboratorio-de-palinologia-palino-ipa\/\">Palinoteca<\/a><\/li>\n<li>Petrogr\u00e1fica<\/li>\n<li>Xiloteca SPSFw<\/li>\n<\/ul>\n<p>[\/vc_column_text][\/vc_column][\/vc_row]<\/p>\n","protected":false},"excerpt":{"rendered":"<p>[vc_row][vc_column width=&#8221;2\/3&#8243;][vc_column_text] &nbsp; OBJETIVO A Cole\u00e7\u00e3o do Herb\u00e1rio Dom Bento Jos\u00e9 Pickel, cuja sigla \u00e9 SPSF, tem como principal foco conservar amostras representativas dos diversos tipos vegetacionais paulistas. As amostras, [&hellip;]<\/p>\n","protected":false},"author":196,"featured_media":0,"parent":49,"menu_order":0,"comment_status":"closed","ping_status":"closed","template":"","meta":[],"_links":{"self":[{"href":"https:\/\/www.infraestruturameioambiente.sp.gov.br\/ipa\/wp-json\/wp\/v2\/pages\/3398"}],"collection":[{"href":"https:\/\/www.infraestruturameioambiente.sp.gov.br\/ipa\/wp-json\/wp\/v2\/pages"}],"about":[{"href":"https:\/\/www.infraestruturameioambiente.sp.gov.br\/ipa\/wp-json\/wp\/v2\/types\/page"}],"author":[{"embeddable":true,"href":"https:\/\/www.infraestruturameioambiente.sp.gov.br\/ipa\/wp-json\/wp\/v2\/users\/196"}],"replies":[{"embeddable":true,"href":"https:\/\/www.infraestruturameioambiente.sp.gov.br\/ipa\/wp-json\/wp\/v2\/comments?post=3398"}],"version-history":[{"count":19,"href":"https:\/\/www.infraestruturameioambiente.sp.gov.br\/ipa\/wp-json\/wp\/v2\/pages\/3398\/revisions"}],"predecessor-version":[{"id":7530,"href":"https:\/\/www.infraestruturameioambiente.sp.gov.br\/ipa\/wp-json\/wp\/v2\/pages\/3398\/revisions\/7530"}],"up":[{"embeddable":true,"href":"https:\/\/www.infraestruturameioambiente.sp.gov.br\/ipa\/wp-json\/wp\/v2\/pages\/49"}],"wp:attachment":[{"href":"https:\/\/www.infraestruturameioambiente.sp.gov.br\/ipa\/wp-json\/wp\/v2\/media?parent=3398"}],"curies":[{"name":"wp","href":"https:\/\/api.w.org\/{rel}","templated":true}]}}