{"id":3174,"date":"2023-03-24T10:49:44","date_gmt":"2023-03-24T13:49:44","guid":{"rendered":"https:\/\/www.infraestruturameioambiente.sp.gov.br\/ipa\/?page_id=3174"},"modified":"2023-08-11T15:00:15","modified_gmt":"2023-08-11T18:00:15","slug":"lista-de-especies-indicadas-para-restauracao-ecologica-para-diversas-regioes-do-estado-de-sao-paulo","status":"publish","type":"page","link":"https:\/\/www.infraestruturameioambiente.sp.gov.br\/ipa\/lista-de-especies-indicadas-para-restauracao-ecologica-para-diversas-regioes-do-estado-de-sao-paulo\/","title":{"rendered":"Lista de esp\u00e9cies indicadas para restaura\u00e7\u00e3o ecol\u00f3gica para diversas regi\u00f5es do estado de S\u00e3o Paulo"},"content":{"rendered":"<div id=\"attachment_1660\" style=\"width: 228px\" class=\"wp-caption alignleft\"><a href=\"https:\/\/www.infraestruturameioambiente.sp.gov.br\/institutodebotanica\/wp-content\/uploads\/sites\/235\/2019\/10\/lista-especies-rad-2019.pdf\"><img aria-describedby=\"caption-attachment-1660\" decoding=\"async\" loading=\"lazy\" class=\"wp-image-1660 size-medium\" src=\"https:\/\/smastr16.blob.core.windows.net\/2001\/sites\/261\/2022\/05\/capa-lista-especie-site-600x827-1-218x300.jpg\" alt=\"\" width=\"218\" height=\"300\" srcset=\"https:\/\/smastr16.blob.core.windows.net\/2001\/sites\/261\/2022\/05\/capa-lista-especie-site-600x827-1-218x300.jpg 218w, https:\/\/smastr16.blob.core.windows.net\/2001\/sites\/261\/2022\/05\/capa-lista-especie-site-600x827-1-250x345.jpg 250w, https:\/\/smastr16.blob.core.windows.net\/2001\/sites\/261\/2022\/05\/capa-lista-especie-site-600x827-1-550x758.jpg 550w, https:\/\/smastr16.blob.core.windows.net\/2001\/sites\/261\/2022\/05\/capa-lista-especie-site-600x827-1-131x180.jpg 131w, https:\/\/smastr16.blob.core.windows.net\/2001\/sites\/261\/2022\/05\/capa-lista-especie-site-600x827-1-363x500.jpg 363w, https:\/\/smastr16.blob.core.windows.net\/2001\/sites\/261\/2022\/05\/capa-lista-especie-site-600x827-1.jpg 600w\" sizes=\"(max-width: 218px) 100vw, 218px\" \/><\/a><p id=\"caption-attachment-1660\" class=\"wp-caption-text\"><a href=\"https:\/\/www.infraestruturameioambiente.sp.gov.br\/institutodebotanica\/wp-content\/uploads\/sites\/235\/2019\/10\/lista-especies-rad-2019.pdf\"> Lista de esp\u00e9cies indicadas para restaura\u00e7\u00e3o ecol\u00f3gica para diversas regi\u00f5es do estado de S\u00e3o Paulo<\/a> (PDF 38.8 MB)<\/p><\/div>\n<p style=\"text-align: justify\">A publica\u00e7\u00e3o &#8220;<a href=\"https:\/\/www.infraestruturameioambiente.sp.gov.br\/institutodebotanica\/wp-content\/uploads\/sites\/235\/2019\/10\/lista-especies-rad-2019.pdf\">Lista de esp\u00e9cies indicadas para restaura\u00e7\u00e3o ecol\u00f3gica para diversas regi\u00f5es do estado de S\u00e3o Paulo<\/a>&#8221; \u00e9 resultado de um minucioso levantamento sobre as diversas esp\u00e9cies vegetais do estado, com os mais variados h\u00e1bitos de vida. \u201c\u00c9 uma ferramenta indispens\u00e1vel aos reflorestamentos qualificados, a partir de uma listagem exemplificativa de esp\u00e9cies vegetais nativas regionais, de ocorr\u00eancia em ambientes florestais e campestres, indicadas para plantio e ou manuten\u00e7\u00e3o da biodiversidade\u201d, explica Luiz Mauro Barbosa.<\/p>\n<p style=\"text-align: justify\">Rico em imagens para facilitar a identifica\u00e7\u00e3o, s\u00e3o mencionadas 939 esp\u00e9cies arb\u00f3reas, 175 arvoretas, 448 arbustos, 218 subarbustos, 484 ervas, 167 lianas, 242 ep\u00edfitas, 145 aqu\u00e1ticas e paludosas e 133 pterid\u00f3fitas, totalizando 2.951 esp\u00e9cies que podem ser utilizadas para a restaura\u00e7\u00e3o ecol\u00f3gica. O livro tamb\u00e9m cont\u00e9m de um roteiro b\u00e1sico das atividades necess\u00e1rias para a elabora\u00e7\u00e3o de projetos de restaura\u00e7\u00e3o ecol\u00f3gica e uma lista com recomenda\u00e7\u00f5es para restaura\u00e7\u00e3o e conserva\u00e7\u00e3o da biodiversidade. Nesta edi\u00e7\u00e3o, est\u00e3o destacadas em vermelho 678 esp\u00e9cies da flora amea\u00e7ada de extin\u00e7\u00e3o do estado de S\u00e3o Paulo.<\/p>\n<p style=\"text-align: justify\">A necessidade de uma a\u00e7\u00e3o diferenciada, que contemple as diversidades existentes entre as regi\u00f5es do estado de S\u00e3o Paulo, pode, em parte, estar sendo atendida neste trabalho, com a disponibiliza\u00e7\u00e3o das informa\u00e7\u00f5es para todos aqueles que se ocupam da recupera\u00e7\u00e3o de \u00e1reas degradadas. Tanto os respons\u00e1veis pela formula\u00e7\u00e3o e execu\u00e7\u00e3o de pol\u00edticas p\u00fablicas relacionadas \u00e0 recupera\u00e7\u00e3o das \u00e1reas degradadas, como os comit\u00eas de bacias hidrogr\u00e1ficas, prefeituras, financiadores de projetos de recupera\u00e7\u00e3o ambiental e \u00f3rg\u00e3os de controle ambiental, quanto os diretamente envolvidos com a implanta\u00e7\u00e3o de projetos (t\u00e9cnicos, extensionistas, associa\u00e7\u00f5es de reposi\u00e7\u00e3o florestal, agricultores e outros empreendedores) devem minimamente conhecer os resultados deste trabalho, para que tenham suas atividades amplamente facilitadas.<\/p>\n<ul>\n<li style=\"text-align: justify\">Lista de esp\u00e9cies indicadas para restaura\u00e7\u00e3o ecol\u00f3gica para diversas regi\u00f5es do estado de S\u00e3o Paulo <a href=\"https:\/\/www.infraestruturameioambiente.sp.gov.br\/institutodebotanica\/wp-content\/uploads\/sites\/235\/2019\/10\/lista-especies-rad-2019.pdf\">CLIQUE AQUI<\/a> (PDF 39.8 MB)<\/li>\n<\/ul>\n<p><img decoding=\"async\" loading=\"lazy\" class=\"alignnone size-thumbnail wp-image-153\" src=\"https:\/\/smastr16.blob.core.windows.net\/2001\/sites\/261\/2021\/08\/ods-11-150x150.png\" alt=\"\" width=\"150\" height=\"150\" srcset=\"https:\/\/www.infraestruturameioambiente.sp.gov.br\/ipa\/wp-content\/uploads\/sites\/261\/2021\/08\/ods-11-150x150.png 150w, https:\/\/www.infraestruturameioambiente.sp.gov.br\/ipa\/wp-content\/uploads\/sites\/261\/2021\/08\/ods-11-48x48.png 48w, https:\/\/www.infraestruturameioambiente.sp.gov.br\/ipa\/wp-content\/uploads\/sites\/261\/2021\/08\/ods-11-180x180.png 180w, https:\/\/www.infraestruturameioambiente.sp.gov.br\/ipa\/wp-content\/uploads\/sites\/261\/2021\/08\/ods-11.png 225w\" sizes=\"(max-width: 150px) 100vw, 150px\" \/> <img decoding=\"async\" loading=\"lazy\" class=\"alignnone size-thumbnail wp-image-154\" src=\"https:\/\/smastr16.blob.core.windows.net\/2001\/sites\/261\/2021\/08\/ods-13-150x150.png\" alt=\"\" width=\"150\" height=\"150\" srcset=\"https:\/\/www.infraestruturameioambiente.sp.gov.br\/ipa\/wp-content\/uploads\/sites\/261\/2021\/08\/ods-13-150x150.png 150w, https:\/\/www.infraestruturameioambiente.sp.gov.br\/ipa\/wp-content\/uploads\/sites\/261\/2021\/08\/ods-13-48x48.png 48w, https:\/\/www.infraestruturameioambiente.sp.gov.br\/ipa\/wp-content\/uploads\/sites\/261\/2021\/08\/ods-13-180x180.png 180w, https:\/\/www.infraestruturameioambiente.sp.gov.br\/ipa\/wp-content\/uploads\/sites\/261\/2021\/08\/ods-13.png 225w\" sizes=\"(max-width: 150px) 100vw, 150px\" \/> <img decoding=\"async\" loading=\"lazy\" class=\"alignnone size-thumbnail wp-image-169\" src=\"https:\/\/smastr16.blob.core.windows.net\/2001\/sites\/261\/2021\/09\/ods-15-150x150.png\" alt=\"\" width=\"150\" height=\"150\" srcset=\"https:\/\/www.infraestruturameioambiente.sp.gov.br\/ipa\/wp-content\/uploads\/sites\/261\/2021\/09\/ods-15-150x150.png 150w, https:\/\/www.infraestruturameioambiente.sp.gov.br\/ipa\/wp-content\/uploads\/sites\/261\/2021\/09\/ods-15-48x48.png 48w, https:\/\/www.infraestruturameioambiente.sp.gov.br\/ipa\/wp-content\/uploads\/sites\/261\/2021\/09\/ods-15-180x180.png 180w, https:\/\/www.infraestruturameioambiente.sp.gov.br\/ipa\/wp-content\/uploads\/sites\/261\/2021\/09\/ods-15.png 225w\" sizes=\"(max-width: 150px) 100vw, 150px\" \/> <img decoding=\"async\" loading=\"lazy\" class=\"alignnone size-thumbnail wp-image-171\" src=\"https:\/\/smastr16.blob.core.windows.net\/2001\/sites\/261\/2021\/09\/ods-17-150x150.png\" alt=\"\" width=\"150\" height=\"150\" srcset=\"https:\/\/www.infraestruturameioambiente.sp.gov.br\/ipa\/wp-content\/uploads\/sites\/261\/2021\/09\/ods-17-150x150.png 150w, https:\/\/www.infraestruturameioambiente.sp.gov.br\/ipa\/wp-content\/uploads\/sites\/261\/2021\/09\/ods-17-48x48.png 48w, https:\/\/www.infraestruturameioambiente.sp.gov.br\/ipa\/wp-content\/uploads\/sites\/261\/2021\/09\/ods-17-180x180.png 180w, https:\/\/www.infraestruturameioambiente.sp.gov.br\/ipa\/wp-content\/uploads\/sites\/261\/2021\/09\/ods-17.png 225w\" sizes=\"(max-width: 150px) 100vw, 150px\" \/><\/p>\n","protected":false},"excerpt":{"rendered":"<p>A publica\u00e7\u00e3o &#8220;Lista de esp\u00e9cies indicadas para restaura\u00e7\u00e3o ecol\u00f3gica para diversas regi\u00f5es do estado de S\u00e3o Paulo&#8221; \u00e9 resultado de um minucioso levantamento sobre as diversas esp\u00e9cies vegetais do estado, [&hellip;]<\/p>\n","protected":false},"author":196,"featured_media":0,"parent":0,"menu_order":0,"comment_status":"closed","ping_status":"closed","template":"","meta":[],"_links":{"self":[{"href":"https:\/\/www.infraestruturameioambiente.sp.gov.br\/ipa\/wp-json\/wp\/v2\/pages\/3174"}],"collection":[{"href":"https:\/\/www.infraestruturameioambiente.sp.gov.br\/ipa\/wp-json\/wp\/v2\/pages"}],"about":[{"href":"https:\/\/www.infraestruturameioambiente.sp.gov.br\/ipa\/wp-json\/wp\/v2\/types\/page"}],"author":[{"embeddable":true,"href":"https:\/\/www.infraestruturameioambiente.sp.gov.br\/ipa\/wp-json\/wp\/v2\/users\/196"}],"replies":[{"embeddable":true,"href":"https:\/\/www.infraestruturameioambiente.sp.gov.br\/ipa\/wp-json\/wp\/v2\/comments?post=3174"}],"version-history":[{"count":4,"href":"https:\/\/www.infraestruturameioambiente.sp.gov.br\/ipa\/wp-json\/wp\/v2\/pages\/3174\/revisions"}],"predecessor-version":[{"id":4451,"href":"https:\/\/www.infraestruturameioambiente.sp.gov.br\/ipa\/wp-json\/wp\/v2\/pages\/3174\/revisions\/4451"}],"wp:attachment":[{"href":"https:\/\/www.infraestruturameioambiente.sp.gov.br\/ipa\/wp-json\/wp\/v2\/media?parent=3174"}],"curies":[{"name":"wp","href":"https:\/\/api.w.org\/{rel}","templated":true}]}}