{"id":3064,"date":"2023-03-17T14:21:34","date_gmt":"2023-03-17T17:21:34","guid":{"rendered":"https:\/\/www.infraestruturameioambiente.sp.gov.br\/ipa\/?page_id=3064"},"modified":"2024-11-19T13:36:36","modified_gmt":"2024-11-19T16:36:36","slug":"colecao-de-culturas-de-algas-cianobacterias-e-fungos","status":"publish","type":"page","link":"https:\/\/www.infraestruturameioambiente.sp.gov.br\/ipa\/colecoes\/colecao-de-culturas-de-algas-cianobacterias-e-fungos\/","title":{"rendered":"Cole\u00e7\u00e3o de Culturas de Algas, Cianobact\u00e9rias e Fungos"},"content":{"rendered":"<p>[vc_row][vc_column width=&#8221;2\/3&#8243;][vc_column_text]<\/p>\n<div class=\"wc-gallery\"><div class='wcflexslider-container wc-gallery-bottomspace-default wc-gallery-clear'><div id='gallery-1' class='gallery wc-gallery-captions-onhover gallery-link-none wcflexslider wcsliderauto' data-gutter-width='5' data-columns='1' data-hide-controls='false'><ul class='slides'>\n\t\t\t\t<li class='gallery-item gallery-item-position-1 gallery-item-attachment-3080 wcflex-slide-item'>\n\t\t\t\t\t<div class='gallery-icon landscape'>\n\t\t\t\t\t\t<img src='https:\/\/smastr16.blob.core.windows.net\/2001\/sites\/261\/2023\/03\/terrestres-microscopicos-e-aquaticos.jpg' width='800' height='601' alt='' \/>\n\t\t\t\t\t<\/div>\n\t\t\t\t\t<div class='wp-caption-text gallery-caption' style='width:800px;'>\n\t\t\t\t\t<p>\n\t\t\t\t\tTerrestres microsc\u00f3picos e aqu\u00e1ticos. Foto: Marcela Castilho Boro\n\t\t\t\t\t<\/p>\n\t\t\t\t\t<\/div><\/li>\n\t\t\t\t<li class='gallery-item gallery-item-position-2 gallery-item-attachment-3079 wcflex-slide-item'>\n\t\t\t\t\t<div class='gallery-icon landscape'>\n\t\t\t\t\t\t<img src='https:\/\/smastr16.blob.core.windows.net\/2001\/sites\/261\/2023\/03\/preservacao-wheaton-e-tubo_aquaticos.jpg' width='800' height='600' alt='' \/>\n\t\t\t\t\t<\/div>\n\t\t\t\t\t<div class='wp-caption-text gallery-caption' style='width:800px;'>\n\t\t\t\t\t<p>\n\t\t\t\t\tPreserva\u00e7\u00e3o em Wheaton e tubo (aqu\u00e1ticos) e Castellani. Foto: Marcela Castilho Boro\n\t\t\t\t\t<\/p>\n\t\t\t\t\t<\/div><\/li>\n\t\t\t\t<li class='gallery-item gallery-item-position-3 gallery-item-attachment-3078 wcflex-slide-item'>\n\t\t\t\t\t<div class='gallery-icon landscape'>\n\t\t\t\t\t\t<img src='https:\/\/smastr16.blob.core.windows.net\/2001\/sites\/261\/2023\/03\/preservacao-em-oleo-mineral-e-liofilizacao.jpg' width='800' height='600' alt='' \/>\n\t\t\t\t\t<\/div>\n\t\t\t\t\t<div class='wp-caption-text gallery-caption' style='width:800px;'>\n\t\t\t\t\t<p>\n\t\t\t\t\tPreserva\u00e7\u00e3o em \u00f3leo mineral e liofiliza\u00e7\u00e3o. Foto: Marcela Castilho Boro\n\t\t\t\t\t<\/p>\n\t\t\t\t\t<\/div><\/li>\n\t\t\t\t<li class='gallery-item gallery-item-position-4 gallery-item-attachment-3077 wcflex-slide-item'>\n\t\t\t\t\t<div class='gallery-icon landscape'>\n\t\t\t\t\t\t<img src='https:\/\/smastr16.blob.core.windows.net\/2001\/sites\/261\/2023\/03\/preservacao-em-madeira-subvergida-em-agua_basidiomicetos.jpg' width='800' height='600' alt='' \/>\n\t\t\t\t\t<\/div>\n\t\t\t\t\t<div class='wp-caption-text gallery-caption' style='width:800px;'>\n\t\t\t\t\t<p>\n\t\t\t\t\tPreserva\u00e7\u00e3o em madeira submergida em \u00e1gua (Basidiomicetos). Foto: Marcela Castilho Boro \n\t\t\t\t\t<\/p>\n\t\t\t\t\t<\/div><\/li><\/ul><\/div>\n<\/div>\n<\/div>\n<p>&nbsp;<\/p>\n<p><strong>OBJETIVO<\/strong><\/p>\n<p>A Cole\u00e7\u00e3o de Culturas de Algas, Cianobact\u00e9rias e Fungos constitui uma cole\u00e7\u00e3o de pesquisa, cuja finalidade principal \u00e9 manter em condi\u00e7\u00f5es <em>ex situ,<\/em> representantes da biodiversidade brasileira. Trata-se de uma cole\u00e7\u00e3o denominada como \u201cFiel deposit\u00e1ria\u201d pelo Minist\u00e9rio do Meio Ambiente.<\/p>\n<p><strong>HIST\u00d3RIA<\/strong><\/p>\n<p>A Cole\u00e7\u00e3o de Culturas de Fungos (do antigo Instituto de Bot\u00e2nica) foi criada a partir da jun\u00e7\u00e3o de duas cole\u00e7\u00f5es anteriores, presentes no antigo N\u00facleo de Pesquisa em Micologia do Instituto de Bot\u00e2nica, a SPC (SP Culturas) e a CCB (Cole\u00e7\u00e3o de Culturas de Basidiomicetos).<\/p>\n<p>A SPC foi uma cole\u00e7\u00e3o de culturas de fungos aqu\u00e1ticos e terrestres microsc\u00f3picos, criada e estabelecida na d\u00e9cada de 70, pelo pesquisador Dr. Adauto Ivo Milanez. Em 1984, foi considerada uma atividade t\u00e9cnica, recebendo o t\u00edtulo de \u201cCole\u00e7\u00e3o de Culturas de Fungos do Instituto de Bot\u00e2nica\u201d, tendo assim suas instala\u00e7\u00f5es financiadas pela FINEP. A partir deste momento, esta cole\u00e7\u00e3o passou por um longo per\u00edodo de reorganiza\u00e7\u00e3o e teve seu primeiro cat\u00e1logo elaborado e publicado 1994.<\/p>\n<p>J\u00e1 a CCB foi uma cole\u00e7\u00e3o criada na d\u00e9cada de 80, a partir de um programa para ampliar o conhecimento e a produ\u00e7\u00e3o de cogumelos comest\u00edveis no estado de S\u00e3o Paulo, onde as pesquisadoras Dra. Vera Bononi, Dra. Marina Capelari e Dra. Rozana Mazziero iniciaram estudos para adequar, ao nosso clima, t\u00e9cnicas de cultivo j\u00e1 utilizadas, formando o Centro de Pesquisas de Cogumelos Comest\u00edveis \u2013 CEPECC, com as primeiras culturas de basidiomicetos sendo depositadas na cole\u00e7\u00e3o. Esta cole\u00e7\u00e3o foi ampliada em 1992 com o projeto \u201cUtiliza\u00e7\u00e3o de basidiomicetos em biotecnologia\u201d, que possibilitou um grande esfor\u00e7o de coletas no estado, contribuindo com a diversidade de esp\u00e9cies depositadas.<\/p>\n<p>Assim as cole\u00e7\u00f5es seguiram separadamente, at\u00e9 que, em 2007, estas duas cole\u00e7\u00f5es de fungos, juntamente com a cole\u00e7\u00e3o de algas do Instituto de Bot\u00e2nica, foram credenciadas como fiel deposit\u00e1rias do componente do patrim\u00f4nio gen\u00e9tico (Delibera\u00e7\u00e3o N\u00ba197 de 31 de maio de 2007). Em 2009, as cole\u00e7\u00f5es juntaram-se e receberam o acr\u00f4nimo CCIBt (Cole\u00e7\u00e3o de Culturas do Instituto de Bot\u00e2nica), publicando seu primeiro regimento no Di\u00e1rio Oficial do Estado de 25 de maio de 2009 (Portaria IBt 05, de 25 de maio de 2009), onde define-se a CCIBt como uma cole\u00e7\u00e3o de pesquisa, cuja finalidade principal \u00e9 manter em condi\u00e7\u00f5es <em>ex situ<\/em> representantes da biodiversidade brasileira e eventualmente estrangeira, para estudos cient\u00edficos e\/ou de potencial comercial em processos biotecnol\u00f3gicos.<\/p>\n<p><strong>IMPORT\u00c2NCIA e USOS<\/strong><\/p>\n<p>A relev\u00e2ncia est\u00e1 nos exemplares de fungos depositados, oriundos dos dois principais biomas do Estado de S\u00e3o Paulo, \u00e1reas que sofrem muita press\u00e3o antr\u00f3pica, preservando parte dessa diversidade. Essas cepas s\u00e3o resultantes de mestrados e doutorados, reunindo um grande n\u00famero de fungos identificados, por\u00e9m pouco se conhece sobre sua fisiologia.<\/p>\n<p>Al\u00e9m de utilizar as culturas mantidas para os cont\u00ednuos estudos no pr\u00f3prio Instituto, a CCIBt mant\u00e9m um interc\u00e2mbio criterioso de culturas com outros laborat\u00f3rios de pesquisa e universidades, inclusive internacionais. Constantemente, s\u00e3o recebidos pedidos solicitando o envio de culturas da nossa cole\u00e7\u00e3o, demonstrando a import\u00e2ncia de manuten\u00e7\u00e3o deste patrim\u00f4nio.<\/p>\n<p><strong>DESCRI\u00c7\u00c3O DO ACERVO<\/strong><\/p>\n<p>A Cole\u00e7\u00e3o de Culturas de Fungos abriga, atualmente, mais de 2000 culturas, provenientes especialmente de projetos de pesquisa desenvolvidos por pesquisadores e por alunos da P\u00f3s-Gradua\u00e7\u00e3o do antigo N\u00facleo de Pesquisa em Micologia do Instituto de Bot\u00e2nica.<\/p>\n<p>Abriga isolados oriundos de ambientes aqu\u00e1ticos (continentais ou marinhos) e terrestres de diversas regi\u00f5es do pa\u00eds, especialmente dos biomas Mata Atl\u00e2ntica e Cerrado. Dentre os isolados, encontram-se representantes de basidiomicetos, ascomicetos, incluindo muitos apenas na fase assexuada (chamados anam\u00f3rficos), isolados de zigomicetos, hifomicetos, fungos zoosp\u00f3rios e outros organismos zoosp\u00f3ricos \u201clike-fungi\u201d.<\/p>\n<p>As culturas s\u00e3o mantidas em sala climatizada a 19\u00baC, por diferentes m\u00e9todos de preserva\u00e7\u00e3o:<\/p>\n<ul>\n<li>m\u00e9todo denominado \u201cCastellani\u201d ou m\u00e9todo de preserva\u00e7\u00e3o em \u00e1gua destilada est\u00e9ril;<\/li>\n<li>m\u00e9todo de preserva\u00e7\u00e3o em fragmentos de madeira submergidos em \u00e1gua destilada est\u00e9ril (somente para os basidimicetos);<\/li>\n<li>m\u00e9todo de repicagens peri\u00f3dicas e o m\u00e9todo denominado \u201cWheaton\u201d ou preserva\u00e7\u00e3o em sementes de sorgo (somente para os isolados aqu\u00e1ticos);<\/li>\n<li>m\u00e9todo de liofiliza\u00e7\u00e3o;<\/li>\n<li>m\u00e9todo de preserva\u00e7\u00e3o em \u00f3leo mineral.<\/li>\n<\/ul>\n<p>Todos os m\u00e9todos utilizados s\u00e3o constantemente avaliados, com o objetivo de comparar a efici\u00eancia da preserva\u00e7\u00e3o para cada grupo de organismos.<\/p>\n<p><strong>ACESSO \u00c0 COLE\u00c7\u00c3O \u2013 PRESENCIAL<\/strong><\/p>\n<p>Para acessar a cole\u00e7\u00e3o \u00e9 necess\u00e1rio o agendamento diretamente com os curadores.<\/p>\n<p><strong>LOCALIZA\u00c7\u00c3O<\/strong><\/p>\n<p>IPA Unidade Jardim Bot\u00e2nico, Pr\u00e9dio 3<\/p>\n<p><strong>CONTATOS<\/strong><\/p>\n<p>Fungos terrestres (microsc\u00f3picos) e aqu\u00e1ticos: <a href=\"http:\/\/lattes.cnpq.br\/0766809498155297\">Marcela Castilho Boro<\/a> (<a href=\"mailto:marcelaboro@sp.gov.br\">marcelaboro@sp.gov.br<\/a>)<\/p>\n<p>Fungos Basidiomicetos: <a href=\"http:\/\/lattes.cnpq.br\/6137997220541039\">Vera Maria Valle Vitali<\/a> (<a href=\"mailto:vvitali@sp.gov.br\">vvitali@sp.gov.br<\/a>)<\/p>\n<p><strong>CURADORES:<\/strong><\/p>\n<ul>\n<li><a href=\"http:\/\/lattes.cnpq.br\/0766809498155297\">Marcela Castilho Boro<\/a> &#8211; Cole\u00e7\u00e3o de Culturas de Fungos terrestres e aqu\u00e1ticos (<a href=\"mailto:marcelaboro@sp.gov.br\">marcelaboro@sp.gov.br<\/a>)<\/li>\n<li><a href=\"http:\/\/lattes.cnpq.br\/6137997220541039\">Vera Maria do Vale Vitali<\/a> &#8211; Cole\u00e7\u00e3o de Culturas de Fungos Basidiomicetos (<a href=\"mailto:vvitali@sp.gov.br\">vvitali@sp.gov.br<\/a>)<\/li>\n<\/ul>\n<p>[\/vc_column_text][\/vc_column][vc_column width=&#8221;1\/3&#8243;][vc_column_text]<span style=\"font-size: 14pt\"><strong>Cole\u00e7\u00f5es do IPA<\/strong><\/span><\/p>\n<ul>\n<li><a href=\"https:\/\/www.infraestruturameioambiente.sp.gov.br\/ipa\/colecoes\/banco-ativo-de-germoplasma-de-arboreas-nativas\/\">Banco Ativo de Germoplasma de Arb\u00f3reas Nativas<\/a><\/li>\n<li><a href=\"https:\/\/www.infraestruturameioambiente.sp.gov.br\/ipa\/colecoes\/banco-ativo-de-germoplasma-de-arboreas-exoticas\/\">Banco Ativo de Germoplasma de Arb\u00f3reas Ex\u00f3ticas<\/a><\/li>\n<li><a href=\"https:\/\/www.infraestruturameioambiente.sp.gov.br\/ipa\/colecoes\/banco-de-sementes-bs-ipa\/\">Banco de Sementes<\/a><\/li>\n<li>Cole\u00e7\u00e3o de Plantas Vivas do Jardim Bot\u00e2nico de S\u00e3o Paulo<\/li>\n<li><a href=\"https:\/\/www.infraestruturameioambiente.sp.gov.br\/ipa\/colecoes\/colecao-de-culturas-de-algas-marinhas\/\">Culturas de Algas<\/a><\/li>\n<li><strong>Culturas de Fungos Basidiomicetos<\/strong><\/li>\n<li><strong>Culturas de Fungos Terrestres e Aqu\u00e1ticos<\/strong><\/li>\n<li>Extratoteca<\/li>\n<li><a href=\"https:\/\/www.infraestruturameioambiente.sp.gov.br\/ipa\/colecoes\/herbario-maria-eneyda-pacheco-kauffmann-fidalgo-herbario-sp\/\">Herb\u00e1rio SP<\/a>\n<ul>\n<li><a href=\"https:\/\/www.infraestruturameioambiente.sp.gov.br\/ipa\/colecoes\/herbario-maria-eneyda-pacheco-kauffmann-fidalgo-herbario-sp\/herbario-seccional-de-algas-sp-algae\/\">Algas<\/a><\/li>\n<li><a href=\"https:\/\/www.infraestruturameioambiente.sp.gov.br\/ipa\/colecoes\/herbario-maria-eneyda-pacheco-kauffmann-fidalgo-herbario-sp\/colecao-de-briofitas\/\">Bri\u00f3fitas<\/a><\/li>\n<li><a href=\"https:\/\/www.infraestruturameioambiente.sp.gov.br\/ipa\/colecoes\/herbario-maria-eneyda-pacheco-kauffmann-fidalgo-herbario-sp\/colecao-de-plantas-vasculares\/\">Vasculares<\/a><\/li>\n<li><a href=\"https:\/\/www.infraestruturameioambiente.sp.gov.br\/ipa\/colecoes\/herbario-maria-eneyda-pacheco-kauffmann-fidalgo-herbario-sp\/herbario-seccional-de-fungos-sp-fungi\/\">Fungos<\/a><\/li>\n<\/ul>\n<\/li>\n<li><a href=\"https:\/\/www.infraestruturameioambiente.sp.gov.br\/ipa\/colecoes\/herbario-dom-bento-jose-pickel-spsf\/\">Herb\u00e1rio SPSF<\/a><\/li>\n<li>Litoteca<\/li>\n<li>Paleontol\u00f3gico<\/li>\n<li><a href=\"https:\/\/www.infraestruturameioambiente.sp.gov.br\/ipa\/colecoes\/palinoteca-do-laboratorio-de-palinologia-palino-ipa\/\">Palinoteca<\/a><\/li>\n<li>Petrogr\u00e1fica<\/li>\n<li>Xiloteca SPSFw<\/li>\n<\/ul>\n<p>[\/vc_column_text][\/vc_column][\/vc_row]<\/p>\n","protected":false},"excerpt":{"rendered":"<p>[vc_row][vc_column width=&#8221;2\/3&#8243;][vc_column_text] &nbsp; OBJETIVO A Cole\u00e7\u00e3o de Culturas de Algas, Cianobact\u00e9rias e Fungos constitui uma cole\u00e7\u00e3o de pesquisa, cuja finalidade principal \u00e9 manter em condi\u00e7\u00f5es ex situ, representantes da biodiversidade [&hellip;]<\/p>\n","protected":false},"author":196,"featured_media":0,"parent":49,"menu_order":0,"comment_status":"closed","ping_status":"closed","template":"","meta":[],"_links":{"self":[{"href":"https:\/\/www.infraestruturameioambiente.sp.gov.br\/ipa\/wp-json\/wp\/v2\/pages\/3064"}],"collection":[{"href":"https:\/\/www.infraestruturameioambiente.sp.gov.br\/ipa\/wp-json\/wp\/v2\/pages"}],"about":[{"href":"https:\/\/www.infraestruturameioambiente.sp.gov.br\/ipa\/wp-json\/wp\/v2\/types\/page"}],"author":[{"embeddable":true,"href":"https:\/\/www.infraestruturameioambiente.sp.gov.br\/ipa\/wp-json\/wp\/v2\/users\/196"}],"replies":[{"embeddable":true,"href":"https:\/\/www.infraestruturameioambiente.sp.gov.br\/ipa\/wp-json\/wp\/v2\/comments?post=3064"}],"version-history":[{"count":16,"href":"https:\/\/www.infraestruturameioambiente.sp.gov.br\/ipa\/wp-json\/wp\/v2\/pages\/3064\/revisions"}],"predecessor-version":[{"id":7523,"href":"https:\/\/www.infraestruturameioambiente.sp.gov.br\/ipa\/wp-json\/wp\/v2\/pages\/3064\/revisions\/7523"}],"up":[{"embeddable":true,"href":"https:\/\/www.infraestruturameioambiente.sp.gov.br\/ipa\/wp-json\/wp\/v2\/pages\/49"}],"wp:attachment":[{"href":"https:\/\/www.infraestruturameioambiente.sp.gov.br\/ipa\/wp-json\/wp\/v2\/media?parent=3064"}],"curies":[{"name":"wp","href":"https:\/\/api.w.org\/{rel}","templated":true}]}}