{"id":3061,"date":"2023-03-17T14:09:12","date_gmt":"2023-03-17T17:09:12","guid":{"rendered":"https:\/\/www.infraestruturameioambiente.sp.gov.br\/ipa\/?page_id=3061"},"modified":"2024-11-19T13:34:43","modified_gmt":"2024-11-19T16:34:43","slug":"banco-ativo-de-germoplasma-de-arboreas-nativas","status":"publish","type":"page","link":"https:\/\/www.infraestruturameioambiente.sp.gov.br\/ipa\/colecoes\/banco-ativo-de-germoplasma-de-arboreas-nativas\/","title":{"rendered":"Banco Ativo de Germoplasma de Arb\u00f3reas Nativas"},"content":{"rendered":"<p>[vc_row][vc_column width=&#8221;2\/3&#8243;][vc_column_text]<\/p>\n<p><strong>OBJETIVOS<\/strong><\/p>\n<p>O Banco Ativo de Germoplasma de Arb\u00f3reas Nativas tem como objetivos, a longo prazo, a produ\u00e7\u00e3o cont\u00ednua de sementes de alta qualidade gen\u00e9tica e fisiol\u00f3gica, tanto para os programas de reflorestamentos do Instituto de Pesquisas Ambientais de S\u00e3o Paulo, como para silvicultores privados, al\u00e9m da conserva\u00e7\u00e3o da variabilidade gen\u00e9tica das esp\u00e9cies utilizadas no programa, para garantir a continuidade do melhoramento.<\/p>\n<p>Os objetivos a curto prazo s\u00e3o a produ\u00e7\u00e3o imediata de sementes melhoradas, a partir da sele\u00e7\u00e3o em \u00e1reas de coleta de sementes, \u00e1reas de produ\u00e7\u00e3o de sementes, testes de proced\u00eancias, testes de prog\u00eanies e pomares clonais e a conserva\u00e7\u00e3o das popula\u00e7\u00f5es base para uso atual e futuro da variabilidade do programa.<\/p>\n<p><strong>HIST\u00d3RIA<\/strong><\/p>\n<p>O Programa de Melhoramento Gen\u00e9tico Florestal foi formalizado em 12 de abril de 1978, com a finalidade de definir prioridades para o melhoramento gen\u00e9tico, estabelecer \u00e1reas de atua\u00e7\u00e3o e implanta\u00e7\u00e3o de pomares de sementes, bancos clonais, testes de prog\u00eanies, \u00e1reas de produ\u00e7\u00e3o de sementes, testes de proced\u00eancias e outras atividades inerentes ao Melhoramento Florestal das esp\u00e9cies de interesse atual ou potencial. A partir de 1987, com aquelas premissas atendidas, os objetivos do Programa passaram a ser: obten\u00e7\u00e3o de sementes melhoradas a curto prazo, para atendimento \u00e0 demanda interna, evitando importa\u00e7\u00e3o de material de que n\u00e3o se pode ter controle; explora\u00e7\u00e3o da variabilidade gen\u00e9tica do material j\u00e1 existente, obtendo ganhos gen\u00e9ticos que propiciem aumento cont\u00ednuo de produtividade, visando a usos espec\u00edficos; estudo de origens e\/ou proced\u00eancias adaptadas \u00e0s nossas condi\u00e7\u00f5es edafoclim\u00e1ticas; conserva\u00e7\u00e3o do material gen\u00e9tico de qualidade superior em bancos de germoplasma; e estudo de par\u00e2metros gen\u00e9ticos e n\u00e3o gen\u00e9ticos de prog\u00eanies de material fenot\u00edpico superior e de popula\u00e7\u00f5es.<\/p>\n<p><strong>IMPORT\u00c2NCIA e USOS<\/strong><\/p>\n<p>A longo prazo, utilizando-se sele\u00e7\u00e3o recorrente rec\u00edproca em testes de prog\u00eanies, hibrida\u00e7\u00e3o interespec\u00edfica e conserva\u00e7\u00e3o <em>ex situ<\/em> das popula\u00e7\u00f5es base, pretende-se aumentar a produtividade e qualidade dos produtos extra\u00eddos de \u00e1reas de produ\u00e7\u00e3o do Instituto de Pesquisas Ambientais, ao mesmo tempo que as popula\u00e7\u00f5es base mant\u00eam a variabilidade para utiliza\u00e7\u00e3o cont\u00ednua.<\/p>\n<p>A curto prazo: sele\u00e7\u00e3o de esp\u00e9cies priorit\u00e1rias para o melhoramento, avalia\u00e7\u00e3o e sele\u00e7\u00e3o nos atuais ensaios, hibridiza\u00e7\u00e3o interespec\u00edfica e conserva\u00e7\u00e3o <em>ex situ<\/em> das popula\u00e7\u00f5es base e testes de prog\u00eanies e\/ou proced\u00eancias das esp\u00e9cies secund\u00e1rias do programa. Com isso, estabelecer parcerias, inclusive por meio do NIT (N\u00facleo de Inova\u00e7\u00e3o Tecnol\u00f3gica), para o aumento da produtividade florestal do estado de S\u00e3o Paulo e Brasil, al\u00e9m da inser\u00e7\u00e3o de novos materiais no mercado de silvicultura.<\/p>\n<p><strong>DESCRI\u00c7\u00c3O DO ACERVO<\/strong><\/p>\n<p>As amostras s\u00e3o conservadas <em>in vivo<\/em>, com plantios de testes e proced\u00eancias, prog\u00eanies, conjuga\u00e7\u00e3o de proced\u00eancias e prog\u00eanies, popula\u00e7\u00e3o base de conserva\u00e7\u00e3o e melhoramento, al\u00e9m de plantios de introdu\u00e7\u00e3o com sele\u00e7\u00e3o massal.<\/p>\n<p>Para mais informa\u00e7\u00f5es sobre o acervo, <a href=\"https:\/\/www.infraestruturameioambiente.sp.gov.br\/institutoflorestal\/wp-content\/uploads\/sites\/234\/2014\/04\/IFSR18.pdf\">CLIQUE AQUI<\/a>.<\/p>\n<p><strong>LOCALIZA\u00c7\u00c3O<\/strong><\/p>\n<p>Esta\u00e7\u00e3o Experimental de Bauru<\/p>\n<p><strong>CURADOR<\/strong><\/p>\n<ul>\n<li><a href=\"http:\/\/lattes.cnpq.br\/3039544448067551\">Jos\u00e9 Arimat\u00e9ia Rabelo Machado<\/a> (<a href=\"mailto:jrabelo@sp.gov.br\">jrabelo@sp.gov.br<\/a>)<\/li>\n<\/ul>\n<p>[\/vc_column_text][\/vc_column][vc_column width=&#8221;1\/3&#8243;][vc_column_text]<span style=\"font-size: 14pt\"><strong>Cole\u00e7\u00f5es do IPA<\/strong><\/span><\/p>\n<ul>\n<li><strong>Banco Ativo de Germoplasma de Arb\u00f3reas Nativas<\/strong><\/li>\n<li><a href=\"https:\/\/www.infraestruturameioambiente.sp.gov.br\/ipa\/colecoes\/banco-ativo-de-germoplasma-de-arboreas-exoticas\/\">Banco Ativo de Germoplasma de Arb\u00f3reas Ex\u00f3ticas<\/a><\/li>\n<li><a href=\"https:\/\/www.infraestruturameioambiente.sp.gov.br\/ipa\/colecoes\/banco-de-sementes-bs-ipa\/\">Banco de Sementes<\/a><\/li>\n<li>Cole\u00e7\u00e3o de Plantas Vivas do Jardim Bot\u00e2nico de S\u00e3o Paulo<\/li>\n<li><a href=\"https:\/\/www.infraestruturameioambiente.sp.gov.br\/ipa\/colecoes\/colecao-de-culturas-de-algas-marinhas\/\">Culturas de Algas<\/a><\/li>\n<li><a href=\"https:\/\/www.infraestruturameioambiente.sp.gov.br\/ipa\/colecoes\/colecao-de-culturas-de-algas-cianobacterias-e-fungos\/\">Culturas de Fungos Basidiomicetos<\/a><\/li>\n<li><a href=\"https:\/\/www.infraestruturameioambiente.sp.gov.br\/ipa\/colecoes\/colecao-de-culturas-de-algas-cianobacterias-e-fungos\/\">Culturas de Fungos Terrestres e Aqu\u00e1ticos<\/a><\/li>\n<li>Extratoteca<\/li>\n<li><a href=\"https:\/\/www.infraestruturameioambiente.sp.gov.br\/ipa\/colecoes\/herbario-maria-eneyda-pacheco-kauffmann-fidalgo-herbario-sp\/\">Herb\u00e1rio SP<\/a>\n<ul>\n<li><a href=\"https:\/\/www.infraestruturameioambiente.sp.gov.br\/ipa\/colecoes\/herbario-maria-eneyda-pacheco-kauffmann-fidalgo-herbario-sp\/herbario-seccional-de-algas-sp-algae\/\">Algas<\/a><\/li>\n<li><a href=\"https:\/\/www.infraestruturameioambiente.sp.gov.br\/ipa\/colecoes\/herbario-maria-eneyda-pacheco-kauffmann-fidalgo-herbario-sp\/colecao-de-briofitas\/\">Bri\u00f3fitas<\/a><\/li>\n<li><a href=\"https:\/\/www.infraestruturameioambiente.sp.gov.br\/ipa\/colecoes\/herbario-maria-eneyda-pacheco-kauffmann-fidalgo-herbario-sp\/colecao-de-plantas-vasculares\/\">Vasculares<\/a><\/li>\n<li><a href=\"https:\/\/www.infraestruturameioambiente.sp.gov.br\/ipa\/colecoes\/herbario-maria-eneyda-pacheco-kauffmann-fidalgo-herbario-sp\/herbario-seccional-de-fungos-sp-fungi\/\">Fungos<\/a><\/li>\n<\/ul>\n<\/li>\n<li><a href=\"https:\/\/www.infraestruturameioambiente.sp.gov.br\/ipa\/colecoes\/herbario-dom-bento-jose-pickel-spsf\/\">Herb\u00e1rio SPSF<\/a><\/li>\n<li>Litoteca<\/li>\n<li>Paleontol\u00f3gico<\/li>\n<li><a href=\"https:\/\/www.infraestruturameioambiente.sp.gov.br\/ipa\/colecoes\/palinoteca-do-laboratorio-de-palinologia-palino-ipa\/\">Palinoteca<\/a><\/li>\n<li>Petrogr\u00e1fica<\/li>\n<li>Xiloteca SPSFw<\/li>\n<\/ul>\n<p>[\/vc_column_text][\/vc_column][\/vc_row]<\/p>\n","protected":false},"excerpt":{"rendered":"<p>[vc_row][vc_column width=&#8221;2\/3&#8243;][vc_column_text] OBJETIVOS O Banco Ativo de Germoplasma de Arb\u00f3reas Nativas tem como objetivos, a longo prazo, a produ\u00e7\u00e3o cont\u00ednua de sementes de alta qualidade gen\u00e9tica e fisiol\u00f3gica, tanto para [&hellip;]<\/p>\n","protected":false},"author":196,"featured_media":0,"parent":49,"menu_order":0,"comment_status":"closed","ping_status":"closed","template":"","meta":[],"_links":{"self":[{"href":"https:\/\/www.infraestruturameioambiente.sp.gov.br\/ipa\/wp-json\/wp\/v2\/pages\/3061"}],"collection":[{"href":"https:\/\/www.infraestruturameioambiente.sp.gov.br\/ipa\/wp-json\/wp\/v2\/pages"}],"about":[{"href":"https:\/\/www.infraestruturameioambiente.sp.gov.br\/ipa\/wp-json\/wp\/v2\/types\/page"}],"author":[{"embeddable":true,"href":"https:\/\/www.infraestruturameioambiente.sp.gov.br\/ipa\/wp-json\/wp\/v2\/users\/196"}],"replies":[{"embeddable":true,"href":"https:\/\/www.infraestruturameioambiente.sp.gov.br\/ipa\/wp-json\/wp\/v2\/comments?post=3061"}],"version-history":[{"count":16,"href":"https:\/\/www.infraestruturameioambiente.sp.gov.br\/ipa\/wp-json\/wp\/v2\/pages\/3061\/revisions"}],"predecessor-version":[{"id":7520,"href":"https:\/\/www.infraestruturameioambiente.sp.gov.br\/ipa\/wp-json\/wp\/v2\/pages\/3061\/revisions\/7520"}],"up":[{"embeddable":true,"href":"https:\/\/www.infraestruturameioambiente.sp.gov.br\/ipa\/wp-json\/wp\/v2\/pages\/49"}],"wp:attachment":[{"href":"https:\/\/www.infraestruturameioambiente.sp.gov.br\/ipa\/wp-json\/wp\/v2\/media?parent=3061"}],"curies":[{"name":"wp","href":"https:\/\/api.w.org\/{rel}","templated":true}]}}