{"id":2948,"date":"2023-03-13T11:56:27","date_gmt":"2023-03-13T14:56:27","guid":{"rendered":"https:\/\/www.infraestruturameioambiente.sp.gov.br\/ipa\/?page_id=2948"},"modified":"2024-04-25T12:30:35","modified_gmt":"2024-04-25T15:30:35","slug":"laboratorio-de-sementes","status":"publish","type":"page","link":"https:\/\/www.infraestruturameioambiente.sp.gov.br\/ipa\/laboratorios\/laboratorio-de-sementes\/","title":{"rendered":"Laborat\u00f3rio de An\u00e1lise e Pesquisa de Sementes Florestais &#8211; LAPSF"},"content":{"rendered":"<p>[vc_row][vc_column width=&#8221;2\/3&#8243;][vc_column_text]<\/p>\n<table style=\"border-collapse: collapse;width: 100%\">\n<tbody>\n<tr>\n<td style=\"width: 33.3333%;border-style: solid;border-color: #000000;text-align: center\" colspan=\"3\"><strong>ATEN\u00c7\u00c3O &#8211; N\u00e3o produzimos sementes para fins comerciais<\/strong><\/td>\n<\/tr>\n<\/tbody>\n<\/table>\n<p>O laborat\u00f3rio realiza pesquisas com germina\u00e7\u00e3o de sementes em ecofisiologia, tecnologia, conserva\u00e7\u00e3o e teste de vigor. As informa\u00e7\u00f5es geradas podem ser utilizadas pela comunidade, para germina\u00e7\u00e3o de sementes e produ\u00e7\u00e3o de mudas para reflorestamentos, recupera\u00e7\u00e3o de \u00e1reas alteradas, matas ciliares e arboriza\u00e7\u00e3o urbana.<\/p>\n<p>Nos <strong>estudos em ecofisiologia<\/strong>, as sementes s\u00e3o submetidas a diferentes temperaturas, substratos, luminosidade e aus\u00eancia de luz, simulando a germina\u00e7\u00e3o na floresta. Desta forma, \u00e9 poss\u00edvel indicar o melhor substrato, temperatura e luminosidade para a germina\u00e7\u00e3o das sementes.<\/p>\n<p>Tamb\u00e9m s\u00e3o conduzidas pesquisas para testar diferentes <strong>tecnologias<\/strong>\/tratamentos para obten\u00e7\u00e3o da supera\u00e7\u00e3o de dorm\u00eancia. S\u00e3o v\u00e1rias as causas de dorm\u00eancia de uma semente e os estudos conduzidos testam diferentes tratamentos, para verificar qual ou quais deles evidenciam maiores valores de germina\u00e7\u00e3o.<\/p>\n<p>Quanto \u00e0 <strong>conserva\u00e7\u00e3o<\/strong>, as sementes s\u00e3o acondicionadas em embalagens perme\u00e1vel, semiperme\u00e1vel ou imperme\u00e1vel e armazenadas em ambiente natural de laborat\u00f3rio (temperatura e U.R. vari\u00e1veis), c\u00e2mara fria (T=5\u00b0C; U.R. = 85%) ou c\u00e2mara seca (T=21\u00b0C; U.R. = 45%). Periodicamente, as embalagens s\u00e3o retiradas destes ambientes e a capacidade germinativa das sementes \u00e9 avaliada. Desta forma, \u00e9 poss\u00edvel definir a embalagem e o ambiente nos quais as sementes devem ser armazenadas.<\/p>\n<p>J\u00e1 os <strong>estudos de vigor<\/strong> s\u00e3o desenvolvidos porque avaliam com rapidez a viabilidade da germina\u00e7\u00e3o das sementes. Assim, quando h\u00e1 v\u00e1rios lotes de sementes armazenados, com o teste de vigor, \u00e9 poss\u00edvel avaliar qual deles apresenta menor vigor e deve ser utilizado primeiro.<\/p>\n<p><strong>Visitas Monitoradas:<\/strong> O laborat\u00f3rio realiza visitas monitoradas para alunos do ensino fundamental II, ensino m\u00e9dio e superior de escolas p\u00fablicas e privadas. O agendamento deve ser feito previamente, com a Sra. Maria Aparecida Janucci, pelo telefone (11)2231-8555, ramal 2083 e formalizado por e-mail: <a href=\"mailto:majanucci@sp.gov.br\">majanucci@sp.gov.br<\/a>.<\/p>\n<p><strong>Principais atividades\/an\u00e1lises realizadas:<\/strong><\/p>\n<p>S\u00e3o realizadas an\u00e1lises de rotina e de pesquisa com sementes florestais dos projetos em andamento.<\/p>\n<p><strong>Equipamentos dispon\u00edveis:<\/strong><\/p>\n<p>06 c\u00e2maras de germina\u00e7\u00e3o tipo BOD, 02 estufas de 0-300\u00b0C, 04 dessecadores, 02 lupas mec\u00e2nicas com bra\u00e7o articulado e ilumina\u00e7\u00e3o, 01 balan\u00e7a de capela com 3 d\u00edgitos anal\u00edtica de 0-200 g, 01 balan\u00e7a eletromec\u00e2nica de 0-400 g, 01 destilador de \u00e1gua 10 L\/h, 01 homogeneizador de solo, 01 freezer, 01 seladora a v\u00e1cuo, 01 soprador (separa impurezas e sementes em fun\u00e7\u00e3o do peso), 01 seladora a v\u00e1cuo, 02 seladoras (n\u00e3o a v\u00e1cuo), 01 c\u00e2mara seca de 46 m\u00b3 e 01 c\u00e2mara fria de 52 m\u00b3.<\/p>\n<p><strong>Informa\u00e7\u00f5es: <\/strong><a href=\"mailto:majanucci@sp.gov.br\">majanucci@sp.gov.br<\/a><\/p>\n<p><strong>Respons\u00e1veis:<\/strong><\/p>\n<ul>\n<li>Dr. <a href=\"http:\/\/lattes.cnpq.br\/8280273769534790\">Antonio da Silva<\/a> &#8211; <a href=\"mailto:antoniosilva@sp.gov.br\">antoniosilva@sp.gov.br<\/a><\/li>\n<li>Dr. <a href=\"http:\/\/lattes.cnpq.br\/0404863657135912\">S\u00e9rgio Roberto Garcia dos Santos<\/a> &#8211; <a href=\"mailto:sergiorgsantos@yahoo.com.br\">sergiorgsantos@yahoo.com.br<\/a><\/li>\n<\/ul>\n<p>[\/vc_column_text][\/vc_column][vc_column width=&#8221;1\/3&#8243;][vc_column_text]<span style=\"font-size: 12pt\"><strong>Laborat\u00f3rios do IPA<\/strong><\/span><\/p>\n<p><span style=\"font-size: 12pt\"><strong>Unidade jardim Bot\u00e2nico<\/strong><\/span><\/p>\n<ul>\n<li><a href=\"https:\/\/www.infraestruturameioambiente.sp.gov.br\/ipa\/laboratorios\/laboratorio-de-estudos-ambientais\/\"><span style=\"font-size: 10pt\">Laborat\u00f3rio de Estudos ambientais &#8211; LEA<\/span><\/a><\/li>\n<li><span style=\"font-size: 10pt\">Laborat\u00f3rio de Micologia B\u00e1sica &#8211; LMB<\/span><\/li>\n<li><a href=\"https:\/\/www.infraestruturameioambiente.sp.gov.br\/ipa\/laboratorios\/laboratorio-de-palinologia-palino-ipa\/\"><span style=\"font-size: 10pt\">Laborat\u00f3rio de Palinologia &#8211; PALINO<\/span><\/a><\/li>\n<li><span style=\"font-size: 10pt\">Laborat\u00f3rio de Anatomia Vegetal &#8211; LAVeg<\/span><\/li>\n<li><a href=\"https:\/\/www.infraestruturameioambiente.sp.gov.br\/ipa\/laboratorios\/laboratorio-de-biotecnologia-de-plantas-nativas-e-ou-comerciais\/\"><span style=\"font-size: 10pt\">Laborat\u00f3rio de Biotecnologia de Plantas Nativas e\/ou Comerciais &#8211; LBPNC<\/span><\/a><\/li>\n<li><span style=\"font-size: 10pt\">Laborat\u00f3rio de Ecofisiologia e Bioqu\u00edmica de Plantas &#8211; LEBP<\/span><\/li>\n<li><span style=\"font-size: 10pt\">Laborat\u00f3rio de intera\u00e7\u00e3o Atmosfera-Planta &#8211; LABIAP<\/span><\/li>\n<li><a href=\"https:\/\/www.infraestruturameioambiente.sp.gov.br\/ipa\/laboratorios\/lab-algas\/\"><span style=\"font-size: 10pt\">Laborat\u00f3rio de Pesquisas em Macroalgas Marinhas &#8211; LabAlgas<\/span><\/a><\/li>\n<li><span style=\"font-size: 10pt\">Laborat\u00f3rio de Taxonomia e Ecologia de Microalgas &#8211; LAC<\/span><\/li>\n<li><span style=\"font-size: 10pt\">Laborat\u00f3rio de Ecologia Terrestre e Aqu\u00e1tica &#8211; LECO<\/span><\/li>\n<li><span style=\"font-size: 10pt\">Laborat\u00f3rio de Micologia Aplicada &#8211; LMA<\/span><\/li>\n<li><span style=\"font-size: 10pt\">Laborat\u00f3rio de Pesquisa em Sementes &#8211; LPS<\/span><\/li>\n<li><span style=\"font-size: 10pt\">Laborat\u00f3rio Experimental de \u00c1reas Verdes &#8211; LEAV<\/span><\/li>\n<\/ul>\n<p><span style=\"font-size: 12pt\"><strong>Unidade Vila Mariana<\/strong><\/span><\/p>\n<ul>\n<li><span style=\"font-size: 10pt\">Laborat\u00f3rio de An\u00e1lises Geol\u00f3gicas &#8211; LABGEO<\/span><\/li>\n<li><span style=\"font-size: 10pt\">Laborat\u00f3rio de Microscopia Petrogr\u00e1fica &#8211; LABPETRO<\/span><\/li>\n<li><a href=\"https:\/\/www.infraestruturameioambiente.sp.gov.br\/ipa\/laboratorios\/laboratorio-de-hidrossistemas-carsticos\/\"><span style=\"font-size: 10pt\">Laborat\u00f3rio de Hidrossistemas C\u00e1rsticos &#8211; LHC<\/span><\/a><\/li>\n<\/ul>\n<p><span style=\"font-size: 12pt\"><strong>Unidade Horto Florestal<\/strong><\/span><\/p>\n<ul>\n<li><span style=\"font-size: 10pt\">Laborat\u00f3rio de Anatomia e Propriedades de Madeira &#8211; LAPM<\/span><\/li>\n<li><strong><span style=\"font-size: 10pt\">Laborat\u00f3rio de An\u00e1lise e Pesquisa de Sementes Florestais &#8211; LAPSF<\/span><\/strong><\/li>\n<\/ul>\n<p><span style=\"font-size: 12pt\"><strong>PESM &#8211; Cunha<\/strong><\/span><\/p>\n<ul>\n<li><a href=\"https:\/\/www.infraestruturameioambiente.sp.gov.br\/ipa\/laboratorios\/laboratorio-de-hidrologia-florestal-engenheiro-agronomo-walter-emmerich-lhfeawe\/\"><span style=\"font-size: 10pt\">Laborat\u00f3rio de Hidrologia Florestal \u201cEngenheiro Agr\u00f4nomo Walter Emmerich\u201d &#8211; LHFEAWE<\/span><\/a><\/li>\n<\/ul>\n<p>[\/vc_column_text][\/vc_column][\/vc_row]<\/p>\n","protected":false},"excerpt":{"rendered":"<p>[vc_row][vc_column width=&#8221;2\/3&#8243;][vc_column_text] ATEN\u00c7\u00c3O &#8211; N\u00e3o produzimos sementes para fins comerciais O laborat\u00f3rio realiza pesquisas com germina\u00e7\u00e3o de sementes em ecofisiologia, tecnologia, conserva\u00e7\u00e3o e teste de vigor. As informa\u00e7\u00f5es geradas podem [&hellip;]<\/p>\n","protected":false},"author":196,"featured_media":0,"parent":351,"menu_order":0,"comment_status":"closed","ping_status":"closed","template":"","meta":[],"_links":{"self":[{"href":"https:\/\/www.infraestruturameioambiente.sp.gov.br\/ipa\/wp-json\/wp\/v2\/pages\/2948"}],"collection":[{"href":"https:\/\/www.infraestruturameioambiente.sp.gov.br\/ipa\/wp-json\/wp\/v2\/pages"}],"about":[{"href":"https:\/\/www.infraestruturameioambiente.sp.gov.br\/ipa\/wp-json\/wp\/v2\/types\/page"}],"author":[{"embeddable":true,"href":"https:\/\/www.infraestruturameioambiente.sp.gov.br\/ipa\/wp-json\/wp\/v2\/users\/196"}],"replies":[{"embeddable":true,"href":"https:\/\/www.infraestruturameioambiente.sp.gov.br\/ipa\/wp-json\/wp\/v2\/comments?post=2948"}],"version-history":[{"count":11,"href":"https:\/\/www.infraestruturameioambiente.sp.gov.br\/ipa\/wp-json\/wp\/v2\/pages\/2948\/revisions"}],"predecessor-version":[{"id":6051,"href":"https:\/\/www.infraestruturameioambiente.sp.gov.br\/ipa\/wp-json\/wp\/v2\/pages\/2948\/revisions\/6051"}],"up":[{"embeddable":true,"href":"https:\/\/www.infraestruturameioambiente.sp.gov.br\/ipa\/wp-json\/wp\/v2\/pages\/351"}],"wp:attachment":[{"href":"https:\/\/www.infraestruturameioambiente.sp.gov.br\/ipa\/wp-json\/wp\/v2\/media?parent=2948"}],"curies":[{"name":"wp","href":"https:\/\/api.w.org\/{rel}","templated":true}]}}