{"id":2943,"date":"2023-03-13T11:48:58","date_gmt":"2023-03-13T14:48:58","guid":{"rendered":"https:\/\/www.infraestruturameioambiente.sp.gov.br\/ipa\/?page_id=2943"},"modified":"2023-05-24T09:49:36","modified_gmt":"2023-05-24T12:49:36","slug":"laboratorio-de-hidrossistemas-carsticos","status":"publish","type":"page","link":"https:\/\/www.infraestruturameioambiente.sp.gov.br\/ipa\/laboratorios\/laboratorio-de-hidrossistemas-carsticos\/","title":{"rendered":"Laborat\u00f3rio de Hidrossistemas C\u00e1rsticos"},"content":{"rendered":"<p>[vc_row][vc_column width=&#8221;2\/3&#8243;][vc_column_text]Espa\u00e7o dedicado \u00e0 pesquisa de hidrossistemas c\u00e1rsticos, desenvolve atividades para o planejamento, log\u00edstica e an\u00e1lise de monitoramentos hidrol\u00f3gicos. O laborat\u00f3rio executa estudos para a identifica\u00e7\u00e3o de \u00e1reas de recarga e caracteriza\u00e7\u00e3o hidrol\u00f3gica de aqu\u00edferos c\u00e1rsticos drenados por ressurg\u00eancias.<\/p>\n<p>O mapeamento do relevo, associado a testes com tra\u00e7adores e an\u00e1lises de s\u00e9ries temporais de par\u00e2metros hidrol\u00f3gicos, permitem a caracteriza\u00e7\u00e3o integrada do carste, para a solu\u00e7\u00e3o de problemas ligados \u00e0 minera\u00e7\u00e3o, prote\u00e7\u00e3o de recursos h\u00eddricos e manejo de \u00e1reas protegidas\/cavernas.<\/p>\n<p><strong>Principais atividades\/an\u00e1lises realizadas:<\/strong><\/p>\n<p>Pesquisa, planejamento e execu\u00e7\u00e3o de estudos para a caracteriza\u00e7\u00e3o de aqu\u00edferos c\u00e1rsticos;<\/p>\n<p>Desenvolvimento e aplica\u00e7\u00e3o de softwares para a caracteriza\u00e7\u00e3o de hidrossistemas ou rotas de fluxo subterr\u00e2neas;<\/p>\n<p>Desenvolvimento de modelos anal\u00f3gicos para a simula\u00e7\u00e3o de processos de escoamento em redes de condutos c\u00e1rsticos;<\/p>\n<p>Prepara\u00e7\u00e3o de padr\u00f5es dos corantes tra\u00e7adores rodamina e fluoresce\u00edna para a calibra\u00e7\u00e3o de fluor\u00edmetros;<\/p>\n<p>An\u00e1lise da concentra\u00e7\u00e3o dos corantes tra\u00e7adores rodamina e fluoresce\u00edna em amostras de \u00e1gua ou em fluocaptores de carv\u00e3o ativado;<\/p>\n<p>Calibra\u00e7\u00e3o e teste de equipamentos para monitoramento hidrol\u00f3gico;<\/p>\n<p><strong>Equipamentos dispon\u00edveis:<\/strong><\/p>\n<p>Fluor\u00edmetro de bancada para an\u00e1lise de rodamina e fluoresce\u00edna; balan\u00e7a\/vidraria de precis\u00e3o, destilador e deionizador de \u00e1gua para a formula\u00e7\u00e3o de padr\u00f5es fluorim\u00e9tricos; sonda multipar\u00e2metros para an\u00e1lise da \u00e1gua; coletor program\u00e1vel de amostras de \u00e1gua; registradores de s\u00e9ries temporais de par\u00e2metros hidrol\u00f3gicos.<\/p>\n<p><strong>Informa\u00e7\u00f5es: <\/strong><a href=\"mailto:ipa.hidrokarst@sp.gov.br\">ipa.hidrokarst@sp.gov.br<\/a><\/p>\n<p><strong>\u00a0<\/strong><strong>Respons\u00e1veis:<\/strong><\/p>\n<ul>\n<li><a href=\"http:\/\/lattes.cnpq.br\/7259019020556162\">Jos\u00e9 Antonio Ferrari<\/a> &#8211; <a href=\"mailto:ipa.hidrokarst@sp.gov.br\">ipa.hidrokarst@sp.gov.br<\/a><\/li>\n<li><a href=\"http:\/\/lattes.cnpq.br\/3931379703382167\">Silvio Takashi Hiruma<\/a> &#8211; <a href=\"mailto:shiruma@sp.gov.br\">shiruma@sp.gov.br<\/a><\/li>\n<\/ul>\n<p>[\/vc_column_text][\/vc_column][vc_column width=&#8221;1\/3&#8243;][vc_column_text]<span style=\"font-size: 12pt\"><strong>Laborat\u00f3rios do IPA<\/strong><\/span><\/p>\n<p><span style=\"font-size: 12pt\"><strong>Unidade jardim Bot\u00e2nico<\/strong><\/span><\/p>\n<ul>\n<li><a href=\"https:\/\/www.infraestruturameioambiente.sp.gov.br\/ipa\/laboratorios\/laboratorio-de-estudos-ambientais\/\"><span style=\"font-size: 10pt\">Laborat\u00f3rio de Estudos ambientais &#8211; LEA<\/span><\/a><\/li>\n<li><span style=\"font-size: 10pt\">Laborat\u00f3rio de Micologia B\u00e1sica &#8211; LMB<\/span><\/li>\n<li><a href=\"https:\/\/www.infraestruturameioambiente.sp.gov.br\/ipa\/laboratorios\/laboratorio-de-palinologia-palino-ipa\/\"><span style=\"font-size: 10pt\">Laborat\u00f3rio de Palinologia &#8211; PALINO<\/span><\/a><\/li>\n<li><span style=\"font-size: 10pt\">Laborat\u00f3rio de Anatomia Vegetal &#8211; LAVeg<\/span><\/li>\n<li><a href=\"https:\/\/www.infraestruturameioambiente.sp.gov.br\/ipa\/laboratorios\/laboratorio-de-biotecnologia-de-plantas-nativas-e-ou-comerciais\/\"><span style=\"font-size: 10pt\">Laborat\u00f3rio de Biotecnologia de Plantas Nativas e\/ou Comerciais &#8211; LBPNC<\/span><\/a><\/li>\n<li><span style=\"font-size: 10pt\">Laborat\u00f3rio de Ecofisiologia e Bioqu\u00edmica de Plantas &#8211; LEBP<\/span><\/li>\n<li><span style=\"font-size: 10pt\">Laborat\u00f3rio de intera\u00e7\u00e3o Atmosfera-Planta &#8211; LABIAP<\/span><\/li>\n<li><a href=\"https:\/\/www.infraestruturameioambiente.sp.gov.br\/ipa\/laboratorios\/lab-algas\/\"><span style=\"font-size: 10pt\">Laborat\u00f3rio de Pesquisas em Macroalgas Marinhas &#8211; LabAlgas<\/span><\/a><\/li>\n<li><span style=\"font-size: 10pt\">Laborat\u00f3rio de Taxonomia e Ecologia de Microalgas &#8211; LAC<\/span><\/li>\n<li><span style=\"font-size: 10pt\">Laborat\u00f3rio de Ecologia Terrestre e Aqu\u00e1tica &#8211; LECO<\/span><\/li>\n<li><span style=\"font-size: 10pt\">Laborat\u00f3rio de Micologia Aplicada &#8211; LMA<\/span><\/li>\n<li><span style=\"font-size: 10pt\">Laborat\u00f3rio de Pesquisa em Sementes &#8211; LPS<\/span><\/li>\n<li><span style=\"font-size: 10pt\">Laborat\u00f3rio Experimental de \u00c1reas Verdes &#8211; LEAV<\/span><\/li>\n<\/ul>\n<p><span style=\"font-size: 12pt\"><strong>Unidade Vila Mariana<\/strong><\/span><\/p>\n<ul>\n<li><span style=\"font-size: 10pt\">Laborat\u00f3rio de An\u00e1lises Geol\u00f3gicas &#8211; LABGEO<\/span><\/li>\n<li><span style=\"font-size: 10pt\">Laborat\u00f3rio de Microscopia Petrogr\u00e1fica &#8211; LABPETRO<\/span><\/li>\n<li><strong><span style=\"font-size: 10pt\">Laborat\u00f3rio de Hidrossistemas C\u00e1rsticos &#8211; LHC<\/span><\/strong><\/li>\n<\/ul>\n<p><span style=\"font-size: 12pt\"><strong>Unidade Horto Florestal<\/strong><\/span><\/p>\n<ul>\n<li><span style=\"font-size: 10pt\">Laborat\u00f3rio de Anatomia e Propriedades de Madeira &#8211; LAPM<\/span><\/li>\n<li><a href=\"https:\/\/www.infraestruturameioambiente.sp.gov.br\/ipa\/laboratorios\/laboratorio-de-sementes\/\"><span style=\"font-size: 10pt\">Laborat\u00f3rio de An\u00e1lise e Pesquisa de Sementes Florestais &#8211; LAPSF<\/span><\/a><\/li>\n<\/ul>\n<p><span style=\"font-size: 12pt\"><strong>PESM &#8211; Cunha<\/strong><\/span><\/p>\n<ul>\n<li><a href=\"https:\/\/www.infraestruturameioambiente.sp.gov.br\/ipa\/laboratorios\/laboratorio-de-hidrologia-florestal-engenheiro-agronomo-walter-emmerich-lhfeawe\/\"><span style=\"font-size: 10pt\">Laborat\u00f3rio de Hidrologia Florestal \u201cEngenheiro Agr\u00f4nomo Walter Emmerich\u201d &#8211; LHFEAWE<\/span><\/a><\/li>\n<\/ul>\n<p>[\/vc_column_text][\/vc_column][\/vc_row]<\/p>\n","protected":false},"excerpt":{"rendered":"<p>[vc_row][vc_column width=&#8221;2\/3&#8243;][vc_column_text]Espa\u00e7o dedicado \u00e0 pesquisa de hidrossistemas c\u00e1rsticos, desenvolve atividades para o planejamento, log\u00edstica e an\u00e1lise de monitoramentos hidrol\u00f3gicos. O laborat\u00f3rio executa estudos para a identifica\u00e7\u00e3o de \u00e1reas de recarga [&hellip;]<\/p>\n","protected":false},"author":196,"featured_media":0,"parent":351,"menu_order":0,"comment_status":"closed","ping_status":"closed","template":"","meta":[],"_links":{"self":[{"href":"https:\/\/www.infraestruturameioambiente.sp.gov.br\/ipa\/wp-json\/wp\/v2\/pages\/2943"}],"collection":[{"href":"https:\/\/www.infraestruturameioambiente.sp.gov.br\/ipa\/wp-json\/wp\/v2\/pages"}],"about":[{"href":"https:\/\/www.infraestruturameioambiente.sp.gov.br\/ipa\/wp-json\/wp\/v2\/types\/page"}],"author":[{"embeddable":true,"href":"https:\/\/www.infraestruturameioambiente.sp.gov.br\/ipa\/wp-json\/wp\/v2\/users\/196"}],"replies":[{"embeddable":true,"href":"https:\/\/www.infraestruturameioambiente.sp.gov.br\/ipa\/wp-json\/wp\/v2\/comments?post=2943"}],"version-history":[{"count":10,"href":"https:\/\/www.infraestruturameioambiente.sp.gov.br\/ipa\/wp-json\/wp\/v2\/pages\/2943\/revisions"}],"predecessor-version":[{"id":3494,"href":"https:\/\/www.infraestruturameioambiente.sp.gov.br\/ipa\/wp-json\/wp\/v2\/pages\/2943\/revisions\/3494"}],"up":[{"embeddable":true,"href":"https:\/\/www.infraestruturameioambiente.sp.gov.br\/ipa\/wp-json\/wp\/v2\/pages\/351"}],"wp:attachment":[{"href":"https:\/\/www.infraestruturameioambiente.sp.gov.br\/ipa\/wp-json\/wp\/v2\/media?parent=2943"}],"curies":[{"name":"wp","href":"https:\/\/api.w.org\/{rel}","templated":true}]}}