{"id":2939,"date":"2023-03-13T11:42:29","date_gmt":"2023-03-13T14:42:29","guid":{"rendered":"https:\/\/www.infraestruturameioambiente.sp.gov.br\/ipa\/?page_id=2939"},"modified":"2026-04-13T15:47:12","modified_gmt":"2026-04-13T18:47:12","slug":"laboratorio-de-biotecnologia-de-plantas-nativas-e-ou-comerciais","status":"publish","type":"page","link":"https:\/\/www.infraestruturameioambiente.sp.gov.br\/ipa\/laboratorios\/laboratorio-de-biotecnologia-de-plantas-nativas-e-ou-comerciais\/","title":{"rendered":"Laborat\u00f3rio de Biotecnologia de Plantas Nativas e\/ou Comerciais"},"content":{"rendered":"<p>[vc_row][vc_column width=&#8221;2\/3&#8243;][vc_column_text]<\/p>\n<div id=\"attachment_6707\" style=\"width: 560px\" class=\"wp-caption aligncenter\"><a href=\"https:\/\/smastr16.blob.core.windows.net\/2001\/sites\/261\/2024\/07\/1-lab-biotecnologia-de-plantas-nativas-e-ou-comerciais-lbpnc_foto-rogerio-suzuki.png\"><img aria-describedby=\"caption-attachment-6707\" decoding=\"async\" loading=\"lazy\" class=\"wp-image-6707 size-wcstandard\" src=\"https:\/\/smastr16.blob.core.windows.net\/2001\/sites\/261\/2024\/07\/1-lab-biotecnologia-de-plantas-nativas-e-ou-comerciais-lbpnc_foto-rogerio-suzuki-550x382.png\" alt=\"\" width=\"550\" height=\"382\" srcset=\"https:\/\/smastr16.blob.core.windows.net\/2001\/sites\/261\/2024\/07\/1-lab-biotecnologia-de-plantas-nativas-e-ou-comerciais-lbpnc_foto-rogerio-suzuki-550x382.png 550w, https:\/\/smastr16.blob.core.windows.net\/2001\/sites\/261\/2024\/07\/1-lab-biotecnologia-de-plantas-nativas-e-ou-comerciais-lbpnc_foto-rogerio-suzuki-300x209.png 300w, https:\/\/smastr16.blob.core.windows.net\/2001\/sites\/261\/2024\/07\/1-lab-biotecnologia-de-plantas-nativas-e-ou-comerciais-lbpnc_foto-rogerio-suzuki-250x174.png 250w, https:\/\/smastr16.blob.core.windows.net\/2001\/sites\/261\/2024\/07\/1-lab-biotecnologia-de-plantas-nativas-e-ou-comerciais-lbpnc_foto-rogerio-suzuki-259x180.png 259w, https:\/\/smastr16.blob.core.windows.net\/2001\/sites\/261\/2024\/07\/1-lab-biotecnologia-de-plantas-nativas-e-ou-comerciais-lbpnc_foto-rogerio-suzuki-432x300.png 432w, https:\/\/smastr16.blob.core.windows.net\/2001\/sites\/261\/2024\/07\/1-lab-biotecnologia-de-plantas-nativas-e-ou-comerciais-lbpnc_foto-rogerio-suzuki-719x500.png 719w, https:\/\/smastr16.blob.core.windows.net\/2001\/sites\/261\/2024\/07\/1-lab-biotecnologia-de-plantas-nativas-e-ou-comerciais-lbpnc_foto-rogerio-suzuki.png 728w\" sizes=\"(max-width: 550px) 100vw, 550px\" \/><\/a><p id=\"caption-attachment-6707\" class=\"wp-caption-text\">Sala de cultivo in vitro &#8211; Laborat\u00f3rio de Biotecnologia de Plantas Nativas e\/ou Comerciais (LBPNC). Cr\u00e9dito da imagem &#8211; Rog\u00e9rio M. Suzuki<\/p><\/div>\n<p>O Laborat\u00f3rio de Biotecnologia de Plantas Nativas e\/ou Comerciais &#8211; LBPNC foi criado em 2021, a partir da reorganiza\u00e7\u00e3o dos institutos de pesquisas da ent\u00e3o Secretaria de Infraestrutura e Meio Ambiente do Estado de S\u00e3o Paulo. Suas atividades principais tiveram origem nos extintos N\u00facleo de Pesquisas em Plantas Ornamentais e N\u00facleo de Pesquisas Orquid\u00e1rio do Estado e focaram, principalmente, no uso de t\u00e9cnicas de cultivo <em>in vitro<\/em> de esp\u00e9cies nativas e\/ou comerciais, dentre as quais podemos citar <em>Bromeliaceae<\/em>, <em>Crassulaceae<\/em> e <em>Orchidaceae<\/em>.<\/p>\n<p>As t\u00e9cnicas de cultivo <em>in vitro<\/em> tornaram-se bastante \u00fateis, no sentido de multiplic\u00e1-las mais rapidamente e em estudos sobre fisiologia de plantas em condi\u00e7\u00f5es controladas. Sob o ponto de vista preservacionista, a utiliza\u00e7\u00e3o dessa ferramenta \u00e9 importante, pois possibilita a obten\u00e7\u00e3o de grande n\u00famero de plantas em um tempo relativamente curto e com alta qualidade fitossanit\u00e1ria, contribuindo, dessa forma, para a diminui\u00e7\u00e3o do risco de extin\u00e7\u00e3o.<\/p>\n<p>Al\u00e9m das t\u00e9cnicas de germina\u00e7\u00e3o <em>in vitro<\/em> de sementes, \u00e9 utilizado o cultivo de \u00e1pices caulinares e de segmentos nodais, objetivando multiplica\u00e7\u00e3o das esp\u00e9cies-alvo para uso em diferentes estudos, como\u00a0 fisiologia do crescimento e desenvolvimento vegetal, nutri\u00e7\u00e3o mineral, efeito do etileno liberado\/produzido pelas plantas in vitro, indu\u00e7\u00e3o da produ\u00e7\u00e3o de antocianinas, monitoramento de esp\u00e9cies realocadas em unidades de conserva\u00e7\u00e3o do Estado de S\u00e3o Paulo e avalia\u00e7\u00e3o da viabilidade ornamental de esp\u00e9cies cultivadas.<\/p>\n<div id=\"attachment_6709\" style=\"width: 560px\" class=\"wp-caption aligncenter\"><a href=\"https:\/\/smastr16.blob.core.windows.net\/2001\/sites\/261\/2024\/07\/2-cattleya-labiata-lindl_foto-rogerio-suzuki1.png\"><img aria-describedby=\"caption-attachment-6709\" decoding=\"async\" loading=\"lazy\" class=\"wp-image-6709 size-wcstandard\" src=\"https:\/\/smastr16.blob.core.windows.net\/2001\/sites\/261\/2024\/07\/2-cattleya-labiata-lindl_foto-rogerio-suzuki1-550x383.png\" alt=\"\" width=\"550\" height=\"383\" srcset=\"https:\/\/smastr16.blob.core.windows.net\/2001\/sites\/261\/2024\/07\/2-cattleya-labiata-lindl_foto-rogerio-suzuki1-550x383.png 550w, https:\/\/smastr16.blob.core.windows.net\/2001\/sites\/261\/2024\/07\/2-cattleya-labiata-lindl_foto-rogerio-suzuki1-300x209.png 300w, https:\/\/smastr16.blob.core.windows.net\/2001\/sites\/261\/2024\/07\/2-cattleya-labiata-lindl_foto-rogerio-suzuki1-250x174.png 250w, https:\/\/smastr16.blob.core.windows.net\/2001\/sites\/261\/2024\/07\/2-cattleya-labiata-lindl_foto-rogerio-suzuki1-259x180.png 259w, https:\/\/smastr16.blob.core.windows.net\/2001\/sites\/261\/2024\/07\/2-cattleya-labiata-lindl_foto-rogerio-suzuki1-431x300.png 431w, https:\/\/smastr16.blob.core.windows.net\/2001\/sites\/261\/2024\/07\/2-cattleya-labiata-lindl_foto-rogerio-suzuki1-719x500.png 719w, https:\/\/smastr16.blob.core.windows.net\/2001\/sites\/261\/2024\/07\/2-cattleya-labiata-lindl_foto-rogerio-suzuki1.png 730w\" sizes=\"(max-width: 550px) 100vw, 550px\" \/><\/a><p id=\"caption-attachment-6709\" class=\"wp-caption-text\">Planta adulta e plantas em cultivo in vitro da esp\u00e9cie <em>Cattleya labiata<\/em> Lindl. Cr\u00e9dito da imagem &#8211; Rog\u00e9rio M. Suzuki<\/p><\/div>\n<p><strong>Principais an\u00e1lises realizadas:<\/strong><\/p>\n<p>Semeadura, propaga\u00e7\u00e3o e manuten\u00e7\u00e3o de plantas in vitro;<\/p>\n<p>An\u00e1lises de antocianinas em plantas de interesse;<\/p>\n<p>An\u00e1lises de etileno liberado\/produzido por plantas in vitro.<\/p>\n<p><strong>Equipamentos dispon\u00edveis:<\/strong><\/p>\n<p>Equipamentos b\u00e1sicos de laborat\u00f3rio de cultivo in vitro: balan\u00e7as, autoclave, medidor de pH, freezer, geladeira, estufas, agitadores, banhos, fluxo laminar, sala climatizada;<\/p>\n<p>Outros equipamentos: espectrofot\u00f4metro, SPAD, centr\u00edfuga, cromat\u00f3grafo a g\u00e1s (FID) para an\u00e1lise de etileno.<\/p>\n<div id=\"attachment_6710\" style=\"width: 560px\" class=\"wp-caption aligncenter\"><a href=\"https:\/\/smastr16.blob.core.windows.net\/2001\/sites\/261\/2024\/07\/3-zygopetalum-maxillare-lodd_foto-rogerio-suzuki.png\"><img aria-describedby=\"caption-attachment-6710\" decoding=\"async\" loading=\"lazy\" class=\"wp-image-6710 size-wcstandard\" src=\"https:\/\/smastr16.blob.core.windows.net\/2001\/sites\/261\/2024\/07\/3-zygopetalum-maxillare-lodd_foto-rogerio-suzuki-550x391.png\" alt=\"\" width=\"550\" height=\"391\" srcset=\"https:\/\/smastr16.blob.core.windows.net\/2001\/sites\/261\/2024\/07\/3-zygopetalum-maxillare-lodd_foto-rogerio-suzuki-550x391.png 550w, https:\/\/smastr16.blob.core.windows.net\/2001\/sites\/261\/2024\/07\/3-zygopetalum-maxillare-lodd_foto-rogerio-suzuki-300x213.png 300w, https:\/\/smastr16.blob.core.windows.net\/2001\/sites\/261\/2024\/07\/3-zygopetalum-maxillare-lodd_foto-rogerio-suzuki-768x546.png 768w, https:\/\/smastr16.blob.core.windows.net\/2001\/sites\/261\/2024\/07\/3-zygopetalum-maxillare-lodd_foto-rogerio-suzuki-250x178.png 250w, https:\/\/smastr16.blob.core.windows.net\/2001\/sites\/261\/2024\/07\/3-zygopetalum-maxillare-lodd_foto-rogerio-suzuki-253x180.png 253w, https:\/\/smastr16.blob.core.windows.net\/2001\/sites\/261\/2024\/07\/3-zygopetalum-maxillare-lodd_foto-rogerio-suzuki-422x300.png 422w, https:\/\/smastr16.blob.core.windows.net\/2001\/sites\/261\/2024\/07\/3-zygopetalum-maxillare-lodd_foto-rogerio-suzuki-704x500.png 704w, https:\/\/smastr16.blob.core.windows.net\/2001\/sites\/261\/2024\/07\/3-zygopetalum-maxillare-lodd_foto-rogerio-suzuki-210x150.png 210w, https:\/\/smastr16.blob.core.windows.net\/2001\/sites\/261\/2024\/07\/3-zygopetalum-maxillare-lodd_foto-rogerio-suzuki-400x285.png 400w, https:\/\/smastr16.blob.core.windows.net\/2001\/sites\/261\/2024\/07\/3-zygopetalum-maxillare-lodd_foto-rogerio-suzuki.png 781w\" sizes=\"(max-width: 550px) 100vw, 550px\" \/><\/a><p id=\"caption-attachment-6710\" class=\"wp-caption-text\">Plantas adultas e em cultivo in vitro da esp\u00e9cie <em>Zygopetalum maxillare<\/em> Lodd. Cr\u00e9dito da imagem &#8211; Rog\u00e9rio M. Suzuki<\/p><\/div>\n<p><strong>\u00a0<\/strong><strong>Informa\u00e7\u00f5es: <\/strong><a href=\"mailto:ipa.lbpnc@sp.gov.br\">ipa.lbpnc@sp.gov.br<\/a><\/p>\n<p><strong>Respons\u00e1veis:<\/strong><\/p>\n<ul>\n<li><a href=\"http:\/\/lattes.cnpq.br\/1522060795824087\">Rog\u00e9rio Mamoru Suzuki<\/a> &#8211; <a href=\"mailto:rsuzuki@sp.gov.br\">rsuzuki@sp.gov.br<\/a><\/li>\n<li><a href=\"http:\/\/lattes.cnpq.br\/9898152539226908\">Vivian Tamaki<\/a> &#8211; <a href=\"mailto:vtamaki@sp.gov.br\">vtamaki@sp.gov.br<\/a><\/li>\n<\/ul>\n<p>[\/vc_column_text][\/vc_column][vc_column width=&#8221;1\/3&#8243;][vc_column_text]<span style=\"font-size: 12pt\"><strong>Laborat\u00f3rios do IPA<\/strong><\/span><\/p>\n<p><span style=\"font-size: 12pt\"><strong>Unidade jardim Bot\u00e2nico<\/strong><\/span><\/p>\n<ul>\n<li><a href=\"https:\/\/www.infraestruturameioambiente.sp.gov.br\/ipa\/laboratorios\/laboratorio-de-estudos-ambientais\/\"><span style=\"font-size: 10pt\">Laborat\u00f3rio de Estudos ambientais &#8211; LEA<\/span><\/a><\/li>\n<li><span style=\"font-size: 10pt\">Laborat\u00f3rio de Micologia B\u00e1sica &#8211; LMB<\/span><\/li>\n<li><a href=\"https:\/\/www.infraestruturameioambiente.sp.gov.br\/ipa\/laboratorios\/laboratorio-de-palinologia-palino-ipa\/\"><span style=\"font-size: 10pt\">Laborat\u00f3rio de Palinologia &#8211; PALINO<\/span><\/a><\/li>\n<li><span style=\"font-size: 10pt\">Laborat\u00f3rio de Anatomia Vegetal &#8211; LAVeg<\/span><\/li>\n<li><strong><span style=\"font-size: 10pt\">Laborat\u00f3rio de Biotecnologia de Plantas Nativas e\/ou Comerciais &#8211; LBPNC<\/span><\/strong><\/li>\n<li><span style=\"font-size: 10pt\">Laborat\u00f3rio de Ecofisiologia e Bioqu\u00edmica de Plantas &#8211; LEBP<\/span><\/li>\n<li><span style=\"font-size: 10pt\">Laborat\u00f3rio de intera\u00e7\u00e3o Atmosfera-Planta &#8211; LABIAP<\/span><\/li>\n<li><span style=\"font-size: 10pt\"><a href=\"https:\/\/www.infraestruturameioambiente.sp.gov.br\/ipa\/laboratorios\/lab-algas\/\">Laborat\u00f3rio de Pesquisas em Macroalgas Marinhas &#8211; LabAlgas<\/a><\/span><\/li>\n<li><span style=\"font-size: 10pt\">Laborat\u00f3rio de Taxonomia e Ecologia de Microalgas &#8211; LAC<\/span><\/li>\n<li><span style=\"font-size: 10pt\">Laborat\u00f3rio de Ecologia Terrestre e Aqu\u00e1tica &#8211; LECO<\/span><\/li>\n<li><span style=\"font-size: 10pt\">Laborat\u00f3rio de Micologia Aplicada &#8211; LMA<\/span><\/li>\n<li><span style=\"font-size: 10pt\">Laborat\u00f3rio de Pesquisa em Sementes &#8211; LPS<\/span><\/li>\n<li><span style=\"font-size: 10pt\">Laborat\u00f3rio Experimental de \u00c1reas Verdes &#8211; LEAV<\/span><\/li>\n<\/ul>\n<p><span style=\"font-size: 12pt\"><strong>Unidade Vila Mariana<\/strong><\/span><\/p>\n<ul>\n<li><span style=\"font-size: 10pt\">Laborat\u00f3rio de An\u00e1lises Geol\u00f3gicas &#8211; LABGEO<\/span><\/li>\n<li><span style=\"font-size: 10pt\">Laborat\u00f3rio de Microscopia Petrogr\u00e1fica &#8211; LABPETRO<\/span><\/li>\n<li><a href=\"https:\/\/www.infraestruturameioambiente.sp.gov.br\/ipa\/laboratorios\/laboratorio-de-hidrossistemas-carsticos\/\"><span style=\"font-size: 10pt\">Laborat\u00f3rio de Hidrossistemas C\u00e1rsticos &#8211; LHC<\/span><\/a><\/li>\n<\/ul>\n<p><span style=\"font-size: 12pt\"><strong>Unidade Horto Florestal<\/strong><\/span><\/p>\n<ul>\n<li><span style=\"font-size: 10pt\">Laborat\u00f3rio de Anatomia e Propriedades de Madeira &#8211; LAPM<\/span><\/li>\n<li><a href=\"https:\/\/www.infraestruturameioambiente.sp.gov.br\/ipa\/laboratorios\/laboratorio-de-sementes\/\"><span style=\"font-size: 10pt\">Laborat\u00f3rio de An\u00e1lise e Pesquisa de Sementes Florestais &#8211; LAPSF<\/span><\/a><\/li>\n<\/ul>\n<p><span style=\"font-size: 12pt\"><strong>PESM &#8211; Cunha<\/strong><\/span><\/p>\n<ul>\n<li><a href=\"https:\/\/www.infraestruturameioambiente.sp.gov.br\/ipa\/laboratorios\/laboratorio-de-hidrologia-florestal-engenheiro-agronomo-walter-emmerich-lhfeawe\/\"><span style=\"font-size: 10pt\">Laborat\u00f3rio de Hidrologia Florestal \u201cEngenheiro Agr\u00f4nomo Walter Emmerich\u201d &#8211; LHFEAWE<\/span><\/a><\/li>\n<\/ul>\n<p>[\/vc_column_text][\/vc_column][\/vc_row]<\/p>\n","protected":false},"excerpt":{"rendered":"<p>[vc_row][vc_column width=&#8221;2\/3&#8243;][vc_column_text] O Laborat\u00f3rio de Biotecnologia de Plantas Nativas e\/ou Comerciais &#8211; LBPNC foi criado em 2021, a partir da reorganiza\u00e7\u00e3o dos institutos de pesquisas da ent\u00e3o Secretaria de Infraestrutura [&hellip;]<\/p>\n","protected":false},"author":196,"featured_media":0,"parent":351,"menu_order":0,"comment_status":"closed","ping_status":"closed","template":"","meta":[],"_links":{"self":[{"href":"https:\/\/www.infraestruturameioambiente.sp.gov.br\/ipa\/wp-json\/wp\/v2\/pages\/2939"}],"collection":[{"href":"https:\/\/www.infraestruturameioambiente.sp.gov.br\/ipa\/wp-json\/wp\/v2\/pages"}],"about":[{"href":"https:\/\/www.infraestruturameioambiente.sp.gov.br\/ipa\/wp-json\/wp\/v2\/types\/page"}],"author":[{"embeddable":true,"href":"https:\/\/www.infraestruturameioambiente.sp.gov.br\/ipa\/wp-json\/wp\/v2\/users\/196"}],"replies":[{"embeddable":true,"href":"https:\/\/www.infraestruturameioambiente.sp.gov.br\/ipa\/wp-json\/wp\/v2\/comments?post=2939"}],"version-history":[{"count":12,"href":"https:\/\/www.infraestruturameioambiente.sp.gov.br\/ipa\/wp-json\/wp\/v2\/pages\/2939\/revisions"}],"predecessor-version":[{"id":6711,"href":"https:\/\/www.infraestruturameioambiente.sp.gov.br\/ipa\/wp-json\/wp\/v2\/pages\/2939\/revisions\/6711"}],"up":[{"embeddable":true,"href":"https:\/\/www.infraestruturameioambiente.sp.gov.br\/ipa\/wp-json\/wp\/v2\/pages\/351"}],"wp:attachment":[{"href":"https:\/\/www.infraestruturameioambiente.sp.gov.br\/ipa\/wp-json\/wp\/v2\/media?parent=2939"}],"curies":[{"name":"wp","href":"https:\/\/api.w.org\/{rel}","templated":true}]}}