{"id":28,"date":"2021-09-14T12:57:15","date_gmt":"2021-09-14T15:57:15","guid":{"rendered":"https:\/\/portal-sima-homologacao.azurewebsites.net\/ipa\/?page_id=28"},"modified":"2025-01-08T15:28:44","modified_gmt":"2025-01-08T18:28:44","slug":"publicacoes","status":"publish","type":"page","link":"https:\/\/www.infraestruturameioambiente.sp.gov.br\/ipa\/publicacoes\/","title":{"rendered":"Publica\u00e7\u00f5es"},"content":{"rendered":"<p>[vc_row][vc_column width=&#8221;2\/3&#8243;][vc_column_text]As publica\u00e7\u00f5es do <strong>IPA &#8211; Instituto de Pesquisas Ambientais<\/strong> t\u00eam como finalidade promover a dissemina\u00e7\u00e3o e a aplica\u00e7\u00e3o do conhecimento cient\u00edfico e tecnol\u00f3gico em Bot\u00e2nica, Geoci\u00eancias, Ci\u00eancias Florestais e Biodiversidade, em prol da ci\u00eancia, do desenvolvimento social e da comunidade, com planos e crit\u00e9rios definidos pelo <a href=\"https:\/\/www.infraestruturameioambiente.sp.gov.br\/ipa\/orgaos-colegiados\/conselho-editorial\/\">Conselho Editorial<\/a>.<\/p>\n<ul>\n<li>Pol\u00edtica Editorial<\/li>\n<li><a href=\"https:\/\/www.infraestruturameioambiente.sp.gov.br\/ipa\/orgaos-colegiados\/conselho-editorial\/\">Conselho Editorial<\/a><\/li>\n<\/ul>\n<table style=\"border-collapse: collapse;width: 100%\">\n<tbody>\n<tr>\n<td style=\"width: 100%;border-style: solid;border-color: #000000;text-align: center\"><a href=\"https:\/\/www.infraestruturameioambiente.sp.gov.br\/ipa\/publicacoes\/venda-de-publicacoes\/\"><strong>VENDAS DE PUBLICA\u00c7\u00d5ES<\/strong><\/a><\/td>\n<\/tr>\n<\/tbody>\n<\/table>\n<p>[\/vc_column_text][\/vc_column][vc_column width=&#8221;1\/3&#8243;][vc_column_text]<strong><span style=\"font-size: 14pt\">Publica\u00e7\u00f5es<\/span><\/strong><\/p>\n<ul>\n<li>Anais\n<ul>\n<li><a href=\"https:\/\/www.infraestruturameioambiente.sp.gov.br\/ipa\/publicacoes\/anais-raibt\/\">Anais da RAIBt<\/a><\/li>\n<li><a href=\"https:\/\/www.infraestruturameioambiente.sp.gov.br\/ipa\/publicacoes\/anais-do-sipa\/\">Anais do SIPA<\/a><\/li>\n<\/ul>\n<\/li>\n<li>Boletins<\/li>\n<li>Cadernos<\/li>\n<li><a href=\"https:\/\/www.infraestruturameioambiente.sp.gov.br\/ipa\/caderno-de-resumo\/\">Cadernos de Resumos<\/a><\/li>\n<li><a href=\"https:\/\/www.infraestruturameioambiente.sp.gov.br\/ipa\/publicacoes\/cartilhas\/\">Cartilhas<\/a><\/li>\n<li><a href=\"https:\/\/www.infraestruturameioambiente.sp.gov.br\/ipa\/publicacoes\/serie-folhetos\/\">Folhetos<\/a>\u00a0e Manuais<\/li>\n<li><a href=\"https:\/\/www.infraestruturameioambiente.sp.gov.br\/institutodebotanica\/ffesp_online\/\">Flora de S\u00e3o Paulo<\/a><\/li>\n<li>Livros<\/li>\n<li><a href=\"https:\/\/www.infraestruturameioambiente.sp.gov.br\/ipa\/publicacoes\/publicacoes-cientificas\/mapas\/\">Mapas<\/a><\/li>\n<li><a href=\"https:\/\/www.infraestruturameioambiente.sp.gov.br\/ipa\/publicacoes\/revistas-cientificas\/\">Peri\u00f3dicos<\/a><\/li>\n<li><a href=\"https:\/\/www.infraestruturameioambiente.sp.gov.br\/ipa\/relatorio\/\">Relat\u00f3rios<\/a><\/li>\n<li><a href=\"https:\/\/www.infraestruturameioambiente.sp.gov.br\/ipa\/publicacoes\/publicacoes-historicas\/\">Publica\u00e7\u00f5es Hist\u00f3ricas<\/a><\/li>\n<\/ul>\n<p>[\/vc_column_text][\/vc_column][\/vc_row]<\/p>\n","protected":false},"excerpt":{"rendered":"<p>[vc_row][vc_column width=&#8221;2\/3&#8243;][vc_column_text]As publica\u00e7\u00f5es do IPA &#8211; Instituto de Pesquisas Ambientais t\u00eam como finalidade promover a dissemina\u00e7\u00e3o e a aplica\u00e7\u00e3o do conhecimento cient\u00edfico e tecnol\u00f3gico em Bot\u00e2nica, Geoci\u00eancias, Ci\u00eancias Florestais e [&hellip;]<\/p>\n","protected":false},"author":184,"featured_media":0,"parent":0,"menu_order":0,"comment_status":"closed","ping_status":"closed","template":"","meta":[],"_links":{"self":[{"href":"https:\/\/www.infraestruturameioambiente.sp.gov.br\/ipa\/wp-json\/wp\/v2\/pages\/28"}],"collection":[{"href":"https:\/\/www.infraestruturameioambiente.sp.gov.br\/ipa\/wp-json\/wp\/v2\/pages"}],"about":[{"href":"https:\/\/www.infraestruturameioambiente.sp.gov.br\/ipa\/wp-json\/wp\/v2\/types\/page"}],"author":[{"embeddable":true,"href":"https:\/\/www.infraestruturameioambiente.sp.gov.br\/ipa\/wp-json\/wp\/v2\/users\/184"}],"replies":[{"embeddable":true,"href":"https:\/\/www.infraestruturameioambiente.sp.gov.br\/ipa\/wp-json\/wp\/v2\/comments?post=28"}],"version-history":[{"count":10,"href":"https:\/\/www.infraestruturameioambiente.sp.gov.br\/ipa\/wp-json\/wp\/v2\/pages\/28\/revisions"}],"predecessor-version":[{"id":7693,"href":"https:\/\/www.infraestruturameioambiente.sp.gov.br\/ipa\/wp-json\/wp\/v2\/pages\/28\/revisions\/7693"}],"wp:attachment":[{"href":"https:\/\/www.infraestruturameioambiente.sp.gov.br\/ipa\/wp-json\/wp\/v2\/media?parent=28"}],"curies":[{"name":"wp","href":"https:\/\/api.w.org\/{rel}","templated":true}]}}