{"id":2621,"date":"2023-01-24T12:12:31","date_gmt":"2023-01-24T14:12:31","guid":{"rendered":"https:\/\/www.infraestruturameioambiente.sp.gov.br\/ipa\/?page_id=2621"},"modified":"2023-05-24T09:53:33","modified_gmt":"2023-05-24T12:53:33","slug":"laboratorio-de-estudos-ambientais","status":"publish","type":"page","link":"https:\/\/www.infraestruturameioambiente.sp.gov.br\/ipa\/laboratorios\/laboratorio-de-estudos-ambientais\/","title":{"rendered":"Laborat\u00f3rio de Estudos Ambientais"},"content":{"rendered":"<p>[vc_row][vc_column width=&#8221;2\/3&#8243;][vc_column_text]O Laborat\u00f3rio de Estudos Ambientais &#8211; LEA foi inaugurado em junho de 2022, na Unidade Jardim Bot\u00e2nico do Instituto de Pesquisas Ambientais &#8211; IPA, o LEA foi estruturado para possibilitar o uso m\u00faltiplo de sua estrutura e equipamentos, possibilitando o desenvolvimento de pesquisas nas mais diversas \u00e1reas do campo ambiental.<\/p>\n<p><strong>Informa\u00e7\u00f5es:<\/strong> e-mail: <a href=\"mailto:lea_ipa@sp.gov.br\">lea_ipa@sp.gov.br<\/a>; telefone &#8211; (11) 5067-6225<\/p>\n<p>Orienta\u00e7\u00f5es para a utiliza\u00e7\u00e3o do LEA \u2013 <a href=\"https:\/\/smastr16.blob.core.windows.net\/2001\/sites\/261\/2023\/01\/lea-ipa-guia_de_usuario_2023.pdf\">Guia de Usu\u00e1rio<\/a><\/p>\n<p><strong>Equipamentos Multiusu\u00e1rios:<\/strong><\/p>\n<table style=\"height: 68px;width: 100%;border-collapse: collapse;border-color: #000000;border-style: outset\" border=\"2\">\n<tbody>\n<tr style=\"height: 90px\">\n<td style=\"width: 50%;height: 58px\">\n<h3 style=\"text-align: center\">Analisador de Fotoss\u00edntese (IRGA).<\/h3>\n<\/td>\n<td style=\"width: 50%;height: 58px\">\n<h3 style=\"text-align: center\">Cromat\u00f3grafo de \u00edons<\/h3>\n<\/td>\n<\/tr>\n<tr style=\"height: 286px\">\n<td style=\"width: 50%;height: 10px\" rowspan=\"2\">\n<h2 style=\"text-align: center\"><img decoding=\"async\" loading=\"lazy\" class=\"wp-image-22962 aligncenter\" src=\"https:\/\/www.infraestruturameioambiente.sp.gov.br\/institutodebotanica\/wp-content\/uploads\/sites\/235\/2019\/09\/li-6800.jpg\" alt=\"\" width=\"377\" height=\"186\" \/><\/h2>\n<h3 style=\"text-align: center\"><a href=\"https:\/\/smastr16.blob.core.windows.net\/2001\/sites\/261\/2023\/04\/plano_de_gestao_emu_irga_li-6800_2023.pdf\" target=\"_blank\" rel=\"noopener noreferrer\">Plano de Gest\u00e3o <\/a><\/h3>\n<h3 style=\"text-align: center\"><a href=\"https:\/\/licor.app.boxenterprise.net\/s\/6afbbpwybdanht6xrbgwicur4yohpx1n\" target=\"_blank\" rel=\"noopener noreferrer\">Modo de opera\u00e7\u00e3o 1: <\/a><\/h3>\n<h3 style=\"text-align: center\"><a href=\"https:\/\/www.licor.com\/documents\/6byjelalcwvfr37ppwoz2lvrjup3lhev\" target=\"_blank\" rel=\"noopener noreferrer\">Modo de opera\u00e7\u00e3o 2: <\/a><\/h3>\n<h3 style=\"text-align: center\"><a href=\"https:\/\/smastr16.blob.core.windows.net\/2001\/sites\/261\/2023\/04\/especificacoes-tecnicas-do-emu-2023.pdf\">Especifica\u00e7\u00f5es do EMU<\/a><\/h3>\n<h3 style=\"text-align: center\"><a href=\"https:\/\/smastr16.blob.core.windows.net\/2001\/sites\/261\/2023\/04\/anexo-i-e-ii-emu-irga-li-6800_2023.docx\">Solicita\u00e7\u00e3o de acesso<\/a><\/h3>\n<\/td>\n<td style=\"width: 50%;height: 10px\" rowspan=\"2\">\n<h2 style=\"text-align: center\"><img decoding=\"async\" loading=\"lazy\" class=\"wp-image-22962 aligncenter\" src=\"https:\/\/www.infraestruturameioambiente.sp.gov.br\/institutodebotanica\/wp-content\/uploads\/sites\/235\/2020\/06\/cromatografo1.jpg\" alt=\"\" width=\"218\" height=\"218\" \/><\/h2>\n<h3 style=\"text-align: center\"><a href=\"https:\/\/smastr16.blob.core.windows.net\/2001\/sites\/261\/2023\/04\/plano-de-gestao-hplc_emu-vf-2023.pdf\">Plano de Gest\u00e3o<\/a><\/h3>\n<h3 style=\"text-align: center\"><a href=\"https:\/\/smastr16.blob.core.windows.net\/2001\/sites\/261\/2023\/04\/anexo-i-e_ii-cadastro-usuario-e-projeto-cromatografo-de-ions-2023.docx\">Cadastro de Usu\u00e1rio<\/a><\/h3>\n<h3 style=\"text-align: center\"><a href=\"https:\/\/smastr16.blob.core.windows.net\/2001\/sites\/261\/2023\/04\/guia-do-usuario-cromatografo-de-ions-2023.pdf\">Guia do Usu\u00e1rio<\/a><\/h3>\n<h3 style=\"text-align: center\"><\/h3>\n<p>&nbsp;<\/td>\n<\/tr>\n<\/tbody>\n<\/table>\n<p><strong>Portarias:<\/strong><\/p>\n<ul>\n<li><a href=\"https:\/\/www.infraestruturameioambiente.sp.gov.br\/ipa\/2022\/02\/portaria-ipa-no-003-2022\/\">Portaria IPA n\u00ba 003\/2022<\/a> &#8211; disp\u00f5e sobre a denomina\u00e7\u00e3o do laborat\u00f3rio multiusu\u00e1rio do Instituto de Pesquisas Ambientais (IPA).<\/li>\n<li><a href=\"https:\/\/www.infraestruturameioambiente.sp.gov.br\/ipa\/2022\/04\/portaria-ipa-no-013-2022\/\">Portaria IPA n\u00ba 013\/2022<\/a> e <a href=\"https:\/\/www.infraestruturameioambiente.sp.gov.br\/ipa\/2022\/02\/portaria-ipa-no-004-2022\/\">Portaria IPA n\u00ba 004\/2022<\/a> &#8211; cria\u00e7\u00e3o e designa\u00e7\u00e3o da Comiss\u00e3o T\u00e9cnica do Laborat\u00f3rio de Estudos Ambientais (LEA) do Instituto de Pesquisas Ambientais (PA).<\/li>\n<\/ul>\n<p><strong>Respons\u00e1veis:<\/strong><\/p>\n<ul>\n<li>Dr. <a href=\"http:\/\/lattes.cnpq.br\/4672169756196715\">Emerson Alves da Silva<\/a> &#8211; <a href=\"mailto:easilva@sp.gov.br\">easilva@sp.gov.br<\/a><\/li>\n<li>Dra. <a href=\"http:\/\/lattes.cnpq.br\/3817546570158534\">M\u00e1rcia Regina Braga<\/a> &#8211; <a href=\"mailto:bragamr@sp.gov.br\">bragamr@sp.gov.br<\/a><\/li>\n<\/ul>\n<p>[\/vc_column_text][\/vc_column][vc_column width=&#8221;1\/3&#8243;][vc_column_text]<span style=\"font-size: 12pt\"><strong>Laborat\u00f3rios do IPA<\/strong><\/span><\/p>\n<p><span style=\"font-size: 12pt\"><strong>Unidade jardim Bot\u00e2nico<\/strong><\/span><\/p>\n<ul>\n<li><span style=\"font-size: 10pt\"><strong>Laborat\u00f3rio de Estudos ambientais &#8211; LEA<\/strong><\/span><\/li>\n<li><span style=\"font-size: 10pt\">Laborat\u00f3rio de Micologia B\u00e1sica &#8211; LMB<\/span><\/li>\n<li><a href=\"https:\/\/www.infraestruturameioambiente.sp.gov.br\/ipa\/laboratorios\/laboratorio-de-palinologia-palino-ipa\/\"><span style=\"font-size: 10pt\">Laborat\u00f3rio de Palinologia &#8211; PALINO<\/span><\/a><\/li>\n<li><span style=\"font-size: 10pt\">Laborat\u00f3rio de Anatomia Vegetal &#8211; LAVeg<\/span><\/li>\n<li><a href=\"https:\/\/www.infraestruturameioambiente.sp.gov.br\/ipa\/laboratorios\/laboratorio-de-biotecnologia-de-plantas-nativas-e-ou-comerciais\/\"><span style=\"font-size: 10pt\">Laborat\u00f3rio de Biotecnologia de Plantas Nativas e\/ou Comerciais &#8211; LBPNC<\/span><\/a><\/li>\n<li><span style=\"font-size: 10pt\">Laborat\u00f3rio de Ecofisiologia e Bioqu\u00edmica de Plantas &#8211; LEBP<\/span><\/li>\n<li><span style=\"font-size: 10pt\">Laborat\u00f3rio de intera\u00e7\u00e3o Atmosfera-Planta &#8211; LABIAP<\/span><\/li>\n<li><a href=\"https:\/\/www.infraestruturameioambiente.sp.gov.br\/ipa\/laboratorios\/lab-algas\/\"><span style=\"font-size: 10pt\">Laborat\u00f3rio de Pesquisas em Macroalgas Marinhas &#8211; LabAlgas<\/span><\/a><\/li>\n<li><span style=\"font-size: 10pt\">Laborat\u00f3rio de Taxonomia e Ecologia de Microalgas &#8211; LAC<\/span><\/li>\n<li><span style=\"font-size: 10pt\">Laborat\u00f3rio de Ecologia Terrestre e Aqu\u00e1tica &#8211; LECO<\/span><\/li>\n<li><span style=\"font-size: 10pt\">Laborat\u00f3rio de Micologia Aplicada &#8211; LMA<\/span><\/li>\n<li><span style=\"font-size: 10pt\">Laborat\u00f3rio de Pesquisa em Sementes &#8211; LPS<\/span><\/li>\n<li><span style=\"font-size: 10pt\">Laborat\u00f3rio Experimental de \u00c1reas Verdes &#8211; LEAV<\/span><\/li>\n<\/ul>\n<p><span style=\"font-size: 12pt\"><strong>Unidade Vila Mariana<\/strong><\/span><\/p>\n<ul>\n<li><span style=\"font-size: 10pt\">Laborat\u00f3rio de An\u00e1lises Geol\u00f3gicas &#8211; LABGEO<\/span><\/li>\n<li><span style=\"font-size: 10pt\">Laborat\u00f3rio de Microscopia Petrogr\u00e1fica &#8211; LABPETRO<\/span><\/li>\n<li><a href=\"https:\/\/www.infraestruturameioambiente.sp.gov.br\/ipa\/laboratorios\/laboratorio-de-hidrossistemas-carsticos\/\"><span style=\"font-size: 10pt\">Laborat\u00f3rio de Hidrossistemas C\u00e1rsticos &#8211; LHC<\/span><\/a><\/li>\n<\/ul>\n<p><span style=\"font-size: 12pt\"><strong>Unidade Horto Florestal<\/strong><\/span><\/p>\n<ul>\n<li><span style=\"font-size: 10pt\">Laborat\u00f3rio de Anatomia e Propriedades de Madeira &#8211; LAPM<\/span><\/li>\n<li><a href=\"https:\/\/www.infraestruturameioambiente.sp.gov.br\/ipa\/laboratorios\/laboratorio-de-sementes\/\"><span style=\"font-size: 10pt\">LLaborat\u00f3rio de An\u00e1lise e Pesquisa de Sementes Florestais &#8211; LAPSF<\/span><\/a><\/li>\n<\/ul>\n<p><span style=\"font-size: 12pt\"><strong>PESM &#8211; Cunha<\/strong><\/span><\/p>\n<ul>\n<li><a href=\"https:\/\/www.infraestruturameioambiente.sp.gov.br\/ipa\/laboratorios\/laboratorio-de-hidrologia-florestal-engenheiro-agronomo-walter-emmerich-lhfeawe\/\"><span style=\"font-size: 10pt\">Laborat\u00f3rio de Hidrologia Florestal \u201cEngenheiro Agr\u00f4nomo Walter Emmerich\u201d &#8211; LHFEAWE<\/span><\/a><\/li>\n<\/ul>\n<p>[\/vc_column_text][\/vc_column][\/vc_row]<\/p>\n","protected":false},"excerpt":{"rendered":"<p>[vc_row][vc_column width=&#8221;2\/3&#8243;][vc_column_text]O Laborat\u00f3rio de Estudos Ambientais &#8211; LEA foi inaugurado em junho de 2022, na Unidade Jardim Bot\u00e2nico do Instituto de Pesquisas Ambientais &#8211; IPA, o LEA foi estruturado para [&hellip;]<\/p>\n","protected":false},"author":196,"featured_media":0,"parent":351,"menu_order":0,"comment_status":"closed","ping_status":"closed","template":"","meta":[],"_links":{"self":[{"href":"https:\/\/www.infraestruturameioambiente.sp.gov.br\/ipa\/wp-json\/wp\/v2\/pages\/2621"}],"collection":[{"href":"https:\/\/www.infraestruturameioambiente.sp.gov.br\/ipa\/wp-json\/wp\/v2\/pages"}],"about":[{"href":"https:\/\/www.infraestruturameioambiente.sp.gov.br\/ipa\/wp-json\/wp\/v2\/types\/page"}],"author":[{"embeddable":true,"href":"https:\/\/www.infraestruturameioambiente.sp.gov.br\/ipa\/wp-json\/wp\/v2\/users\/196"}],"replies":[{"embeddable":true,"href":"https:\/\/www.infraestruturameioambiente.sp.gov.br\/ipa\/wp-json\/wp\/v2\/comments?post=2621"}],"version-history":[{"count":16,"href":"https:\/\/www.infraestruturameioambiente.sp.gov.br\/ipa\/wp-json\/wp\/v2\/pages\/2621\/revisions"}],"predecessor-version":[{"id":3499,"href":"https:\/\/www.infraestruturameioambiente.sp.gov.br\/ipa\/wp-json\/wp\/v2\/pages\/2621\/revisions\/3499"}],"up":[{"embeddable":true,"href":"https:\/\/www.infraestruturameioambiente.sp.gov.br\/ipa\/wp-json\/wp\/v2\/pages\/351"}],"wp:attachment":[{"href":"https:\/\/www.infraestruturameioambiente.sp.gov.br\/ipa\/wp-json\/wp\/v2\/media?parent=2621"}],"curies":[{"name":"wp","href":"https:\/\/api.w.org\/{rel}","templated":true}]}}