{"id":2559,"date":"2023-01-12T11:33:09","date_gmt":"2023-01-12T13:33:09","guid":{"rendered":"https:\/\/www.infraestruturameioambiente.sp.gov.br\/ipa\/?page_id=2559"},"modified":"2025-07-30T12:02:48","modified_gmt":"2025-07-30T15:02:48","slug":"publicacoes-historicas","status":"publish","type":"page","link":"https:\/\/www.infraestruturameioambiente.sp.gov.br\/ipa\/publicacoes\/publicacoes-historicas\/","title":{"rendered":"Publica\u00e7\u00f5es Hist\u00f3ricas"},"content":{"rendered":"<p>[vc_row][vc_column width=&#8221;2\/3&#8243;][vc_column_text]As publica\u00e7\u00f5es hist\u00f3ricas do <strong>IPA &#8211; Instituto de Pesquisas Ambientais<\/strong> incluem as publica\u00e7\u00f5es da Comiss\u00e3o Geogr\u00e1fica e Geol\u00f3gica (1889-1930), do Instituto Geogr\u00e1fico e Geol\u00f3gico (1939-1975), do Instituto Geol\u00f3gico (1976-2021), do Instituto de Bot\u00e2nica (1942-2021) e do Instituto Florestal (1970-2021).<\/p>\n<ul>\n<li><a href=\"https:\/\/www.infraestruturameioambiente.sp.gov.br\/ipa\/relatorio-cgg\">Relat\u00f3rio da Comiss\u00e3o Geogr\u00e1fica e Geol\u00f3gica (CGG)<\/a><\/li>\n<li><a href=\"https:\/\/www.infraestruturameioambiente.sp.gov.br\/ipa\/boletim-cgg\">Boletim da Comiss\u00e3o Geogr\u00e1fica e Geol\u00f3gica (CGG)<\/a><\/li>\n<li><a href=\"https:\/\/www.infraestruturameioambiente.sp.gov.br\/ipa\/boletim-igg\/\">Boletim do Instituto Geogr\u00e1fico e Geol\u00f3gico (IGG)<\/a><\/li>\n<li><a href=\"https:\/\/www.infraestruturameioambiente.sp.gov.br\/ipa\/boletim-ig\/\">Boletim do Instituto Geol\u00f3gico (IG)<\/a><\/li>\n<li><a href=\"https:\/\/smastr16.blob.core.windows.net\/2001\/sites\/261\/2025\/07\/o-instituto-florestal-origem-e-evolucao.pdf\">O Instituto Florestal &#8211; S\u00e3o Paulo &#8211; Origem e Evolu\u00e7\u00e3o (IF)<\/a><\/li>\n<\/ul>\n<p>[\/vc_column_text][\/vc_column][vc_column width=&#8221;1\/3&#8243;][vc_column_text]<span style=\"font-size: 14pt\"><strong>Publica\u00e7\u00f5es<\/strong><\/span><\/p>\n<ul>\n<li>Anais\n<ul>\n<li><a href=\"https:\/\/www.infraestruturameioambiente.sp.gov.br\/ipa\/publicacoes\/anais-raibt\/\">Anais da RAIBt<\/a><\/li>\n<li><a href=\"https:\/\/www.infraestruturameioambiente.sp.gov.br\/ipa\/publicacoes\/anais-do-sipa\/\">Anais do SIPA<\/a><\/li>\n<\/ul>\n<\/li>\n<li>Boletins<\/li>\n<li>Cadernos<\/li>\n<li><a href=\"https:\/\/www.infraestruturameioambiente.sp.gov.br\/ipa\/caderno-de-resumo\/\">Cadernos de Resumos<\/a><\/li>\n<li><a href=\"https:\/\/www.infraestruturameioambiente.sp.gov.br\/ipa\/publicacoes\/cartilhas\/\">Cartilhas<\/a><\/li>\n<li><a href=\"https:\/\/www.infraestruturameioambiente.sp.gov.br\/ipa\/publicacoes\/serie-folhetos\/\">Folhetos<\/a> e Manuais<\/li>\n<li><a href=\"https:\/\/www.infraestruturameioambiente.sp.gov.br\/institutodebotanica\/ffesp_online\/\">Flora de S\u00e3o Paulo<\/a><\/li>\n<li>Livros<\/li>\n<li><a href=\"https:\/\/www.infraestruturameioambiente.sp.gov.br\/ipa\/publicacoes\/publicacoes-cientificas\/mapas\/\">Mapas<\/a><\/li>\n<li><a href=\"https:\/\/www.infraestruturameioambiente.sp.gov.br\/ipa\/publicacoes\/revistas-cientificas\/\">Peri\u00f3dicos<\/a><\/li>\n<li><a href=\"https:\/\/www.infraestruturameioambiente.sp.gov.br\/ipa\/relatorio\/\">Relat\u00f3rios<\/a><\/li>\n<li><strong>Publica\u00e7\u00f5es Hist\u00f3ricas<\/strong><\/li>\n<li><a href=\"https:\/\/www.infraestruturameioambiente.sp.gov.br\/ipa\/publicacoes\/venda-de-publicacoes\/\">Venda de Publica\u00e7\u00f5es<\/a><\/li>\n<\/ul>\n<p>[\/vc_column_text][\/vc_column][\/vc_row]<\/p>\n","protected":false},"excerpt":{"rendered":"<p>[vc_row][vc_column width=&#8221;2\/3&#8243;][vc_column_text]As publica\u00e7\u00f5es hist\u00f3ricas do IPA &#8211; Instituto de Pesquisas Ambientais incluem as publica\u00e7\u00f5es da Comiss\u00e3o Geogr\u00e1fica e Geol\u00f3gica (1889-1930), do Instituto Geogr\u00e1fico e Geol\u00f3gico (1939-1975), do Instituto Geol\u00f3gico (1976-2021), [&hellip;]<\/p>\n","protected":false},"author":196,"featured_media":0,"parent":28,"menu_order":0,"comment_status":"closed","ping_status":"closed","template":"","meta":[],"_links":{"self":[{"href":"https:\/\/www.infraestruturameioambiente.sp.gov.br\/ipa\/wp-json\/wp\/v2\/pages\/2559"}],"collection":[{"href":"https:\/\/www.infraestruturameioambiente.sp.gov.br\/ipa\/wp-json\/wp\/v2\/pages"}],"about":[{"href":"https:\/\/www.infraestruturameioambiente.sp.gov.br\/ipa\/wp-json\/wp\/v2\/types\/page"}],"author":[{"embeddable":true,"href":"https:\/\/www.infraestruturameioambiente.sp.gov.br\/ipa\/wp-json\/wp\/v2\/users\/196"}],"replies":[{"embeddable":true,"href":"https:\/\/www.infraestruturameioambiente.sp.gov.br\/ipa\/wp-json\/wp\/v2\/comments?post=2559"}],"version-history":[{"count":12,"href":"https:\/\/www.infraestruturameioambiente.sp.gov.br\/ipa\/wp-json\/wp\/v2\/pages\/2559\/revisions"}],"predecessor-version":[{"id":8605,"href":"https:\/\/www.infraestruturameioambiente.sp.gov.br\/ipa\/wp-json\/wp\/v2\/pages\/2559\/revisions\/8605"}],"up":[{"embeddable":true,"href":"https:\/\/www.infraestruturameioambiente.sp.gov.br\/ipa\/wp-json\/wp\/v2\/pages\/28"}],"wp:attachment":[{"href":"https:\/\/www.infraestruturameioambiente.sp.gov.br\/ipa\/wp-json\/wp\/v2\/media?parent=2559"}],"curies":[{"name":"wp","href":"https:\/\/api.w.org\/{rel}","templated":true}]}}