{"id":2535,"date":"2023-01-12T10:14:38","date_gmt":"2023-01-12T12:14:38","guid":{"rendered":"https:\/\/www.infraestruturameioambiente.sp.gov.br\/ipa\/?page_id=2535"},"modified":"2025-07-28T10:15:18","modified_gmt":"2025-07-28T13:15:18","slug":"boletim-ig","status":"publish","type":"page","link":"https:\/\/www.infraestruturameioambiente.sp.gov.br\/ipa\/boletim-ig\/","title":{"rendered":"Boletim IG"},"content":{"rendered":"<p>[vc_row][vc_column width=&#8221;2\/3&#8243;][vc_column_text]<\/p>\n<h2 class=\"tl-sub\">Boletim do Instituto Geol\u00f3gico (1976-2016)<\/h2>\n<h2 class=\"tl-sub\">(vers\u00e3o impressa \u2013 ISSN 0100-431X)<\/h2>\n<h2 class=\"tl-sub\">(vers\u00e3o on-line\u00a0\u2013 ISSN 2525-7722)<\/h2>\n<p>O <a href=\"https:\/\/www.infraestruturameioambiente.sp.gov.br\/institutogeologico\/publicacoes\/boletim-ig\/\">Boletim do Instituto Geol\u00f3gico &#8211; IG<\/a> \u00e9 um peri\u00f3dico editado em fasc\u00edculos com designa\u00e7\u00e3o num\u00e9rica e\/ou cronol\u00f3gica, em intervalos pr\u00e9-fixados (periodicidade), por tempo indeterminado, com a colabora\u00e7\u00e3o de um ou mais autores, tratando de assuntos sobre Geoci\u00eancias e \u00e1reas correlatas, dentro de uma pol\u00edtica editorial definida e com atribui\u00e7\u00e3o de ISSN. S\u00e3o publica\u00e7\u00f5es de conte\u00fado t\u00e9cnico-cient\u00edfico com informa\u00e7\u00f5es baseadas em resultados experimentais ou n\u00e3o, podendo conter informa\u00e7\u00f5es e\/ou observa\u00e7\u00f5es de cunho cient\u00edfico ou de divulga\u00e7\u00e3o emitindo opini\u00f5es que se apresentam sob a forma de boletim.<\/p>\n<ul>\n<li>Boletim IG 01 &#8211; Defini\u00e7\u00e3o Petrol\u00f3gica Estrutural e Geotect\u00f4nica Litoral Norte &#8211; 1976<\/li>\n<li>Boletim IG 02 &#8211; \u00c1guas Subterr\u00e2neas no Estado de S\u00e3o Paulo &#8211; 1977<\/li>\n<li>Boletim IG 03 &#8211; Potencialidade e Utiliza\u00e7\u00e3o da \u00c1gua Subterr\u00e2nea na Bacia do Rio S\u00e3o Jos\u00e9 dos Dourados &#8211; 1979<\/li>\n<li>Boletim IG 04 &#8211; Determina\u00e7\u00e3o da Largura Efetiva de Escoamento na Bacia do Rio Moji Gua\u00e7u &#8211; 1979<\/li>\n<li>Boletim IG 05 &#8211; L\u00e9xico Estratigr\u00e1fico do Estado de S\u00e3o Paulo &#8211; 1981<\/li>\n<li>Boletim IG 06 &#8211; Defini\u00e7\u00e3o Estratigr\u00e1fica Grupo Bauru Por Sedimentogramas &#8211; 1982<\/li>\n<li>Boletim IG 07 &#8211; Significados dos Dep\u00f3sitos Correlativos Quatern\u00e1rios em Campo do Jord\u00e3o &#8211; 1988<\/li>\n<li>Boletim IG 08 &#8211; Bibliografia Anal\u00edtica da Paleontologia do Estado de S\u00e3o Paulo parte I &#8211; 1989<\/li>\n<li>Boletim IG 08 &#8211; Bibliografia Anal\u00edtica da Paleontologia do Estado de S\u00e3o Paulo parte II &#8211; 1989<\/li>\n<li>Boletim IG 09 &#8211; A Eros\u00e3o Acelerada em Ca\u00e7apava &#8211; 1992<\/li>\n<li>Boletim IG 10 &#8211; Determina\u00e7\u00e3o de Riscos de Contamina\u00e7\u00e3o das \u00c1guas Subterr\u00e2neas &#8211; 1994<\/li>\n<li>Boletim IG 11 &#8211; Fossil Molluscs of Brazil &#8211; 1994<\/li>\n<li>Boletim IG 12 &#8211; Mapeamento da Suscetibilidade a Eros\u00e3o na Bacia do Rio Quilombo &#8211; 1996<\/li>\n<li>Boletim IG 13 &#8211; Diagn\u00f3stico do Meio F\u00edsico da Media Bacia do Rio Piracicaba Gest\u00e3o Ambiental &#8211; 1996<\/li>\n<li>Boletim IG 14 &#8211; Bibliografia Anal\u00edtica da Paleontologia do Estado de S\u00e3o Paulo Parte II &#8211; 1997<\/li>\n<li>Boletim IG 15 &#8211; Os Fosseis do Estado de S\u00e3o Paulo Parte II &#8211; 1996<\/li>\n<li>Boletim IG 16 &#8211; Interpreta\u00e7\u00e3o de Testes de Vaz\u00e3o Po\u00e7os e Bombas &#8211; 2002<\/li>\n<li>Boletim IG 17 &#8211; Os Fosseis do Estado de S\u00e3o Paulo Parte III &#8211; 2006<\/li>\n<li>Boletim IG 18 &#8211; Bibliografia Anal\u00edtica da Paleontologia do Estado de S\u00e3o Paulo Parte III &#8211; 2010<\/li>\n<li>Boletim IG de 19 \u00e0 66 &#8211; Relat\u00f3rios de Mapeamento de \u00c1reas de Risco 2010-2016 (Site da Defesa Civil)<\/li>\n<li>Boletim IG 67 &#8211; Desastres Devido a Fen\u00f4menos Geodin\u00e2micos no Estado de S\u00e3o Paulo (Cen\u00e1rio 2000-2015) &#8211; 2016<\/li>\n<\/ul>\n<p>[\/vc_column_text][\/vc_column][vc_column width=&#8221;1\/3&#8243;][vc_column_text]<strong><span style=\"font-size: 14pt\">Publica\u00e7\u00f5es<\/span><\/strong><\/p>\n<ul>\n<li><a href=\"https:\/\/www.infraestruturameioambiente.sp.gov.br\/ipa\/publicacoes\/publicacoes-cientificas\/\">Publica\u00e7\u00f5es Cient\u00edficas<\/a><\/li>\n<li><a href=\"https:\/\/www.infraestruturameioambiente.sp.gov.br\/ipa\/publicacoes\/publicacoes-virtuais\/\">Publica\u00e7\u00f5es Virtuais<\/a><\/li>\n<li><a href=\"https:\/\/www.infraestruturameioambiente.sp.gov.br\/ipa\/publicacoes\/publicacoes-historicas\/\">Publica\u00e7\u00f5es Hist\u00f3ricas<\/a>\n<ul>\n<li><a href=\"https:\/\/www.infraestruturameioambiente.sp.gov.br\/ipa\/relatorio-cgg\">Relat\u00f3rio CGG (1889-1930)<\/a><\/li>\n<li><a href=\"https:\/\/www.infraestruturameioambiente.sp.gov.br\/ipa\/boletim-cgg\">Boletim CGG (1889-1930)<\/a><\/li>\n<li><a href=\"https:\/\/www.infraestruturameioambiente.sp.gov.br\/ipa\/boletim-igg\">Boletim IGG (1939-1975)<\/a><\/li>\n<li><strong>Boletim IG (1976-2016)<\/strong><\/li>\n<\/ul>\n<\/li>\n<\/ul>\n<p>[\/vc_column_text][\/vc_column][\/vc_row]<\/p>\n","protected":false},"excerpt":{"rendered":"<p>[vc_row][vc_column width=&#8221;2\/3&#8243;][vc_column_text] Boletim do Instituto Geol\u00f3gico (1976-2016) (vers\u00e3o impressa \u2013 ISSN 0100-431X) (vers\u00e3o on-line\u00a0\u2013 ISSN 2525-7722) O Boletim do Instituto Geol\u00f3gico &#8211; IG \u00e9 um peri\u00f3dico editado em fasc\u00edculos com [&hellip;]<\/p>\n","protected":false},"author":196,"featured_media":0,"parent":0,"menu_order":0,"comment_status":"closed","ping_status":"closed","template":"","meta":[],"_links":{"self":[{"href":"https:\/\/www.infraestruturameioambiente.sp.gov.br\/ipa\/wp-json\/wp\/v2\/pages\/2535"}],"collection":[{"href":"https:\/\/www.infraestruturameioambiente.sp.gov.br\/ipa\/wp-json\/wp\/v2\/pages"}],"about":[{"href":"https:\/\/www.infraestruturameioambiente.sp.gov.br\/ipa\/wp-json\/wp\/v2\/types\/page"}],"author":[{"embeddable":true,"href":"https:\/\/www.infraestruturameioambiente.sp.gov.br\/ipa\/wp-json\/wp\/v2\/users\/196"}],"replies":[{"embeddable":true,"href":"https:\/\/www.infraestruturameioambiente.sp.gov.br\/ipa\/wp-json\/wp\/v2\/comments?post=2535"}],"version-history":[{"count":8,"href":"https:\/\/www.infraestruturameioambiente.sp.gov.br\/ipa\/wp-json\/wp\/v2\/pages\/2535\/revisions"}],"predecessor-version":[{"id":8592,"href":"https:\/\/www.infraestruturameioambiente.sp.gov.br\/ipa\/wp-json\/wp\/v2\/pages\/2535\/revisions\/8592"}],"wp:attachment":[{"href":"https:\/\/www.infraestruturameioambiente.sp.gov.br\/ipa\/wp-json\/wp\/v2\/media?parent=2535"}],"curies":[{"name":"wp","href":"https:\/\/api.w.org\/{rel}","templated":true}]}}