{"id":2532,"date":"2023-01-12T09:51:13","date_gmt":"2023-01-12T11:51:13","guid":{"rendered":"https:\/\/www.infraestruturameioambiente.sp.gov.br\/ipa\/?page_id=2532"},"modified":"2025-07-28T10:14:24","modified_gmt":"2025-07-28T13:14:24","slug":"boletim-igg","status":"publish","type":"page","link":"https:\/\/www.infraestruturameioambiente.sp.gov.br\/ipa\/boletim-igg\/","title":{"rendered":"Boletim IGG"},"content":{"rendered":"<p>[vc_row][vc_column width=&#8221;2\/3&#8243;][vc_column_text]<\/p>\n<h2>Boletim do Instituto Geogr\u00e1fico e Geol\u00f3gico (1939-1975)<\/h2>\n<h2>(vers\u00e3o impressa \u2013 ISSN 0367-7877)<\/h2>\n<h2>(vers\u00e3o on-line\u00a0\u2013 ISSN 2525-7714)<\/h2>\n<p>O <a href=\"https:\/\/www.infraestruturameioambiente.sp.gov.br\/institutogeologico\/publicacoes\/boletim-igg\/\">Boletim do Instituto Geogr\u00e1fico e Geol\u00f3gico &#8211; IGG<\/a> foi um peri\u00f3dico editado em fasc\u00edculos com designa\u00e7\u00e3o num\u00e9rica e\/ou cronol\u00f3gica, em intervalos pr\u00e9-fixados (periodicidade), por tempo determinado (1939-1975), com a colabora\u00e7\u00e3o de um ou mais autores, tratando de assuntos sobre Geoci\u00eancias e \u00e1reas correlatas. Foram publica\u00e7\u00f5es de conte\u00fado t\u00e9cnico-cient\u00edfico com informa\u00e7\u00f5es baseadas em resultados experimentais ou n\u00e3o, que poderiam conter informa\u00e7\u00f5es e\/ou observa\u00e7\u00f5es de cunho cient\u00edfico ou de divulga\u00e7\u00e3o emitindo opini\u00f5es que se apresentam sob a forma de boletim.<\/p>\n<ul>\n<li>Boletim IGG 23 \u2013 Jazida de Magnetita do Morro do Serrote \u2013 1939<\/li>\n<li>Boletim IGG 24 \u2013 Coletanea de Analises Qu\u00edmicas Executadas no Per\u00edodo de 1889 a 1935 \u2013 1939<\/li>\n<li>Boletim IGG 25 \u2013 As Ocorrencias de Min\u00e9rios de Ferro e Pirita no Estado de S\u00e3o Paulo \u2013 1939<\/li>\n<li>Boletim IGG 26 \u2013 Ouro no Estado de S\u00e3o Paulo \u2013 1939<\/li>\n<li>Boletim IGG 27 \u2013 Os Min\u00e9rios N\u00e3o Met\u00e1licos do Estado de S\u00e3o Paulo \u2013 1940<\/li>\n<li>Boletim IGG 28 \u2013 Servi\u00e7o de Geod\u00e9sia \u2013 Coordenadas Geogr\u00e1ficas e Geod\u00e9sicas \u2013 1940<\/li>\n<li>Boletim IGG 29 \u2013 Servi\u00e7o de Geodesia \u2013 Determina\u00e7\u00e3o do Meridiano por uma Estrela em Elonga\u00e7\u00e3o, com o Uso de Tabelas para as Latitudes de 20\u00b0 a 25\u00b0 \u2013 1942<\/li>\n<li>Boletim IGG 30 \u2013 Compensa\u00e7\u00e3o dos Erros no Trabalho de Triangula\u00e7\u00e3o \u2013 1943<\/li>\n<li>Boletim IGG 31 \u2013 Tungst\u00eanio \u2013 1945 parte I<\/li>\n<li>Boletim IGG 31 \u2013 Tungst\u00eanio \u2013 1945 parte II<\/li>\n<li>Boletim IGG 32 \u2013 Calc\u00e1rio no Estado de S\u00e3o Paulo \u2013 1952<\/li>\n<li>Boletim IGG 33 \u2013 Bibliografia da Geologia, Mineralogia, Petrografia e Paleontologia do Estado de S\u00e3o Paulo \u2013 1952<\/li>\n<li>Boletim IGG 34 \u2013 Coordenadas Geogr\u00e1ficas de Locais do Estado de S\u00e3o Paulo, Brasil \u2013 1953<\/li>\n<li>Boletim IGG 35 \u2013 Bibliografia da Geologia do Estado de S\u00e3o Paulo de 1952-1958 \u2013 1959<\/li>\n<li>Boletim IGG 36 \u2013 Nivelamento Geral do Estado Altitudes de Precis\u00e3o \u2013 1962<\/li>\n<li>Boletim IGG 37 \u2013 Aerotriangula\u00e7\u00e3o Espacial \u2013 1962<\/li>\n<li>Boletim IGG 38 \u2013 Azimutes por Circum-Elonga\u00e7\u00f5es em Fun\u00e7\u00e3o de Diferen\u00e7as de Distancias Zenitais \u2013 1962<\/li>\n<li>Boletim IGG 39 \u2013 Programa para Estudos dos Recursos em \u00c1gua Subterr\u00e2nea do Vale do Para\u00edba entre Jacare\u00ed e Quiririm \u2013 1962<\/li>\n<li>Boletim IGG 40 \u2013 Bibliografia e \u00cdndice da Geologia do Estado de S\u00e3o Paulo \u2013 1964<\/li>\n<li>Boletim IGG 41 \u2013 Geologia do Estado de S\u00e3o Paulo \u2013 1964<\/li>\n<li>Boletim IGG 42 \u2013 Estudos Hidrogeol\u00f3gicos na Bacia de Taubat\u00e9 entre Jacare\u00ed e Quiririm \u2013 1965<\/li>\n<li>Boletim IGG 43 \u2013 Descri\u00e7\u00e3o Geol\u00f3gica e Geogr\u00e1fica das folhas de Piracicaba e S\u00e3o Carlos (SP), 1965<\/li>\n<li>Boletim IGG 44 \u2013 Estudos de Capta\u00e7\u00f5es de \u00c1gua Subterr\u00e2nea no Estado de S\u00e3o Paulo, feitos pelo Instituto Geogr\u00e1fico e Geol\u00f3gico \u2013 1965<\/li>\n<li>Boletim IGG 45 \u2013 Os F\u00f3sseis do Estado de S\u00e3o Paulo \u2013 1966<\/li>\n<li>Boletim IGG 46 \u2013 Tabela de Determina\u00e7\u00e3o do Meridiano verdadeiro, por Meio de Estrelas em Elonga\u00e7\u00e3o, nas Latitudes -1\u00b0 a -40\u00b0 \u2013 1966<\/li>\n<li>Boletim IGG 47 \u2013 Grutas Calc\u00e1rias &#8211; Estudos Espeleol\u00f3gicos no Vale do Alto Ribeira \u2013 1966<\/li>\n<li>Boletim IGG 48 \u2013 Escorias na Fertilidade do Solo \u2013 1967<\/li>\n<li>Boletim IGG 49 \u2013 Hist\u00f3ria da Siderurgia de S\u00e3o Paulo, Seus Personagens e Seus Feitos \u2013 1969<\/li>\n<li>Boletim IGG 49 \u2013 Hist\u00f3ria da Siderurgia de S\u00e3o Paulo, Seus Personagens e Seus Feitos \u2013 1969 Edi\u00e7\u00e3o Especial<\/li>\n<li>Boletim IGG 50 \u2013 Geologia e Petrologia da Forma\u00e7\u00e3o Caiu\u00e1 no Estado de S\u00e3o Paulo \u2013 1973<\/li>\n<li>Boletim IGG 51 \u2013 Contribui\u00e7\u00e3o ao Conhecimento da Estratigrafia e Paleontologia do Arenito Baur\u00fa \u2013 1974<\/li>\n<li>Boletim IGG 52 \u2013 Dolomito da Forma\u00e7\u00e3o Irati como Corretivo da Acidez dos Solos do Estado de S\u00e3o Paulo \u2013 1974<\/li>\n<li>Boletim IGG 53 \u2013 Espeleotemas e Perolas das Cavernas \u2013 1974<\/li>\n<li>Boletim IGG 54 \u2013 Evolu\u00e7\u00e3o dos Processos de Pesquisas Minerais &#8211; 1975<\/li>\n<\/ul>\n<p>[\/vc_column_text][\/vc_column][vc_column width=&#8221;1\/3&#8243;][vc_column_text]<strong><span style=\"font-size: 14pt\">Publica\u00e7\u00f5es<\/span><\/strong><\/p>\n<ul>\n<li><a href=\"https:\/\/www.infraestruturameioambiente.sp.gov.br\/ipa\/publicacoes\/publicacoes-cientificas\/\">Publica\u00e7\u00f5es Cient\u00edficas<\/a><\/li>\n<li><a href=\"https:\/\/www.infraestruturameioambiente.sp.gov.br\/ipa\/publicacoes\/publicacoes-virtuais\/\">Publica\u00e7\u00f5es Virtuais<\/a><\/li>\n<li><a href=\"https:\/\/www.infraestruturameioambiente.sp.gov.br\/ipa\/publicacoes\/publicacoes-historicas\/\">Publica\u00e7\u00f5es Hist\u00f3ricas<\/a>\n<ul>\n<li><a href=\"https:\/\/www.infraestruturameioambiente.sp.gov.br\/ipa\/relatorio-cgg\">Relat\u00f3rio CGG (1889-1930)<\/a><\/li>\n<li><a href=\"https:\/\/www.infraestruturameioambiente.sp.gov.br\/ipa\/boletim-cgg\">Boletim CGG (1889-1930)<\/a><\/li>\n<li><strong>Boletim IGG (1939-1975)<\/strong><\/li>\n<li><a href=\"https:\/\/www.infraestruturameioambiente.sp.gov.br\/ipa\/boletim-ig\">Boletim IG (1976-2016)<\/a><\/li>\n<\/ul>\n<\/li>\n<\/ul>\n<p>[\/vc_column_text][\/vc_column][\/vc_row]<\/p>\n","protected":false},"excerpt":{"rendered":"<p>[vc_row][vc_column width=&#8221;2\/3&#8243;][vc_column_text] Boletim do Instituto Geogr\u00e1fico e Geol\u00f3gico (1939-1975) (vers\u00e3o impressa \u2013 ISSN 0367-7877) (vers\u00e3o on-line\u00a0\u2013 ISSN 2525-7714) O Boletim do Instituto Geogr\u00e1fico e Geol\u00f3gico &#8211; IGG foi um peri\u00f3dico [&hellip;]<\/p>\n","protected":false},"author":196,"featured_media":0,"parent":0,"menu_order":0,"comment_status":"closed","ping_status":"closed","template":"","meta":[],"_links":{"self":[{"href":"https:\/\/www.infraestruturameioambiente.sp.gov.br\/ipa\/wp-json\/wp\/v2\/pages\/2532"}],"collection":[{"href":"https:\/\/www.infraestruturameioambiente.sp.gov.br\/ipa\/wp-json\/wp\/v2\/pages"}],"about":[{"href":"https:\/\/www.infraestruturameioambiente.sp.gov.br\/ipa\/wp-json\/wp\/v2\/types\/page"}],"author":[{"embeddable":true,"href":"https:\/\/www.infraestruturameioambiente.sp.gov.br\/ipa\/wp-json\/wp\/v2\/users\/196"}],"replies":[{"embeddable":true,"href":"https:\/\/www.infraestruturameioambiente.sp.gov.br\/ipa\/wp-json\/wp\/v2\/comments?post=2532"}],"version-history":[{"count":7,"href":"https:\/\/www.infraestruturameioambiente.sp.gov.br\/ipa\/wp-json\/wp\/v2\/pages\/2532\/revisions"}],"predecessor-version":[{"id":8591,"href":"https:\/\/www.infraestruturameioambiente.sp.gov.br\/ipa\/wp-json\/wp\/v2\/pages\/2532\/revisions\/8591"}],"wp:attachment":[{"href":"https:\/\/www.infraestruturameioambiente.sp.gov.br\/ipa\/wp-json\/wp\/v2\/media?parent=2532"}],"curies":[{"name":"wp","href":"https:\/\/api.w.org\/{rel}","templated":true}]}}