{"id":2528,"date":"2023-01-12T09:31:40","date_gmt":"2023-01-12T11:31:40","guid":{"rendered":"https:\/\/www.infraestruturameioambiente.sp.gov.br\/ipa\/?page_id=2528"},"modified":"2025-07-28T10:13:18","modified_gmt":"2025-07-28T13:13:18","slug":"boletim-cgg","status":"publish","type":"page","link":"https:\/\/www.infraestruturameioambiente.sp.gov.br\/ipa\/boletim-cgg\/","title":{"rendered":"Boletim CGG"},"content":{"rendered":"<p>[vc_row][vc_column width=&#8221;2\/3&#8243;][vc_column_text]<\/p>\n<h2>Boletim da Commiss\u00e3o Geographica e Geologica (1889-1930)<\/h2>\n<h2>(vers\u00e3o impressa \u2013 ISSN 2178-8111)<\/h2>\n<h2>(vers\u00e3o on-line\u00a0\u2013 ISSN 2525-7706)<\/h2>\n<p>O<a href=\"https:\/\/www.infraestruturameioambiente.sp.gov.br\/institutogeologico\/publicacoes\/boletim-cgg\/\"> Boletim da Comiss\u00e3o Geographica e Geologica \u2013 CGG<\/a> foi um peri\u00f3dico editado em fasc\u00edculos com designa\u00e7\u00e3o num\u00e9rica e\/ou cronol\u00f3gica, em intervalos pr\u00e9-fixados (periodicidade), por tempo determinado (1889-1930), com a colabora\u00e7\u00e3o de um ou mais autores, tratando de assuntos sobre Geoci\u00eancias e \u00e1reas correlatas. Foram publica\u00e7\u00f5es de conte\u00fado t\u00e9cnico-cient\u00edfico com informa\u00e7\u00f5es baseadas em resultados experimentais ou n\u00e3o, que podiam conter informa\u00e7\u00f5es e\/ou observa\u00e7\u00f5es de cunho cient\u00edfico ou de divulga\u00e7\u00e3o emitindo opini\u00f5es que se apresentam sob a forma de boletim.<\/p>\n<ul>\n<li>Boletim 01 CGG &#8211; Retrospecto Hist\u00f3rico dos Trabalhos Geographicos e Geologicos Effectuados na Provincia de S\u00e3o Paulo &#8211; 1889<\/li>\n<li>Boletim 02 CGG &#8211; Reconhecimento Geol\u00f3gico do Valle do Paranapanema &#8211; 1889<\/li>\n<li>Boletim 03 CGG &#8211; Dados Climatol\u00f3gicos dos Annos de 1887 e 1888 &#8211; 1889<\/li>\n<li>Boletim 04 CGG &#8211; Considera\u00e7\u00f5es Geographicas e Economicas sobre o Vale do Rio Paranapanema &#8211; 1890<\/li>\n<li>Boletim 05 CGG &#8211; Contribui\u00e7\u00f5es para a Bot\u00e2nica Paulista &#8211; Regi\u00e3o Campestre &#8211; 1890<\/li>\n<li>Boletim 06 CGG &#8211; Dados Climatol\u00f3gicos &#8211; 1890<\/li>\n<li>Boletim 07 CGG &#8211; Contribui\u00e7\u00f5es Mineral\u00f3gicas e Petrographicas &#8211; 1890<\/li>\n<li>Boletim 08 CGG &#8211; Dados Climatol\u00f3gicos do ano 1890 &#8211; 1891<\/li>\n<li>Boletim 09 CGG &#8211; Contribui\u00e7\u00f5es para a Archeologia Paulista &#8211; Os Sambaquis de S\u00e3o Paulo &#8211; 1893<\/li>\n<li>Boletim 10 CGG &#8211; Ensaio para Uma Synonimia dos Nomes Populares das Plantas Ind\u00edgenas do Estado de S\u00e3o Paulo &#8211; 1894 (Parte 1)<\/li>\n<li>Boletim 11 CGG &#8211; Ensaio para uma Distribui\u00e7\u00e3o dos Vegetais nos Diversos Grupos Floristicos &#8211; 1896 (1\u00aa Edi\u00e7\u00e3o)<\/li>\n<li>Boletim 11 CGG &#8211; Ensaio para uma Distribui\u00e7\u00e3o dos Vegetais nos Diversos Grupos Floristicos &#8211; 1896 (2\u00aa Edi\u00e7\u00e3o)<\/li>\n<li>Boletim 12 CGG &#8211; Flora Paulista I &#8211; Fam\u00edlia Compositae &#8211; 1897<\/li>\n<li>Boletim 13 CGG &#8211; Flora Paulista II &#8211; Familias Solanaceae e Scrophulariaceae &#8211; 1897<\/li>\n<li>Boletim 14 CGG &#8211; Flora Paulista III &#8211; Familias Campanulaceae Cucurbitaceae e Calyceraceae &#8211; 1897<\/li>\n<li>Boletim 15 CGG &#8211; Flora Paulista IV &#8211; Fam\u00edlia Myrsinaceae &#8211; 1905<\/li>\n<li>Boletim 16 CGG &#8211; Ensaio para uma Synonimia Nomes Populares Plantas Ind\u00edgena Estado S\u00e3o Paulo &#8211; 1906 (Parte 2)<\/li>\n<li>Boletim 17 CGG &#8211; Servi\u00e7o Meteorol\u00f3gico &#8211; Dados Climatol\u00f3gicos do Anno 1903 &#8211; 1906<\/li>\n<li>Boletim 18 CGG &#8211; Servi\u00e7o Meteorol\u00f3gico &#8211; Dados Climatol\u00f3gicos do Ver\u00e3o de 1905-1906 &#8211; 1906<\/li>\n<li>Boletim 19 CGG &#8211; Servi\u00e7o Meteorol\u00f3gico &#8211; Dados Climatol\u00f3gicos do Outomno de 1906 &#8211; 1906<\/li>\n<li>Boletim 20 CGG &#8211; Servi\u00e7o Meteorol\u00f3gico &#8211; Dados Climatol\u00f3gicos do Inverno de 1906 &#8211; 1906<\/li>\n<\/ul>\n<p>[\/vc_column_text][\/vc_column][vc_column width=&#8221;1\/3&#8243;][vc_column_text]<strong><span style=\"font-size: 14pt\">Publica\u00e7\u00f5es<\/span><\/strong><\/p>\n<ul>\n<li><a href=\"https:\/\/www.infraestruturameioambiente.sp.gov.br\/ipa\/publicacoes\/publicacoes-cientificas\/\">Publica\u00e7\u00f5es Cient\u00edficas<\/a><\/li>\n<li><a href=\"https:\/\/www.infraestruturameioambiente.sp.gov.br\/ipa\/publicacoes\/publicacoes-virtuais\/\">Publica\u00e7\u00f5es Virtuais<\/a><\/li>\n<li><a href=\"https:\/\/www.infraestruturameioambiente.sp.gov.br\/ipa\/publicacoes\/publicacoes-historicas\/\">Publica\u00e7\u00f5es Hist\u00f3ricas<\/a>\n<ul>\n<li><a href=\"https:\/\/www.infraestruturameioambiente.sp.gov.br\/ipa\/relatorio-cgg\">Relat\u00f3rio CGG (1889-1930)<\/a><\/li>\n<li><strong>Boletim CGG (1889-1930)<\/strong><\/li>\n<li><a href=\"https:\/\/www.infraestruturameioambiente.sp.gov.br\/ipa\/boletim-igg\">Boletim IGG (1939-1975)<\/a><\/li>\n<li><a href=\"https:\/\/www.infraestruturameioambiente.sp.gov.br\/ipa\/boletim-ig\">Boletim IG (1976-2016)<\/a><\/li>\n<\/ul>\n<\/li>\n<\/ul>\n<p>[\/vc_column_text][\/vc_column][\/vc_row]<\/p>\n","protected":false},"excerpt":{"rendered":"<p>[vc_row][vc_column width=&#8221;2\/3&#8243;][vc_column_text] Boletim da Commiss\u00e3o Geographica e Geologica (1889-1930) (vers\u00e3o impressa \u2013 ISSN 2178-8111) (vers\u00e3o on-line\u00a0\u2013 ISSN 2525-7706) O Boletim da Comiss\u00e3o Geographica e Geologica \u2013 CGG foi um peri\u00f3dico [&hellip;]<\/p>\n","protected":false},"author":196,"featured_media":0,"parent":0,"menu_order":0,"comment_status":"closed","ping_status":"closed","template":"","meta":[],"_links":{"self":[{"href":"https:\/\/www.infraestruturameioambiente.sp.gov.br\/ipa\/wp-json\/wp\/v2\/pages\/2528"}],"collection":[{"href":"https:\/\/www.infraestruturameioambiente.sp.gov.br\/ipa\/wp-json\/wp\/v2\/pages"}],"about":[{"href":"https:\/\/www.infraestruturameioambiente.sp.gov.br\/ipa\/wp-json\/wp\/v2\/types\/page"}],"author":[{"embeddable":true,"href":"https:\/\/www.infraestruturameioambiente.sp.gov.br\/ipa\/wp-json\/wp\/v2\/users\/196"}],"replies":[{"embeddable":true,"href":"https:\/\/www.infraestruturameioambiente.sp.gov.br\/ipa\/wp-json\/wp\/v2\/comments?post=2528"}],"version-history":[{"count":12,"href":"https:\/\/www.infraestruturameioambiente.sp.gov.br\/ipa\/wp-json\/wp\/v2\/pages\/2528\/revisions"}],"predecessor-version":[{"id":8590,"href":"https:\/\/www.infraestruturameioambiente.sp.gov.br\/ipa\/wp-json\/wp\/v2\/pages\/2528\/revisions\/8590"}],"wp:attachment":[{"href":"https:\/\/www.infraestruturameioambiente.sp.gov.br\/ipa\/wp-json\/wp\/v2\/media?parent=2528"}],"curies":[{"name":"wp","href":"https:\/\/api.w.org\/{rel}","templated":true}]}}