{"id":2213,"date":"2022-11-23T13:47:33","date_gmt":"2022-11-23T15:47:33","guid":{"rendered":"https:\/\/www.infraestruturameioambiente.sp.gov.br\/ipa\/?page_id=2213"},"modified":"2022-11-23T13:47:33","modified_gmt":"2022-11-23T15:47:33","slug":"oficina-participativa-de-mapeamento-de-servicos-ecossistemicos-no-litoral-norte","status":"publish","type":"page","link":"https:\/\/www.infraestruturameioambiente.sp.gov.br\/ipa\/oficina-participativa-de-mapeamento-de-servicos-ecossistemicos-no-litoral-norte\/","title":{"rendered":"Oficina Participativa de Mapeamento de Servi\u00e7os Ecossist\u00eamicos no Litoral Norte"},"content":{"rendered":"<div id=\"attachment_2216\" style=\"width: 260px\" class=\"wp-caption alignleft\"><a href=\"https:\/\/smastr16.blob.core.windows.net\/2001\/sites\/261\/2022\/11\/relatorio_-oficina_participativa_mapeamento_servicos_ecossistemicos_litoral_norte_2022.pdf\"><img aria-describedby=\"caption-attachment-2216\" decoding=\"async\" loading=\"lazy\" class=\"wp-image-2216 size-wcsmall\" src=\"https:\/\/smastr16.blob.core.windows.net\/2001\/sites\/261\/2022\/11\/relatorio_-oficina_participativa_mapeamento_servicos_ecossistemicos_litoral_norte_2022-250x188.jpg\" alt=\"\" width=\"250\" height=\"188\" srcset=\"https:\/\/smastr16.blob.core.windows.net\/2001\/sites\/261\/2022\/11\/relatorio_-oficina_participativa_mapeamento_servicos_ecossistemicos_litoral_norte_2022-250x188.jpg 250w, https:\/\/smastr16.blob.core.windows.net\/2001\/sites\/261\/2022\/11\/relatorio_-oficina_participativa_mapeamento_servicos_ecossistemicos_litoral_norte_2022-300x225.jpg 300w, https:\/\/smastr16.blob.core.windows.net\/2001\/sites\/261\/2022\/11\/relatorio_-oficina_participativa_mapeamento_servicos_ecossistemicos_litoral_norte_2022-768x577.jpg 768w, https:\/\/smastr16.blob.core.windows.net\/2001\/sites\/261\/2022\/11\/relatorio_-oficina_participativa_mapeamento_servicos_ecossistemicos_litoral_norte_2022-550x413.jpg 550w, https:\/\/smastr16.blob.core.windows.net\/2001\/sites\/261\/2022\/11\/relatorio_-oficina_participativa_mapeamento_servicos_ecossistemicos_litoral_norte_2022-240x180.jpg 240w, https:\/\/smastr16.blob.core.windows.net\/2001\/sites\/261\/2022\/11\/relatorio_-oficina_participativa_mapeamento_servicos_ecossistemicos_litoral_norte_2022-400x300.jpg 400w, https:\/\/smastr16.blob.core.windows.net\/2001\/sites\/261\/2022\/11\/relatorio_-oficina_participativa_mapeamento_servicos_ecossistemicos_litoral_norte_2022-666x500.jpg 666w, https:\/\/smastr16.blob.core.windows.net\/2001\/sites\/261\/2022\/11\/relatorio_-oficina_participativa_mapeamento_servicos_ecossistemicos_litoral_norte_2022.jpg 799w\" sizes=\"(max-width: 250px) 100vw, 250px\" \/><\/a><p id=\"caption-attachment-2216\" class=\"wp-caption-text\"><a href=\"https:\/\/smastr16.blob.core.windows.net\/2001\/sites\/261\/2022\/11\/relatorio_-oficina_participativa_mapeamento_servicos_ecossistemicos_litoral_norte_2022.pdf\"> Relat\u00f3rio Oficina Participativa de Mapeamento de Servi\u00e7os Ecossist\u00eamicos no Litoral Norte<\/a> (PDF 5,2 MB)<\/p><\/div>\n<p style=\"text-align: justify\">A presente publica\u00e7\u00e3o traz os resultados de um estudo realizado pelo IPA em parceria com a coordena\u00e7\u00e3o do CBH Litoral Norte, APA Marinha Litoral Norte e GERCO Litoral Norte para o desenvolvimento de um mapeamento de servi\u00e7os ecossist\u00eamicos locais, com o objetivo de apoiar a formula\u00e7\u00e3o de pol\u00edticas p\u00fablicas, visando capacitar os t\u00e9cnicos municipais, academia, gestores de unidades.<\/p>\n<p style=\"text-align: justify\">O estudo abrange os quatro munic\u00edpios do Litoral Norte de S\u00e3o Paulo: Ubatuba, Caraguatatuba, S\u00e3o Sebasti\u00e3o e Ilhabela.<\/p>\n<p style=\"text-align: justify\">Os resultados obtidos foram fruto de um mapeamento participativo dos servi\u00e7os ecossist\u00eamicos terrestres ou costeiros do litoral norte, considerando o fornecimento, a\u00a0depend\u00eancia e o impacto dos usos e ocupa\u00e7\u00e3o da terra em rela\u00e7\u00e3o a esses servi\u00e7os, trazendo tamb\u00e9m a identifica\u00e7\u00e3o dos servi\u00e7os ecossist\u00eamicos cr\u00edticos na regi\u00e3o.<\/p>\n<ul>\n<li>Relat\u00f3rio Oficina Participativa de Mapeamento de Servi\u00e7os Ecossist\u00eamicos no Litoral Norte <a href=\"https:\/\/smastr16.blob.core.windows.net\/2001\/sites\/261\/2022\/11\/relatorio_-oficina_participativa_mapeamento_servicos_ecossistemicos_litoral_norte_2022.pdf\">CLIQUE AQUI<\/a> (PDF 5,2 MB)<\/li>\n<\/ul>\n<p><img decoding=\"async\" loading=\"lazy\" class=\"alignnone wp-image-157 size-thumbnail\" src=\"https:\/\/smastr16.blob.core.windows.net\/2001\/sites\/261\/2021\/09\/ods-02-150x150.png\" alt=\"\" width=\"150\" height=\"150\" srcset=\"https:\/\/www.infraestruturameioambiente.sp.gov.br\/ipa\/wp-content\/uploads\/sites\/261\/2021\/09\/ods-02-150x150.png 150w, https:\/\/www.infraestruturameioambiente.sp.gov.br\/ipa\/wp-content\/uploads\/sites\/261\/2021\/09\/ods-02-48x48.png 48w, https:\/\/www.infraestruturameioambiente.sp.gov.br\/ipa\/wp-content\/uploads\/sites\/261\/2021\/09\/ods-02-180x180.png 180w, https:\/\/www.infraestruturameioambiente.sp.gov.br\/ipa\/wp-content\/uploads\/sites\/261\/2021\/09\/ods-02.png 225w\" sizes=\"(max-width: 150px) 100vw, 150px\" \/> <img decoding=\"async\" loading=\"lazy\" class=\"alignnone wp-image-159 size-thumbnail\" src=\"https:\/\/smastr16.blob.core.windows.net\/2001\/sites\/261\/2021\/09\/ods-04-150x150.png\" alt=\"\" width=\"150\" height=\"150\" srcset=\"https:\/\/www.infraestruturameioambiente.sp.gov.br\/ipa\/wp-content\/uploads\/sites\/261\/2021\/09\/ods-04-150x150.png 150w, https:\/\/www.infraestruturameioambiente.sp.gov.br\/ipa\/wp-content\/uploads\/sites\/261\/2021\/09\/ods-04-48x48.png 48w, https:\/\/www.infraestruturameioambiente.sp.gov.br\/ipa\/wp-content\/uploads\/sites\/261\/2021\/09\/ods-04-180x180.png 180w, https:\/\/www.infraestruturameioambiente.sp.gov.br\/ipa\/wp-content\/uploads\/sites\/261\/2021\/09\/ods-04.png 225w\" sizes=\"(max-width: 150px) 100vw, 150px\" \/> <img decoding=\"async\" loading=\"lazy\" class=\"alignnone size-thumbnail wp-image-153\" src=\"https:\/\/smastr16.blob.core.windows.net\/2001\/sites\/261\/2021\/08\/ods-11-150x150.png\" alt=\"\" width=\"150\" height=\"150\" srcset=\"https:\/\/www.infraestruturameioambiente.sp.gov.br\/ipa\/wp-content\/uploads\/sites\/261\/2021\/08\/ods-11-150x150.png 150w, https:\/\/www.infraestruturameioambiente.sp.gov.br\/ipa\/wp-content\/uploads\/sites\/261\/2021\/08\/ods-11-48x48.png 48w, https:\/\/www.infraestruturameioambiente.sp.gov.br\/ipa\/wp-content\/uploads\/sites\/261\/2021\/08\/ods-11-180x180.png 180w, https:\/\/www.infraestruturameioambiente.sp.gov.br\/ipa\/wp-content\/uploads\/sites\/261\/2021\/08\/ods-11.png 225w\" sizes=\"(max-width: 150px) 100vw, 150px\" \/> <img decoding=\"async\" loading=\"lazy\" class=\"alignnone size-thumbnail wp-image-154\" src=\"https:\/\/smastr16.blob.core.windows.net\/2001\/sites\/261\/2021\/08\/ods-13-150x150.png\" alt=\"\" width=\"150\" height=\"150\" srcset=\"https:\/\/www.infraestruturameioambiente.sp.gov.br\/ipa\/wp-content\/uploads\/sites\/261\/2021\/08\/ods-13-150x150.png 150w, https:\/\/www.infraestruturameioambiente.sp.gov.br\/ipa\/wp-content\/uploads\/sites\/261\/2021\/08\/ods-13-48x48.png 48w, https:\/\/www.infraestruturameioambiente.sp.gov.br\/ipa\/wp-content\/uploads\/sites\/261\/2021\/08\/ods-13-180x180.png 180w, https:\/\/www.infraestruturameioambiente.sp.gov.br\/ipa\/wp-content\/uploads\/sites\/261\/2021\/08\/ods-13.png 225w\" sizes=\"(max-width: 150px) 100vw, 150px\" \/> <img decoding=\"async\" loading=\"lazy\" class=\"alignnone size-thumbnail wp-image-168\" src=\"https:\/\/smastr16.blob.core.windows.net\/2001\/sites\/261\/2021\/09\/ods-14-150x150.png\" alt=\"\" width=\"150\" height=\"150\" srcset=\"https:\/\/www.infraestruturameioambiente.sp.gov.br\/ipa\/wp-content\/uploads\/sites\/261\/2021\/09\/ods-14-150x150.png 150w, https:\/\/www.infraestruturameioambiente.sp.gov.br\/ipa\/wp-content\/uploads\/sites\/261\/2021\/09\/ods-14-48x48.png 48w, https:\/\/www.infraestruturameioambiente.sp.gov.br\/ipa\/wp-content\/uploads\/sites\/261\/2021\/09\/ods-14-180x180.png 180w, https:\/\/www.infraestruturameioambiente.sp.gov.br\/ipa\/wp-content\/uploads\/sites\/261\/2021\/09\/ods-14.png 225w\" sizes=\"(max-width: 150px) 100vw, 150px\" \/> <img decoding=\"async\" loading=\"lazy\" class=\"alignnone size-thumbnail wp-image-169\" src=\"https:\/\/smastr16.blob.core.windows.net\/2001\/sites\/261\/2021\/09\/ods-15-150x150.png\" alt=\"\" width=\"150\" height=\"150\" srcset=\"https:\/\/www.infraestruturameioambiente.sp.gov.br\/ipa\/wp-content\/uploads\/sites\/261\/2021\/09\/ods-15-150x150.png 150w, https:\/\/www.infraestruturameioambiente.sp.gov.br\/ipa\/wp-content\/uploads\/sites\/261\/2021\/09\/ods-15-48x48.png 48w, https:\/\/www.infraestruturameioambiente.sp.gov.br\/ipa\/wp-content\/uploads\/sites\/261\/2021\/09\/ods-15-180x180.png 180w, https:\/\/www.infraestruturameioambiente.sp.gov.br\/ipa\/wp-content\/uploads\/sites\/261\/2021\/09\/ods-15.png 225w\" sizes=\"(max-width: 150px) 100vw, 150px\" \/><\/p>\n","protected":false},"excerpt":{"rendered":"<p>A presente publica\u00e7\u00e3o traz os resultados de um estudo realizado pelo IPA em parceria com a coordena\u00e7\u00e3o do CBH Litoral Norte, APA Marinha Litoral Norte e GERCO Litoral Norte para [&hellip;]<\/p>\n","protected":false},"author":196,"featured_media":0,"parent":0,"menu_order":0,"comment_status":"closed","ping_status":"closed","template":"","meta":[],"_links":{"self":[{"href":"https:\/\/www.infraestruturameioambiente.sp.gov.br\/ipa\/wp-json\/wp\/v2\/pages\/2213"}],"collection":[{"href":"https:\/\/www.infraestruturameioambiente.sp.gov.br\/ipa\/wp-json\/wp\/v2\/pages"}],"about":[{"href":"https:\/\/www.infraestruturameioambiente.sp.gov.br\/ipa\/wp-json\/wp\/v2\/types\/page"}],"author":[{"embeddable":true,"href":"https:\/\/www.infraestruturameioambiente.sp.gov.br\/ipa\/wp-json\/wp\/v2\/users\/196"}],"replies":[{"embeddable":true,"href":"https:\/\/www.infraestruturameioambiente.sp.gov.br\/ipa\/wp-json\/wp\/v2\/comments?post=2213"}],"version-history":[{"count":1,"href":"https:\/\/www.infraestruturameioambiente.sp.gov.br\/ipa\/wp-json\/wp\/v2\/pages\/2213\/revisions"}],"predecessor-version":[{"id":2217,"href":"https:\/\/www.infraestruturameioambiente.sp.gov.br\/ipa\/wp-json\/wp\/v2\/pages\/2213\/revisions\/2217"}],"wp:attachment":[{"href":"https:\/\/www.infraestruturameioambiente.sp.gov.br\/ipa\/wp-json\/wp\/v2\/media?parent=2213"}],"curies":[{"name":"wp","href":"https:\/\/api.w.org\/{rel}","templated":true}]}}