{"id":2055,"date":"2022-10-31T09:33:32","date_gmt":"2022-10-31T12:33:32","guid":{"rendered":"https:\/\/www.infraestruturameioambiente.sp.gov.br\/ipa\/?page_id=2055"},"modified":"2022-11-18T14:54:35","modified_gmt":"2022-11-18T16:54:35","slug":"bosque-da-amizade-sao-paulo-tottori","status":"publish","type":"page","link":"https:\/\/www.infraestruturameioambiente.sp.gov.br\/ipa\/bosque-da-amizade-sao-paulo-tottori\/","title":{"rendered":"Bosque da Amizade S\u00e3o Paulo &#8211; Tottori"},"content":{"rendered":"<div id=\"attachment_2183\" style=\"width: 392px\" class=\"wp-caption alignleft\"><img aria-describedby=\"caption-attachment-2183\" decoding=\"async\" loading=\"lazy\" class=\"wp-image-2183 size-wcfixedheightmedium\" src=\"https:\/\/smastr16.blob.core.windows.net\/2001\/sites\/261\/2022\/11\/bosque_da_amizade_sao_paulo-tottori2-382x300.jpg\" alt=\"\" width=\"382\" height=\"300\" srcset=\"https:\/\/smastr16.blob.core.windows.net\/2001\/sites\/261\/2022\/11\/bosque_da_amizade_sao_paulo-tottori2-382x300.jpg 382w, https:\/\/smastr16.blob.core.windows.net\/2001\/sites\/261\/2022\/11\/bosque_da_amizade_sao_paulo-tottori2-300x236.jpg 300w, https:\/\/smastr16.blob.core.windows.net\/2001\/sites\/261\/2022\/11\/bosque_da_amizade_sao_paulo-tottori2-768x604.jpg 768w, https:\/\/smastr16.blob.core.windows.net\/2001\/sites\/261\/2022\/11\/bosque_da_amizade_sao_paulo-tottori2-250x196.jpg 250w, https:\/\/smastr16.blob.core.windows.net\/2001\/sites\/261\/2022\/11\/bosque_da_amizade_sao_paulo-tottori2-550x432.jpg 550w, https:\/\/smastr16.blob.core.windows.net\/2001\/sites\/261\/2022\/11\/bosque_da_amizade_sao_paulo-tottori2-229x180.jpg 229w, https:\/\/smastr16.blob.core.windows.net\/2001\/sites\/261\/2022\/11\/bosque_da_amizade_sao_paulo-tottori2-636x500.jpg 636w, https:\/\/smastr16.blob.core.windows.net\/2001\/sites\/261\/2022\/11\/bosque_da_amizade_sao_paulo-tottori2.jpg 799w\" sizes=\"(max-width: 382px) 100vw, 382px\" \/><p id=\"caption-attachment-2183\" class=\"wp-caption-text\"><a href=\"https:\/\/drive.google.com\/file\/d\/1nA7vOkBDIVR9a0WR0AhSfwd2fN0BH5T2\/view\"> Bosque da Amizade S\u00e3o Paulo \u2013 Tottori<\/a> (PDF 95.4 MB)<\/p><\/div>\n<p style=\"text-align: justify\">A publica\u00e7\u00e3o, em edi\u00e7\u00e3o digital, do livro \u201cBosque da Amizade S\u00e3o Paulo \u2013 Tottori\u201d visa comemorar os 70 anos de funda\u00e7\u00e3o da Associa\u00e7\u00e3o Cultural Tottori-Kenjin do Brasil, que congrega os imigrantes procedentes da Prov\u00edncia de Tottori, Jap\u00e3o e seus descendentes. Al\u00e9m disso, presenta um relat\u00f3rio aos quase 500 colaboradores que viabilizaram, por meio de suas ades\u00f5es o plantio e a manuten\u00e7\u00e3o do Bosque, lembrando que cerca da metade desses colaboradores est\u00e3o radicados em Tottori, Jap\u00e3o, a mais de 20 mil km. da Mata Atl\u00e2ntica e mesmo assim compreenderam a import\u00e2ncia da conserva\u00e7\u00e3o e recupera\u00e7\u00e3o desse bioma, lema do Bosque e participaram, embora simbolicamente, na sua recupera\u00e7\u00e3o.<\/p>\n<p style=\"text-align: justify\">O exemplar presta uma homenagens ao antigo Instituto Florestal, atual Instituto de Pesquisas Ambientais da Secretaria de Infraestrutura e Meio Ambiente do Estado de S\u00e3o Paulo, que disponibilizou as \u00e1reas mais nobres junto \u00e0 sua sede para a instala\u00e7\u00e3o do Bosque e tem dado todo o apoio para sua manuten\u00e7\u00e3o. Al\u00e9m de divulgar a Mata Atl\u00e2ntica, por meio de uma descri\u00e7\u00e3o suscinta das esp\u00e9cies que comp\u00f5em o Bosque, ilustradas com respectivas fotografias. Atualmente a cole\u00e7\u00e3o \u00e9 formada por 117 esp\u00e9cies, sendo 108 nativas, predominantemente desse bioma e 9 introduzidas. O Bosque oferece um \u201claborat\u00f3rio a c\u00e9u aberto\u201d, onde poder\u00e3o ser efetuadas pesquisas fenol\u00f3gicas, absor\u00e7\u00e3o de CO2 , fixa\u00e7\u00e3o de carbono, etc. e tamb\u00e9m oferecer ao grande p\u00fablico uma oportunidade de conhecer mais de 100 esp\u00e9cies arb\u00f3reas e arbustivas numa caminhada de menos de 1 km. Enfim, a Associa\u00e7\u00e3o Cultural Tottori-Kenjin do Brasil espera que o Bosque da Amizade S\u00e3o Paulo \u2013 Tottori, contribua para o maior fortalecimento dos la\u00e7os entre o Brasil e Tottori.<\/p>\n<ul>\n<li>Bosque da Amizade S\u00e3o Paulo &#8211; Tottori <a href=\"https:\/\/drive.google.com\/file\/d\/1nA7vOkBDIVR9a0WR0AhSfwd2fN0BH5T2\/view\">CLIQUE AQUI<\/a> (PDF 95.4 MB)<\/li>\n<\/ul>\n<p><img decoding=\"async\" loading=\"lazy\" class=\"alignnone size-thumbnail wp-image-159\" src=\"https:\/\/smastr16.blob.core.windows.net\/2001\/sites\/261\/2021\/09\/ods-04-150x150.png\" alt=\"\" width=\"150\" height=\"150\" srcset=\"https:\/\/www.infraestruturameioambiente.sp.gov.br\/ipa\/wp-content\/uploads\/sites\/261\/2021\/09\/ods-04-150x150.png 150w, https:\/\/www.infraestruturameioambiente.sp.gov.br\/ipa\/wp-content\/uploads\/sites\/261\/2021\/09\/ods-04-48x48.png 48w, https:\/\/www.infraestruturameioambiente.sp.gov.br\/ipa\/wp-content\/uploads\/sites\/261\/2021\/09\/ods-04-180x180.png 180w, https:\/\/www.infraestruturameioambiente.sp.gov.br\/ipa\/wp-content\/uploads\/sites\/261\/2021\/09\/ods-04.png 225w\" sizes=\"(max-width: 150px) 100vw, 150px\" \/> <img decoding=\"async\" loading=\"lazy\" class=\"alignnone size-thumbnail wp-image-153\" src=\"https:\/\/smastr16.blob.core.windows.net\/2001\/sites\/261\/2021\/08\/ods-11-150x150.png\" alt=\"\" width=\"150\" height=\"150\" srcset=\"https:\/\/www.infraestruturameioambiente.sp.gov.br\/ipa\/wp-content\/uploads\/sites\/261\/2021\/08\/ods-11-150x150.png 150w, https:\/\/www.infraestruturameioambiente.sp.gov.br\/ipa\/wp-content\/uploads\/sites\/261\/2021\/08\/ods-11-48x48.png 48w, https:\/\/www.infraestruturameioambiente.sp.gov.br\/ipa\/wp-content\/uploads\/sites\/261\/2021\/08\/ods-11-180x180.png 180w, https:\/\/www.infraestruturameioambiente.sp.gov.br\/ipa\/wp-content\/uploads\/sites\/261\/2021\/08\/ods-11.png 225w\" sizes=\"(max-width: 150px) 100vw, 150px\" \/> <img decoding=\"async\" loading=\"lazy\" class=\"alignnone size-thumbnail wp-image-154\" src=\"https:\/\/smastr16.blob.core.windows.net\/2001\/sites\/261\/2021\/08\/ods-13-150x150.png\" alt=\"\" width=\"150\" height=\"150\" srcset=\"https:\/\/www.infraestruturameioambiente.sp.gov.br\/ipa\/wp-content\/uploads\/sites\/261\/2021\/08\/ods-13-150x150.png 150w, https:\/\/www.infraestruturameioambiente.sp.gov.br\/ipa\/wp-content\/uploads\/sites\/261\/2021\/08\/ods-13-48x48.png 48w, https:\/\/www.infraestruturameioambiente.sp.gov.br\/ipa\/wp-content\/uploads\/sites\/261\/2021\/08\/ods-13-180x180.png 180w, https:\/\/www.infraestruturameioambiente.sp.gov.br\/ipa\/wp-content\/uploads\/sites\/261\/2021\/08\/ods-13.png 225w\" sizes=\"(max-width: 150px) 100vw, 150px\" \/> <img decoding=\"async\" loading=\"lazy\" class=\"alignnone size-thumbnail wp-image-169\" src=\"https:\/\/smastr16.blob.core.windows.net\/2001\/sites\/261\/2021\/09\/ods-15-150x150.png\" alt=\"\" width=\"150\" height=\"150\" srcset=\"https:\/\/www.infraestruturameioambiente.sp.gov.br\/ipa\/wp-content\/uploads\/sites\/261\/2021\/09\/ods-15-150x150.png 150w, https:\/\/www.infraestruturameioambiente.sp.gov.br\/ipa\/wp-content\/uploads\/sites\/261\/2021\/09\/ods-15-48x48.png 48w, https:\/\/www.infraestruturameioambiente.sp.gov.br\/ipa\/wp-content\/uploads\/sites\/261\/2021\/09\/ods-15-180x180.png 180w, https:\/\/www.infraestruturameioambiente.sp.gov.br\/ipa\/wp-content\/uploads\/sites\/261\/2021\/09\/ods-15.png 225w\" sizes=\"(max-width: 150px) 100vw, 150px\" \/> <img decoding=\"async\" loading=\"lazy\" class=\"alignnone size-thumbnail wp-image-171\" src=\"https:\/\/smastr16.blob.core.windows.net\/2001\/sites\/261\/2021\/09\/ods-17-150x150.png\" alt=\"\" width=\"150\" height=\"150\" srcset=\"https:\/\/www.infraestruturameioambiente.sp.gov.br\/ipa\/wp-content\/uploads\/sites\/261\/2021\/09\/ods-17-150x150.png 150w, https:\/\/www.infraestruturameioambiente.sp.gov.br\/ipa\/wp-content\/uploads\/sites\/261\/2021\/09\/ods-17-48x48.png 48w, https:\/\/www.infraestruturameioambiente.sp.gov.br\/ipa\/wp-content\/uploads\/sites\/261\/2021\/09\/ods-17-180x180.png 180w, https:\/\/www.infraestruturameioambiente.sp.gov.br\/ipa\/wp-content\/uploads\/sites\/261\/2021\/09\/ods-17.png 225w\" sizes=\"(max-width: 150px) 100vw, 150px\" \/><\/p>\n","protected":false},"excerpt":{"rendered":"<p>A publica\u00e7\u00e3o, em edi\u00e7\u00e3o digital, do livro \u201cBosque da Amizade S\u00e3o Paulo \u2013 Tottori\u201d visa comemorar os 70 anos de funda\u00e7\u00e3o da Associa\u00e7\u00e3o Cultural Tottori-Kenjin do Brasil, que congrega os [&hellip;]<\/p>\n","protected":false},"author":196,"featured_media":0,"parent":0,"menu_order":0,"comment_status":"closed","ping_status":"closed","template":"","meta":[],"_links":{"self":[{"href":"https:\/\/www.infraestruturameioambiente.sp.gov.br\/ipa\/wp-json\/wp\/v2\/pages\/2055"}],"collection":[{"href":"https:\/\/www.infraestruturameioambiente.sp.gov.br\/ipa\/wp-json\/wp\/v2\/pages"}],"about":[{"href":"https:\/\/www.infraestruturameioambiente.sp.gov.br\/ipa\/wp-json\/wp\/v2\/types\/page"}],"author":[{"embeddable":true,"href":"https:\/\/www.infraestruturameioambiente.sp.gov.br\/ipa\/wp-json\/wp\/v2\/users\/196"}],"replies":[{"embeddable":true,"href":"https:\/\/www.infraestruturameioambiente.sp.gov.br\/ipa\/wp-json\/wp\/v2\/comments?post=2055"}],"version-history":[{"count":6,"href":"https:\/\/www.infraestruturameioambiente.sp.gov.br\/ipa\/wp-json\/wp\/v2\/pages\/2055\/revisions"}],"predecessor-version":[{"id":2184,"href":"https:\/\/www.infraestruturameioambiente.sp.gov.br\/ipa\/wp-json\/wp\/v2\/pages\/2055\/revisions\/2184"}],"wp:attachment":[{"href":"https:\/\/www.infraestruturameioambiente.sp.gov.br\/ipa\/wp-json\/wp\/v2\/media?parent=2055"}],"curies":[{"name":"wp","href":"https:\/\/api.w.org\/{rel}","templated":true}]}}