{"id":1841,"date":"2022-06-23T14:21:35","date_gmt":"2022-06-23T17:21:35","guid":{"rendered":"https:\/\/www.infraestruturameioambiente.sp.gov.br\/ipa\/?page_id=1841"},"modified":"2024-01-02T10:38:49","modified_gmt":"2024-01-02T13:38:49","slug":"fundacoes-de-apoio-nit","status":"publish","type":"page","link":"https:\/\/www.infraestruturameioambiente.sp.gov.br\/ipa\/nucleo-de-inovacao-tecnologica-nit-ipa\/fundacoes-de-apoio-nit\/","title":{"rendered":"Funda\u00e7\u00f5es de Apoio NIT"},"content":{"rendered":"<p>[vc_row][vc_column width=&#8221;2\/3&#8243;][vc_column_text]Aqui voc\u00ea encontra todos os extratos de acordos de coopera\u00e7\u00e3o, conv\u00eanios e instrumentos cong\u00eaneres firmados pelo <strong>IPA \u2013 Instituto de Pesquisas Ambientais<\/strong> por meio do seu NIT com Funda\u00e7\u00f5es de Apoio.<\/p>\n<ul>\n<li><a href=\"https:\/\/smastr16.blob.core.windows.net\/2001\/sites\/261\/2022\/06\/ac-001-2022-extrato-de-acordo-de-cooperacao-fundepag-25.02.2022.pdf\"><strong>Extrato de Acordo de Coopera\u00e7\u00e3o &#8211; Contrato AC 001\/2022<\/strong><\/a> &#8211; Acordo de coopera\u00e7\u00e3o para Pesquisa, Desenvolvimento e Inova\u00e7\u00e3o celebrado entre o Estado de S\u00e3o Paulo, por meio do Instituto de Pesquisas Ambientais e a Funda\u00e7\u00e3o de Desenvolvimento da Pesquisa do Agroneg\u00f3cio \u2013 FUNDEPAG. 25.02.2022.<\/li>\n<li><a href=\"https:\/\/smastr16.blob.core.windows.net\/2001\/sites\/261\/2022\/06\/ac-002-2022-extrato-de-acordo-de-cooperacao-fundag-25.02.2022.pdf\"><strong>Extrato de Acordo de Coopera\u00e7\u00e3o &#8211; Contrato AC 002\/2022<\/strong><\/a> &#8211; Acordo de coopera\u00e7\u00e3o para Pesquisa, Desenvolvimento e Inova\u00e7\u00e3o celebrado entre o Estado de S\u00e3o Paulo, por meio do Instituto de Pesquisas Ambientais e a Funda\u00e7\u00e3o de Apoio \u00e0 Pesquisa Agr\u00edcola \u2013 FUNDAG.<\/li>\n<li><a href=\"https:\/\/smastr16.blob.core.windows.net\/2001\/sites\/261\/2022\/06\/resolucao-sde-no-9-de-10.02.2022-credenciamento-fundag.pdf\"><strong>Resolu\u00e7\u00e3o SDE n\u00ba 09 de 10.02.2022<\/strong><\/a> &#8211; Credencia a Funda\u00e7\u00e3o de Apoio \u00e0 Pesquisa Agr\u00edcola &#8211; FUNDAG como funda\u00e7\u00e3o de apoio do Instituto de Pesquisas Ambientais \u2013 IPA.<\/li>\n<li><a href=\"https:\/\/smastr16.blob.core.windows.net\/2001\/sites\/261\/2022\/06\/resolucao-sde-no-10-de-10.02.2022-credenciamento-fundepag.pdf\"><strong>Resolu\u00e7\u00e3o SDE n\u00ba 10 de 10.02.2022<\/strong><\/a> &#8211; Credencia a Funda\u00e7\u00e3o de Desenvolvimento da Pesquisa do Agroneg\u00f3cio &#8211; FUNDEPAG como funda\u00e7\u00e3o de apoio do Instituto de Pesquisas Ambientais \u2013 IPA.<\/li>\n<\/ul>\n<p>[\/vc_column_text][\/vc_column][vc_column width=&#8221;1\/3&#8243;][vc_column_text]<\/p>\n<h4>NIT IPA<\/h4>\n<ul>\n<li><a href=\"https:\/\/www.infraestruturameioambiente.sp.gov.br\/ipa\/departamento-de-tecnologia-e-inovacao\/centro-de-inovacao-tecnologica\/nucleo-de-inovacao-tecnologica-nit-ipa\/sobre-o-nit\/\">Sobre o NIT<\/a><\/li>\n<li><a href=\"https:\/\/www.infraestruturameioambiente.sp.gov.br\/ipa\/departamento-de-tecnologia-e-inovacao\/centro-de-inovacao-tecnologica\/nucleo-de-inovacao-tecnologica-nit-ipa\/extratos\/\">Extratos<\/a><\/li>\n<li><a href=\"https:\/\/www.infraestruturameioambiente.sp.gov.br\/ipa\/departamento-de-tecnologia-e-inovacao\/centro-de-inovacao-tecnologica\/nucleo-de-inovacao-tecnologica-nit-ipa\/legislacao-nit\/\">Legisla\u00e7\u00e3o NIT<\/a><\/li>\n<li>Portf\u00f3lio de Tecnologias e Servi\u00e7os<\/li>\n<li><a href=\"https:\/\/www.infraestruturameioambiente.sp.gov.br\/ipa\/2022\/05\/bolsa-de-colaboracao-projeto-sistema-automatico-para-identificacao-de-madeiras\/\">Oportunidades<\/a><\/li>\n<li><a href=\"https:\/\/www.infraestruturameioambiente.sp.gov.br\/ipa\/departamento-de-tecnologia-e-inovacao\/centro-de-inovacao-tecnologica\/nucleo-de-inovacao-tecnologica-nit-ipa\/ordem-de-servico-nit\/\">Ordem de Servi\u00e7o<\/a><\/li>\n<li><a href=\"https:\/\/www.infraestruturameioambiente.sp.gov.br\/ipa\/category\/noticias\/noticias-nit\/\">Not\u00edcias NIT<\/a><\/li>\n<li><a href=\"https:\/\/www.infraestruturameioambiente.sp.gov.br\/ipa\/departamento-de-tecnologia-e-inovacao\/centro-de-inovacao-tecnologica\/nucleo-de-inovacao-tecnologica-nit-ipa\/fundacoes-de-apoio-nit\/\">Funda\u00e7\u00f5es de Apoio<\/a><\/li>\n<li><a href=\"https:\/\/www.infraestruturameioambiente.sp.gov.br\/ipa\/departamento-de-tecnologia-e-inovacao\/centro-de-inovacao-tecnologica\/nucleo-de-inovacao-tecnologica-nit-ipa\/cronograma-de-reunioes-do-nit\/\">Cronograma de reuni\u00f5es do NIT<\/a><\/li>\n<li>Participa\u00e7\u00e3o do NIT em eventos<\/li>\n<li><a href=\"https:\/\/www.infraestruturameioambiente.sp.gov.br\/ipa\/departamento-de-tecnologia-e-inovacao\/centro-de-inovacao-tecnologica\/nucleo-de-inovacao-tecnologica-nit-ipa\/relatorios-de-atividades-nit\/\">Relat\u00f3rio de Atividades NIT<\/a><\/li>\n<li><a href=\"https:\/\/www.infraestruturameioambiente.sp.gov.br\/ipa\/departamento-de-tecnologia-e-inovacao\/centro-de-inovacao-tecnologica\/nucleo-de-inovacao-tecnologica-nit-ipa\/fale-com-o-nit-ipa\/\">Fale com o NIT-IPA<\/a><\/li>\n<\/ul>\n<p>[\/vc_column_text][\/vc_column][\/vc_row]<\/p>\n","protected":false},"excerpt":{"rendered":"<p>[vc_row][vc_column width=&#8221;2\/3&#8243;][vc_column_text]Aqui voc\u00ea encontra todos os extratos de acordos de coopera\u00e7\u00e3o, conv\u00eanios e instrumentos cong\u00eaneres firmados pelo IPA \u2013 Instituto de Pesquisas Ambientais por meio do seu NIT com Funda\u00e7\u00f5es [&hellip;]<\/p>\n","protected":false},"author":196,"featured_media":0,"parent":591,"menu_order":0,"comment_status":"closed","ping_status":"closed","template":"","meta":[],"_links":{"self":[{"href":"https:\/\/www.infraestruturameioambiente.sp.gov.br\/ipa\/wp-json\/wp\/v2\/pages\/1841"}],"collection":[{"href":"https:\/\/www.infraestruturameioambiente.sp.gov.br\/ipa\/wp-json\/wp\/v2\/pages"}],"about":[{"href":"https:\/\/www.infraestruturameioambiente.sp.gov.br\/ipa\/wp-json\/wp\/v2\/types\/page"}],"author":[{"embeddable":true,"href":"https:\/\/www.infraestruturameioambiente.sp.gov.br\/ipa\/wp-json\/wp\/v2\/users\/196"}],"replies":[{"embeddable":true,"href":"https:\/\/www.infraestruturameioambiente.sp.gov.br\/ipa\/wp-json\/wp\/v2\/comments?post=1841"}],"version-history":[{"count":7,"href":"https:\/\/www.infraestruturameioambiente.sp.gov.br\/ipa\/wp-json\/wp\/v2\/pages\/1841\/revisions"}],"predecessor-version":[{"id":5537,"href":"https:\/\/www.infraestruturameioambiente.sp.gov.br\/ipa\/wp-json\/wp\/v2\/pages\/1841\/revisions\/5537"}],"up":[{"embeddable":true,"href":"https:\/\/www.infraestruturameioambiente.sp.gov.br\/ipa\/wp-json\/wp\/v2\/pages\/591"}],"wp:attachment":[{"href":"https:\/\/www.infraestruturameioambiente.sp.gov.br\/ipa\/wp-json\/wp\/v2\/media?parent=1841"}],"curies":[{"name":"wp","href":"https:\/\/api.w.org\/{rel}","templated":true}]}}