{"id":1662,"date":"2022-05-25T09:36:07","date_gmt":"2022-05-25T12:36:07","guid":{"rendered":"https:\/\/www.infraestruturameioambiente.sp.gov.br\/ipa\/?page_id=1662"},"modified":"2023-04-04T12:51:27","modified_gmt":"2023-04-04T15:51:27","slug":"analise-melissopalinologica-do-mel","status":"publish","type":"page","link":"https:\/\/www.infraestruturameioambiente.sp.gov.br\/ipa\/laboratorios\/analise-melissopalinologica-do-mel\/","title":{"rendered":"An\u00e1lise melissopalinol\u00f3gica do mel"},"content":{"rendered":"<p>[vc_row][vc_column width=&#8221;2\/3&#8243;][vc_column_text]O Laborat\u00f3rio de Palinologia mant\u00e9m um servi\u00e7o de an\u00e1lise melissopalinol\u00f3gica do mel, destinado ao atendimento de apicultores, meliponicultores, empresas e p\u00fablico em geral. \u00c9 com base na an\u00e1lise microsc\u00f3pica do p\u00f3len presente no mel, que se indica a florada de um determinado lote do produto e se faz sua certifica\u00e7\u00e3o de origem bot\u00e2nica.<\/p>\n<p>Para a realiza\u00e7\u00e3o do or\u00e7amento \u00e9 necess\u00e1rio escolher entre dois tipos de laudos laboratoriais t\u00e9cnicos de an\u00e1lise melissopalinol\u00f3gica do mel:<\/p>\n<p>1) Laudo simples de confirma\u00e7\u00e3o da presen\u00e7a de p\u00f3len e verifica\u00e7\u00e3o de outros elementos microsc\u00f3picos no sedimento do mel (gr\u00e3os de amido, fungos, bact\u00e9rias, etc), que avaliam determinadas condi\u00e7\u00f5es ambientais, de higiene e do manejo do api\u00e1rio\/melipon\u00e1rio. Essa an\u00e1lise certifica se a amostra \u00e9 de mel floral, melato ou de poss\u00edveis fraudes e se baseia na <a href=\"https:\/\/www.gov.br\/agricultura\/pt-br\/assuntos\/suasa\/regulamentos-tecnicos-de-identidade-e-qualidade-de-produtos-de-origem-animal-1\/rtiq-mel-e-produtos-apicolas\">Instru\u00e7\u00e3o Normativa N\u00ba 11 de 20 de outubro de 2000<\/a>, do Minist\u00e9rio da Agricultura e Abastecimento.<\/p>\n<p>2) Laudo completo de certifica\u00e7\u00e3o da origem bot\u00e2nica do mel. A identifica\u00e7\u00e3o completa da origem bot\u00e2nica do mel inclui o j\u00e1 descrito acima para o laudo simples, com acr\u00e9scimo dos nomes cient\u00edficos e vern\u00e1culos das poss\u00edveis esp\u00e9cies ou g\u00eaneros de plantas que contribu\u00edram com n\u00e9ctar para a forma\u00e7\u00e3o do produto. Quando a amostra for de mel floral, a avalia\u00e7\u00e3o final certificar\u00e1 sua(s) principal(ais) fonte(s) nectar\u00edfera(s).<\/p>\n<p>Para a realiza\u00e7\u00e3o do servi\u00e7o \u00e9 necess\u00e1rio o envio de um m\u00ednimo de 300 g de mel de cada amostra a ser analisada. O pote contendo a amostra deve estar muito bem vedado, para evitar derramamento durante o transporte, pelo correio. \u00c9 importante informar os dados de proced\u00eancia da amostra do mel (nome do api\u00e1rio\/melipon\u00e1rio, nome completo do apicultor\/meliponicultor, CNPJ da empresa, data de colheita do mel, munic\u00edpio e estado onde o mel foi produzido), assim como das poss\u00edveis floradas principais e plantas mel\u00edferas do local, e se a amostra \u00e9 de um \u00fanico local ou misturada de diferentes proced\u00eancias. A an\u00e1lise n\u00e3o ser\u00e1 impossibilitada caso n\u00e3o haja parte dessas informa\u00e7\u00f5es, mas o laudo ser\u00e1 menos acurado, com rela\u00e7\u00e3o as poss\u00edveis esp\u00e9cies de plantas nectar\u00edferas.<\/p>\n<p>A cobran\u00e7a deste servi\u00e7o t\u00e9cnico especializado ser\u00e1 efetivada por funda\u00e7\u00e3o de apoio, credenciada nos termos do <a href=\"https:\/\/www.al.sp.gov.br\/repositorio\/legislacao\/decreto\/2017\/decreto-62817-04.09.2017.html\">Decreto Estadual n\u00ba 62.817\/2017<\/a>. Consulte a <a href=\"https:\/\/smastr16.blob.core.windows.net\/2001\/sites\/261\/2023\/03\/tabela_de_precos_e_servicos_tecnicos_especializados_palino-ipa.pdf\">Tabela de Pre\u00e7os e Servi\u00e7os T\u00e9cnicos Especializados<\/a> do<a href=\"https:\/\/www.infraestruturameioambiente.sp.gov.br\/ipa\/laboratorios\/laboratorio-de-palinologia-palino-ipa\/\"> Laborat\u00f3rio de Palinologia PALINO-IPA<\/a>.<\/p>\n<p>O prazo de entrega do laudo laboratorial t\u00e9cnico ser\u00e1 combinado de antem\u00e3o com o interessado, conforme o n\u00famero de amostras e prefer\u00eancia pelo laudo simples ou completo.<\/p>\n<p>Maiores informa\u00e7\u00f5es podem ser obtidas pelo telefone: (11) 5067-6098 ou pelo e-mail: <a href=\"mailto:ipa.palino@sp.gov.br\"><span data-ogsb=\"white\">ipa.palino@sp.gov.br<\/span><\/a><\/p>\n<p><strong>Endere\u00e7o para envio do material:<\/strong><\/p>\n<p>Cynthia Fernandes Pinto da Luz<br \/>\nLaborat\u00f3rio de Palinologia<br \/>\nInstituto de Pesquisas Ambientais<br \/>\nAv. Miguel Est\u00e9fno, 3687 &#8211; \u00c1gua Funda<br \/>\nCEP: 04301-902 &#8211; S\u00e3o Paulo &#8211; SP<\/p>\n<ul>\n<li><a href=\"https:\/\/youtu.be\/37fEYPbhxq4\">Descubra a import\u00e2ncia dos gr\u00e3os de p\u00f3len<\/a> por Aline Lemos (V\u00eddeo)<\/li>\n<li><a href=\"https:\/\/youtu.be\/BaW-Z1NhxJU\">Veja a import\u00e2ncia da palinologia<\/a> por Gabriela Sakugawa (V\u00eddeo)<\/li>\n<\/ul>\n<p><strong>Aspecto geral de amostras de mel vistas ao microsc\u00f3pio \u00f3ptico<\/strong><\/p>\n<p><img decoding=\"async\" loading=\"lazy\" class=\"alignnone size-medium wp-image-1663\" src=\"https:\/\/smastr16.blob.core.windows.net\/2001\/sites\/261\/2022\/05\/mel_02-300x225.jpg\" alt=\"\" width=\"300\" height=\"225\" srcset=\"https:\/\/smastr16.blob.core.windows.net\/2001\/sites\/261\/2022\/05\/mel_02-300x225.jpg 300w, https:\/\/smastr16.blob.core.windows.net\/2001\/sites\/261\/2022\/05\/mel_02-250x188.jpg 250w, https:\/\/smastr16.blob.core.windows.net\/2001\/sites\/261\/2022\/05\/mel_02-550x413.jpg 550w, https:\/\/smastr16.blob.core.windows.net\/2001\/sites\/261\/2022\/05\/mel_02-240x180.jpg 240w, https:\/\/smastr16.blob.core.windows.net\/2001\/sites\/261\/2022\/05\/mel_02-399x300.jpg 399w, https:\/\/smastr16.blob.core.windows.net\/2001\/sites\/261\/2022\/05\/mel_02.jpg 599w\" sizes=\"(max-width: 300px) 100vw, 300px\" \/><img decoding=\"async\" loading=\"lazy\" class=\"alignnone size-medium wp-image-1664\" src=\"https:\/\/smastr16.blob.core.windows.net\/2001\/sites\/261\/2022\/05\/mel_01-300x224.jpg\" alt=\"\" width=\"300\" height=\"224\" srcset=\"https:\/\/smastr16.blob.core.windows.net\/2001\/sites\/261\/2022\/05\/mel_01-300x224.jpg 300w, https:\/\/smastr16.blob.core.windows.net\/2001\/sites\/261\/2022\/05\/mel_01-250x187.jpg 250w, https:\/\/smastr16.blob.core.windows.net\/2001\/sites\/261\/2022\/05\/mel_01-550x411.jpg 550w, https:\/\/smastr16.blob.core.windows.net\/2001\/sites\/261\/2022\/05\/mel_01-241x180.jpg 241w, https:\/\/smastr16.blob.core.windows.net\/2001\/sites\/261\/2022\/05\/mel_01-402x300.jpg 402w, https:\/\/smastr16.blob.core.windows.net\/2001\/sites\/261\/2022\/05\/mel_01.jpg 600w\" sizes=\"(max-width: 300px) 100vw, 300px\" \/>[\/vc_column_text][\/vc_column][vc_column width=&#8221;1\/3&#8243;][vc_column_text]<strong><span style=\"font-size: 14pt\">Nossos Endere\u00e7os<br \/>\n<\/span><\/strong><\/p>\n<ul>\n<li><a href=\"https:\/\/www.infraestruturameioambiente.sp.gov.br\/ipa\/laboratorios\/\">Laborat\u00f3rios<\/a><\/li>\n<li><a href=\"https:\/\/www.infraestruturameioambiente.sp.gov.br\/ipa\/enderecos\/\">Unidades<\/a><\/li>\n<\/ul>\n<p>[\/vc_column_text][\/vc_column][\/vc_row]<\/p>\n","protected":false},"excerpt":{"rendered":"<p>[vc_row][vc_column width=&#8221;2\/3&#8243;][vc_column_text]O Laborat\u00f3rio de Palinologia mant\u00e9m um servi\u00e7o de an\u00e1lise melissopalinol\u00f3gica do mel, destinado ao atendimento de apicultores, meliponicultores, empresas e p\u00fablico em geral. \u00c9 com base na an\u00e1lise microsc\u00f3pica [&hellip;]<\/p>\n","protected":false},"author":196,"featured_media":0,"parent":351,"menu_order":0,"comment_status":"closed","ping_status":"closed","template":"","meta":[],"_links":{"self":[{"href":"https:\/\/www.infraestruturameioambiente.sp.gov.br\/ipa\/wp-json\/wp\/v2\/pages\/1662"}],"collection":[{"href":"https:\/\/www.infraestruturameioambiente.sp.gov.br\/ipa\/wp-json\/wp\/v2\/pages"}],"about":[{"href":"https:\/\/www.infraestruturameioambiente.sp.gov.br\/ipa\/wp-json\/wp\/v2\/types\/page"}],"author":[{"embeddable":true,"href":"https:\/\/www.infraestruturameioambiente.sp.gov.br\/ipa\/wp-json\/wp\/v2\/users\/196"}],"replies":[{"embeddable":true,"href":"https:\/\/www.infraestruturameioambiente.sp.gov.br\/ipa\/wp-json\/wp\/v2\/comments?post=1662"}],"version-history":[{"count":9,"href":"https:\/\/www.infraestruturameioambiente.sp.gov.br\/ipa\/wp-json\/wp\/v2\/pages\/1662\/revisions"}],"predecessor-version":[{"id":3255,"href":"https:\/\/www.infraestruturameioambiente.sp.gov.br\/ipa\/wp-json\/wp\/v2\/pages\/1662\/revisions\/3255"}],"up":[{"embeddable":true,"href":"https:\/\/www.infraestruturameioambiente.sp.gov.br\/ipa\/wp-json\/wp\/v2\/pages\/351"}],"wp:attachment":[{"href":"https:\/\/www.infraestruturameioambiente.sp.gov.br\/ipa\/wp-json\/wp\/v2\/media?parent=1662"}],"curies":[{"name":"wp","href":"https:\/\/api.w.org\/{rel}","templated":true}]}}