{"id":1131,"date":"2022-04-06T13:45:24","date_gmt":"2022-04-06T16:45:24","guid":{"rendered":"https:\/\/portal-sima-homologacao.azurewebsites.net\/ipa\/?page_id=1131"},"modified":"2025-11-07T08:48:40","modified_gmt":"2025-11-07T11:48:40","slug":"sobre-o-nit","status":"publish","type":"page","link":"https:\/\/www.infraestruturameioambiente.sp.gov.br\/ipa\/nucleo-de-inovacao-tecnologica-nit-ipa\/sobre-o-nit\/","title":{"rendered":"Sobre o NIT"},"content":{"rendered":"<p>[vc_row][vc_column width=&#8221;2\/3&#8243;][vc_column_text]O Departamento de <strong>Inova\u00e7\u00e3o Tecnol\u00f3gica<\/strong> do <strong>IPA &#8211; Instituto de Pesquisas Ambientais<\/strong> <strong>(NIT\/IPA)<\/strong> institu\u00eddo nos termos do <a href=\"https:\/\/www.al.sp.gov.br\/repositorio\/legislacao\/decreto\/2017\/decreto-62817-04.09.2017.html\">Decreto 62.817 de 04 de setembro de 2017<\/a> tem sua composi\u00e7\u00e3o definida pela <a href=\"https:\/\/www.infraestruturameioambiente.sp.gov.br\/ipa\/2025\/05\/portaria-ipa-n-011-2025\/\">Portaria IPA 011\/2025<\/a>.<\/p>\n<p>Em conson\u00e2ncia com a miss\u00e3o institucional o NIT\/IPA ocupa posi\u00e7\u00e3o central na integra\u00e7\u00e3o de ambientes produtivos internos e externos, gerando oportunidades e estimulando as a\u00e7\u00f5es de Pesquisa, Desenvolvimento e Inova\u00e7\u00e3o de forma a atender as demandas socioambientais e suportando por meio da inova\u00e7\u00e3o as pol\u00edticas p\u00fablicas de meio ambiente.<\/p>\n<p>O Departamento de <strong>Inova\u00e7\u00e3o Tecnol\u00f3gica<\/strong> tem por finalidade gerir a pol\u00edtica de inova\u00e7\u00e3o no \u00e2mbito do IPA, com as seguintes atribui\u00e7\u00f5es:<\/p>\n<ul>\n<li class=\"Texto_Justificado\">I. promover e incentivar o desenvolvimento cient\u00edfico, a pesquisa, a capacita\u00e7\u00e3o cient\u00edfica e tecnol\u00f3gica e a inova\u00e7\u00e3o atrav\u00e9s de projetos de inova\u00e7\u00e3o tecnol\u00f3gica;<\/li>\n<li class=\"Texto_Justificado\">II. implementar e zelar pela pol\u00edtica de inova\u00e7\u00e3o do Instituto nas \u00e1reas de biodiversidade, bot\u00e2nica, geoci\u00eancias e ci\u00eancias florestais;<\/li>\n<li class=\"Texto_Justificado\">III. firmar instrumentos de coopera\u00e7\u00e3o com \u00f3rg\u00e3os e entidades p\u00fablicas e privadas, observadas as normas legais e regulamentares aplic\u00e1veis, para a execu\u00e7\u00e3o de projetos de pesquisa, de desenvolvimento cient\u00edfico, tecnol\u00f3gico e de inova\u00e7\u00e3o;<\/li>\n<li class=\"Texto_Justificado\">IV. articular a pesquisa aplicada e a inova\u00e7\u00e3o, servindo de elo com os setores produtivos;<\/li>\n<li class=\"Texto_Justificado\">V. elaborar e executar projetos voltados para execu\u00e7\u00e3o da pol\u00edtica de inova\u00e7\u00e3o e desenvolvimento tecnol\u00f3gico do Instituto;<\/li>\n<li class=\"Texto_Justificado\">VI. avaliar e classificar os resultados das atividades e dos projetos de pesquisa, para o atendimento das disposi\u00e7\u00f5es da Lei federal n\u00ba 10.973, de 2 de dezembro de 2004;<\/li>\n<li class=\"Texto_Justificado\">VII. analisar requerimentos apresentados por inventor independente para ado\u00e7\u00e3o de cria\u00e7\u00e3o, na forma do artigo 15 da Lei Complementar n\u00ba 1.049, de 19 de junho de 2008;<\/li>\n<li class=\"Texto_Justificado\">VIII. avaliar a conveni\u00eancia e promover a prote\u00e7\u00e3o das cria\u00e7\u00f5es desenvolvidas no Instituto de Pesquisas Ambientais;<\/li>\n<li class=\"Texto_Justificado\">IX. definir a conveni\u00eancia de divulga\u00e7\u00e3o das cria\u00e7\u00f5es desenvolvidas no Instituto de Pesquisas Ambientais e pass\u00edveis de prote\u00e7\u00e3o intelectual;<\/li>\n<li class=\"Texto_Justificado\">X. acompanhar o processamento dos pedidos e a manuten\u00e7\u00e3o dos t\u00edtulos de propriedade intelectual do Instituto de Pesquisas Ambientais;<\/li>\n<li class=\"Texto_Justificado\">XI. desenvolver estudos de prospec\u00e7\u00e3o tecnol\u00f3gica e de intelig\u00eancia competitiva no campo da propriedade intelectual, de forma a orientar as a\u00e7\u00f5es de inova\u00e7\u00e3o;<\/li>\n<li class=\"Texto_Justificado\">XII. elaborar estudos e estrat\u00e9gias para a transfer\u00eancia de inova\u00e7\u00e3o gerada pelo Instituto de Pesquisas Ambientais;<\/li>\n<li class=\"Texto_Justificado\">XIII. identificar atores e demais interessados em apresentar demandas e oportunidades relativas ao desenvolvimento de produtos baseados na biodiversidade;<\/li>\n<li class=\"Texto_Justificado\">XIV. exercer outras compet\u00eancias correlatas e complementares na sua \u00e1rea de atua\u00e7\u00e3o.<\/li>\n<\/ul>\n<p>[\/vc_column_text][\/vc_column][vc_column width=&#8221;1\/3&#8243;][vc_column_text]<\/p>\n<h4>NIT IPA<\/h4>\n<ul>\n<li><a href=\"https:\/\/www.infraestruturameioambiente.sp.gov.br\/ipa\/departamento-de-tecnologia-e-inovacao\/centro-de-inovacao-tecnologica\/nucleo-de-inovacao-tecnologica-nit-ipa\/sobre-o-nit\/\">Sobre o NIT<\/a><\/li>\n<li><a href=\"https:\/\/www.infraestruturameioambiente.sp.gov.br\/ipa\/departamento-de-tecnologia-e-inovacao\/centro-de-inovacao-tecnologica\/nucleo-de-inovacao-tecnologica-nit-ipa\/extratos\/\">Extratos<\/a><\/li>\n<li><a href=\"https:\/\/www.infraestruturameioambiente.sp.gov.br\/ipa\/departamento-de-tecnologia-e-inovacao\/centro-de-inovacao-tecnologica\/nucleo-de-inovacao-tecnologica-nit-ipa\/legislacao-nit\/\">Legisla\u00e7\u00e3o NIT<\/a><\/li>\n<li>Portf\u00f3lio de Tecnologias e Servi\u00e7os<\/li>\n<li><a href=\"https:\/\/www.infraestruturameioambiente.sp.gov.br\/ipa\/2022\/05\/bolsa-de-colaboracao-projeto-sistema-automatico-para-identificacao-de-madeiras\/\">Oportunidades<\/a><\/li>\n<li><a href=\"https:\/\/www.infraestruturameioambiente.sp.gov.br\/ipa\/departamento-de-tecnologia-e-inovacao\/centro-de-inovacao-tecnologica\/nucleo-de-inovacao-tecnologica-nit-ipa\/ordem-de-servico-nit\/\">Ordem de Servi\u00e7o<\/a><\/li>\n<li><a href=\"https:\/\/www.infraestruturameioambiente.sp.gov.br\/ipa\/category\/noticias\/noticias-nit\/\">Not\u00edcias NIT<\/a><\/li>\n<li><a href=\"https:\/\/www.infraestruturameioambiente.sp.gov.br\/ipa\/departamento-de-tecnologia-e-inovacao\/centro-de-inovacao-tecnologica\/nucleo-de-inovacao-tecnologica-nit-ipa\/fundacoes-de-apoio-nit\/\">Funda\u00e7\u00f5es de Apoio<\/a><\/li>\n<li><a href=\"https:\/\/www.infraestruturameioambiente.sp.gov.br\/ipa\/departamento-de-tecnologia-e-inovacao\/centro-de-inovacao-tecnologica\/nucleo-de-inovacao-tecnologica-nit-ipa\/cronograma-de-reunioes-do-nit\/\">Cronograma de reuni\u00f5es do NIT<\/a><\/li>\n<li>Participa\u00e7\u00e3o do NIT em eventos<\/li>\n<li><a href=\"https:\/\/www.infraestruturameioambiente.sp.gov.br\/ipa\/departamento-de-tecnologia-e-inovacao\/centro-de-inovacao-tecnologica\/nucleo-de-inovacao-tecnologica-nit-ipa\/relatorios-de-atividades-nit\/\">Relat\u00f3rio de Atividades NIT<\/a><\/li>\n<li><a href=\"https:\/\/www.infraestruturameioambiente.sp.gov.br\/ipa\/departamento-de-tecnologia-e-inovacao\/centro-de-inovacao-tecnologica\/nucleo-de-inovacao-tecnologica-nit-ipa\/fale-com-o-nit-ipa\/\">Fale com o NIT-IPA<\/a><\/li>\n<\/ul>\n<p>[\/vc_column_text][\/vc_column][\/vc_row]<\/p>\n","protected":false},"excerpt":{"rendered":"<p>[vc_row][vc_column width=&#8221;2\/3&#8243;][vc_column_text]O Departamento de Inova\u00e7\u00e3o Tecnol\u00f3gica do IPA &#8211; Instituto de Pesquisas Ambientais (NIT\/IPA) institu\u00eddo nos termos do Decreto 62.817 de 04 de setembro de 2017 tem sua composi\u00e7\u00e3o definida [&hellip;]<\/p>\n","protected":false},"author":184,"featured_media":0,"parent":591,"menu_order":0,"comment_status":"closed","ping_status":"closed","template":"","meta":[],"_links":{"self":[{"href":"https:\/\/www.infraestruturameioambiente.sp.gov.br\/ipa\/wp-json\/wp\/v2\/pages\/1131"}],"collection":[{"href":"https:\/\/www.infraestruturameioambiente.sp.gov.br\/ipa\/wp-json\/wp\/v2\/pages"}],"about":[{"href":"https:\/\/www.infraestruturameioambiente.sp.gov.br\/ipa\/wp-json\/wp\/v2\/types\/page"}],"author":[{"embeddable":true,"href":"https:\/\/www.infraestruturameioambiente.sp.gov.br\/ipa\/wp-json\/wp\/v2\/users\/184"}],"replies":[{"embeddable":true,"href":"https:\/\/www.infraestruturameioambiente.sp.gov.br\/ipa\/wp-json\/wp\/v2\/comments?post=1131"}],"version-history":[{"count":8,"href":"https:\/\/www.infraestruturameioambiente.sp.gov.br\/ipa\/wp-json\/wp\/v2\/pages\/1131\/revisions"}],"predecessor-version":[{"id":8982,"href":"https:\/\/www.infraestruturameioambiente.sp.gov.br\/ipa\/wp-json\/wp\/v2\/pages\/1131\/revisions\/8982"}],"up":[{"embeddable":true,"href":"https:\/\/www.infraestruturameioambiente.sp.gov.br\/ipa\/wp-json\/wp\/v2\/pages\/591"}],"wp:attachment":[{"href":"https:\/\/www.infraestruturameioambiente.sp.gov.br\/ipa\/wp-json\/wp\/v2\/media?parent=1131"}],"curies":[{"name":"wp","href":"https:\/\/api.w.org\/{rel}","templated":true}]}}