{"id":1119,"date":"2022-04-06T10:52:54","date_gmt":"2022-04-06T13:52:54","guid":{"rendered":"https:\/\/portal-sima-homologacao.azurewebsites.net\/ipa\/?page_id=1119"},"modified":"2024-08-15T09:46:49","modified_gmt":"2024-08-15T12:46:49","slug":"publicacoes-cientificas","status":"publish","type":"page","link":"https:\/\/www.infraestruturameioambiente.sp.gov.br\/ipa\/publicacoes\/publicacoes-cientificas\/","title":{"rendered":"Publica\u00e7\u00f5es Cient\u00edficas"},"content":{"rendered":"<p>[vc_row][vc_column width=&#8221;2\/3&#8243;][vc_column_text]As publica\u00e7\u00f5es cient\u00edficas do <strong>IPA \u2013 Instituto de Pesquisas Ambientais<\/strong> t\u00eam como finalidade promover a dissemina\u00e7\u00e3o e a aplica\u00e7\u00e3o do conhecimento cient\u00edfico e tecnol\u00f3gico em Bot\u00e2nica, Geoci\u00eancias, Ci\u00eancias Florestais e Biodiversidade, em prol da ci\u00eancia, do desenvolvimento social e da comunidade, com planos e crit\u00e9rios definidos pelo <a href=\"https:\/\/www.infraestruturameioambiente.sp.gov.br\/ipa\/orgaos-colegiados\/conselho-editorial\/\">Conselho Editorial<\/a>.[\/vc_column_text][\/vc_column][vc_column width=&#8221;1\/3&#8243;][vc_column_text]<span style=\"font-size: 14pt\"><strong>Publica\u00e7\u00f5es<\/strong><\/span><\/p>\n<ul>\n<li><a href=\"https:\/\/www.infraestruturameioambiente.sp.gov.br\/ipa\/publicacoes\/anais-raibt\/\">Anais<\/a><\/li>\n<li>Boletins<\/li>\n<li>Cadernos<\/li>\n<li><a href=\"https:\/\/www.infraestruturameioambiente.sp.gov.br\/ipa\/caderno-de-resumo\/\">Cadernos de Resumos<\/a><\/li>\n<li><a href=\"https:\/\/www.infraestruturameioambiente.sp.gov.br\/ipa\/publicacoes\/cartilhas\/\">Cartilhas<\/a><\/li>\n<li><a href=\"https:\/\/www.infraestruturameioambiente.sp.gov.br\/ipa\/publicacoes\/serie-folhetos\/\">Folhetos<\/a> e Manuais<\/li>\n<li><a href=\"https:\/\/www.infraestruturameioambiente.sp.gov.br\/institutodebotanica\/ffesp_online\/\">Flora de S\u00e3o Paulo<\/a><\/li>\n<li>Livros<\/li>\n<li><a href=\"https:\/\/www.infraestruturameioambiente.sp.gov.br\/ipa\/publicacoes\/publicacoes-cientificas\/mapas\/\">Mapas<\/a><\/li>\n<li><a href=\"https:\/\/www.infraestruturameioambiente.sp.gov.br\/ipa\/publicacoes\/revistas-cientificas\/\">Peri\u00f3dicos<\/a><\/li>\n<li><a href=\"https:\/\/www.infraestruturameioambiente.sp.gov.br\/ipa\/relatorio\/\">Relat\u00f3rios<\/a><\/li>\n<li><a href=\"https:\/\/www.infraestruturameioambiente.sp.gov.br\/ipa\/publicacoes\/publicacoes-historicas\/\">Publica\u00e7\u00f5es Hist\u00f3ricas<\/a><\/li>\n<\/ul>\n<p>[\/vc_column_text][\/vc_column][\/vc_row]<\/p>\n","protected":false},"excerpt":{"rendered":"<p>[vc_row][vc_column width=&#8221;2\/3&#8243;][vc_column_text]As publica\u00e7\u00f5es cient\u00edficas do IPA \u2013 Instituto de Pesquisas Ambientais t\u00eam como finalidade promover a dissemina\u00e7\u00e3o e a aplica\u00e7\u00e3o do conhecimento cient\u00edfico e tecnol\u00f3gico em Bot\u00e2nica, Geoci\u00eancias, Ci\u00eancias Florestais [&hellip;]<\/p>\n","protected":false},"author":184,"featured_media":0,"parent":28,"menu_order":0,"comment_status":"closed","ping_status":"closed","template":"","meta":[],"_links":{"self":[{"href":"https:\/\/www.infraestruturameioambiente.sp.gov.br\/ipa\/wp-json\/wp\/v2\/pages\/1119"}],"collection":[{"href":"https:\/\/www.infraestruturameioambiente.sp.gov.br\/ipa\/wp-json\/wp\/v2\/pages"}],"about":[{"href":"https:\/\/www.infraestruturameioambiente.sp.gov.br\/ipa\/wp-json\/wp\/v2\/types\/page"}],"author":[{"embeddable":true,"href":"https:\/\/www.infraestruturameioambiente.sp.gov.br\/ipa\/wp-json\/wp\/v2\/users\/184"}],"replies":[{"embeddable":true,"href":"https:\/\/www.infraestruturameioambiente.sp.gov.br\/ipa\/wp-json\/wp\/v2\/comments?post=1119"}],"version-history":[{"count":14,"href":"https:\/\/www.infraestruturameioambiente.sp.gov.br\/ipa\/wp-json\/wp\/v2\/pages\/1119\/revisions"}],"predecessor-version":[{"id":6831,"href":"https:\/\/www.infraestruturameioambiente.sp.gov.br\/ipa\/wp-json\/wp\/v2\/pages\/1119\/revisions\/6831"}],"up":[{"embeddable":true,"href":"https:\/\/www.infraestruturameioambiente.sp.gov.br\/ipa\/wp-json\/wp\/v2\/pages\/28"}],"wp:attachment":[{"href":"https:\/\/www.infraestruturameioambiente.sp.gov.br\/ipa\/wp-json\/wp\/v2\/media?parent=1119"}],"curies":[{"name":"wp","href":"https:\/\/api.w.org\/{rel}","templated":true}]}}