{"id":1032,"date":"2022-04-01T11:22:28","date_gmt":"2022-04-01T14:22:28","guid":{"rendered":"https:\/\/portal-sima-homologacao.azurewebsites.net\/ipa\/?page_id=1032"},"modified":"2024-10-11T10:15:55","modified_gmt":"2024-10-11T13:15:55","slug":"revistas-cientificas","status":"publish","type":"page","link":"https:\/\/www.infraestruturameioambiente.sp.gov.br\/ipa\/publicacoes\/revistas-cientificas\/","title":{"rendered":"Revistas Cient\u00edficas"},"content":{"rendered":"<p>[vc_row][vc_column width=&#8221;2\/3&#8243;][vc_column_text]As revistas cient\u00edficas do <strong>IPA &#8211; Instituto de Pesquisas Ambientais<\/strong> t\u00eam como finalidade promover a dissemina\u00e7\u00e3o e a aplica\u00e7\u00e3o do conhecimento cient\u00edfico e tecnol\u00f3gico em Bot\u00e2nica, Geoci\u00eancias, Ci\u00eancias Florestais e Biodiversidade, em prol da ci\u00eancia, do desenvolvimento social e da comunidade, com planos e crit\u00e9rios definidos pelo Conselho Editorial de cada uma.<\/p>\n<p>&nbsp;<\/p>\n<p><a href=\"https:\/\/revistaig.emnuvens.com.br\/index\"><img decoding=\"async\" loading=\"lazy\" class=\"size-thumbnail wp-image-1748 alignleft\" src=\"https:\/\/smastr16.blob.core.windows.net\/2001\/sites\/261\/2022\/06\/revista_ig-150x150.jpg\" alt=\"\" width=\"150\" height=\"150\" srcset=\"https:\/\/smastr16.blob.core.windows.net\/2001\/sites\/261\/2022\/06\/revista_ig-150x150.jpg 150w, https:\/\/smastr16.blob.core.windows.net\/2001\/sites\/261\/2022\/06\/revista_ig-48x48.jpg 48w, https:\/\/smastr16.blob.core.windows.net\/2001\/sites\/261\/2022\/06\/revista_ig-250x250.jpg 250w, https:\/\/smastr16.blob.core.windows.net\/2001\/sites\/261\/2022\/06\/revista_ig-180x180.jpg 180w, https:\/\/smastr16.blob.core.windows.net\/2001\/sites\/261\/2022\/06\/revista_ig.jpg 300w\" sizes=\"(max-width: 150px) 100vw, 150px\" \/><\/a>A Revista do Instituto Geol\u00f3gico (ISSN 0100-929x, eISSN 2176-1892) \u00e9 uma revista de acesso aberto que tem como principal finalidade publicar trabalhos de car\u00e1ter cient\u00edfico ou tecnol\u00f3gico relacionados \u00e0s Geoci\u00eancias e \u00e1reas correlatas. Destina-se tamb\u00e9m \u00e0 publica\u00e7\u00e3o de revis\u00f5es, notas pr\u00e9vias, resumos, coment\u00e1rios, cr\u00edticas e r\u00e9plicas de artigos.<\/p>\n<p>Em virtude da fus\u00e3o dos institutos de pesquisa da pasta de Infraestrutura e Meio Ambiente do Estado de S\u00e3o Paulo (Geol\u00f3gico, Florestal e de Bot\u00e2nica) no atual Instituto de Pesquisas Ambientais, a Revista do Instituto Geol\u00f3gico (1980-2020) passou a se denominar Derbyana.<\/p>\n<p>&nbsp;<\/p>\n<p><a href=\"https:\/\/revistaig.emnuvens.com.br\/derbyana\"><img decoding=\"async\" loading=\"lazy\" class=\"wp-image-7247 size-full alignleft\" src=\"https:\/\/smastr16.blob.core.windows.net\/2001\/sites\/261\/2024\/10\/derbyana-nova.jpg\" alt=\"\" width=\"150\" height=\"150\" srcset=\"https:\/\/smastr16.blob.core.windows.net\/2001\/sites\/261\/2024\/10\/derbyana-nova.jpg 150w, https:\/\/smastr16.blob.core.windows.net\/2001\/sites\/261\/2024\/10\/derbyana-nova-48x48.jpg 48w\" sizes=\"(max-width: 150px) 100vw, 150px\" \/><\/a><\/p>\n<p style=\"text-align: left\">Derbyana (e-ISSN 2764-1465) \u00e9 uma revista de acesso aberto e peer-reviewed dedicada a Geoci\u00eancias do Instituto de Pesquisas Ambientais da Secretaria de Infraestrutura e Meio Ambiente do Estado de S\u00e3o Paulo, em continuidade \u00e0 Revista do Instituto Geol\u00f3gico (ISSN 0100-929x, eISSN 2176-1892), do instituto hom\u00f4nimo, com vig\u00eancia de 1980 a 2020.<\/p>\n<p style=\"text-align: left\">A revista tem como principal finalidade publicar trabalhos de car\u00e1ter cient\u00edfico ou tecnol\u00f3gico relacionados \u00e0s Geoci\u00eancias e \u00e1reas correlatas. Destina-se tamb\u00e9m \u00e0 publica\u00e7\u00e3o de revis\u00f5es, mapas e cartas, notas pr\u00e9vias, coment\u00e1rios, cr\u00edticas e r\u00e9plicas de artigos.<\/p>\n<p style=\"text-align: left\">A revista \u00e9 editada anualmente com publica\u00e7\u00e3o cont\u00ednua. Conta com um corpo consultivo permanente, composto por eminentes cientistas brasileiros e estrangeiros, especializados em diferentes ramos das Geoci\u00eancias.<\/p>\n<p style=\"text-align: left\">O nome Derbyana \u00e9 uma homenagem a Orville Adelbert Derby (1851-1915), um dos patronos das Geoci\u00eancias no Brasil e diretor da Commiss\u00e3o Geographica e Geol\u00f3gica de S\u00e3o Paulo, criada em 1886, que realizou pesquisas pioneiras sobre solo, clima, geomorfologia, geologia e hidrografia no \u00e2mbito do Estado de S\u00e3o Paulo. Essa Comiss\u00e3o, de cunho cient\u00edfico e expedicion\u00e1rio, foi o embri\u00e3o de diversas institui\u00e7\u00f5es de pesquisa do Estado de S\u00e3o Paulo tais como o Instituto Geol\u00f3gico, Instituto Florestal, Instituto de Bot\u00e2nica, Instituto Geogr\u00e1fico e Cartogr\u00e1fico, Instituto Astron\u00f4mico e Geof\u00edsico, Museu Paulista e Museu de Zoologia.<\/p>\n<p>&nbsp;<\/p>\n<p><a href=\"https:\/\/www.scielo.br\/j\/hoehnea\/\"> <img decoding=\"async\" loading=\"lazy\" class=\"size-full wp-image-464 alignleft\" src=\"https:\/\/smastr16.blob.core.windows.net\/2001\/sites\/261\/2022\/01\/hoehnea.jpg\" alt=\"\" width=\"150\" height=\"150\" srcset=\"https:\/\/www.infraestruturameioambiente.sp.gov.br\/ipa\/wp-content\/uploads\/sites\/261\/2022\/01\/hoehnea.jpg 150w, https:\/\/www.infraestruturameioambiente.sp.gov.br\/ipa\/wp-content\/uploads\/sites\/261\/2022\/01\/hoehnea-48x48.jpg 48w\" sizes=\"(max-width: 150px) 100vw, 150px\" \/><\/a>Hoehnea (e-ISSN 2236-8906) \u00e9 uma das Revistas Cient\u00edficas oficiais do Instituto de Pesquisas Ambientais. Foi fundada em 1971 pelo Instituto de Bot\u00e2nica (IBt), em substitui\u00e7\u00e3o aos Arquivos de Bot\u00e2nica do Estado de S\u00e3o Paulo, recebendo o nome em homenagem ao bot\u00e2nico Frederico Carlos Hoehne, que foi o fundador e primeiro Diretor daquela institui\u00e7\u00e3o. A especialidade da revista \u00e9 a publica\u00e7\u00e3o, de forma cont\u00ednua, de artigos originais, revis\u00f5es e notas cient\u00edficas em todas as \u00e1reas da Bot\u00e2nica e da Micologia (Anatomia, Biologia Celular, Biologia Molecular, Bioqu\u00edmica, Ecologia, Filogenia, Fisiologia, Gen\u00e9tica, Morfologia, Palinologia e Taxonomia), em Portugu\u00eas, Espanhol ou Ingl\u00eas. Trabalhos de revis\u00e3o s\u00e3o aceitos, a convite do Corpo Editorial, n\u00e3o devendo se restringir a compila\u00e7\u00f5es bibliogr\u00e1ficas, mas conter an\u00e1lise cr\u00edtica sobre determinado tema significativo para a comunidade cient\u00edfica. As notas cient\u00edficas devem apresentar avan\u00e7os t\u00e9cnicos e\/ou cient\u00edficos relevantes. N\u00e3o h\u00e1 cobran\u00e7a de taxas para o processamento dos artigos, editoradas pelo sistema Scholar One e o acesso \u00e0s mat\u00e9rias publicadas \u00e9 livre, seguindo o regramento do \u201cOpen Access\u201d, atrav\u00e9s da Plataforma do SciELO.<\/p>\n<p>&nbsp;<\/p>\n<p><a href=\"https:\/\/www.infraestruturameioambiente.sp.gov.br\/institutoflorestal\/publicacoes-if\/revista-do-if\/\"><img decoding=\"async\" loading=\"lazy\" class=\"size-full wp-image-465 alignleft\" src=\"https:\/\/smastr16.blob.core.windows.net\/2001\/sites\/261\/2022\/01\/if.jpg\" alt=\"Revista do IF\" width=\"150\" height=\"150\" srcset=\"https:\/\/www.infraestruturameioambiente.sp.gov.br\/ipa\/wp-content\/uploads\/sites\/261\/2022\/01\/if.jpg 150w, https:\/\/www.infraestruturameioambiente.sp.gov.br\/ipa\/wp-content\/uploads\/sites\/261\/2022\/01\/if-48x48.jpg 48w\" sizes=\"(max-width: 150px) 100vw, 150px\" \/><\/a>A Revista do Instituto Florestal (ISSN: online \u2013 ISSN 2178-5031 e impressa \u2013 ISSN 0103-2674) \u00e9 um peri\u00f3dico cient\u00edfico semestral. Surgiu em 1989, resultante da fus\u00e3o das publica\u00e7\u00f5es Silvicultura em S\u00e3o Paulo, de 1962, e Boletim T\u00e9cnico IF, de 1972.<\/p>\n<p>\u00c9 um peri\u00f3dico cient\u00edfico interdisciplinar, de acesso livre, que publica trabalhos in\u00e9ditos em Ci\u00eancias Florestais e ci\u00eancias afins, na forma de artigos cient\u00edficos, notas cient\u00edficas e artigos de revis\u00e3o, redigidos em portugu\u00eas, ingl\u00eas ou espanhol, nas seguintes \u00e1reas tem\u00e1ticas: Arboriza\u00e7\u00e3o urbana; \u00c1reas protegidas e conserva\u00e7\u00e3o da natureza; Conserva\u00e7\u00e3o da fauna; Ecologia; Economia e pol\u00edtica florestal; Gen\u00e9tica e melhoramento florestal; Geografia e planejamento ambiental; Hidrologia; Silvicultura; Taxonomia vegetal e fitogeografia; Tecnologia de produtos florestais.<\/p>\n<p>A Revista do IF \u00e9 filiada \u00e0 ABEC \u2013 Associa\u00e7\u00e3o Brasileira de Editores Cient\u00edficos. Est\u00e1 indexada nas fontes: Academic Journal Database; AGRIS \u2013 Internacional System of Agricultural Science and Technology; DOAJ \u2013 Directory of Open Acess Journal; Latindex \u2013 Sistema Regional de Informaci\u00f3n en L\u00ednea Revistas Cient\u00edficas de America Latina, el Caribe, Espa\u00f1a y Portugal; OALib \u2013 Open Acess Library; ROAD \u2013 Directory of Open Acess Scholarly Resources<\/p>\n<p>A \u00edntegra de todos os trabalhos cient\u00edficos publicados est\u00e3o dispon\u00edveis na lateral direita da p\u00e1gina. As instru\u00e7\u00f5es aos autores podem ser conferidas no na p\u00e1gina. Os manuscritos submetidos \u00e0 publica\u00e7\u00e3o s\u00e3o avaliados pelo sistema de Revis\u00e3o por Pares, tipo Duplo-cego. N\u00e3o h\u00e1 taxas para submiss\u00e3o ou publica\u00e7\u00e3o.[\/vc_column_text][\/vc_column][vc_column width=&#8221;1\/3&#8243;][vc_column_text]<span style=\"font-size: 14pt\"><strong>Revistas Cient\u00edficas<\/strong><\/span><\/p>\n<ul>\n<li style=\"list-style-type: none\">\n<ul>\n<li><a href=\"https:\/\/revistaig.emnuvens.com.br\/rig\">Revista do IG (1980 a 2020)<\/a><\/li>\n<li><a href=\"https:\/\/revistaig.emnuvens.com.br\/derbyana\"><em>Derbyana (2020 &#8211; atual)<\/em><\/a><\/li>\n<li><em><a href=\"https:\/\/www.scielo.br\/j\/hoehnea\/\">Hoehnea<\/a><\/em><\/li>\n<li><a href=\"https:\/\/www.infraestruturameioambiente.sp.gov.br\/institutoflorestal\/publicacoes-if\/revista-do-if\/\"><em>Florestal<\/em><\/a><\/li>\n<li><a href=\"https:\/\/www.infraestruturameioambiente.sp.gov.br\/ipa\/publicacoes\/publicacoes-virtuais\/\">Outras Publica\u00e7\u00f5es<\/a><\/li>\n<\/ul>\n<\/li>\n<\/ul>\n<p>[\/vc_column_text][\/vc_column][\/vc_row]<\/p>\n","protected":false},"excerpt":{"rendered":"<p>[vc_row][vc_column width=&#8221;2\/3&#8243;][vc_column_text]As revistas cient\u00edficas do IPA &#8211; Instituto de Pesquisas Ambientais t\u00eam como finalidade promover a dissemina\u00e7\u00e3o e a aplica\u00e7\u00e3o do conhecimento cient\u00edfico e tecnol\u00f3gico em Bot\u00e2nica, Geoci\u00eancias, Ci\u00eancias Florestais [&hellip;]<\/p>\n","protected":false},"author":184,"featured_media":0,"parent":28,"menu_order":0,"comment_status":"closed","ping_status":"closed","template":"","meta":[],"_links":{"self":[{"href":"https:\/\/www.infraestruturameioambiente.sp.gov.br\/ipa\/wp-json\/wp\/v2\/pages\/1032"}],"collection":[{"href":"https:\/\/www.infraestruturameioambiente.sp.gov.br\/ipa\/wp-json\/wp\/v2\/pages"}],"about":[{"href":"https:\/\/www.infraestruturameioambiente.sp.gov.br\/ipa\/wp-json\/wp\/v2\/types\/page"}],"author":[{"embeddable":true,"href":"https:\/\/www.infraestruturameioambiente.sp.gov.br\/ipa\/wp-json\/wp\/v2\/users\/184"}],"replies":[{"embeddable":true,"href":"https:\/\/www.infraestruturameioambiente.sp.gov.br\/ipa\/wp-json\/wp\/v2\/comments?post=1032"}],"version-history":[{"count":8,"href":"https:\/\/www.infraestruturameioambiente.sp.gov.br\/ipa\/wp-json\/wp\/v2\/pages\/1032\/revisions"}],"predecessor-version":[{"id":7248,"href":"https:\/\/www.infraestruturameioambiente.sp.gov.br\/ipa\/wp-json\/wp\/v2\/pages\/1032\/revisions\/7248"}],"up":[{"embeddable":true,"href":"https:\/\/www.infraestruturameioambiente.sp.gov.br\/ipa\/wp-json\/wp\/v2\/pages\/28"}],"wp:attachment":[{"href":"https:\/\/www.infraestruturameioambiente.sp.gov.br\/ipa\/wp-json\/wp\/v2\/media?parent=1032"}],"curies":[{"name":"wp","href":"https:\/\/api.w.org\/{rel}","templated":true}]}}