{"id":9919,"date":"2012-10-07T12:32:22","date_gmt":"2012-10-07T15:32:22","guid":{"rendered":"https:\/\/www.infraestruturameioambiente.sp.gov.br\/institutogeologico\/?page_id=9919"},"modified":"2022-11-25T15:00:09","modified_gmt":"2022-11-25T17:00:09","slug":"boletins-cgg","status":"publish","type":"page","link":"https:\/\/www.infraestruturameioambiente.sp.gov.br\/institutogeologico\/publicacoes\/boletim-cgg\/boletins-cgg\/","title":{"rendered":"Boletins CGG"},"content":{"rendered":"<div class=\"wc-gallery\"><div id='gallery-1' data-gutter-width='5' data-columns='3' class='gallery wc-gallery-captions-onhover gallery-link-none gallery-grid galleryid-9919 gallery-columns-3 gallery-size-thumbnail wc-gallery-bottomspace-default wc-gallery-gutter-5 wc-gallery-clear'><div class='gallery-item-wrapper gallery-item-position-1 gallery-item-attachment-10567 gallery-item-column-1'><div class='gallery-item'>\n\t\t\t\t<div class='gallery-item-inner'>\n\t\t\t\t\t<div class='gallery-icon portrait'>\n\t\t\t\t\t\t<img width=\"150\" height=\"150\" src=\"https:\/\/www.infraestruturameioambiente.sp.gov.br\/institutogeologico\/wp-content\/uploads\/sites\/233\/2017\/01\/Boletim_CGG_01-1889-150x150.jpg\" class=\"attachment-thumbnail size-thumbnail\" alt=\"\" decoding=\"async\" loading=\"lazy\" \/>\n\t\t\t\t\t<\/div>\n\t\t\t\t\t\t\t<div class='wp-caption-text gallery-caption'>\n\t\t\t\t\t\t\t\t<p>\n\t\t\t\t\t\t\t\t<a href=\"https:\/\/www.infraestruturameioambiente.sp.gov.br\/institutogeologico\/boletim-cgg\/01-1889\"> Boletim CGG 01 &#8211; Retrospecto Hist\u00f3rico dos Trabalhos Geographicos e Geologicos Effectuados na Provincia de S\u00e3o Paulo &#8211; 1889 (PDF &#8211; 8.9 MB)<\/a>\n\t\t\t\t\t\t\t\t<\/p>\n\t\t\t\t\t\t\t<\/div><\/div><\/div><\/div><div class='gallery-item-wrapper gallery-item-position-2 gallery-item-attachment-10578 gallery-item-column-2'><div class='gallery-item'>\n\t\t\t\t<div class='gallery-item-inner'>\n\t\t\t\t\t<div class='gallery-icon portrait'>\n\t\t\t\t\t\t<img width=\"150\" height=\"150\" src=\"https:\/\/www.infraestruturameioambiente.sp.gov.br\/institutogeologico\/wp-content\/uploads\/sites\/233\/2017\/01\/Boletim_CGG_02-1889-150x150.jpg\" class=\"attachment-thumbnail size-thumbnail\" alt=\"\" decoding=\"async\" loading=\"lazy\" \/>\n\t\t\t\t\t<\/div>\n\t\t\t\t\t\t\t<div class='wp-caption-text gallery-caption'>\n\t\t\t\t\t\t\t\t<p>\n\t\t\t\t\t\t\t\t<a href=\"https:\/\/www.infraestruturameioambiente.sp.gov.br\/institutogeologico\/boletim-cgg\/02-1889\"> Boletim 02 CGG &#8211; Reconhecimento Geol\u00f3gico do Valle do Paranapanema &#8211; 1889 (PDF &#8211; 17.1 MB)<\/a>\n\t\t\t\t\t\t\t\t<\/p>\n\t\t\t\t\t\t\t<\/div><\/div><\/div><\/div><div class='gallery-item-wrapper gallery-item-position-3 gallery-item-attachment-10581 gallery-item-column-3 gallery-item-last-column'><div class='gallery-item'>\n\t\t\t\t<div class='gallery-item-inner'>\n\t\t\t\t\t<div class='gallery-icon portrait'>\n\t\t\t\t\t\t<img width=\"150\" height=\"150\" src=\"https:\/\/www.infraestruturameioambiente.sp.gov.br\/institutogeologico\/wp-content\/uploads\/sites\/233\/2017\/01\/Boletim_CGG_03-1889-150x150.jpg\" class=\"attachment-thumbnail size-thumbnail\" alt=\"\" decoding=\"async\" loading=\"lazy\" \/>\n\t\t\t\t\t<\/div>\n\t\t\t\t\t\t\t<div class='wp-caption-text gallery-caption'>\n\t\t\t\t\t\t\t\t<p>\n\t\t\t\t\t\t\t\t<a href=\"https:\/\/www.infraestruturameioambiente.sp.gov.br\/institutogeologico\/boletim-cgg\/03-1889\"> Boletim 03 CGG &#8211; Dados Climatol\u00f3gicos dos Annos de 1887 e 1888 &#8211; 1889 (PDF &#8211; 8.1 MB)<\/a>\n\t\t\t\t\t\t\t\t<\/p>\n\t\t\t\t\t\t\t<\/div><\/div><\/div><\/div><div class='gallery-item-wrapper gallery-item-position-4 gallery-item-attachment-10584 gallery-item-column-1'><div class='gallery-item'>\n\t\t\t\t<div class='gallery-item-inner'>\n\t\t\t\t\t<div class='gallery-icon portrait'>\n\t\t\t\t\t\t<img width=\"150\" height=\"150\" src=\"https:\/\/www.infraestruturameioambiente.sp.gov.br\/institutogeologico\/wp-content\/uploads\/sites\/233\/2017\/01\/Boletim_CGG_04-1890-150x150.jpg\" class=\"attachment-thumbnail size-thumbnail\" alt=\"\" decoding=\"async\" loading=\"lazy\" \/>\n\t\t\t\t\t<\/div>\n\t\t\t\t\t\t\t<div class='wp-caption-text gallery-caption'>\n\t\t\t\t\t\t\t\t<p>\n\t\t\t\t\t\t\t\t <a href=\"https:\/\/www.infraestruturameioambiente.sp.gov.br\/institutogeologico\/boletim-cgg\/04-1890\"> Boletim 04 CGG &#8211; Considera\u00e7\u00f5es Geographicas e Economicas sobre o Vale do Rio Paranapanema &#8211; 1890 (PDF &#8211; 52.2 MB)<\/a>\n\t\t\t\t\t\t\t\t<\/p>\n\t\t\t\t\t\t\t<\/div><\/div><\/div><\/div><div class='gallery-item-wrapper gallery-item-position-5 gallery-item-attachment-10587 gallery-item-column-2'><div class='gallery-item'>\n\t\t\t\t<div class='gallery-item-inner'>\n\t\t\t\t\t<div class='gallery-icon portrait'>\n\t\t\t\t\t\t<img width=\"150\" height=\"150\" src=\"https:\/\/www.infraestruturameioambiente.sp.gov.br\/institutogeologico\/wp-content\/uploads\/sites\/233\/2017\/01\/Boletim_CGG_05-1890-150x150.jpg\" class=\"attachment-thumbnail size-thumbnail\" alt=\"\" decoding=\"async\" loading=\"lazy\" \/>\n\t\t\t\t\t<\/div>\n\t\t\t\t\t\t\t<div class='wp-caption-text gallery-caption'>\n\t\t\t\t\t\t\t\t<p>\n\t\t\t\t\t\t\t\t <a href=\"https:\/\/www.infraestruturameioambiente.sp.gov.br\/institutogeologico\/boletim-cgg\/05-1890\"> Boletim 05 CGG &#8211; Contribui\u00e7\u00f5es para a Bot\u00e2nica Paulista &#8211; Regi\u00e3o Campestre &#8211; 1890 (PDF &#8211; 41.5 MB)<\/a>\n\t\t\t\t\t\t\t\t<\/p>\n\t\t\t\t\t\t\t<\/div><\/div><\/div><\/div><div class='gallery-item-wrapper gallery-item-position-6 gallery-item-attachment-10591 gallery-item-column-3 gallery-item-last-column'><div class='gallery-item'>\n\t\t\t\t<div class='gallery-item-inner'>\n\t\t\t\t\t<div class='gallery-icon portrait'>\n\t\t\t\t\t\t<img width=\"150\" height=\"150\" src=\"https:\/\/www.infraestruturameioambiente.sp.gov.br\/institutogeologico\/wp-content\/uploads\/sites\/233\/2017\/01\/Boletim_CGG_06-1889-150x150.jpg\" class=\"attachment-thumbnail size-thumbnail\" alt=\"\" decoding=\"async\" loading=\"lazy\" \/>\n\t\t\t\t\t<\/div>\n\t\t\t\t\t\t\t<div class='wp-caption-text gallery-caption'>\n\t\t\t\t\t\t\t\t<p>\n\t\t\t\t\t\t\t\t<a href=\"https:\/\/www.infraestruturameioambiente.sp.gov.br\/institutogeologico\/boletim-cgg\/06-189\"> Boletim 06 CGG &#8211; Dados Climatol\u00f3gicos &#8211; 1890 (PDF &#8211; 41.2 MB)<\/a>\n\t\t\t\t\t\t\t\t<\/p>\n\t\t\t\t\t\t\t<\/div><\/div><\/div><\/div><div class='gallery-item-wrapper gallery-item-position-7 gallery-item-attachment-10598 gallery-item-column-1'><div class='gallery-item'>\n\t\t\t\t<div class='gallery-item-inner'>\n\t\t\t\t\t<div class='gallery-icon portrait'>\n\t\t\t\t\t\t<img width=\"150\" height=\"150\" src=\"https:\/\/www.infraestruturameioambiente.sp.gov.br\/institutogeologico\/wp-content\/uploads\/sites\/233\/2017\/01\/Boletim_CGG_07-1890-150x150.jpg\" class=\"attachment-thumbnail size-thumbnail\" alt=\"\" decoding=\"async\" loading=\"lazy\" \/>\n\t\t\t\t\t<\/div>\n\t\t\t\t\t\t\t<div class='wp-caption-text gallery-caption'>\n\t\t\t\t\t\t\t\t<p>\n\t\t\t\t\t\t\t\t <a href=\"https:\/\/www.infraestruturameioambiente.sp.gov.br\/institutogeologico\/boletim-cgg\/07-1890\"> Boletim 07 CGG &#8211; Contribui\u00e7\u00f5es Mineral\u00f3gicas e Petrographicas &#8211; 1890 (PDF &#8211; 29.5 MB)<\/a>\n\t\t\t\t\t\t\t\t<\/p>\n\t\t\t\t\t\t\t<\/div><\/div><\/div><\/div><div class='gallery-item-wrapper gallery-item-position-8 gallery-item-attachment-10604 gallery-item-column-2'><div class='gallery-item'>\n\t\t\t\t<div class='gallery-item-inner'>\n\t\t\t\t\t<div class='gallery-icon portrait'>\n\t\t\t\t\t\t<img width=\"150\" height=\"150\" src=\"https:\/\/www.infraestruturameioambiente.sp.gov.br\/institutogeologico\/wp-content\/uploads\/sites\/233\/2017\/01\/Boletim_CGG_08-1890-150x150.jpg\" class=\"attachment-thumbnail size-thumbnail\" alt=\"\" decoding=\"async\" loading=\"lazy\" \/>\n\t\t\t\t\t<\/div>\n\t\t\t\t\t\t\t<div class='wp-caption-text gallery-caption'>\n\t\t\t\t\t\t\t\t<p>\n\t\t\t\t\t\t\t\t<a href=\"https:\/\/www.infraestruturameioambiente.sp.gov.br\/institutogeologico\/boletim-cgg\/08-1891\"> Boletim 08 CGG &#8211; Dados Climatol\u00f3gicos do ano 1890 &#8211; 1891 (PDF &#8211; 50.3 MB)<\/a>\n\t\t\t\t\t\t\t\t<\/p>\n\t\t\t\t\t\t\t<\/div><\/div><\/div><\/div><div class='gallery-item-wrapper gallery-item-position-9 gallery-item-attachment-10607 gallery-item-column-3 gallery-item-last-column'><div class='gallery-item'>\n\t\t\t\t<div class='gallery-item-inner'>\n\t\t\t\t\t<div class='gallery-icon portrait'>\n\t\t\t\t\t\t<img width=\"150\" height=\"150\" src=\"https:\/\/www.infraestruturameioambiente.sp.gov.br\/institutogeologico\/wp-content\/uploads\/sites\/233\/2017\/01\/Boletim_CGG_09-1893-150x150.jpg\" class=\"attachment-thumbnail size-thumbnail\" alt=\"\" decoding=\"async\" loading=\"lazy\" \/>\n\t\t\t\t\t<\/div>\n\t\t\t\t\t\t\t<div class='wp-caption-text gallery-caption'>\n\t\t\t\t\t\t\t\t<p>\n\t\t\t\t\t\t\t\t<a href=\"https:\/\/www.infraestruturameioambiente.sp.gov.br\/institutogeologico\/boletim-cgg\/09-1893\"> Boletim 09 CGG &#8211; Contribui\u00e7\u00f5es para a Archeologia Paulista &#8211; Os Sambaquis de S\u00e3o Paulo &#8211; 1893 (PDF &#8211; 17.6 MB)<\/a>\n\t\t\t\t\t\t\t\t<\/p>\n\t\t\t\t\t\t\t<\/div><\/div><\/div><\/div><div class='gallery-item-wrapper gallery-item-position-10 gallery-item-attachment-10610 gallery-item-column-1'><div class='gallery-item'>\n\t\t\t\t<div class='gallery-item-inner'>\n\t\t\t\t\t<div class='gallery-icon portrait'>\n\t\t\t\t\t\t<img width=\"150\" height=\"150\" src=\"https:\/\/www.infraestruturameioambiente.sp.gov.br\/institutogeologico\/wp-content\/uploads\/sites\/233\/2017\/01\/Boletim_CGG_10-1894-150x150.jpg\" class=\"attachment-thumbnail size-thumbnail\" alt=\"\" decoding=\"async\" loading=\"lazy\" \/>\n\t\t\t\t\t<\/div>\n\t\t\t\t\t\t\t<div class='wp-caption-text gallery-caption'>\n\t\t\t\t\t\t\t\t<p>\n\t\t\t\t\t\t\t\t<a href=\"https:\/\/www.infraestruturameioambiente.sp.gov.br\/institutogeologico\/boletim-cgg\/10-1894\"> Boletim 10 CGG &#8211; Ensaio para Uma Synonimia dos Nomes Populares das Plantas Ind\u00edgenas do Estado de S\u00e3o Paulo &#8211; 1894 (Parte 1) (PDF &#8211; 19.7 MB)<\/a>\n\t\t\t\t\t\t\t\t<\/p>\n\t\t\t\t\t\t\t<\/div><\/div><\/div><\/div><div class='gallery-item-wrapper gallery-item-position-11 gallery-item-attachment-10615 gallery-item-column-2'><div class='gallery-item'>\n\t\t\t\t<div class='gallery-item-inner'>\n\t\t\t\t\t<div class='gallery-icon portrait'>\n\t\t\t\t\t\t<img width=\"150\" height=\"150\" src=\"https:\/\/www.infraestruturameioambiente.sp.gov.br\/institutogeologico\/wp-content\/uploads\/sites\/233\/2017\/01\/Boletim_CGG_11a-1896-150x150.jpg\" class=\"attachment-thumbnail size-thumbnail\" alt=\"\" decoding=\"async\" loading=\"lazy\" \/>\n\t\t\t\t\t<\/div>\n\t\t\t\t\t\t\t<div class='wp-caption-text gallery-caption'>\n\t\t\t\t\t\t\t\t<p>\n\t\t\t\t\t\t\t\t <a href=\"https:\/\/www.infraestruturameioambiente.sp.gov.br\/institutogeologico\/boletim-cgg\/11a-1896\"> Boletim 11 CGG &#8211; Ensaio para uma Distribui\u00e7\u00e3o dos Vegetais nos Diversos Grupos Floristicos &#8211; 1896 (1\u00aa Edi\u00e7\u00e3o) (PDF &#8211; 25.8 MB)<\/a>\n\t\t\t\t\t\t\t\t<\/p>\n\t\t\t\t\t\t\t<\/div><\/div><\/div><\/div><div class='gallery-item-wrapper gallery-item-position-12 gallery-item-attachment-10619 gallery-item-column-3 gallery-item-last-column'><div class='gallery-item'>\n\t\t\t\t<div class='gallery-item-inner'>\n\t\t\t\t\t<div class='gallery-icon portrait'>\n\t\t\t\t\t\t<img width=\"150\" height=\"150\" src=\"https:\/\/www.infraestruturameioambiente.sp.gov.br\/institutogeologico\/wp-content\/uploads\/sites\/233\/2017\/01\/Boletim_CGG_11b-1898-150x150.jpg\" class=\"attachment-thumbnail size-thumbnail\" alt=\"\" decoding=\"async\" loading=\"lazy\" \/>\n\t\t\t\t\t<\/div>\n\t\t\t\t\t\t\t<div class='wp-caption-text gallery-caption'>\n\t\t\t\t\t\t\t\t<p>\n\t\t\t\t\t\t\t\t <a href=\"https:\/\/www.infraestruturameioambiente.sp.gov.br\/institutogeologico\/boletim-cgg\/11b-1896\"> Boletim 11 CGG &#8211; Ensaio para uma Distribui\u00e7\u00e3o dos Vegetais nos Diversos Grupos Floristicos &#8211; 1896 (2\u00aa Edi\u00e7\u00e3o) (PDF &#8211; 14.6 MB)<\/a>\n\t\t\t\t\t\t\t\t<\/p>\n\t\t\t\t\t\t\t<\/div><\/div><\/div><\/div><div class='gallery-item-wrapper gallery-item-position-13 gallery-item-attachment-10623 gallery-item-column-1'><div class='gallery-item'>\n\t\t\t\t<div class='gallery-item-inner'>\n\t\t\t\t\t<div class='gallery-icon portrait'>\n\t\t\t\t\t\t<img width=\"150\" height=\"150\" src=\"https:\/\/www.infraestruturameioambiente.sp.gov.br\/institutogeologico\/wp-content\/uploads\/sites\/233\/2017\/01\/Boletim_CGG_12-1897-150x150.jpg\" class=\"attachment-thumbnail size-thumbnail\" alt=\"\" decoding=\"async\" loading=\"lazy\" \/>\n\t\t\t\t\t<\/div>\n\t\t\t\t\t\t\t<div class='wp-caption-text gallery-caption'>\n\t\t\t\t\t\t\t\t<p>\n\t\t\t\t\t\t\t\t<a href=\"https:\/\/www.infraestruturameioambiente.sp.gov.br\/institutogeologico\/boletim-cgg\/12-1897\"> Boletim 12 CGG &#8211; Flora Paulista I &#8211; Fam\u00edlia Compositae &#8211; 1897 (PDF &#8211; 41.1 MB)<\/a>\n\t\t\t\t\t\t\t\t<\/p>\n\t\t\t\t\t\t\t<\/div><\/div><\/div><\/div><div class='gallery-item-wrapper gallery-item-position-14 gallery-item-attachment-10626 gallery-item-column-2'><div class='gallery-item'>\n\t\t\t\t<div class='gallery-item-inner'>\n\t\t\t\t\t<div class='gallery-icon portrait'>\n\t\t\t\t\t\t<img width=\"150\" height=\"150\" src=\"https:\/\/www.infraestruturameioambiente.sp.gov.br\/institutogeologico\/wp-content\/uploads\/sites\/233\/2017\/01\/Boletim_CGG_13-1897-150x150.jpg\" class=\"attachment-thumbnail size-thumbnail\" alt=\"\" decoding=\"async\" loading=\"lazy\" \/>\n\t\t\t\t\t<\/div>\n\t\t\t\t\t\t\t<div class='wp-caption-text gallery-caption'>\n\t\t\t\t\t\t\t\t<p>\n\t\t\t\t\t\t\t\t<a href=\"https:\/\/www.infraestruturameioambiente.sp.gov.br\/institutogeologico\/boletim-cgg\/13-1897\"> Boletim 13 CGG &#8211; Flora Paulista II &#8211; Familias Solanaceae e Scrophulariaceae &#8211; 1897 (PDF &#8211; 51.1 MB)<\/a>\n\t\t\t\t\t\t\t\t<\/p>\n\t\t\t\t\t\t\t<\/div><\/div><\/div><\/div><div class='gallery-item-wrapper gallery-item-position-15 gallery-item-attachment-10629 gallery-item-column-3 gallery-item-last-column'><div class='gallery-item'>\n\t\t\t\t<div class='gallery-item-inner'>\n\t\t\t\t\t<div class='gallery-icon portrait'>\n\t\t\t\t\t\t<img width=\"150\" height=\"150\" src=\"https:\/\/www.infraestruturameioambiente.sp.gov.br\/institutogeologico\/wp-content\/uploads\/sites\/233\/2017\/01\/Boletim_CGG_14-1897-150x150.jpg\" class=\"attachment-thumbnail size-thumbnail\" alt=\"\" decoding=\"async\" loading=\"lazy\" \/>\n\t\t\t\t\t<\/div>\n\t\t\t\t\t\t\t<div class='wp-caption-text gallery-caption'>\n\t\t\t\t\t\t\t\t<p>\n\t\t\t\t\t\t\t\t<a href=\"https:\/\/www.infraestruturameioambiente.sp.gov.br\/institutogeologico\/boletim-cgg\/14-1897\"> Boletim 14 CGG &#8211; Flora Paulista III &#8211; Familias Campanulaceae Cucurbitaceae e Calyceraceae &#8211; 1897 (PDF &#8211; 57.9 MB)<\/a>\n\t\t\t\t\t\t\t\t<\/p>\n\t\t\t\t\t\t\t<\/div><\/div><\/div><\/div><div class='gallery-item-wrapper gallery-item-position-16 gallery-item-attachment-10632 gallery-item-column-1'><div class='gallery-item'>\n\t\t\t\t<div class='gallery-item-inner'>\n\t\t\t\t\t<div class='gallery-icon portrait'>\n\t\t\t\t\t\t<img width=\"150\" height=\"150\" src=\"https:\/\/www.infraestruturameioambiente.sp.gov.br\/institutogeologico\/wp-content\/uploads\/sites\/233\/2017\/01\/Boletim_CGG_15-1905-150x150.jpg\" class=\"attachment-thumbnail size-thumbnail\" alt=\"\" decoding=\"async\" loading=\"lazy\" \/>\n\t\t\t\t\t<\/div>\n\t\t\t\t\t\t\t<div class='wp-caption-text gallery-caption'>\n\t\t\t\t\t\t\t\t<p>\n\t\t\t\t\t\t\t\t<a href=\"https:\/\/www.infraestruturameioambiente.sp.gov.br\/institutogeologico\/boletim-cgg\/15-1905\"> Boletim 15 CGG &#8211; Flora Paulista IV &#8211; Fam\u00edlia Myrsinaceae &#8211; 1905 (PDF &#8211; 36.6 MB)<\/a>\n\t\t\t\t\t\t\t\t<\/p>\n\t\t\t\t\t\t\t<\/div><\/div><\/div><\/div><div class='gallery-item-wrapper gallery-item-position-17 gallery-item-attachment-10635 gallery-item-column-2'><div class='gallery-item'>\n\t\t\t\t<div class='gallery-item-inner'>\n\t\t\t\t\t<div class='gallery-icon portrait'>\n\t\t\t\t\t\t<img width=\"150\" height=\"150\" src=\"https:\/\/www.infraestruturameioambiente.sp.gov.br\/institutogeologico\/wp-content\/uploads\/sites\/233\/2017\/01\/Boletim_CGG_16-1906-150x150.jpg\" class=\"attachment-thumbnail size-thumbnail\" alt=\"\" decoding=\"async\" loading=\"lazy\" \/>\n\t\t\t\t\t<\/div>\n\t\t\t\t\t\t\t<div class='wp-caption-text gallery-caption'>\n\t\t\t\t\t\t\t\t<p>\n\t\t\t\t\t\t\t\t<a href=\"https:\/\/www.infraestruturameioambiente.sp.gov.br\/institutogeologico\/boletim-cgg\/16-1906\"> Boletim 16 CGG &#8211; Ensaio para uma Synonimia Nomes Populares Plantas Ind\u00edgena Estado S\u00e3o Paulo &#8211; 1906 (Parte 2) (PDF &#8211; 23.9 MB)<\/a>\n\t\t\t\t\t\t\t\t<\/p>\n\t\t\t\t\t\t\t<\/div><\/div><\/div><\/div><div class='gallery-item-wrapper gallery-item-position-18 gallery-item-attachment-10640 gallery-item-column-3 gallery-item-last-column'><div class='gallery-item'>\n\t\t\t\t<div class='gallery-item-inner'>\n\t\t\t\t\t<div class='gallery-icon portrait'>\n\t\t\t\t\t\t<img width=\"150\" height=\"150\" src=\"https:\/\/www.infraestruturameioambiente.sp.gov.br\/institutogeologico\/wp-content\/uploads\/sites\/233\/2017\/01\/Boletim_CGG_17-1906-150x150.jpg\" class=\"attachment-thumbnail size-thumbnail\" alt=\"\" decoding=\"async\" loading=\"lazy\" \/>\n\t\t\t\t\t<\/div>\n\t\t\t\t\t\t\t<div class='wp-caption-text gallery-caption'>\n\t\t\t\t\t\t\t\t<p>\n\t\t\t\t\t\t\t\t<a href=\"https:\/\/www.infraestruturameioambiente.sp.gov.br\/institutogeologico\/boletim-cgg\/17-1906\"> Boletim 17 CGG &#8211; Servi\u00e7o Meteorol\u00f3gico &#8211; Dados Climatol\u00f3gicos do Anno 1903 &#8211; 1906 (PDF &#8211; 17.2 MB)<\/a>\n\t\t\t\t\t\t\t\t<\/p>\n\t\t\t\t\t\t\t<\/div><\/div><\/div><\/div><div class='gallery-item-wrapper gallery-item-position-19 gallery-item-attachment-10644 gallery-item-column-1'><div class='gallery-item'>\n\t\t\t\t<div class='gallery-item-inner'>\n\t\t\t\t\t<div class='gallery-icon portrait'>\n\t\t\t\t\t\t<img width=\"150\" height=\"150\" src=\"https:\/\/www.infraestruturameioambiente.sp.gov.br\/institutogeologico\/wp-content\/uploads\/sites\/233\/2017\/01\/Boletim_CGG_18-1906-150x150.jpg\" class=\"attachment-thumbnail size-thumbnail\" alt=\"\" decoding=\"async\" loading=\"lazy\" \/>\n\t\t\t\t\t<\/div>\n\t\t\t\t\t\t\t<div class='wp-caption-text gallery-caption'>\n\t\t\t\t\t\t\t\t<p>\n\t\t\t\t\t\t\t\t<a href=\"https:\/\/www.infraestruturameioambiente.sp.gov.br\/institutogeologico\/boletim-cgg\/18-1906\"> Boletim 18 CGG &#8211; Servi\u00e7o Meteorol\u00f3gico &#8211; Dados Climatol\u00f3gicos do Ver\u00e3o de 1905-1906 &#8211; 1906 (PDF &#8211; 30.6 MB)<\/a>\n\t\t\t\t\t\t\t\t<\/p>\n\t\t\t\t\t\t\t<\/div><\/div><\/div><\/div><div class='gallery-item-wrapper gallery-item-position-20 gallery-item-attachment-10647 gallery-item-column-2'><div class='gallery-item'>\n\t\t\t\t<div class='gallery-item-inner'>\n\t\t\t\t\t<div class='gallery-icon portrait'>\n\t\t\t\t\t\t<img width=\"150\" height=\"150\" src=\"https:\/\/www.infraestruturameioambiente.sp.gov.br\/institutogeologico\/wp-content\/uploads\/sites\/233\/2017\/01\/Boletim_CGG_19-1906-150x150.jpg\" class=\"attachment-thumbnail size-thumbnail\" alt=\"\" decoding=\"async\" loading=\"lazy\" \/>\n\t\t\t\t\t<\/div>\n\t\t\t\t\t\t\t<div class='wp-caption-text gallery-caption'>\n\t\t\t\t\t\t\t\t<p>\n\t\t\t\t\t\t\t\t<a href=\"https:\/\/www.infraestruturameioambiente.sp.gov.br\/institutogeologico\/boletim-cgg\/19-1906\"> Boletim 19 CGG &#8211; Servi\u00e7o Meteorol\u00f3gico &#8211; Dados Climatol\u00f3gicos do Outomno de 1906 &#8211; 1906 (PDF &#8211; 14.3 MB)<\/a>\n\t\t\t\t\t\t\t\t<\/p>\n\t\t\t\t\t\t\t<\/div><\/div><\/div><\/div><div class='gallery-item-wrapper gallery-item-position-21 gallery-item-attachment-10650 gallery-item-column-3 gallery-item-last-column'><div class='gallery-item'>\n\t\t\t\t<div class='gallery-item-inner'>\n\t\t\t\t\t<div class='gallery-icon portrait'>\n\t\t\t\t\t\t<img width=\"150\" height=\"150\" src=\"https:\/\/www.infraestruturameioambiente.sp.gov.br\/institutogeologico\/wp-content\/uploads\/sites\/233\/2017\/01\/Boletim_CGG_20-1906-150x150.jpg\" class=\"attachment-thumbnail size-thumbnail\" alt=\"\" decoding=\"async\" loading=\"lazy\" \/>\n\t\t\t\t\t<\/div>\n\t\t\t\t\t\t\t<div class='wp-caption-text gallery-caption'>\n\t\t\t\t\t\t\t\t<p>\n\t\t\t\t\t\t\t\t<a href=\"https:\/\/www.infraestruturameioambiente.sp.gov.br\/institutogeologico\/boletim-cgg\/20-1906\"> Boletim 20 CGG &#8211; Servi\u00e7o Meteorol\u00f3gico &#8211; Dados Climatol\u00f3gicos do Inverno de 1906 &#8211; 1906 (PDF &#8211; 14.1 MB)<\/a>\n\t\t\t\t\t\t\t\t<\/p>\n\t\t\t\t\t\t\t<\/div><\/div><\/div><\/div><div class='gallery-item-wrapper gallery-item-position-22 gallery-item-attachment-14002 gallery-item-column-1'><div class='gallery-item'>\n\t\t\t\t<div class='gallery-item-inner'>\n\t\t\t\t\t<div class='gallery-icon portrait'>\n\t\t\t\t\t\t<img width=\"150\" height=\"150\" src=\"https:\/\/smastr16.blob.core.windows.net\/igeo\/sites\/233\/2022\/11\/boletim_21_servico_meteorologico_primavera_de_1906_cgg_1906-150x150.jpg\" class=\"attachment-thumbnail size-thumbnail\" alt=\"\" decoding=\"async\" loading=\"lazy\" srcset=\"https:\/\/smastr16.blob.core.windows.net\/igeo\/sites\/233\/2022\/11\/boletim_21_servico_meteorologico_primavera_de_1906_cgg_1906-150x150.jpg 150w, https:\/\/smastr16.blob.core.windows.net\/igeo\/sites\/233\/2022\/11\/boletim_21_servico_meteorologico_primavera_de_1906_cgg_1906-48x48.jpg 48w, https:\/\/smastr16.blob.core.windows.net\/igeo\/sites\/233\/2022\/11\/boletim_21_servico_meteorologico_primavera_de_1906_cgg_1906-300x300.jpg 300w\" sizes=\"(max-width: 150px) 100vw, 150px\" \/>\n\t\t\t\t\t<\/div>\n\t\t\t\t\t\t\t<div class='wp-caption-text gallery-caption'>\n\t\t\t\t\t\t\t\t<p>\n\t\t\t\t\t\t\t\t<a href=\"https:\/\/www.infraestruturameioambiente.sp.gov.br\/institutogeologico\/2022\/11\/boletim-cgg-21-1906\/\"> Boletim 21 CGG \u2013 Servi\u00e7o Meteorol\u00f3gico Primavera de 1906 (PDF 15.7 MB)<\/a>\n\t\t\t\t\t\t\t\t<\/p>\n\t\t\t\t\t\t\t<\/div><\/div><\/div><\/div><div class='gallery-item-wrapper gallery-item-position-23 gallery-item-attachment-14008 gallery-item-column-2'><div class='gallery-item'>\n\t\t\t\t<div class='gallery-item-inner'>\n\t\t\t\t\t<div class='gallery-icon portrait'>\n\t\t\t\t\t\t<img width=\"150\" height=\"150\" src=\"https:\/\/smastr16.blob.core.windows.net\/igeo\/sites\/233\/2022\/11\/boletim_cgg_22-1930-150x150.jpg\" class=\"attachment-thumbnail size-thumbnail\" alt=\"\" decoding=\"async\" loading=\"lazy\" srcset=\"https:\/\/smastr16.blob.core.windows.net\/igeo\/sites\/233\/2022\/11\/boletim_cgg_22-1930-150x150.jpg 150w, https:\/\/smastr16.blob.core.windows.net\/igeo\/sites\/233\/2022\/11\/boletim_cgg_22-1930-48x48.jpg 48w, https:\/\/smastr16.blob.core.windows.net\/igeo\/sites\/233\/2022\/11\/boletim_cgg_22-1930-300x300.jpg 300w\" sizes=\"(max-width: 150px) 100vw, 150px\" \/>\n\t\t\t\t\t<\/div>\n\t\t\t\t\t\t\t<div class='wp-caption-text gallery-caption'>\n\t\t\t\t\t\t\t\t<p>\n\t\t\t\t\t\t\t\t<a href=\"https:\/\/www.infraestruturameioambiente.sp.gov.br\/institutogeologico\/2022\/11\/boletim-cgg-22-1930\/\"> Boletim 22 CGG &#8211; Petroleum Geology of The State of Sao Paulo &#8211; Brazil &#8211; 1930 (PDF 176.7 MB)<\/a>\n\t\t\t\t\t\t\t\t<\/p>\n\t\t\t\t\t\t\t<\/div><\/div><\/div><\/div><\/div>\n<\/div>\n<p>&nbsp;<\/p>\n<p>&nbsp;<\/p>\n","protected":false},"excerpt":{"rendered":"<p>&nbsp; &nbsp;<\/p>\n","protected":false},"author":96,"featured_media":0,"parent":9896,"menu_order":0,"comment_status":"closed","ping_status":"open","template":"","meta":[],"_links":{"self":[{"href":"https:\/\/www.infraestruturameioambiente.sp.gov.br\/institutogeologico\/wp-json\/wp\/v2\/pages\/9919"}],"collection":[{"href":"https:\/\/www.infraestruturameioambiente.sp.gov.br\/institutogeologico\/wp-json\/wp\/v2\/pages"}],"about":[{"href":"https:\/\/www.infraestruturameioambiente.sp.gov.br\/institutogeologico\/wp-json\/wp\/v2\/types\/page"}],"author":[{"embeddable":true,"href":"https:\/\/www.infraestruturameioambiente.sp.gov.br\/institutogeologico\/wp-json\/wp\/v2\/users\/96"}],"replies":[{"embeddable":true,"href":"https:\/\/www.infraestruturameioambiente.sp.gov.br\/institutogeologico\/wp-json\/wp\/v2\/comments?post=9919"}],"version-history":[{"count":9,"href":"https:\/\/www.infraestruturameioambiente.sp.gov.br\/institutogeologico\/wp-json\/wp\/v2\/pages\/9919\/revisions"}],"predecessor-version":[{"id":14010,"href":"https:\/\/www.infraestruturameioambiente.sp.gov.br\/institutogeologico\/wp-json\/wp\/v2\/pages\/9919\/revisions\/14010"}],"up":[{"embeddable":true,"href":"https:\/\/www.infraestruturameioambiente.sp.gov.br\/institutogeologico\/wp-json\/wp\/v2\/pages\/9896"}],"wp:attachment":[{"href":"https:\/\/www.infraestruturameioambiente.sp.gov.br\/institutogeologico\/wp-json\/wp\/v2\/media?parent=9919"}],"curies":[{"name":"wp","href":"https:\/\/api.w.org\/{rel}","templated":true}]}}