{"id":9896,"date":"2012-10-07T10:21:33","date_gmt":"2012-10-07T13:21:33","guid":{"rendered":"https:\/\/www.infraestruturameioambiente.sp.gov.br\/institutogeologico\/?page_id=9896"},"modified":"2020-11-05T11:50:00","modified_gmt":"2020-11-05T13:50:00","slug":"boletim-cgg","status":"publish","type":"page","link":"https:\/\/www.infraestruturameioambiente.sp.gov.br\/institutogeologico\/publicacoes\/boletim-cgg\/","title":{"rendered":"Boletim CGG"},"content":{"rendered":"<h2><\/h2>\n<h2>Boletim da Commiss\u00e3o Geographica e Geologica (1889-1930)<\/h2>\n<h2>(vers\u00e3o impressa \u2013 ISSN 2178-8111)<\/h2>\n<h2>(vers\u00e3o on-line\u00a0\u2013 ISSN 2525-7706)<\/h2>\n<p style=\"text-align: justify\">O Boletim da Comiss\u00e3o Geographica e Geologica &#8211; CGG foi um peri\u00f3dico editado em fasc\u00edculos com designa\u00e7\u00e3o num\u00e9rica e\/ou cronol\u00f3gica, em intervalos pr\u00e9-fixados (periodicidade), por tempo determinado (1889-1930), com a colabora\u00e7\u00e3o de um ou mais autores, tratando de assuntos sobre Geoci\u00eancias e \u00e1reas correlatas. Foram publica\u00e7\u00f5es de conte\u00fado t\u00e9cnico-cient\u00edfico com informa\u00e7\u00f5es baseadas em resultados experimentais ou n\u00e3o, que podiam conter informa\u00e7\u00f5es e\/ou observa\u00e7\u00f5es de cunho cient\u00edfico ou de divulga\u00e7\u00e3o emitindo opini\u00f5es que se apresentam sob a forma de boletim.<\/p>\n<p style=\"text-align: justify\"><a href=\"https:\/\/www.infraestruturameioambiente.sp.gov.br\/institutogeologico\/publicacoes\/boletim-cgg\/boletins-cgg\/\"><img decoding=\"async\" loading=\"lazy\" class=\"size-medium wp-image-10654 aligncenter\" src=\"https:\/\/www.infraestruturameioambiente.sp.gov.br\/wp-content\/uploads\/sites\/233\/2012\/10\/Capas_Boletins_CGG-300x193.jpg\" alt=\"Capas_Boletins_CGG\" width=\"300\" height=\"193\" srcset=\"https:\/\/www.infraestruturameioambiente.sp.gov.br\/institutogeologico\/wp-content\/uploads\/sites\/233\/2012\/10\/Capas_Boletins_CGG-300x193.jpg 300w, https:\/\/www.infraestruturameioambiente.sp.gov.br\/institutogeologico\/wp-content\/uploads\/sites\/233\/2012\/10\/Capas_Boletins_CGG-768x494.jpg 768w, https:\/\/www.infraestruturameioambiente.sp.gov.br\/institutogeologico\/wp-content\/uploads\/sites\/233\/2012\/10\/Capas_Boletins_CGG-420x270.jpg 420w, https:\/\/www.infraestruturameioambiente.sp.gov.br\/institutogeologico\/wp-content\/uploads\/sites\/233\/2012\/10\/Capas_Boletins_CGG-241x155.jpg 241w, https:\/\/www.infraestruturameioambiente.sp.gov.br\/institutogeologico\/wp-content\/uploads\/sites\/233\/2012\/10\/Capas_Boletins_CGG-151x97.jpg 151w, https:\/\/www.infraestruturameioambiente.sp.gov.br\/institutogeologico\/wp-content\/uploads\/sites\/233\/2012\/10\/Capas_Boletins_CGG-68x44.jpg 68w, https:\/\/www.infraestruturameioambiente.sp.gov.br\/institutogeologico\/wp-content\/uploads\/sites\/233\/2012\/10\/Capas_Boletins_CGG-129x83.jpg 129w, https:\/\/www.infraestruturameioambiente.sp.gov.br\/institutogeologico\/wp-content\/uploads\/sites\/233\/2012\/10\/Capas_Boletins_CGG-154x99.jpg 154w, https:\/\/www.infraestruturameioambiente.sp.gov.br\/institutogeologico\/wp-content\/uploads\/sites\/233\/2012\/10\/Capas_Boletins_CGG-70x45.jpg 70w, https:\/\/www.infraestruturameioambiente.sp.gov.br\/institutogeologico\/wp-content\/uploads\/sites\/233\/2012\/10\/Capas_Boletins_CGG-330x212.jpg 330w, https:\/\/www.infraestruturameioambiente.sp.gov.br\/institutogeologico\/wp-content\/uploads\/sites\/233\/2012\/10\/Capas_Boletins_CGG-69x44.jpg 69w, https:\/\/www.infraestruturameioambiente.sp.gov.br\/institutogeologico\/wp-content\/uploads\/sites\/233\/2012\/10\/Capas_Boletins_CGG.jpg 1000w\" sizes=\"(max-width: 300px) 100vw, 300px\" \/><\/a><\/p>\n<p>Para acessar os boletins <a href=\"https:\/\/www.infraestruturameioambiente.sp.gov.br\/institutogeologico\/publicacoes\/boletim-cgg\/boletins-cgg\/\">CLIQUE AQUI<\/a>.<\/p>\n<p>&nbsp;<\/p>\n<p>&nbsp;<\/p>\n","protected":false},"excerpt":{"rendered":"<p>Boletim da Commiss\u00e3o Geographica e Geologica (1889-1930) (vers\u00e3o impressa \u2013 ISSN 2178-8111) (vers\u00e3o on-line\u00a0\u2013 ISSN 2525-7706) O Boletim da Comiss\u00e3o Geographica e Geologica &#8211; CGG foi um peri\u00f3dico editado em fasc\u00edculos com designa\u00e7\u00e3o num\u00e9rica e\/ou cronol\u00f3gica, em intervalos pr\u00e9-fixados (periodicidade), por tempo determinado (1889-1930), com a colabora\u00e7\u00e3o de um ou mais autores, tratando de assuntos [&hellip;]<\/p>\n","protected":false},"author":96,"featured_media":0,"parent":41,"menu_order":0,"comment_status":"closed","ping_status":"open","template":"","meta":[],"_links":{"self":[{"href":"https:\/\/www.infraestruturameioambiente.sp.gov.br\/institutogeologico\/wp-json\/wp\/v2\/pages\/9896"}],"collection":[{"href":"https:\/\/www.infraestruturameioambiente.sp.gov.br\/institutogeologico\/wp-json\/wp\/v2\/pages"}],"about":[{"href":"https:\/\/www.infraestruturameioambiente.sp.gov.br\/institutogeologico\/wp-json\/wp\/v2\/types\/page"}],"author":[{"embeddable":true,"href":"https:\/\/www.infraestruturameioambiente.sp.gov.br\/institutogeologico\/wp-json\/wp\/v2\/users\/96"}],"replies":[{"embeddable":true,"href":"https:\/\/www.infraestruturameioambiente.sp.gov.br\/institutogeologico\/wp-json\/wp\/v2\/comments?post=9896"}],"version-history":[{"count":10,"href":"https:\/\/www.infraestruturameioambiente.sp.gov.br\/institutogeologico\/wp-json\/wp\/v2\/pages\/9896\/revisions"}],"predecessor-version":[{"id":13638,"href":"https:\/\/www.infraestruturameioambiente.sp.gov.br\/institutogeologico\/wp-json\/wp\/v2\/pages\/9896\/revisions\/13638"}],"up":[{"embeddable":true,"href":"https:\/\/www.infraestruturameioambiente.sp.gov.br\/institutogeologico\/wp-json\/wp\/v2\/pages\/41"}],"wp:attachment":[{"href":"https:\/\/www.infraestruturameioambiente.sp.gov.br\/institutogeologico\/wp-json\/wp\/v2\/media?parent=9896"}],"curies":[{"name":"wp","href":"https:\/\/api.w.org\/{rel}","templated":true}]}}