{"id":9893,"date":"2012-10-07T09:59:30","date_gmt":"2012-10-07T12:59:30","guid":{"rendered":"https:\/\/www.infraestruturameioambiente.sp.gov.br\/institutogeologico\/?page_id=9893"},"modified":"2020-11-05T11:53:49","modified_gmt":"2020-11-05T13:53:49","slug":"boletim-igg","status":"publish","type":"page","link":"https:\/\/www.infraestruturameioambiente.sp.gov.br\/institutogeologico\/publicacoes\/boletim-igg\/","title":{"rendered":"Boletim IGG"},"content":{"rendered":"<h2>Boletim do Instituto Geogr\u00e1fico e Geol\u00f3gico (1939-1975)<\/h2>\n<h2>(vers\u00e3o impressa \u2013 ISSN 0367-7877)<\/h2>\n<h2>(vers\u00e3o on-line\u00a0\u2013 ISSN 2525-7714)<\/h2>\n<p style=\"text-align: justify\">O Boletim do Instituto Geogr\u00e1fico e Geol\u00f3gico (IGG)\u00a0 foi um peri\u00f3dico editado em fasc\u00edculos com designa\u00e7\u00e3o num\u00e9rica e\/ou cronol\u00f3gica, em intervalos pr\u00e9-fixados (periodicidade), por tempo determinado (1939-1975), com a colabora\u00e7\u00e3o de um ou mais autores, tratando de assuntos sobre Geoci\u00eancias e \u00e1reas correlatas. Foram publica\u00e7\u00f5es de conte\u00fado t\u00e9cnico-cient\u00edfico com informa\u00e7\u00f5es baseadas em resultados experimentais ou n\u00e3o, que poderiam conter informa\u00e7\u00f5es e\/ou observa\u00e7\u00f5es de cunho cient\u00edfico ou de divulga\u00e7\u00e3o emitindo opini\u00f5es que se apresentam sob a forma de boletim.<\/p>\n<p><a href=\"https:\/\/www.infraestruturameioambiente.sp.gov.br\/institutogeologico\/publicacoes\/boletim-igg\/boletins-igg\/\"><img decoding=\"async\" loading=\"lazy\" class=\"aligncenter size-medium wp-image-9894\" src=\"https:\/\/www.infraestruturameioambiente.sp.gov.br\/wp-content\/uploads\/sites\/233\/2015\/10\/Boleim_IGG-191x300.jpg\" alt=\"Boleim_IGG\" width=\"191\" height=\"300\" srcset=\"https:\/\/www.infraestruturameioambiente.sp.gov.br\/institutogeologico\/wp-content\/uploads\/sites\/233\/2015\/10\/Boleim_IGG-191x300.jpg 191w, https:\/\/www.infraestruturameioambiente.sp.gov.br\/institutogeologico\/wp-content\/uploads\/sites\/233\/2015\/10\/Boleim_IGG-172x270.jpg 172w, https:\/\/www.infraestruturameioambiente.sp.gov.br\/institutogeologico\/wp-content\/uploads\/sites\/233\/2015\/10\/Boleim_IGG-98x155.jpg 98w, https:\/\/www.infraestruturameioambiente.sp.gov.br\/institutogeologico\/wp-content\/uploads\/sites\/233\/2015\/10\/Boleim_IGG-61x97.jpg 61w, https:\/\/www.infraestruturameioambiente.sp.gov.br\/institutogeologico\/wp-content\/uploads\/sites\/233\/2015\/10\/Boleim_IGG-43x68.jpg 43w, https:\/\/www.infraestruturameioambiente.sp.gov.br\/institutogeologico\/wp-content\/uploads\/sites\/233\/2015\/10\/Boleim_IGG-128x201.jpg 128w, https:\/\/www.infraestruturameioambiente.sp.gov.br\/institutogeologico\/wp-content\/uploads\/sites\/233\/2015\/10\/Boleim_IGG-82x129.jpg 82w, https:\/\/www.infraestruturameioambiente.sp.gov.br\/institutogeologico\/wp-content\/uploads\/sites\/233\/2015\/10\/Boleim_IGG-63x99.jpg 63w, https:\/\/www.infraestruturameioambiente.sp.gov.br\/institutogeologico\/wp-content\/uploads\/sites\/233\/2015\/10\/Boleim_IGG-44x70.jpg 44w, https:\/\/www.infraestruturameioambiente.sp.gov.br\/institutogeologico\/wp-content\/uploads\/sites\/233\/2015\/10\/Boleim_IGG.jpg 1000w\" sizes=\"(max-width: 191px) 100vw, 191px\" \/><\/a><\/p>\n<p>Para Acessar os Boletins <a href=\"https:\/\/www.infraestruturameioambiente.sp.gov.br\/institutogeologico\/publicacoes\/boletim-igg\/boletins-igg\/\">CLIQUE AQUI<\/a>.<\/p>\n","protected":false},"excerpt":{"rendered":"<p>Boletim do Instituto Geogr\u00e1fico e Geol\u00f3gico (1939-1975) (vers\u00e3o impressa \u2013 ISSN 0367-7877) (vers\u00e3o on-line\u00a0\u2013 ISSN 2525-7714) O Boletim do Instituto Geogr\u00e1fico e Geol\u00f3gico (IGG)\u00a0 foi um peri\u00f3dico editado em fasc\u00edculos com designa\u00e7\u00e3o num\u00e9rica e\/ou cronol\u00f3gica, em intervalos pr\u00e9-fixados (periodicidade), por tempo determinado (1939-1975), com a colabora\u00e7\u00e3o de um ou mais autores, tratando de assuntos sobre [&hellip;]<\/p>\n","protected":false},"author":96,"featured_media":0,"parent":41,"menu_order":0,"comment_status":"closed","ping_status":"open","template":"","meta":[],"_links":{"self":[{"href":"https:\/\/www.infraestruturameioambiente.sp.gov.br\/institutogeologico\/wp-json\/wp\/v2\/pages\/9893"}],"collection":[{"href":"https:\/\/www.infraestruturameioambiente.sp.gov.br\/institutogeologico\/wp-json\/wp\/v2\/pages"}],"about":[{"href":"https:\/\/www.infraestruturameioambiente.sp.gov.br\/institutogeologico\/wp-json\/wp\/v2\/types\/page"}],"author":[{"embeddable":true,"href":"https:\/\/www.infraestruturameioambiente.sp.gov.br\/institutogeologico\/wp-json\/wp\/v2\/users\/96"}],"replies":[{"embeddable":true,"href":"https:\/\/www.infraestruturameioambiente.sp.gov.br\/institutogeologico\/wp-json\/wp\/v2\/comments?post=9893"}],"version-history":[{"count":17,"href":"https:\/\/www.infraestruturameioambiente.sp.gov.br\/institutogeologico\/wp-json\/wp\/v2\/pages\/9893\/revisions"}],"predecessor-version":[{"id":13640,"href":"https:\/\/www.infraestruturameioambiente.sp.gov.br\/institutogeologico\/wp-json\/wp\/v2\/pages\/9893\/revisions\/13640"}],"up":[{"embeddable":true,"href":"https:\/\/www.infraestruturameioambiente.sp.gov.br\/institutogeologico\/wp-json\/wp\/v2\/pages\/41"}],"wp:attachment":[{"href":"https:\/\/www.infraestruturameioambiente.sp.gov.br\/institutogeologico\/wp-json\/wp\/v2\/media?parent=9893"}],"curies":[{"name":"wp","href":"https:\/\/api.w.org\/{rel}","templated":true}]}}