{"id":98,"date":"2012-02-29T11:38:33","date_gmt":"2012-02-29T14:38:33","guid":{"rendered":"https:\/\/www.infraestruturameioambiente.sp.gov.br\/institutogeologico\/?page_id=98"},"modified":"2023-04-27T13:40:11","modified_gmt":"2023-04-27T16:40:11","slug":"colecao-cientifica-geologica-do-estado-de-sao-paulo","status":"publish","type":"page","link":"https:\/\/www.infraestruturameioambiente.sp.gov.br\/institutogeologico\/laboratorio-e-geotecnologia\/laboratorio-litoteca\/colecao-cientifica-geologica-do-estado-de-sao-paulo\/","title":{"rendered":"Cole\u00e7\u00e3o Cient\u00edfica Geol\u00f3gica de SP"},"content":{"rendered":"<p>[vc_row][vc_column width=&#8221;2\/3&#8243;][vc_column_text]<\/p>\n<p style=\"text-align: justify\">A compra de diferentes equipamentos a serem obtidos para dotar o LABORAT\u00d3RIO LITOTECA permitir\u00e1 um correto armazenamento e identifica\u00e7\u00e3o do material geol\u00f3gico j\u00e1 dispon\u00edvel como daquele material que venha a ser adquirido, uma vez que a Cole\u00e7\u00e3o Cient\u00edfica tamb\u00e9m poder\u00e1 ser, futuramente, fi\u00e9il deposit\u00e1ria das amostras geol\u00f3gicas coletadas em todo o Estado de S\u00e3o Paulo, abrangendo rochas, sedimentos, f\u00f3sseis, espeleotemas, testemunhos de sondagens, assim como todo material geol\u00f3gico coletado nas diferentes Unidades de Conserva\u00e7\u00e3o do Estado de S\u00e3o Paulo, as quais, atualmente, n\u00e3o possuem destina\u00e7\u00e3o certa.<\/p>\n<ul>\n<li style=\"text-align: justify\"><a href=\"https:\/\/www.infraestruturameioambiente.sp.gov.br\/wp-content\/uploads\/sites\/233\/2012\/02\/normas-Cole\u00e7\u00e3o-Geo.pdf\">Normas de Utiliza\u00e7\u00e3o<\/a><\/li>\n<li>Para acessar o Banco de Dados da COLE\u00c7\u00c3O GEOL\u00d3GICA DO ESTADO DE S\u00c3O PAULO <a href=\"https:\/\/smastr16.blob.core.windows.net\/igeo\/2019\/05\/aba-3b-banco-de-dados-da-colecao-cientifica-petrografica.pdf\">CLIQUE AQUI<\/a>.<\/li>\n<\/ul>\n<p>[\/vc_column_text][\/vc_column][vc_column width=&#8221;1\/3&#8243;][vc_column_text]<strong>Bases Online<\/strong><\/p>\n<ul>\n<li><a href=\"https:\/\/www.infraestruturameioambiente.sp.gov.br\/institutogeologico\/geodados\/bases-online\/geomorfologia-online\/\">Geomorfologia Online<\/a><\/li>\n<li><a href=\"https:\/\/www.infraestruturameioambiente.sp.gov.br\/institutogeologico\/geodados\/bases-online\/climatologia-online\/\">Climatologia Online<\/a><\/li>\n<li><a href=\"https:\/\/www.infraestruturameioambiente.sp.gov.br\/institutogeologico\/geodados\/bases-online\/prevencao-de-desastres-naturais-online\/\">Gest\u00e3o de Risco de Desastres<\/a><\/li>\n<li><a href=\"https:\/\/www.infraestruturameioambiente.sp.gov.br\/institutogeologico\/geodados\/bases-online\/hidrogeologia-online\/\">Hidrogeologia Online<\/a><\/li>\n<li><a href=\"https:\/\/www.infraestruturameioambiente.sp.gov.br\/institutogeologico\/geodados\/bases-online\/monumentos-geologicos-online\/\">Monumentos Geol\u00f3gicos Online<\/a><\/li>\n<li><a href=\"https:\/\/www.infraestruturameioambiente.sp.gov.br\/institutogeologico\/laboratorio-e-geotecnologia\/laboratorio-litoteca\/colecao-cientifica-petrografica\/\">Cole\u00e7\u00e3o Cient\u00edfica Petrogr\u00e1fica<\/a><\/li>\n<li><strong>Cole\u00e7\u00e3o Cient\u00edfica Geol\u00f3gica de SP<\/strong><\/li>\n<li><a href=\"https:\/\/www.infraestruturameioambiente.sp.gov.br\/institutogeologico\/laboratorio-e-geotecnologia\/laboratorio-paleontologico\/acervo-paleontologico-do-instituto-geologico\/\">Acervo Paleontol\u00f3gico<\/a><\/li>\n<li><a href=\"https:\/\/www.infraestruturameioambiente.sp.gov.br\/institutogeologico\/laboratorio-e-geotecnologia\/geoprocessamento\/acervo-de-produtos-cartograficos\/\">Acervo de Produtos Cartogr\u00e1ficos<\/a><\/li>\n<li><a href=\"https:\/\/www.infraestruturameioambiente.sp.gov.br\/institutogeologico\/geodados\/bases-online\/acervo-mugeo\/\">Acervo MUGEO<\/a><\/li>\n<li><a href=\"https:\/\/www.infraestruturameioambiente.sp.gov.br\/institutogeologico\/geodados\/bases-online\/acervo-historico\/\">Acervo Hist\u00f3rico<\/a><\/li>\n<\/ul>\n<p>[\/vc_column_text][\/vc_column][\/vc_row]<\/p>\n","protected":false},"excerpt":{"rendered":"<p>[vc_row][vc_column width=&#8221;2\/3&#8243;][vc_column_text] A compra de diferentes equipamentos a serem obtidos para dotar o LABORAT\u00d3RIO LITOTECA permitir\u00e1 um correto armazenamento e identifica\u00e7\u00e3o do material geol\u00f3gico j\u00e1 dispon\u00edvel como daquele material que venha a ser adquirido, uma vez que a Cole\u00e7\u00e3o Cient\u00edfica tamb\u00e9m poder\u00e1 ser, futuramente, fi\u00e9il deposit\u00e1ria das amostras geol\u00f3gicas coletadas em todo o Estado de [&hellip;]<\/p>\n","protected":false},"author":8,"featured_media":0,"parent":174,"menu_order":8,"comment_status":"open","ping_status":"open","template":"","meta":[],"_links":{"self":[{"href":"https:\/\/www.infraestruturameioambiente.sp.gov.br\/institutogeologico\/wp-json\/wp\/v2\/pages\/98"}],"collection":[{"href":"https:\/\/www.infraestruturameioambiente.sp.gov.br\/institutogeologico\/wp-json\/wp\/v2\/pages"}],"about":[{"href":"https:\/\/www.infraestruturameioambiente.sp.gov.br\/institutogeologico\/wp-json\/wp\/v2\/types\/page"}],"author":[{"embeddable":true,"href":"https:\/\/www.infraestruturameioambiente.sp.gov.br\/institutogeologico\/wp-json\/wp\/v2\/users\/8"}],"replies":[{"embeddable":true,"href":"https:\/\/www.infraestruturameioambiente.sp.gov.br\/institutogeologico\/wp-json\/wp\/v2\/comments?post=98"}],"version-history":[{"count":14,"href":"https:\/\/www.infraestruturameioambiente.sp.gov.br\/institutogeologico\/wp-json\/wp\/v2\/pages\/98\/revisions"}],"predecessor-version":[{"id":14099,"href":"https:\/\/www.infraestruturameioambiente.sp.gov.br\/institutogeologico\/wp-json\/wp\/v2\/pages\/98\/revisions\/14099"}],"up":[{"embeddable":true,"href":"https:\/\/www.infraestruturameioambiente.sp.gov.br\/institutogeologico\/wp-json\/wp\/v2\/pages\/174"}],"wp:attachment":[{"href":"https:\/\/www.infraestruturameioambiente.sp.gov.br\/institutogeologico\/wp-json\/wp\/v2\/media?parent=98"}],"curies":[{"name":"wp","href":"https:\/\/api.w.org\/{rel}","templated":true}]}}