{"id":96,"date":"2012-02-29T11:38:13","date_gmt":"2012-02-29T14:38:13","guid":{"rendered":"https:\/\/www.infraestruturameioambiente.sp.gov.br\/institutogeologico\/?page_id=96"},"modified":"2023-04-27T13:37:08","modified_gmt":"2023-04-27T16:37:08","slug":"colecao-cientifica-petrografica","status":"publish","type":"page","link":"https:\/\/www.infraestruturameioambiente.sp.gov.br\/institutogeologico\/laboratorio-e-geotecnologia\/laboratorio-litoteca\/colecao-cientifica-petrografica\/","title":{"rendered":"Cole\u00e7\u00e3o Cient\u00edfica Petrogr\u00e1fica"},"content":{"rendered":"<p>[vc_row][vc_column width=&#8221;2\/3&#8243;][vc_column_text]<\/p>\n<p style=\"text-align: justify\">A Cole\u00e7\u00e3o Cient\u00edfica Petrogr\u00e1fica do Instituto Geol\u00f3gico, al\u00e9m de seus equipamentos espec\u00edficos, guarda cole\u00e7\u00f5es did\u00e1ticas e se\u00e7\u00f5es delgadas de rochas e l\u00e2minas de montagens de minerais pesados e de fragmentos minerais, adquiridas no s\u00e9culo XIX. Tamb\u00e9m armazena o acervo de se\u00e7\u00f5es delgadas de rochas acumuladas nos v\u00e1rios projetos desenvolvidos pela Institui\u00e7\u00e3o, desde a cria\u00e7\u00e3o da Comiss\u00e3o Geogr\u00e1fica e Geol\u00f3gica at\u00e9 os dias de hoje. Assim, a preserva\u00e7\u00e3o desse material \u00e9 fundamental para a mem\u00f3ria da pesquisa geol\u00f3gica no Estado de S\u00e3o Paulo.<\/p>\n<ul>\n<li><a href=\"https:\/\/www.infraestruturameioambiente.sp.gov.br\/wp-content\/uploads\/sites\/233\/2012\/02\/normas-Cole\u00e7\u00e3o-Petro.pdf\">Normas de Utiliza\u00e7\u00e3o<\/a><\/li>\n<li>Para acessar o Banco de Dados da COLE\u00c7\u00c3O CIENT\u00cdFICA PETROGR\u00c1FICA <a href=\"https:\/\/www.infraestruturameioambiente.sp.gov.br\/wp-content\/uploads\/sites\/233\/2012\/02\/ABA-3B-Banco-de-Dados-da-COLE\u00c7\u00c3O-CIENT\u00cdFICA-PETROGR\u00c1FICA.pdf\">CLIQUE AQUI<\/a>.<\/li>\n<\/ul>\n<p>[\/vc_column_text][\/vc_column][vc_column width=&#8221;1\/3&#8243;][vc_column_text]<strong>Bases Online<\/strong><\/p>\n<ul>\n<li><a href=\"https:\/\/www.infraestruturameioambiente.sp.gov.br\/institutogeologico\/geodados\/bases-online\/geomorfologia-online\/\">Geomorfologia Online<\/a><\/li>\n<li><a href=\"https:\/\/www.infraestruturameioambiente.sp.gov.br\/institutogeologico\/geodados\/bases-online\/climatologia-online\/\">Climatologia Online<\/a><\/li>\n<li><a href=\"https:\/\/www.infraestruturameioambiente.sp.gov.br\/institutogeologico\/geodados\/bases-online\/prevencao-de-desastres-naturais-online\/\">Gest\u00e3o de Risco de Desastres<\/a><\/li>\n<li><a href=\"https:\/\/www.infraestruturameioambiente.sp.gov.br\/institutogeologico\/geodados\/bases-online\/hidrogeologia-online\/\">Hidrogeologia Online<\/a><\/li>\n<li><a href=\"https:\/\/www.infraestruturameioambiente.sp.gov.br\/institutogeologico\/geodados\/bases-online\/monumentos-geologicos-online\/\">Monumentos Geol\u00f3gicos Online<\/a><\/li>\n<li><strong>Cole\u00e7\u00e3o Cient\u00edfica Petrogr\u00e1fica<\/strong><\/li>\n<li><a href=\"https:\/\/www.infraestruturameioambiente.sp.gov.br\/institutogeologico\/laboratorio-e-geotecnologia\/laboratorio-litoteca\/colecao-cientifica-geologica-do-estado-de-sao-paulo\/\">Cole\u00e7\u00e3o Cient\u00edfica Geol\u00f3gica<\/a><\/li>\n<li><a href=\"https:\/\/www.infraestruturameioambiente.sp.gov.br\/institutogeologico\/laboratorio-e-geotecnologia\/laboratorio-paleontologico\/acervo-paleontologico-do-instituto-geologico\/\">Acervo Paleontol\u00f3gico<\/a><\/li>\n<li><a href=\"https:\/\/www.infraestruturameioambiente.sp.gov.br\/institutogeologico\/laboratorio-e-geotecnologia\/geoprocessamento\/acervo-de-produtos-cartograficos\/\">Acervo de Produtos Cartogr\u00e1ficos<\/a><\/li>\n<li><a href=\"https:\/\/www.infraestruturameioambiente.sp.gov.br\/institutogeologico\/geodados\/bases-online\/acervo-mugeo\/\">Acervo MUGEO<\/a><\/li>\n<li><a href=\"https:\/\/www.infraestruturameioambiente.sp.gov.br\/institutogeologico\/geodados\/bases-online\/acervo-historico\/\">Acervo Hist\u00f3rico<\/a><\/li>\n<\/ul>\n<p>[\/vc_column_text][\/vc_column][\/vc_row]<\/p>\n","protected":false},"excerpt":{"rendered":"<p>[vc_row][vc_column width=&#8221;2\/3&#8243;][vc_column_text] A Cole\u00e7\u00e3o Cient\u00edfica Petrogr\u00e1fica do Instituto Geol\u00f3gico, al\u00e9m de seus equipamentos espec\u00edficos, guarda cole\u00e7\u00f5es did\u00e1ticas e se\u00e7\u00f5es delgadas de rochas e l\u00e2minas de montagens de minerais pesados e de fragmentos minerais, adquiridas no s\u00e9culo XIX. Tamb\u00e9m armazena o acervo de se\u00e7\u00f5es delgadas de rochas acumuladas nos v\u00e1rios projetos desenvolvidos pela Institui\u00e7\u00e3o, desde a [&hellip;]<\/p>\n","protected":false},"author":8,"featured_media":0,"parent":174,"menu_order":7,"comment_status":"open","ping_status":"open","template":"","meta":[],"_links":{"self":[{"href":"https:\/\/www.infraestruturameioambiente.sp.gov.br\/institutogeologico\/wp-json\/wp\/v2\/pages\/96"}],"collection":[{"href":"https:\/\/www.infraestruturameioambiente.sp.gov.br\/institutogeologico\/wp-json\/wp\/v2\/pages"}],"about":[{"href":"https:\/\/www.infraestruturameioambiente.sp.gov.br\/institutogeologico\/wp-json\/wp\/v2\/types\/page"}],"author":[{"embeddable":true,"href":"https:\/\/www.infraestruturameioambiente.sp.gov.br\/institutogeologico\/wp-json\/wp\/v2\/users\/8"}],"replies":[{"embeddable":true,"href":"https:\/\/www.infraestruturameioambiente.sp.gov.br\/institutogeologico\/wp-json\/wp\/v2\/comments?post=96"}],"version-history":[{"count":14,"href":"https:\/\/www.infraestruturameioambiente.sp.gov.br\/institutogeologico\/wp-json\/wp\/v2\/pages\/96\/revisions"}],"predecessor-version":[{"id":14097,"href":"https:\/\/www.infraestruturameioambiente.sp.gov.br\/institutogeologico\/wp-json\/wp\/v2\/pages\/96\/revisions\/14097"}],"up":[{"embeddable":true,"href":"https:\/\/www.infraestruturameioambiente.sp.gov.br\/institutogeologico\/wp-json\/wp\/v2\/pages\/174"}],"wp:attachment":[{"href":"https:\/\/www.infraestruturameioambiente.sp.gov.br\/institutogeologico\/wp-json\/wp\/v2\/media?parent=96"}],"curies":[{"name":"wp","href":"https:\/\/api.w.org\/{rel}","templated":true}]}}