{"id":94,"date":"2012-02-29T11:37:51","date_gmt":"2012-02-29T14:37:51","guid":{"rendered":"https:\/\/www.infraestruturameioambiente.sp.gov.br\/institutogeologico\/?page_id=94"},"modified":"2012-04-03T12:54:19","modified_gmt":"2012-04-03T15:54:19","slug":"laboratorio-de-preparacao-de-amostras-lapeam","status":"publish","type":"page","link":"https:\/\/www.infraestruturameioambiente.sp.gov.br\/institutogeologico\/laboratorio-e-geotecnologia\/laboratorio-litoteca\/laboratorio-de-preparacao-de-amostras-lapeam\/","title":{"rendered":"Laborat\u00f3rio de Prepara\u00e7\u00e3o de Amostras &#8211; LAPEAM"},"content":{"rendered":"<p style=\"text-align: justify;\">O novo laborat\u00f3rio proporcionar\u00e1 condi\u00e7\u00f5es para que pesquisadores cient\u00edficos armazenem e preparem amostras geol\u00f3gicas de forma r\u00e1pida e eficiente, o que certamente representar\u00e1 um aumento da produ\u00e7\u00e3o cient\u00edfica e trabalho t\u00e9cnico que ser\u00e1 dispon\u00edvel ao p\u00fablico.<\/p>\n<p><a href=\"https:\/\/www.infraestruturameioambiente.sp.gov.br\/wp-content\/uploads\/sites\/233\/2012\/02\/foto-LAPEAM.jpg\"><img decoding=\"async\" loading=\"lazy\" class=\"aligncenter size-full wp-image-589\" title=\"foto LAPEAM\" src=\"https:\/\/www.infraestruturameioambiente.sp.gov.br\/wp-content\/uploads\/sites\/233\/2012\/02\/foto-LAPEAM.jpg\" alt=\"\" width=\"466\" height=\"471\" srcset=\"https:\/\/www.infraestruturameioambiente.sp.gov.br\/institutogeologico\/wp-content\/uploads\/sites\/233\/2012\/02\/foto-LAPEAM.jpg 466w, https:\/\/www.infraestruturameioambiente.sp.gov.br\/institutogeologico\/wp-content\/uploads\/sites\/233\/2012\/02\/foto-LAPEAM-296x300.jpg 296w, https:\/\/www.infraestruturameioambiente.sp.gov.br\/institutogeologico\/wp-content\/uploads\/sites\/233\/2012\/02\/foto-LAPEAM-267x270.jpg 267w, https:\/\/www.infraestruturameioambiente.sp.gov.br\/institutogeologico\/wp-content\/uploads\/sites\/233\/2012\/02\/foto-LAPEAM-153x155.jpg 153w, https:\/\/www.infraestruturameioambiente.sp.gov.br\/institutogeologico\/wp-content\/uploads\/sites\/233\/2012\/02\/foto-LAPEAM-95x97.jpg 95w, https:\/\/www.infraestruturameioambiente.sp.gov.br\/institutogeologico\/wp-content\/uploads\/sites\/233\/2012\/02\/foto-LAPEAM-68x68.jpg 68w, https:\/\/www.infraestruturameioambiente.sp.gov.br\/institutogeologico\/wp-content\/uploads\/sites\/233\/2012\/02\/foto-LAPEAM-198x201.jpg 198w, https:\/\/www.infraestruturameioambiente.sp.gov.br\/institutogeologico\/wp-content\/uploads\/sites\/233\/2012\/02\/foto-LAPEAM-127x129.jpg 127w, https:\/\/www.infraestruturameioambiente.sp.gov.br\/institutogeologico\/wp-content\/uploads\/sites\/233\/2012\/02\/foto-LAPEAM-97x99.jpg 97w, https:\/\/www.infraestruturameioambiente.sp.gov.br\/institutogeologico\/wp-content\/uploads\/sites\/233\/2012\/02\/foto-LAPEAM-70x70.jpg 70w, https:\/\/www.infraestruturameioambiente.sp.gov.br\/institutogeologico\/wp-content\/uploads\/sites\/233\/2012\/02\/foto-LAPEAM-69x70.jpg 69w\" sizes=\"(max-width: 466px) 100vw, 466px\" \/><\/a><\/p>\n<ul>\n<li><a href=\"https:\/\/www.infraestruturameioambiente.sp.gov.br\/wp-content\/uploads\/sites\/233\/2012\/04\/equipamentos-LAPEAM.pdf\">Equipamentos<\/a><\/li>\n<li><a href=\"https:\/\/www.infraestruturameioambiente.sp.gov.br\/wp-content\/uploads\/sites\/233\/2012\/02\/Tabela-de-Pre%C3%A7os.pdf\">Tabela de Pre\u00e7os<\/a><\/li>\n<li><a href=\"https:\/\/www.infraestruturameioambiente.sp.gov.br\/wp-content\/uploads\/sites\/233\/2012\/02\/servi\u00e7os-LAPEAM.pdf\">Servi\u00e7os Oferecidos<\/a><\/li>\n<li><a href=\"https:\/\/www.infraestruturameioambiente.sp.gov.br\/wp-content\/uploads\/sites\/233\/2012\/02\/normas-LAPEAM.pdf\">Normas de Utiliza\u00e7\u00e3o<\/a><\/li>\n<\/ul>\n","protected":false},"excerpt":{"rendered":"<p>O novo laborat\u00f3rio proporcionar\u00e1 condi\u00e7\u00f5es para que pesquisadores cient\u00edficos armazenem e preparem amostras geol\u00f3gicas de forma r\u00e1pida e eficiente, o que certamente representar\u00e1 um aumento da produ\u00e7\u00e3o cient\u00edfica e trabalho t\u00e9cnico que ser\u00e1 dispon\u00edvel ao p\u00fablico. Equipamentos Tabela de Pre\u00e7os Servi\u00e7os Oferecidos Normas de Utiliza\u00e7\u00e3o<\/p>\n","protected":false},"author":17,"featured_media":0,"parent":174,"menu_order":6,"comment_status":"open","ping_status":"open","template":"","meta":[],"_links":{"self":[{"href":"https:\/\/www.infraestruturameioambiente.sp.gov.br\/institutogeologico\/wp-json\/wp\/v2\/pages\/94"}],"collection":[{"href":"https:\/\/www.infraestruturameioambiente.sp.gov.br\/institutogeologico\/wp-json\/wp\/v2\/pages"}],"about":[{"href":"https:\/\/www.infraestruturameioambiente.sp.gov.br\/institutogeologico\/wp-json\/wp\/v2\/types\/page"}],"author":[{"embeddable":true,"href":"https:\/\/www.infraestruturameioambiente.sp.gov.br\/institutogeologico\/wp-json\/wp\/v2\/users\/17"}],"replies":[{"embeddable":true,"href":"https:\/\/www.infraestruturameioambiente.sp.gov.br\/institutogeologico\/wp-json\/wp\/v2\/comments?post=94"}],"version-history":[{"count":7,"href":"https:\/\/www.infraestruturameioambiente.sp.gov.br\/institutogeologico\/wp-json\/wp\/v2\/pages\/94\/revisions"}],"predecessor-version":[{"id":3241,"href":"https:\/\/www.infraestruturameioambiente.sp.gov.br\/institutogeologico\/wp-json\/wp\/v2\/pages\/94\/revisions\/3241"}],"up":[{"embeddable":true,"href":"https:\/\/www.infraestruturameioambiente.sp.gov.br\/institutogeologico\/wp-json\/wp\/v2\/pages\/174"}],"wp:attachment":[{"href":"https:\/\/www.infraestruturameioambiente.sp.gov.br\/institutogeologico\/wp-json\/wp\/v2\/media?parent=94"}],"curies":[{"name":"wp","href":"https:\/\/api.w.org\/{rel}","templated":true}]}}