{"id":92,"date":"2012-02-29T11:37:31","date_gmt":"2012-02-29T14:37:31","guid":{"rendered":"https:\/\/www.infraestruturameioambiente.sp.gov.br\/institutogeologico\/?page_id=92"},"modified":"2023-04-27T12:46:03","modified_gmt":"2023-04-27T15:46:03","slug":"laboratorio-de-petrografia-lapetro","status":"publish","type":"page","link":"https:\/\/www.infraestruturameioambiente.sp.gov.br\/institutogeologico\/laboratorio-e-geotecnologia\/laboratorio-litoteca\/laboratorio-de-petrografia-lapetro\/","title":{"rendered":"Laborat\u00f3rio de Petrografia &#8211; LAPETRO"},"content":{"rendered":"<p style=\"text-align: justify\">O Laborat\u00f3rio de Petrografia (LAPETRO) conta com dois microsc\u00f3pios petrogr\u00e1ficos binoculares, um microsc\u00f3pio petrogr\u00e1fico monocular, um microsc\u00f3pio biol\u00f3gico binocular e uma lupa binocular. Al\u00e9m destes equipamentos e seus respectivos acess\u00f3rios, o laborat\u00f3rio possui duas cole\u00e7\u00f5es de rochas e minerais em se\u00e7\u00f5es delgadas para fins did\u00e1ticos: as cole\u00e7\u00f5es Krantz e Rosembush que possuem exemplares de v\u00e1rias localidades do mundo, incluindo esp\u00e9cimes raros e \u00fanicos. O laborat\u00f3rio tem como objetivo permitir a realiza\u00e7\u00e3o de an\u00e1lises microsc\u00f3picas de minerais, rochas e f\u00f3sseis em se\u00e7\u00f5es delgadas e prepara\u00e7\u00f5es especiais ou, utilizando-se a lupa binocular, em gr\u00e3os e amostras macrosc\u00f3picas. Tais an\u00e1lises s\u00e3o realizadas tanto para dar suporte aos projetos institucionais como tamb\u00e9m s\u00e3o utilizados por pesquisadores externos.<\/p>\n<ul>\n<li><a href=\"https:\/\/www.infraestruturameioambiente.sp.gov.br\/wp-content\/uploads\/sites\/233\/2012\/02\/equipamentos-LAPETRO.pdf\">Equipamentos<\/a><\/li>\n<li><a href=\"https:\/\/www.infraestruturameioambiente.sp.gov.br\/wp-content\/uploads\/sites\/233\/2012\/02\/Tabela-de-Pre%C3%A7os.pdf\">Tabela de Pre\u00e7os<\/a><\/li>\n<li><a href=\"https:\/\/www.infraestruturameioambiente.sp.gov.br\/wp-content\/uploads\/sites\/233\/2012\/02\/servi\u00e7os-LAPETRO.pdf\">Servi\u00e7os Oferecidos<\/a><\/li>\n<li><a href=\"https:\/\/www.infraestruturameioambiente.sp.gov.br\/wp-content\/uploads\/sites\/233\/2012\/02\/normas-LAPETRO.pdf\">Normas<\/a><\/li>\n<\/ul>\n","protected":false},"excerpt":{"rendered":"<p>O Laborat\u00f3rio de Petrografia (LAPETRO) conta com dois microsc\u00f3pios petrogr\u00e1ficos binoculares, um microsc\u00f3pio petrogr\u00e1fico monocular, um microsc\u00f3pio biol\u00f3gico binocular e uma lupa binocular. Al\u00e9m destes equipamentos e seus respectivos acess\u00f3rios, o laborat\u00f3rio possui duas cole\u00e7\u00f5es de rochas e minerais em se\u00e7\u00f5es delgadas para fins did\u00e1ticos: as cole\u00e7\u00f5es Krantz e Rosembush que possuem exemplares de v\u00e1rias [&hellip;]<\/p>\n","protected":false},"author":96,"featured_media":0,"parent":174,"menu_order":5,"comment_status":"open","ping_status":"open","template":"","meta":[],"_links":{"self":[{"href":"https:\/\/www.infraestruturameioambiente.sp.gov.br\/institutogeologico\/wp-json\/wp\/v2\/pages\/92"}],"collection":[{"href":"https:\/\/www.infraestruturameioambiente.sp.gov.br\/institutogeologico\/wp-json\/wp\/v2\/pages"}],"about":[{"href":"https:\/\/www.infraestruturameioambiente.sp.gov.br\/institutogeologico\/wp-json\/wp\/v2\/types\/page"}],"author":[{"embeddable":true,"href":"https:\/\/www.infraestruturameioambiente.sp.gov.br\/institutogeologico\/wp-json\/wp\/v2\/users\/96"}],"replies":[{"embeddable":true,"href":"https:\/\/www.infraestruturameioambiente.sp.gov.br\/institutogeologico\/wp-json\/wp\/v2\/comments?post=92"}],"version-history":[{"count":7,"href":"https:\/\/www.infraestruturameioambiente.sp.gov.br\/institutogeologico\/wp-json\/wp\/v2\/pages\/92\/revisions"}],"predecessor-version":[{"id":14065,"href":"https:\/\/www.infraestruturameioambiente.sp.gov.br\/institutogeologico\/wp-json\/wp\/v2\/pages\/92\/revisions\/14065"}],"up":[{"embeddable":true,"href":"https:\/\/www.infraestruturameioambiente.sp.gov.br\/institutogeologico\/wp-json\/wp\/v2\/pages\/174"}],"wp:attachment":[{"href":"https:\/\/www.infraestruturameioambiente.sp.gov.br\/institutogeologico\/wp-json\/wp\/v2\/media?parent=92"}],"curies":[{"name":"wp","href":"https:\/\/api.w.org\/{rel}","templated":true}]}}