{"id":84,"date":"2012-02-29T11:35:43","date_gmt":"2012-02-29T14:35:43","guid":{"rendered":"https:\/\/www.infraestruturameioambiente.sp.gov.br\/institutogeologico\/?page_id=84"},"modified":"2017-03-13T14:37:35","modified_gmt":"2017-03-13T17:37:35","slug":"equipe","status":"publish","type":"page","link":"https:\/\/www.infraestruturameioambiente.sp.gov.br\/institutogeologico\/laboratorio-e-geotecnologia\/laboratorio-litoteca\/equipe\/","title":{"rendered":"Equipe"},"content":{"rendered":"<p><a href=\"https:\/\/www.infraestruturameioambiente.sp.gov.br\/wp-content\/uploads\/sites\/233\/2012\/02\/foto-Alethea-3x4.jpg.jpg\"><img decoding=\"async\" loading=\"lazy\" class=\"size-thumbnail wp-image-484 alignleft\" src=\"https:\/\/www.infraestruturameioambiente.sp.gov.br\/wp-content\/uploads\/sites\/233\/2012\/02\/foto-Alethea-3x4.jpg-150x150.jpg\" alt=\"Aleth\u00e9a Ernandes Martins Sallun\" width=\"150\" height=\"150\" \/><\/a><strong>Aleth\u00e9a Ernandes Martins Sallun<\/strong>, Doutora, Pesquisadora Cient\u00edfica IV. Ge\u00f3loga. Mestre e Doutora em Ci\u00eancias na \u00e1rea de Geologia Sedimentar pelo Instituto de Geoci\u00eancias da Universidade de S\u00e3o Paulo (IGc\/USP).<\/p>\n<ul>\n<li>Contato: <a href=\"mailto:asallun@sp.gov.br\">asallun@sp.gov.br<\/a><\/li>\n<li><a href=\"http:\/\/buscatextual.cnpq.br\/buscatextual\/visualizacv.do?id=P909936\">Curriculo Lattes<\/a><\/li>\n<\/ul>\n<p><br class=\"clear\" \/><a href=\"https:\/\/www.infraestruturameioambiente.sp.gov.br\/wp-content\/uploads\/sites\/233\/2012\/02\/foto-Antonio-Luiz-3x4.jpg\"><img decoding=\"async\" loading=\"lazy\" class=\"size-thumbnail wp-image-490 alignleft\" src=\"https:\/\/www.infraestruturameioambiente.sp.gov.br\/wp-content\/uploads\/sites\/233\/2012\/02\/foto-Antonio-Luiz-3x4-150x150.jpg\" alt=\"Antonio Luiz Teixeira\" width=\"150\" height=\"150\" \/><\/a><strong>Antonio Luiz Teixeira<\/strong>, Doutor, Pesquisador Cient\u00edfico IV. Ge\u00f3logo. Mestre e Doutor em Ci\u00eancias na \u00e1rea de Geologia Sedimentar pelo Instituto de Geoci\u00eancias da Universidade de S\u00e3o Paulo (IGc\/USP).<\/p>\n<ul>\n<li>Contato: <a href=\"mailto:candeias@sp.gov.br\">candeias@sp.gov.br<\/a><\/li>\n<li><a href=\"http:\/\/buscatextual.cnpq.br\/buscatextual\/visualizacv.do?id=K4784193D6\" target=\"blank\">Curriculo Lattes<\/a><\/li>\n<\/ul>\n<p><br class=\"clear\" \/><a href=\"https:\/\/www.infraestruturameioambiente.sp.gov.br\/wp-content\/uploads\/sites\/233\/2012\/02\/foto-Fabio-3x4.jpg\"><img decoding=\"async\" loading=\"lazy\" class=\"alignleft size-thumbnail wp-image-492\" src=\"https:\/\/www.infraestruturameioambiente.sp.gov.br\/wp-content\/uploads\/sites\/233\/2012\/02\/foto-Fabio-3x4-150x150.jpg\" alt=\"F\u00e1bio Carvalho Ricardo\" width=\"150\" height=\"150\" \/><\/a><strong>F\u00e1bio Carvalho Ricardo<\/strong>, graduando, Agente de Apoio a Pesquisa Cient\u00edfica e Tecnol\u00f3gica. Graduando em Geografia pela Faculdade de Filosofia, Letras e Ci\u00eancias Humanas.<\/p>\n<ul>\n<li>Contato: <a href=\"mailto:fabio@sp.gov.br\">fabio@sp.gov.br<\/a><\/li>\n<li><a href=\"http:\/\/buscatextual.cnpq.br\/buscatextual\/visualizacv.do?id=K4350288Z3\">Curriculo Lattes<\/a><\/li>\n<\/ul>\n<p><br class=\"clear\" \/><a href=\"https:\/\/www.infraestruturameioambiente.sp.gov.br\/wp-content\/uploads\/sites\/233\/2012\/02\/Foto-Francisco-3x4.jpg\"><img decoding=\"async\" loading=\"lazy\" class=\"alignleft size-thumbnail wp-image-493\" src=\"https:\/\/www.infraestruturameioambiente.sp.gov.br\/wp-content\/uploads\/sites\/233\/2012\/02\/Foto-Francisco-3x4-150x150.jpg\" alt=\"Francisco de Assis Negri\" width=\"150\" height=\"150\" \/><\/a><strong>Francisco de Assis Negri<\/strong>, Doutor, Pesquisador Cient\u00edfico IV. Ge\u00f3logo. Mestre e Doutor em Geoci\u00eancias na \u00e1rea de Geologia Regional pelo de Geoci\u00eancias e Ci\u00eancias Exatas da Universidade Estadual Paulista (UNESP\/Rio Claro).<\/p>\n<ul>\n<li>Contato: <a href=\"mailto:negri@sp.gov.br\">negri@sp.gov.br<\/a><\/li>\n<li><a href=\"http:\/\/buscatextual.cnpq.br\/buscatextual\/visualizacv.do?id=K4763819J5\">Curriculo Lattes<\/a><\/li>\n<\/ul>\n<p><br class=\"clear\" \/><a href=\"https:\/\/www.infraestruturameioambiente.sp.gov.br\/wp-content\/uploads\/sites\/233\/2012\/02\/foto-Jose-Maria-3x4.jpg.jpg\"><img decoding=\"async\" loading=\"lazy\" class=\"alignleft size-thumbnail wp-image-494\" src=\"https:\/\/www.infraestruturameioambiente.sp.gov.br\/wp-content\/uploads\/sites\/233\/2012\/02\/foto-Jose-Maria-3x4.jpg-150x150.jpg\" alt=\"Jos\u00e9 Maria Azevedo Sobrinho\" width=\"150\" height=\"150\" \/><\/a><strong>Jos\u00e9 Maria Azevedo Sobrinho<\/strong>, Mestre, Pesquisador Cient\u00edfico III. Ge\u00f3logo. Mestre em Ci\u00eancias na \u00e1rea de Mineralogia e Petrologia pelo Instituto de Geoci\u00eancias da Universidade de S\u00e3o Paulo (IGc\/USP).<\/p>\n<ul>\n<li>Contato: <a href=\"mailto:zemaria@sp.gov.br\">zemaria@sp.gov.br<\/a><\/li>\n<li><a href=\"http:\/\/buscatextual.cnpq.br\/buscatextual\/visualizacv.do?id=K4784136P7\" target=\"blank\">Curriculo Lattes<\/a><\/li>\n<\/ul>\n<p><br class=\"clear\" \/><a href=\"https:\/\/www.infraestruturameioambiente.sp.gov.br\/wp-content\/uploads\/sites\/233\/2012\/02\/foto-William-3x4.jpg.jpg\"><img decoding=\"async\" loading=\"lazy\" class=\"alignleft size-thumbnail wp-image-495\" src=\"https:\/\/www.infraestruturameioambiente.sp.gov.br\/wp-content\/uploads\/sites\/233\/2012\/02\/foto-William-3x4.jpg-150x150.jpg\" alt=\"William Sallun Filho\" width=\"150\" height=\"150\" \/><\/a><strong>William Sallun Filho<\/strong>, Doutor, Pesquisador Cient\u00edfico V. Ge\u00f3logo. Mestre em Ci\u00eancias na \u00e1rea de Geologia Sedimentar e Doutor em Ci\u00eancias na \u00e1rea de Geoqu\u00edmica e Geotect\u00f4nica, pelo Instituto de Geoci\u00eancias da Universidade de S\u00e3o Paulo (IGc\/USP).<\/p>\n<ul>\n<li>Contato: <a href=\"mailto:wfilho@sp.gov.br\">wfilho@sp.gov.br<\/a><\/li>\n<li><a href=\"http:\/\/buscatextual.cnpq.br\/buscatextual\/visualizacv.do?id=K4799501Y3\" target=\"blank\">Curriculo Lattes<\/a><\/li>\n<\/ul>\n","protected":false},"excerpt":{"rendered":"<p>Aleth\u00e9a Ernandes Martins Sallun, Doutora, Pesquisadora Cient\u00edfica IV. Ge\u00f3loga. Mestre e Doutora em Ci\u00eancias na \u00e1rea de Geologia Sedimentar pelo Instituto de Geoci\u00eancias da Universidade de S\u00e3o Paulo (IGc\/USP). Contato: asallun@sp.gov.br Curriculo Lattes Antonio Luiz Teixeira, Doutor, Pesquisador Cient\u00edfico IV. Ge\u00f3logo. Mestre e Doutor em Ci\u00eancias na \u00e1rea de Geologia Sedimentar pelo Instituto de Geoci\u00eancias [&hellip;]<\/p>\n","protected":false},"author":25,"featured_media":0,"parent":174,"menu_order":1,"comment_status":"open","ping_status":"closed","template":"","meta":[],"_links":{"self":[{"href":"https:\/\/www.infraestruturameioambiente.sp.gov.br\/institutogeologico\/wp-json\/wp\/v2\/pages\/84"}],"collection":[{"href":"https:\/\/www.infraestruturameioambiente.sp.gov.br\/institutogeologico\/wp-json\/wp\/v2\/pages"}],"about":[{"href":"https:\/\/www.infraestruturameioambiente.sp.gov.br\/institutogeologico\/wp-json\/wp\/v2\/types\/page"}],"author":[{"embeddable":true,"href":"https:\/\/www.infraestruturameioambiente.sp.gov.br\/institutogeologico\/wp-json\/wp\/v2\/users\/25"}],"replies":[{"embeddable":true,"href":"https:\/\/www.infraestruturameioambiente.sp.gov.br\/institutogeologico\/wp-json\/wp\/v2\/comments?post=84"}],"version-history":[{"count":14,"href":"https:\/\/www.infraestruturameioambiente.sp.gov.br\/institutogeologico\/wp-json\/wp\/v2\/pages\/84\/revisions"}],"predecessor-version":[{"id":10785,"href":"https:\/\/www.infraestruturameioambiente.sp.gov.br\/institutogeologico\/wp-json\/wp\/v2\/pages\/84\/revisions\/10785"}],"up":[{"embeddable":true,"href":"https:\/\/www.infraestruturameioambiente.sp.gov.br\/institutogeologico\/wp-json\/wp\/v2\/pages\/174"}],"wp:attachment":[{"href":"https:\/\/www.infraestruturameioambiente.sp.gov.br\/institutogeologico\/wp-json\/wp\/v2\/media?parent=84"}],"curies":[{"name":"wp","href":"https:\/\/api.w.org\/{rel}","templated":true}]}}