{"id":8340,"date":"2013-04-04T23:09:04","date_gmt":"2013-04-05T02:09:04","guid":{"rendered":"https:\/\/www.infraestruturameioambiente.sp.gov.br\/institutogeologico\/?page_id=8340"},"modified":"2022-02-04T11:11:22","modified_gmt":"2022-02-04T13:11:22","slug":"livros-e-audiolivros","status":"publish","type":"page","link":"https:\/\/www.infraestruturameioambiente.sp.gov.br\/institutogeologico\/publicacoes\/livros-e-colecoes\/livros-e-audiolivros\/","title":{"rendered":"Livros"},"content":{"rendered":"<div class=\"wc-gallery\"><div id='gallery-1' data-gutter-width='5' data-columns='3' class='gallery wc-gallery-captions-onhover gallery-link-none gallery-grid galleryid-8340 gallery-columns-3 gallery-size-thumbnail wc-gallery-bottomspace-default wc-gallery-gutter-5 wc-gallery-clear'><div class='gallery-item-wrapper gallery-item-position-1 gallery-item-attachment-8345 gallery-item-column-1'><div class='gallery-item'>\n\t\t\t\t<div class='gallery-item-inner'>\n\t\t\t\t\t<div class='gallery-icon portrait'>\n\t\t\t\t\t\t<img width=\"150\" height=\"150\" src=\"https:\/\/www.infraestruturameioambiente.sp.gov.br\/institutogeologico\/wp-content\/uploads\/sites\/233\/2013\/04\/Desastres-150x150.jpg\" class=\"attachment-thumbnail size-thumbnail\" alt=\"Desastres Naturais - Conhecer para Prevenir\" decoding=\"async\" loading=\"lazy\" \/>\n\t\t\t\t\t<\/div>\n\t\t\t\t\t\t\t<div class='wp-caption-text gallery-caption'>\n\t\t\t\t\t\t\t\t<p>\n\t\t\t\t\t\t\t\t<a href=\"https:\/\/www.infraestruturameioambiente.sp.gov.br\/institutogeologico\/2010\/03\/lancado-livro-sobre-desastres-naturais-no-site-do-ig\/\"> Desastres Naturais: Conhecer para prevenir <\/a>\n\t\t\t\t\t\t\t\t<\/p>\n\t\t\t\t\t\t\t<\/div><\/div><\/div><\/div><div class='gallery-item-wrapper gallery-item-position-2 gallery-item-attachment-8344 gallery-item-column-2'><div class='gallery-item'>\n\t\t\t\t<div class='gallery-item-inner'>\n\t\t\t\t\t<div class='gallery-icon portrait'>\n\t\t\t\t\t\t<img width=\"150\" height=\"150\" src=\"https:\/\/www.infraestruturameioambiente.sp.gov.br\/institutogeologico\/wp-content\/uploads\/sites\/233\/2013\/04\/CEA_DESASTRES-150x150.jpg\" class=\"attachment-thumbnail size-thumbnail\" alt=\"Caderno de Educa\u00e7\u00e3o Ambiental n. 08 - Desastres Naturais\" decoding=\"async\" loading=\"lazy\" \/>\n\t\t\t\t\t<\/div>\n\t\t\t\t\t\t\t<div class='wp-caption-text gallery-caption'>\n\t\t\t\t\t\t\t\t<p>\n\t\t\t\t\t\t\t\t<a href=\"https:\/\/www.infraestruturameioambiente.sp.gov.br\/institutogeologico\/2011\/05\/desastres-naturais-e-o-tema-do-numero-8-da-colecao-cadernos-de-educacao-ambiental-da-sma-publicacao-ja-esta-disponivel-para-download\/\"> Desastres Naturais <\/a>\n\t\t\t\t\t\t\t\t<\/p>\n\t\t\t\t\t\t\t<\/div><\/div><\/div><\/div><div class='gallery-item-wrapper gallery-item-position-3 gallery-item-attachment-8350 gallery-item-column-3 gallery-item-last-column'><div class='gallery-item'>\n\t\t\t\t<div class='gallery-item-inner'>\n\t\t\t\t\t<div class='gallery-icon portrait'>\n\t\t\t\t\t\t<img width=\"150\" height=\"150\" src=\"https:\/\/www.infraestruturameioambiente.sp.gov.br\/institutogeologico\/wp-content\/uploads\/sites\/233\/2013\/04\/prevencao-150x150.jpg\" class=\"attachment-thumbnail size-thumbnail\" alt=\"O Instituto Geol\u00f3gico na Preven\u00e7\u00e3o de Desastres Naturais\" decoding=\"async\" loading=\"lazy\" \/>\n\t\t\t\t\t<\/div>\n\t\t\t\t\t\t\t<div class='wp-caption-text gallery-caption'>\n\t\t\t\t\t\t\t\t<p>\n\t\t\t\t\t\t\t\t<a href=\"https:\/\/smastr16.blob.core.windows.net\/igeo\/2019\/05\/ig_prevencao_de_desastres_naturais.pdf\"> O Instituto Geol\u00f3gico na Preven\u00e7\u00e3o de Desastres Naturais <\/a>\n\t\t\t\t\t\t\t\t<\/p>\n\t\t\t\t\t\t\t<\/div><\/div><\/div><\/div><div class='gallery-item-wrapper gallery-item-position-4 gallery-item-attachment-8356 gallery-item-column-1'><div class='gallery-item'>\n\t\t\t\t<div class='gallery-item-inner'>\n\t\t\t\t\t<div class='gallery-icon portrait'>\n\t\t\t\t\t\t<img width=\"150\" height=\"150\" src=\"https:\/\/www.infraestruturameioambiente.sp.gov.br\/institutogeologico\/wp-content\/uploads\/sites\/233\/2013\/04\/sugio08-150x150.jpg\" class=\"attachment-thumbnail size-thumbnail\" alt=\"Mudan\u00e7as Ambientais da Terra - Kenitiro Suguio\" decoding=\"async\" loading=\"lazy\" \/>\n\t\t\t\t\t<\/div>\n\t\t\t\t\t\t\t<div class='wp-caption-text gallery-caption'>\n\t\t\t\t\t\t\t\t<p>\n\t\t\t\t\t\t\t\t<a href=\"https:\/\/www.infraestruturameioambiente.sp.gov.br\/institutogeologico\/2008\/07\/livro-mudancas-ambientais-da-terra-disponivel-no-site-do-ig\"> Mudan\u00e7as Ambientais da Terra &#8211; autor Kenitiro Suguio <\/a>\n\t\t\t\t\t\t\t\t<\/p>\n\t\t\t\t\t\t\t<\/div><\/div><\/div><\/div><div class='gallery-item-wrapper gallery-item-position-5 gallery-item-attachment-8351 gallery-item-column-2'><div class='gallery-item'>\n\t\t\t\t<div class='gallery-item-inner'>\n\t\t\t\t\t<div class='gallery-icon portrait'>\n\t\t\t\t\t\t<img width=\"150\" height=\"150\" src=\"https:\/\/www.infraestruturameioambiente.sp.gov.br\/institutogeologico\/wp-content\/uploads\/sites\/233\/2013\/04\/restinga-150x150.jpg\" class=\"attachment-thumbnail size-thumbnail\" alt=\"&quot;RESTINGA&quot; Conceitos e Empregos do Termo no Brasil e Implica\u00e7\u00f5es na Legisla\u00e7\u00e3o Ambiental\" decoding=\"async\" loading=\"lazy\" \/>\n\t\t\t\t\t<\/div>\n\t\t\t\t\t\t\t<div class='wp-caption-text gallery-caption'>\n\t\t\t\t\t\t\t\t<p>\n\t\t\t\t\t\t\t\t<a href=\"https:\/\/www.infraestruturameioambiente.sp.gov.br\/institutogeologico\/2008\/11\/livro-sobre-restinga-disponivel-no-site-do-ig\">&#8220;RESTINGA&#8221; Conceitos e Empregos do Termo no Brasil e Implica\u00e7\u00f5es na Legisla\u00e7\u00e3o Ambiental <\/a>\n\t\t\t\t\t\t\t\t<\/p>\n\t\t\t\t\t\t\t<\/div><\/div><\/div><\/div><div class='gallery-item-wrapper gallery-item-position-6 gallery-item-attachment-8346 gallery-item-column-3 gallery-item-last-column'><div class='gallery-item'>\n\t\t\t\t<div class='gallery-item-inner'>\n\t\t\t\t\t<div class='gallery-icon portrait'>\n\t\t\t\t\t\t<img width=\"150\" height=\"150\" src=\"https:\/\/www.infraestruturameioambiente.sp.gov.br\/institutogeologico\/wp-content\/uploads\/sites\/233\/2013\/04\/hidrocart-150x150.jpg\" class=\"attachment-thumbnail size-thumbnail\" alt=\"Caderno de Educa\u00e7\u00e3o Ambiental n. 01 - \u00c1guas Subterr\u00e2neas\" decoding=\"async\" loading=\"lazy\" srcset=\"https:\/\/www.infraestruturameioambiente.sp.gov.br\/institutogeologico\/wp-content\/uploads\/sites\/233\/2013\/04\/hidrocart-150x150.jpg 150w, https:\/\/www.infraestruturameioambiente.sp.gov.br\/institutogeologico\/wp-content\/uploads\/sites\/233\/2013\/04\/hidrocart-250x251.jpg 250w\" sizes=\"(max-width: 150px) 100vw, 150px\" \/>\n\t\t\t\t\t<\/div>\n\t\t\t\t\t\t\t<div class='wp-caption-text gallery-caption'>\n\t\t\t\t\t\t\t\t<p>\n\t\t\t\t\t\t\t\t<a href=\"https:\/\/www.infraestruturameioambiente.sp.gov.br\/institutogeologico\/2008\/11\/caderno-de-educacao-ambiental-as-aguas-subterraneas-do-estado-de-sao-paulo-disponivel-no-site-do-ig\"> As \u00c1guas Subterr\u00e2neas do Estado de S\u00e3o Paulo <\/a>\n\t\t\t\t\t\t\t\t<\/p>\n\t\t\t\t\t\t\t<\/div><\/div><\/div><\/div><div class='gallery-item-wrapper gallery-item-position-7 gallery-item-attachment-8354 gallery-item-column-1'><div class='gallery-item'>\n\t\t\t\t<div class='gallery-item-inner'>\n\t\t\t\t\t<div class='gallery-icon portrait'>\n\t\t\t\t\t\t<img width=\"150\" height=\"150\" src=\"https:\/\/www.infraestruturameioambiente.sp.gov.br\/institutogeologico\/wp-content\/uploads\/sites\/233\/2013\/04\/SJRP-150x150.jpg\" class=\"attachment-thumbnail size-thumbnail\" alt=\"Projeto Ambiental Estrat\u00e9gico Aqu\u00edferos - S\u00e3o Jos\u00e9 do Rio Preto\" decoding=\"async\" loading=\"lazy\" \/>\n\t\t\t\t\t<\/div>\n\t\t\t\t\t\t\t<div class='wp-caption-text gallery-caption'>\n\t\t\t\t\t\t\t\t<p>\n\t\t\t\t\t\t\t\t<a href=\"https:\/\/www.infraestruturameioambiente.sp.gov.br\/institutogeologico\/2011\/08\/disponivel-para-download-a-publicacao-projeto-sao-jose-do-rio-preto-restricao-e-controle-de-uso-da-agua-subterranea\"> Projeto S\u00e3o Jos\u00e9 Rio Preto <\/a> \n\t\t\t\t\t\t\t\t<\/p>\n\t\t\t\t\t\t\t<\/div><\/div><\/div><\/div><div class='gallery-item-wrapper gallery-item-position-8 gallery-item-attachment-8353 gallery-item-column-2'><div class='gallery-item'>\n\t\t\t\t<div class='gallery-item-inner'>\n\t\t\t\t\t<div class='gallery-icon portrait'>\n\t\t\t\t\t\t<img width=\"150\" height=\"150\" src=\"https:\/\/www.infraestruturameioambiente.sp.gov.br\/institutogeologico\/wp-content\/uploads\/sites\/233\/2013\/04\/sintese-aquiferos-150x150.jpg\" class=\"attachment-thumbnail size-thumbnail\" alt=\"S\u00edntese das Atividades 2007-2010 Cadernos do Projeto Ambiental Estrat\u00e9gico Aqu\u00edferos\" decoding=\"async\" loading=\"lazy\" srcset=\"https:\/\/www.infraestruturameioambiente.sp.gov.br\/institutogeologico\/wp-content\/uploads\/sites\/233\/2013\/04\/sintese-aquiferos-150x150.jpg 150w, https:\/\/www.infraestruturameioambiente.sp.gov.br\/institutogeologico\/wp-content\/uploads\/sites\/233\/2013\/04\/sintese-aquiferos-250x251.jpg 250w\" sizes=\"(max-width: 150px) 100vw, 150px\" \/>\n\t\t\t\t\t<\/div>\n\t\t\t\t\t\t\t<div class='wp-caption-text gallery-caption'>\n\t\t\t\t\t\t\t\t<p>\n\t\t\t\t\t\t\t\t<a href=\"https:\/\/smastr16.blob.core.windows.net\/igeo\/2019\/05\/ig_projeto_ambiental_estrategico_aquiferos.pdf\"> S\u00edntese das Atividades 2007-2010 <\/a>\n\t\t\t\t\t\t\t\t<\/p>\n\t\t\t\t\t\t\t<\/div><\/div><\/div><\/div><div class='gallery-item-wrapper gallery-item-position-9 gallery-item-attachment-8347 gallery-item-column-3 gallery-item-last-column'><div class='gallery-item'>\n\t\t\t\t<div class='gallery-item-inner'>\n\t\t\t\t\t<div class='gallery-icon portrait'>\n\t\t\t\t\t\t<img width=\"150\" height=\"150\" src=\"https:\/\/www.infraestruturameioambiente.sp.gov.br\/institutogeologico\/wp-content\/uploads\/sites\/233\/2013\/04\/Jurubatuba-150x150.jpg\" class=\"attachment-thumbnail size-thumbnail\" alt=\"Projeto Ambiental Estrat\u00e9gico Aqu\u00edferos - Jurubatuba\" decoding=\"async\" loading=\"lazy\" \/>\n\t\t\t\t\t<\/div>\n\t\t\t\t\t\t\t<div class='wp-caption-text gallery-caption'>\n\t\t\t\t\t\t\t\t<p>\n\t\t\t\t\t\t\t\t<a href=\"https:\/\/www.infraestruturameioambiente.sp.gov.br\/institutogeologico\/2010\/03\/disponivel-para-download-a-publicacao-projeto-jurubatuba-restricao-e-controle-de-uso-da-agua-subterranea\"> Projeto Jurubatuba: Restri\u00e7\u00e3o e Controle de uso da \u00c1gua Subterr\u00e2nea <\/a>\n\t\t\t\t\t\t\t\t<\/p>\n\t\t\t\t\t\t\t<\/div><\/div><\/div><\/div><div class='gallery-item-wrapper gallery-item-position-10 gallery-item-attachment-8352 gallery-item-column-1'><div class='gallery-item'>\n\t\t\t\t<div class='gallery-item-inner'>\n\t\t\t\t\t<div class='gallery-icon portrait'>\n\t\t\t\t\t\t<img width=\"150\" height=\"150\" src=\"https:\/\/www.infraestruturameioambiente.sp.gov.br\/institutogeologico\/wp-content\/uploads\/sites\/233\/2013\/04\/roteiro-150x150.jpg\" class=\"attachment-thumbnail size-thumbnail\" alt=\"Projeto Ambiental Estrat\u00e9gico Aqu\u00edferos - Roteiro Orientativo de Po\u00e7os\" decoding=\"async\" loading=\"lazy\" \/>\n\t\t\t\t\t<\/div>\n\t\t\t\t\t\t\t<div class='wp-caption-text gallery-caption'>\n\t\t\t\t\t\t\t\t<p>\n\t\t\t\t\t\t\t\t<a href=\"https:\/\/www.infraestruturameioambiente.sp.gov.br\/institutogeologico\/2011\/04\/roteiro-orientativo-para-delimitacao-de-area-de-protecao-de-poco-disponivel-para-download-na-internet\/\"> Roteiro Orientativo para Delimita\u00e7\u00e3o de \u00c1rea de Prote\u00e7\u00e3o de Po\u00e7o <\/a>\n\t\t\t\t\t\t\t\t<\/p>\n\t\t\t\t\t\t\t<\/div><\/div><\/div><\/div><div class='gallery-item-wrapper gallery-item-position-11 gallery-item-attachment-13337 gallery-item-column-2'><div class='gallery-item'>\n\t\t\t\t<div class='gallery-item-inner'>\n\t\t\t\t\t<div class='gallery-icon landscape'>\n\t\t\t\t\t\t<img width=\"150\" height=\"150\" src=\"https:\/\/smastr16.blob.core.windows.net\/igeo\/2020\/01\/capa_boletim_nitrato-150x150.jpg\" class=\"attachment-thumbnail size-thumbnail\" alt=\"Boletim Nitrato nas \u00c1guas Subterr\u00e2neas\" decoding=\"async\" loading=\"lazy\" srcset=\"https:\/\/smastr16.blob.core.windows.net\/igeo\/2020\/01\/capa_boletim_nitrato-150x150.jpg 150w, https:\/\/smastr16.blob.core.windows.net\/igeo\/2020\/01\/capa_boletim_nitrato-300x300.jpg 300w, https:\/\/smastr16.blob.core.windows.net\/igeo\/2020\/01\/capa_boletim_nitrato-48x48.jpg 48w, https:\/\/smastr16.blob.core.windows.net\/igeo\/2020\/01\/capa_boletim_nitrato-250x250.jpg 250w, https:\/\/smastr16.blob.core.windows.net\/igeo\/2020\/01\/capa_boletim_nitrato-180x180.jpg 180w, https:\/\/smastr16.blob.core.windows.net\/igeo\/2020\/01\/capa_boletim_nitrato.jpg 350w\" sizes=\"(max-width: 150px) 100vw, 150px\" \/>\n\t\t\t\t\t<\/div>\n\t\t\t\t\t\t\t<div class='wp-caption-text gallery-caption'>\n\t\t\t\t\t\t\t\t<p>\n\t\t\t\t\t\t\t\t<a href=\"https:\/\/www.infraestruturameioambiente.sp.gov.br\/institutogeologico\/2020\/01\/boletim-sobre-nitrato-nas-aguas-subterraneas-e-apresentado-no-conselho-estadual-de-recursos-hidricos\/\"> Boletim Nitrato nas \u00c1guas Subterr\u00e2neas: Desafios Frente ao Panorama Atual(PDF &#8211; 7,2 MB) <\/a>\n\t\t\t\t\t\t\t\t<\/p>\n\t\t\t\t\t\t\t<\/div><\/div><\/div><\/div><div class='gallery-item-wrapper gallery-item-position-12 gallery-item-attachment-8343 gallery-item-column-3 gallery-item-last-column'><div class='gallery-item'>\n\t\t\t\t<div class='gallery-item-inner'>\n\t\t\t\t\t<div class='gallery-icon portrait'>\n\t\t\t\t\t\t<img width=\"150\" height=\"150\" src=\"https:\/\/www.infraestruturameioambiente.sp.gov.br\/institutogeologico\/wp-content\/uploads\/sites\/233\/2013\/04\/CAPAgeologiasubsuperficie-150x150.jpg\" class=\"attachment-thumbnail size-thumbnail\" alt=\"Geologia de subsuperf\u00edcie do Estado de S\u00e3o Paulo\" decoding=\"async\" loading=\"lazy\" \/>\n\t\t\t\t\t<\/div>\n\t\t\t\t\t\t\t<div class='wp-caption-text gallery-caption'>\n\t\t\t\t\t\t\t\t<p>\n\t\t\t\t\t\t\t\t<a href=\"https:\/\/www.infraestruturameioambiente.sp.gov.br\/institutogeologico\/2009\/09\/ig-lanca-livro-que-reune-75-anos-de-levantamentos-geologicos-no-estado-de-sao-paulo\/\"> Geologia de Subsuperf\u00edcie do Estado de S\u00e3o Paulo: 75 anos de levantamentos do Instituto Geol\u00f3gico (1932-2007) <\/a>\n\t\t\t\t\t\t\t\t<\/p>\n\t\t\t\t\t\t\t<\/div><\/div><\/div><\/div><\/div>\n<\/div>\n","protected":false},"excerpt":{"rendered":"Desastres Naturais: Conhecer para prevenir Desastres Naturais O Instituto Geol\u00f3gico na Preven\u00e7\u00e3o de Desastres Naturais Mudan\u00e7as Ambientais da Terra &#8211; autor Kenitiro Suguio &#8220;RESTINGA&#8221; Conceitos e Empregos do Termo no Brasil e Implica\u00e7\u00f5es na Legisla\u00e7\u00e3o Ambiental As \u00c1guas Subterr\u00e2neas do Estado de S\u00e3o Paulo Projeto S\u00e3o Jos\u00e9 Rio Preto S\u00edntese das Atividades 2007-2010 Projeto Jurubatuba: [...]","protected":false},"author":96,"featured_media":0,"parent":776,"menu_order":0,"comment_status":"closed","ping_status":"open","template":"","meta":[],"_links":{"self":[{"href":"https:\/\/www.infraestruturameioambiente.sp.gov.br\/institutogeologico\/wp-json\/wp\/v2\/pages\/8340"}],"collection":[{"href":"https:\/\/www.infraestruturameioambiente.sp.gov.br\/institutogeologico\/wp-json\/wp\/v2\/pages"}],"about":[{"href":"https:\/\/www.infraestruturameioambiente.sp.gov.br\/institutogeologico\/wp-json\/wp\/v2\/types\/page"}],"author":[{"embeddable":true,"href":"https:\/\/www.infraestruturameioambiente.sp.gov.br\/institutogeologico\/wp-json\/wp\/v2\/users\/96"}],"replies":[{"embeddable":true,"href":"https:\/\/www.infraestruturameioambiente.sp.gov.br\/institutogeologico\/wp-json\/wp\/v2\/comments?post=8340"}],"version-history":[{"count":64,"href":"https:\/\/www.infraestruturameioambiente.sp.gov.br\/institutogeologico\/wp-json\/wp\/v2\/pages\/8340\/revisions"}],"predecessor-version":[{"id":13650,"href":"https:\/\/www.infraestruturameioambiente.sp.gov.br\/institutogeologico\/wp-json\/wp\/v2\/pages\/8340\/revisions\/13650"}],"up":[{"embeddable":true,"href":"https:\/\/www.infraestruturameioambiente.sp.gov.br\/institutogeologico\/wp-json\/wp\/v2\/pages\/776"}],"wp:attachment":[{"href":"https:\/\/www.infraestruturameioambiente.sp.gov.br\/institutogeologico\/wp-json\/wp\/v2\/media?parent=8340"}],"curies":[{"name":"wp","href":"https:\/\/api.w.org\/{rel}","templated":true}]}}